{"id":108049,"date":"2020-10-06T20:00:05","date_gmt":"2020-10-06T18:00:05","guid":{"rendered":"https:\/\/lossoldaditosdeplomo.com\/?page_id=108049"},"modified":"2021-01-12T13:26:29","modified_gmt":"2021-01-12T11:26:29","slug":"novedades-octubre-2020","status":"publish","type":"page","link":"https:\/\/lossoldaditosdeplomo.com\/index.php\/novedades-octubre-2020\/","title":{"rendered":"OCTUBRE 2020"},"content":{"rendered":"\n<p>Nuevas e interesantes figuras de R. Labayen<\/p>\n\n\n\n<figure class=\"wp-block-image size-medium is-style-zoooom\"><img loading=\"lazy\" decoding=\"async\" width=\"261\" height=\"300\" src=\"https:\/\/lossoldaditosdeplomo.com\/wp-content\/uploads\/2020\/10\/Exelmans-labayen-1973-3-261x300.jpeg?v=1603626318\" alt=\"\" class=\"wp-image-108098\" srcset=\"https:\/\/lossoldaditosdeplomo.com\/wp-content\/uploads\/2020\/10\/Exelmans-labayen-1973-3-261x300.jpeg?v=1603626318 261w, https:\/\/lossoldaditosdeplomo.com\/wp-content\/uploads\/2020\/10\/Exelmans-labayen-1973-3-768x883.jpeg?v=1603626318 768w, https:\/\/lossoldaditosdeplomo.com\/wp-content\/uploads\/2020\/10\/Exelmans-labayen-1973-3-scaled.jpeg?v=1603626318 696w\" sizes=\"auto, (max-width: 261px) 85vw, 261px\" \/><figcaption><a href=\"https:\/\/lossoldaditosdeplomo.com\/index.php\/coleccion-de-juan-ignacio-orensanz\/20\/\" target=\"_blank\" rel=\"noreferrer noopener\">Exelmans labayen 1973-3<\/a><\/figcaption><\/figure>\n\n\n\n<figure class=\"wp-block-image size-medium is-style-zoooom\"><img loading=\"lazy\" decoding=\"async\" width=\"225\" height=\"300\" src=\"https:\/\/lossoldaditosdeplomo.com\/wp-content\/uploads\/2020\/10\/Capitan-de-fragata-Espan\u0303a-1808-SOLDAT-ref-SP00504-4-225x300.jpg?v=1602006784\" alt=\"\" class=\"wp-image-108043\" srcset=\"https:\/\/lossoldaditosdeplomo.com\/wp-content\/uploads\/2020\/10\/Capitan-de-fragata-Espan\u0303a-1808-SOLDAT-ref-SP00504-4-225x300.jpg?v=1602006784 225w, https:\/\/lossoldaditosdeplomo.com\/wp-content\/uploads\/2020\/10\/Capitan-de-fragata-Espan\u0303a-1808-SOLDAT-ref-SP00504-4-768x1024.jpg?v=1602006784 768w, https:\/\/lossoldaditosdeplomo.com\/wp-content\/uploads\/2020\/10\/Capitan-de-fragata-Espan\u0303a-1808-SOLDAT-ref-SP00504-4-1152x1536.jpg?v=1602006784 1152w, https:\/\/lossoldaditosdeplomo.com\/wp-content\/uploads\/2020\/10\/Capitan-de-fragata-Espan\u0303a-1808-SOLDAT-ref-SP00504-4-1536x2048.jpg?v=1602006784 1536w, https:\/\/lossoldaditosdeplomo.com\/wp-content\/uploads\/2020\/10\/Capitan-de-fragata-Espan\u0303a-1808-SOLDAT-ref-SP00504-4-1200x1600.jpg?v=1602006784 1200w, https:\/\/lossoldaditosdeplomo.com\/wp-content\/uploads\/2020\/10\/Capitan-de-fragata-Espan\u0303a-1808-SOLDAT-ref-SP00504-4-scaled.jpg?v=1602006784 600w\" sizes=\"auto, (max-width: 225px) 85vw, 225px\" \/><figcaption><a href=\"https:\/\/lossoldaditosdeplomo.com\/index.php\/catalog\/capitan-de-fragata-espana-1808\/\" target=\"_blank\" rel=\"noreferrer noopener\">Restauraci\u00f3n figura de Soldat ref: SP00504  Capit\u00e1n de Fragata 1808<\/a><\/figcaption><\/figure>\n\n\n\n<figure class=\"wp-block-image size-medium is-style-zoooom\"><img loading=\"lazy\" decoding=\"async\" width=\"225\" height=\"300\" src=\"https:\/\/lossoldaditosdeplomo.com\/wp-content\/uploads\/2020\/10\/Teniente-de-Dragones-Espan\u0303a-1808-SOLDAT-ref-SP00505-4-225x300.jpg?v=1602007865\" alt=\"\" class=\"wp-image-108058\" srcset=\"https:\/\/lossoldaditosdeplomo.com\/wp-content\/uploads\/2020\/10\/Teniente-de-Dragones-Espan\u0303a-1808-SOLDAT-ref-SP00505-4-225x300.jpg?v=1602007865 225w, https:\/\/lossoldaditosdeplomo.com\/wp-content\/uploads\/2020\/10\/Teniente-de-Dragones-Espan\u0303a-1808-SOLDAT-ref-SP00505-4-768x1024.jpg?v=1602007865 768w, https:\/\/lossoldaditosdeplomo.com\/wp-content\/uploads\/2020\/10\/Teniente-de-Dragones-Espan\u0303a-1808-SOLDAT-ref-SP00505-4-1152x1536.jpg?v=1602007865 1152w, https:\/\/lossoldaditosdeplomo.com\/wp-content\/uploads\/2020\/10\/Teniente-de-Dragones-Espan\u0303a-1808-SOLDAT-ref-SP00505-4-1536x2048.jpg?v=1602007865 1536w, https:\/\/lossoldaditosdeplomo.com\/wp-content\/uploads\/2020\/10\/Teniente-de-Dragones-Espan\u0303a-1808-SOLDAT-ref-SP00505-4-1200x1600.jpg?v=1602007865 1200w, https:\/\/lossoldaditosdeplomo.com\/wp-content\/uploads\/2020\/10\/Teniente-de-Dragones-Espan\u0303a-1808-SOLDAT-ref-SP00505-4-scaled.jpg?v=1602007865 600w\" sizes=\"auto, (max-width: 225px) 85vw, 225px\" \/><figcaption><a href=\"https:\/\/lossoldaditosdeplomo.com\/index.php\/catalog\/teniente-de-dragones-espana-1808\/\">Restauraci\u00f3n Teniente de Dragones<\/a><\/figcaption><\/figure>\n\n\n\n<figure class=\"wp-block-image size-medium is-style-zoooom\"><img loading=\"lazy\" decoding=\"async\" width=\"225\" height=\"300\" src=\"https:\/\/lossoldaditosdeplomo.com\/wp-content\/uploads\/2020\/10\/Corneta-infanteria-de-linea-Francia-1809-King-Country-4-225x300.jpg?v=1602008850\" alt=\"\" class=\"wp-image-108066\" srcset=\"https:\/\/lossoldaditosdeplomo.com\/wp-content\/uploads\/2020\/10\/Corneta-infanteria-de-linea-Francia-1809-King-Country-4-225x300.jpg?v=1602008850 225w, https:\/\/lossoldaditosdeplomo.com\/wp-content\/uploads\/2020\/10\/Corneta-infanteria-de-linea-Francia-1809-King-Country-4-768x1024.jpg?v=1602008850 768w, https:\/\/lossoldaditosdeplomo.com\/wp-content\/uploads\/2020\/10\/Corneta-infanteria-de-linea-Francia-1809-King-Country-4-1152x1536.jpg?v=1602008850 1152w, https:\/\/lossoldaditosdeplomo.com\/wp-content\/uploads\/2020\/10\/Corneta-infanteria-de-linea-Francia-1809-King-Country-4-1536x2048.jpg?v=1602008850 1536w, https:\/\/lossoldaditosdeplomo.com\/wp-content\/uploads\/2020\/10\/Corneta-infanteria-de-linea-Francia-1809-King-Country-4-1200x1600.jpg?v=1602008850 1200w, https:\/\/lossoldaditosdeplomo.com\/wp-content\/uploads\/2020\/10\/Corneta-infanteria-de-linea-Francia-1809-King-Country-4-scaled.jpg?v=1602008850 600w\" sizes=\"auto, (max-width: 225px) 85vw, 225px\" \/><figcaption><a href=\"https:\/\/lossoldaditosdeplomo.com\/index.php\/catalog\/corneta-infanteria-de-linea-francia-1809\/\" target=\"_blank\" rel=\"noreferrer noopener\">Corneta Infanter\u00eda de L\u00ednea, Francia 1809<\/a><\/figcaption><\/figure>\n\n\n\n<p>     Hemos probado a decapar una de las figuras de la colecci\u00f3n de DelPrado sobre las Guerras Napole\u00f3nicas y pintado de nuevo dotandola de una peana de madera para darle un poco m\u00e1s de protagonismo. <\/p>\n\n\n\n<p>Estas figuras en 60mm fueron fabricadas por la prestigiosa marca King &amp; Country y para ser figuras de &#8220;fasc\u00edculos&#8221; tienen una calidad decente y pueden dar mucho juego en vuestras vitrinas. Os aconsejo probar con ellas y as\u00ed dar rienda suelta a nuestros pinceles por un precio muy asequible.<\/p>\n\n\n\n<figure class=\"wp-block-image size-medium is-style-zoooom\"><img loading=\"lazy\" decoding=\"async\" width=\"225\" height=\"300\" src=\"https:\/\/lossoldaditosdeplomo.com\/wp-content\/uploads\/2020\/10\/Reinado-de-Carlos-II-Arcabucero-de-Infanteria-F.M.-Beneito-4-225x300.jpg?v=1602791710\" alt=\"\" class=\"wp-image-108072\" srcset=\"https:\/\/lossoldaditosdeplomo.com\/wp-content\/uploads\/2020\/10\/Reinado-de-Carlos-II-Arcabucero-de-Infanteria-F.M.-Beneito-4-225x300.jpg?v=1602791710 225w, https:\/\/lossoldaditosdeplomo.com\/wp-content\/uploads\/2020\/10\/Reinado-de-Carlos-II-Arcabucero-de-Infanteria-F.M.-Beneito-4-768x1024.jpg?v=1602791710 768w, https:\/\/lossoldaditosdeplomo.com\/wp-content\/uploads\/2020\/10\/Reinado-de-Carlos-II-Arcabucero-de-Infanteria-F.M.-Beneito-4-1152x1536.jpg?v=1602791710 1152w, https:\/\/lossoldaditosdeplomo.com\/wp-content\/uploads\/2020\/10\/Reinado-de-Carlos-II-Arcabucero-de-Infanteria-F.M.-Beneito-4-1536x2048.jpg?v=1602791710 1536w, https:\/\/lossoldaditosdeplomo.com\/wp-content\/uploads\/2020\/10\/Reinado-de-Carlos-II-Arcabucero-de-Infanteria-F.M.-Beneito-4-1200x1600.jpg?v=1602791710 1200w, https:\/\/lossoldaditosdeplomo.com\/wp-content\/uploads\/2020\/10\/Reinado-de-Carlos-II-Arcabucero-de-Infanteria-F.M.-Beneito-4-scaled.jpg?v=1602791710 600w\" sizes=\"auto, (max-width: 225px) 85vw, 225px\" \/><figcaption><a href=\"https:\/\/lossoldaditosdeplomo.com\/index.php\/catalog\/reinado-de-carlos-ii-arcabucero-de-infanteria-1665-1700\/\">Arcabucero de Infanter\u00eda (F.M. Beneito)<\/a><\/figcaption><\/figure>\n\n\n\n<figure class=\"wp-block-image size-medium is-style-zoooom\"><img loading=\"lazy\" decoding=\"async\" width=\"225\" height=\"300\" src=\"https:\/\/lossoldaditosdeplomo.com\/wp-content\/uploads\/2020\/10\/Granadero-ingles-1808-Soldat-ref-SP00501-4-225x300.jpg?v=1602846130\" alt=\"\" class=\"wp-image-108081\" srcset=\"https:\/\/lossoldaditosdeplomo.com\/wp-content\/uploads\/2020\/10\/Granadero-ingles-1808-Soldat-ref-SP00501-4-225x300.jpg?v=1602846130 225w, https:\/\/lossoldaditosdeplomo.com\/wp-content\/uploads\/2020\/10\/Granadero-ingles-1808-Soldat-ref-SP00501-4-768x1024.jpg?v=1602846130 768w, https:\/\/lossoldaditosdeplomo.com\/wp-content\/uploads\/2020\/10\/Granadero-ingles-1808-Soldat-ref-SP00501-4-1152x1536.jpg?v=1602846130 1152w, https:\/\/lossoldaditosdeplomo.com\/wp-content\/uploads\/2020\/10\/Granadero-ingles-1808-Soldat-ref-SP00501-4-1536x2048.jpg?v=1602846130 1536w, https:\/\/lossoldaditosdeplomo.com\/wp-content\/uploads\/2020\/10\/Granadero-ingles-1808-Soldat-ref-SP00501-4-1200x1600.jpg?v=1602846130 1200w, https:\/\/lossoldaditosdeplomo.com\/wp-content\/uploads\/2020\/10\/Granadero-ingles-1808-Soldat-ref-SP00501-4-scaled.jpg?v=1602846130 600w\" sizes=\"auto, (max-width: 225px) 85vw, 225px\" \/><figcaption><a href=\"https:\/\/lossoldaditosdeplomo.com\/index.php\/catalog\/granadero-1808-inglaterra\/\">Restauraci\u00f3n de una figura de la marca Soldat de la primera \u00e9poca<\/a><\/figcaption><\/figure>\n\n\n\n<figure class=\"wp-block-image size-medium is-style-zoooom\"><img loading=\"lazy\" decoding=\"async\" width=\"225\" height=\"300\" src=\"https:\/\/lossoldaditosdeplomo.com\/wp-content\/uploads\/2020\/10\/Cadete-AGM-1927-1931-e-225x300.jpg?v=1605530369\" alt=\"\" class=\"wp-image-108220\" srcset=\"https:\/\/lossoldaditosdeplomo.com\/wp-content\/uploads\/2020\/10\/Cadete-AGM-1927-1931-e-225x300.jpg?v=1605530369 225w, https:\/\/lossoldaditosdeplomo.com\/wp-content\/uploads\/2020\/10\/Cadete-AGM-1927-1931-e-768x1024.jpg?v=1605530369 768w, https:\/\/lossoldaditosdeplomo.com\/wp-content\/uploads\/2020\/10\/Cadete-AGM-1927-1931-e-1152x1536.jpg?v=1605530369 1152w, https:\/\/lossoldaditosdeplomo.com\/wp-content\/uploads\/2020\/10\/Cadete-AGM-1927-1931-e-1536x2048.jpg?v=1605530369 1536w, https:\/\/lossoldaditosdeplomo.com\/wp-content\/uploads\/2020\/10\/Cadete-AGM-1927-1931-e-1200x1600.jpg?v=1605530369 1200w, https:\/\/lossoldaditosdeplomo.com\/wp-content\/uploads\/2020\/10\/Cadete-AGM-1927-1931-e-scaled.jpg?v=1605530369 600w\" sizes=\"auto, (max-width: 225px) 85vw, 225px\" \/><figcaption><a href=\"https:\/\/lossoldaditosdeplomo.com\/index.php\/catalog\/policia-armada-uniforme-anterior-a-1970\/\" target=\"_blank\" rel=\"noreferrer noopener\">Cadete AGM 1927-1931<\/a><\/figcaption><\/figure>\n","protected":false},"excerpt":{"rendered":"<p>Nuevas e interesantes figuras de R. Labayen Hemos probado a decapar una de las figuras de la colecci\u00f3n de DelPrado sobre las Guerras Napole\u00f3nicas y pintado de nuevo dotandola de una peana de madera para darle un poco m\u00e1s de protagonismo. Estas figuras en 60mm fueron fabricadas por la prestigiosa marca King &amp; Country y &hellip; <a href=\"https:\/\/lossoldaditosdeplomo.com\/index.php\/novedades-octubre-2020\/\" class=\"more-link\">Continuar leyendo<span class=\"screen-reader-text\"> &#8220;OCTUBRE 2020&#8221;<\/span><\/a><\/p>\n","protected":false},"author":3,"featured_media":0,"parent":0,"menu_order":0,"comment_status":"closed","ping_status":"closed","template":"","meta":{"footnotes":""},"class_list":["post-108049","page","type-page","status-publish","hentry"],"yoast_head":"<!-- This site is optimized with the Yoast SEO plugin v27.0 - https:\/\/yoast.com\/product\/yoast-seo-wordpress\/ -->\n<title>OCTUBRE 2020 - El mundo de los soldaditos de plomo<\/title>\n<meta name=\"robots\" content=\"index, follow, max-snippet:-1, max-image-preview:large, max-video-preview:-1\" \/>\n<link rel=\"canonical\" href=\"https:\/\/lossoldaditosdeplomo.com\/index.php\/novedades-octubre-2020\/\" \/>\n<meta property=\"og:locale\" content=\"es_ES\" \/>\n<meta property=\"og:type\" content=\"article\" \/>\n<meta property=\"og:title\" content=\"OCTUBRE 2020 - El mundo de los soldaditos de plomo\" \/>\n<meta property=\"og:description\" content=\"Nuevas e interesantes figuras de R. Labayen Hemos probado a decapar una de las figuras de la colecci\u00f3n de DelPrado sobre las Guerras Napole\u00f3nicas y pintado de nuevo dotandola de una peana de madera para darle un poco m\u00e1s de protagonismo. Estas figuras en 60mm fueron fabricadas por la prestigiosa marca King &amp; Country y &hellip; Continuar leyendo &quot;OCTUBRE 2020&quot;\" \/>\n<meta property=\"og:url\" content=\"https:\/\/lossoldaditosdeplomo.com\/index.php\/novedades-octubre-2020\/\" \/>\n<meta property=\"og:site_name\" content=\"El mundo de los soldaditos de plomo\" \/>\n<meta property=\"article:publisher\" content=\"https:\/\/www.facebook.com\/El-mundo-de-los-soldaditos-de-plomo-943145209407047\/?modal=admin_todo_tour\" \/>\n<meta property=\"article:modified_time\" content=\"2021-01-12T11:26:29+00:00\" \/>\n<meta property=\"og:image\" content=\"https:\/\/lossoldaditosdeplomo.com\/wp-content\/uploads\/2020\/10\/Exelmans-labayen-1973-3-261x300.jpeg?v=1603626318\" \/>\n<meta name=\"twitter:card\" content=\"summary_large_image\" \/>\n<meta name=\"twitter:label1\" content=\"Tiempo de lectura\" \/>\n\t<meta name=\"twitter:data1\" content=\"1 minuto\" \/>\n<script type=\"application\/ld+json\" class=\"yoast-schema-graph\">{\"@context\":\"https:\/\/schema.org\",\"@graph\":[{\"@type\":\"WebPage\",\"@id\":\"https:\/\/lossoldaditosdeplomo.com\/index.php\/novedades-octubre-2020\/\",\"url\":\"https:\/\/lossoldaditosdeplomo.com\/index.php\/novedades-octubre-2020\/\",\"name\":\"OCTUBRE 2020 - El mundo de los soldaditos de plomo\",\"isPartOf\":{\"@id\":\"https:\/\/lossoldaditosdeplomo.com\/#website\"},\"primaryImageOfPage\":{\"@id\":\"https:\/\/lossoldaditosdeplomo.com\/index.php\/novedades-octubre-2020\/#primaryimage\"},\"image\":{\"@id\":\"https:\/\/lossoldaditosdeplomo.com\/index.php\/novedades-octubre-2020\/#primaryimage\"},\"thumbnailUrl\":\"https:\/\/lossoldaditosdeplomo.com\/wp-content\/uploads\/2020\/10\/Exelmans-labayen-1973-3-261x300.jpeg?v=1603626318\",\"datePublished\":\"2020-10-06T18:00:05+00:00\",\"dateModified\":\"2021-01-12T11:26:29+00:00\",\"breadcrumb\":{\"@id\":\"https:\/\/lossoldaditosdeplomo.com\/index.php\/novedades-octubre-2020\/#breadcrumb\"},\"inLanguage\":\"es\",\"potentialAction\":[{\"@type\":\"ReadAction\",\"target\":[\"https:\/\/lossoldaditosdeplomo.com\/index.php\/novedades-octubre-2020\/\"]}]},{\"@type\":\"ImageObject\",\"inLanguage\":\"es\",\"@id\":\"https:\/\/lossoldaditosdeplomo.com\/index.php\/novedades-octubre-2020\/#primaryimage\",\"url\":\"https:\/\/lossoldaditosdeplomo.com\/wp-content\/uploads\/2020\/10\/Exelmans-labayen-1973-3-scaled.jpeg?v=1603626318\",\"contentUrl\":\"https:\/\/lossoldaditosdeplomo.com\/wp-content\/uploads\/2020\/10\/Exelmans-labayen-1973-3-scaled.jpeg?v=1603626318\",\"width\":696,\"height\":800,\"caption\":\"Exelmans labayen 1973-3\"},{\"@type\":\"BreadcrumbList\",\"@id\":\"https:\/\/lossoldaditosdeplomo.com\/index.php\/novedades-octubre-2020\/#breadcrumb\",\"itemListElement\":[{\"@type\":\"ListItem\",\"position\":1,\"name\":\"Portada\",\"item\":\"https:\/\/lossoldaditosdeplomo.com\/\"},{\"@type\":\"ListItem\",\"position\":2,\"name\":\"OCTUBRE 2020\"}]},{\"@type\":\"WebSite\",\"@id\":\"https:\/\/lossoldaditosdeplomo.com\/#website\",\"url\":\"https:\/\/lossoldaditosdeplomo.com\/\",\"name\":\"El mundo de los soldaditos de plomo\",\"description\":\"coleccionismo, pintura y restauraci\u00f3n soldaditos de plomo\",\"publisher\":{\"@id\":\"https:\/\/lossoldaditosdeplomo.com\/#organization\"},\"alternateName\":\"los soldaditos de plomo\",\"potentialAction\":[{\"@type\":\"SearchAction\",\"target\":{\"@type\":\"EntryPoint\",\"urlTemplate\":\"https:\/\/lossoldaditosdeplomo.com\/?s={search_term_string}\"},\"query-input\":{\"@type\":\"PropertyValueSpecification\",\"valueRequired\":true,\"valueName\":\"search_term_string\"}}],\"inLanguage\":\"es\"},{\"@type\":\"Organization\",\"@id\":\"https:\/\/lossoldaditosdeplomo.com\/#organization\",\"name\":\"El Mundo de los soldaditos de plomo\",\"alternateName\":\"los soldaditos de plomo\",\"url\":\"https:\/\/lossoldaditosdeplomo.com\/\",\"logo\":{\"@type\":\"ImageObject\",\"inLanguage\":\"es\",\"@id\":\"https:\/\/lossoldaditosdeplomo.com\/#\/schema\/logo\/image\/\",\"url\":\"https:\/\/lossoldaditosdeplomo.com\/wp-content\/uploads\/2018\/11\/cropped-IMG_0475-3.jpg\",\"contentUrl\":\"https:\/\/lossoldaditosdeplomo.com\/wp-content\/uploads\/2018\/11\/cropped-IMG_0475-3.jpg\",\"width\":391,\"height\":533,\"caption\":\"El Mundo de los soldaditos de plomo\"},\"image\":{\"@id\":\"https:\/\/lossoldaditosdeplomo.com\/#\/schema\/logo\/image\/\"},\"sameAs\":[\"https:\/\/www.facebook.com\/El-mundo-de-los-soldaditos-de-plomo-943145209407047\/?modal=admin_todo_tour\"]}]}<\/script>\n<!-- \/ Yoast SEO plugin. -->","yoast_head_json":{"title":"OCTUBRE 2020 - El mundo de los soldaditos de plomo","robots":{"index":"index","follow":"follow","max-snippet":"max-snippet:-1","max-image-preview":"max-image-preview:large","max-video-preview":"max-video-preview:-1"},"canonical":"https:\/\/lossoldaditosdeplomo.com\/index.php\/novedades-octubre-2020\/","og_locale":"es_ES","og_type":"article","og_title":"OCTUBRE 2020 - El mundo de los soldaditos de plomo","og_description":"Nuevas e interesantes figuras de R. Labayen Hemos probado a decapar una de las figuras de la colecci\u00f3n de DelPrado sobre las Guerras Napole\u00f3nicas y pintado de nuevo dotandola de una peana de madera para darle un poco m\u00e1s de protagonismo. Estas figuras en 60mm fueron fabricadas por la prestigiosa marca King &amp; Country y &hellip; Continuar leyendo \"OCTUBRE 2020\"","og_url":"https:\/\/lossoldaditosdeplomo.com\/index.php\/novedades-octubre-2020\/","og_site_name":"El mundo de los soldaditos de plomo","article_publisher":"https:\/\/www.facebook.com\/El-mundo-de-los-soldaditos-de-plomo-943145209407047\/?modal=admin_todo_tour","article_modified_time":"2021-01-12T11:26:29+00:00","og_image":[{"url":"https:\/\/lossoldaditosdeplomo.com\/wp-content\/uploads\/2020\/10\/Exelmans-labayen-1973-3-261x300.jpeg?v=1603626318","type":"","width":"","height":""}],"twitter_card":"summary_large_image","twitter_misc":{"Tiempo de lectura":"1 minuto"},"schema":{"@context":"https:\/\/schema.org","@graph":[{"@type":"WebPage","@id":"https:\/\/lossoldaditosdeplomo.com\/index.php\/novedades-octubre-2020\/","url":"https:\/\/lossoldaditosdeplomo.com\/index.php\/novedades-octubre-2020\/","name":"OCTUBRE 2020 - El mundo de los soldaditos de plomo","isPartOf":{"@id":"https:\/\/lossoldaditosdeplomo.com\/#website"},"primaryImageOfPage":{"@id":"https:\/\/lossoldaditosdeplomo.com\/index.php\/novedades-octubre-2020\/#primaryimage"},"image":{"@id":"https:\/\/lossoldaditosdeplomo.com\/index.php\/novedades-octubre-2020\/#primaryimage"},"thumbnailUrl":"https:\/\/lossoldaditosdeplomo.com\/wp-content\/uploads\/2020\/10\/Exelmans-labayen-1973-3-261x300.jpeg?v=1603626318","datePublished":"2020-10-06T18:00:05+00:00","dateModified":"2021-01-12T11:26:29+00:00","breadcrumb":{"@id":"https:\/\/lossoldaditosdeplomo.com\/index.php\/novedades-octubre-2020\/#breadcrumb"},"inLanguage":"es","potentialAction":[{"@type":"ReadAction","target":["https:\/\/lossoldaditosdeplomo.com\/index.php\/novedades-octubre-2020\/"]}]},{"@type":"ImageObject","inLanguage":"es","@id":"https:\/\/lossoldaditosdeplomo.com\/index.php\/novedades-octubre-2020\/#primaryimage","url":"https:\/\/lossoldaditosdeplomo.com\/wp-content\/uploads\/2020\/10\/Exelmans-labayen-1973-3-scaled.jpeg?v=1603626318","contentUrl":"https:\/\/lossoldaditosdeplomo.com\/wp-content\/uploads\/2020\/10\/Exelmans-labayen-1973-3-scaled.jpeg?v=1603626318","width":696,"height":800,"caption":"Exelmans labayen 1973-3"},{"@type":"BreadcrumbList","@id":"https:\/\/lossoldaditosdeplomo.com\/index.php\/novedades-octubre-2020\/#breadcrumb","itemListElement":[{"@type":"ListItem","position":1,"name":"Portada","item":"https:\/\/lossoldaditosdeplomo.com\/"},{"@type":"ListItem","position":2,"name":"OCTUBRE 2020"}]},{"@type":"WebSite","@id":"https:\/\/lossoldaditosdeplomo.com\/#website","url":"https:\/\/lossoldaditosdeplomo.com\/","name":"El mundo de los soldaditos de plomo","description":"coleccionismo, pintura y restauraci\u00f3n soldaditos de plomo","publisher":{"@id":"https:\/\/lossoldaditosdeplomo.com\/#organization"},"alternateName":"los soldaditos de plomo","potentialAction":[{"@type":"SearchAction","target":{"@type":"EntryPoint","urlTemplate":"https:\/\/lossoldaditosdeplomo.com\/?s={search_term_string}"},"query-input":{"@type":"PropertyValueSpecification","valueRequired":true,"valueName":"search_term_string"}}],"inLanguage":"es"},{"@type":"Organization","@id":"https:\/\/lossoldaditosdeplomo.com\/#organization","name":"El Mundo de los soldaditos de plomo","alternateName":"los soldaditos de plomo","url":"https:\/\/lossoldaditosdeplomo.com\/","logo":{"@type":"ImageObject","inLanguage":"es","@id":"https:\/\/lossoldaditosdeplomo.com\/#\/schema\/logo\/image\/","url":"https:\/\/lossoldaditosdeplomo.com\/wp-content\/uploads\/2018\/11\/cropped-IMG_0475-3.jpg","contentUrl":"https:\/\/lossoldaditosdeplomo.com\/wp-content\/uploads\/2018\/11\/cropped-IMG_0475-3.jpg","width":391,"height":533,"caption":"El Mundo de los soldaditos de plomo"},"image":{"@id":"https:\/\/lossoldaditosdeplomo.com\/#\/schema\/logo\/image\/"},"sameAs":["https:\/\/www.facebook.com\/El-mundo-de-los-soldaditos-de-plomo-943145209407047\/?modal=admin_todo_tour"]}]}},"_links":{"self":[{"href":"https:\/\/lossoldaditosdeplomo.com\/index.php\/wp-json\/wp\/v2\/pages\/108049","targetHints":{"allow":["GET"]}}],"collection":[{"href":"https:\/\/lossoldaditosdeplomo.com\/index.php\/wp-json\/wp\/v2\/pages"}],"about":[{"href":"https:\/\/lossoldaditosdeplomo.com\/index.php\/wp-json\/wp\/v2\/types\/page"}],"author":[{"embeddable":true,"href":"https:\/\/lossoldaditosdeplomo.com\/index.php\/wp-json\/wp\/v2\/users\/3"}],"replies":[{"embeddable":true,"href":"https:\/\/lossoldaditosdeplomo.com\/index.php\/wp-json\/wp\/v2\/comments?post=108049"}],"version-history":[{"count":0,"href":"https:\/\/lossoldaditosdeplomo.com\/index.php\/wp-json\/wp\/v2\/pages\/108049\/revisions"}],"wp:attachment":[{"href":"https:\/\/lossoldaditosdeplomo.com\/index.php\/wp-json\/wp\/v2\/media?parent=108049"}],"curies":[{"name":"wp","href":"https:\/\/api.w.org\/{rel}","templated":true}]}}