{"id":108277,"date":"2020-12-02T13:48:07","date_gmt":"2020-12-02T11:48:07","guid":{"rendered":"https:\/\/lossoldaditosdeplomo.com\/?page_id=108277"},"modified":"2020-12-30T13:23:58","modified_gmt":"2020-12-30T11:23:58","slug":"novedades-diciembre-2020","status":"publish","type":"page","link":"https:\/\/lossoldaditosdeplomo.com\/index.php\/novedades-diciembre-2020\/","title":{"rendered":"DICIEMBRE 2020"},"content":{"rendered":"\n<p>Comenzaremos el mes con unas excelentes figuras de R.Labayen entre las cuales podremos ver la \u00faltima figura del Maestro de la que existen unicamente dos ejemplares y como no podia ser de otra manera uno de ellos pertenece a la colecci\u00f3n del Zaragozano J.Ignacio Orensanz.<\/p>\n\n\n\n<figure class=\"wp-block-image size-medium is-style-zoooom\"><img loading=\"lazy\" decoding=\"async\" width=\"225\" height=\"300\" src=\"https:\/\/lossoldaditosdeplomo.com\/wp-content\/uploads\/2020\/12\/Coracero-prusiano-de-1746-escultura-y-pintura-Labayen-2-225x300.jpeg?v=1606908830\" alt=\"Coracero prusiano de 1746, escultura y pintura Labayen-2\" class=\"wp-image-108268\" srcset=\"https:\/\/lossoldaditosdeplomo.com\/wp-content\/uploads\/2020\/12\/Coracero-prusiano-de-1746-escultura-y-pintura-Labayen-2-225x300.jpeg?v=1606908830 225w, https:\/\/lossoldaditosdeplomo.com\/wp-content\/uploads\/2020\/12\/Coracero-prusiano-de-1746-escultura-y-pintura-Labayen-2-scaled.jpeg?v=1606908830 600w\" sizes=\"auto, (max-width: 225px) 85vw, 225px\" \/><figcaption><a href=\"https:\/\/lossoldaditosdeplomo.com\/index.php\/coleccion-de-juan-ignacio-orensanz\/22\/\" target=\"_blank\" rel=\"noreferrer noopener\">Coracero prusiano de 1746<\/a><\/figcaption><\/figure>\n\n\n\n<p>tambi\u00e9n podemos ver una figura plana de Labayen, una aut\u00e9ntica rareza<\/p>\n\n\n\n<figure class=\"wp-block-image size-medium is-style-zoooom\"><img loading=\"lazy\" decoding=\"async\" width=\"188\" height=\"300\" src=\"https:\/\/lossoldaditosdeplomo.com\/wp-content\/uploads\/2020\/11\/Zumalacarregui-Figura-plana-de-Ramo\u0301n-Labayen-pintura-Ga-Lope-188x300.jpeg?v=1606302642\" alt=\"Zumalacarregui Figura plana de Ramo\u0301n Labayen, pintura G\u00aa Lope\" class=\"wp-image-108260\" srcset=\"https:\/\/lossoldaditosdeplomo.com\/wp-content\/uploads\/2020\/11\/Zumalacarregui-Figura-plana-de-Ramo\u0301n-Labayen-pintura-Ga-Lope-188x300.jpeg?v=1606302642 188w, https:\/\/lossoldaditosdeplomo.com\/wp-content\/uploads\/2020\/11\/Zumalacarregui-Figura-plana-de-Ramo\u0301n-Labayen-pintura-Ga-Lope-scaled.jpeg?v=1606302642 502w\" sizes=\"auto, (max-width: 188px) 85vw, 188px\" \/><figcaption><a href=\"https:\/\/lossoldaditosdeplomo.com\/index.php\/coleccion-de-juan-ignacio-orensanz\/21\/\" target=\"_blank\" rel=\"noreferrer noopener\">Zumalacarregui Figura plana de Ramo\u0301n Labayen<\/a><\/figcaption><\/figure>\n\n\n\n<figure class=\"wp-block-image size-medium is-style-zoooom\"><img loading=\"lazy\" decoding=\"async\" width=\"225\" height=\"300\" src=\"https:\/\/lossoldaditosdeplomo.com\/wp-content\/uploads\/2020\/12\/Capitan-artilleria-Espan\u0303a-1812-Ediciones-delprado-4-225x300.jpg?v=1606911384\" alt=\"\" class=\"wp-image-108289\" srcset=\"https:\/\/lossoldaditosdeplomo.com\/wp-content\/uploads\/2020\/12\/Capitan-artilleria-Espan\u0303a-1812-Ediciones-delprado-4-225x300.jpg?v=1606911384 225w, https:\/\/lossoldaditosdeplomo.com\/wp-content\/uploads\/2020\/12\/Capitan-artilleria-Espan\u0303a-1812-Ediciones-delprado-4-768x1024.jpg?v=1606911384 768w, https:\/\/lossoldaditosdeplomo.com\/wp-content\/uploads\/2020\/12\/Capitan-artilleria-Espan\u0303a-1812-Ediciones-delprado-4-1152x1536.jpg?v=1606911384 1152w, https:\/\/lossoldaditosdeplomo.com\/wp-content\/uploads\/2020\/12\/Capitan-artilleria-Espan\u0303a-1812-Ediciones-delprado-4-1536x2048.jpg?v=1606911384 1536w, https:\/\/lossoldaditosdeplomo.com\/wp-content\/uploads\/2020\/12\/Capitan-artilleria-Espan\u0303a-1812-Ediciones-delprado-4-1200x1600.jpg?v=1606911384 1200w, https:\/\/lossoldaditosdeplomo.com\/wp-content\/uploads\/2020\/12\/Capitan-artilleria-Espan\u0303a-1812-Ediciones-delprado-4-scaled.jpg?v=1606911384 600w\" sizes=\"auto, (max-width: 225px) 85vw, 225px\" \/><figcaption><a href=\"https:\/\/lossoldaditosdeplomo.com\/index.php\/catalog\/capitan-de-artilleria-espana-1812\/\" target=\"_blank\" rel=\"noreferrer noopener\">Repintado de otra figura de DelPrado<\/a><\/figcaption><\/figure>\n\n\n\n<figure class=\"wp-block-image size-medium is-style-zoooom\"><img loading=\"lazy\" decoding=\"async\" width=\"225\" height=\"300\" src=\"https:\/\/lossoldaditosdeplomo.com\/wp-content\/uploads\/2020\/12\/Joaquin-Murat-60-mm-Salvat-Gobernador-de-Madrid-1808-3-225x300.jpg?v=1607378141\" alt=\"\" class=\"wp-image-108294\" srcset=\"https:\/\/lossoldaditosdeplomo.com\/wp-content\/uploads\/2020\/12\/Joaquin-Murat-60-mm-Salvat-Gobernador-de-Madrid-1808-3-225x300.jpg?v=1607378141 225w, https:\/\/lossoldaditosdeplomo.com\/wp-content\/uploads\/2020\/12\/Joaquin-Murat-60-mm-Salvat-Gobernador-de-Madrid-1808-3-768x1024.jpg?v=1607378141 768w, https:\/\/lossoldaditosdeplomo.com\/wp-content\/uploads\/2020\/12\/Joaquin-Murat-60-mm-Salvat-Gobernador-de-Madrid-1808-3-1152x1536.jpg?v=1607378141 1152w, https:\/\/lossoldaditosdeplomo.com\/wp-content\/uploads\/2020\/12\/Joaquin-Murat-60-mm-Salvat-Gobernador-de-Madrid-1808-3-1536x2048.jpg?v=1607378141 1536w, https:\/\/lossoldaditosdeplomo.com\/wp-content\/uploads\/2020\/12\/Joaquin-Murat-60-mm-Salvat-Gobernador-de-Madrid-1808-3-1200x1600.jpg?v=1607378141 1200w, https:\/\/lossoldaditosdeplomo.com\/wp-content\/uploads\/2020\/12\/Joaquin-Murat-60-mm-Salvat-Gobernador-de-Madrid-1808-3-scaled.jpg?v=1607378141 600w\" sizes=\"auto, (max-width: 225px) 85vw, 225px\" \/><figcaption><a href=\"https:\/\/lossoldaditosdeplomo.com\/index.php\/catalog\/mariscal-murat-como-gobernador-de-madrid-1808\/\" target=\"_blank\" rel=\"noreferrer noopener\">Mariscal Murat<\/a><\/figcaption><\/figure>\n\n\n\n<figure class=\"wp-block-image size-medium is-style-zoooom\"><img loading=\"lazy\" decoding=\"async\" width=\"225\" height=\"300\" src=\"https:\/\/lossoldaditosdeplomo.com\/wp-content\/uploads\/2020\/12\/Mayor-2-Rgto-de-linea-Francia-1809-Andrea-Miniatures-6-225x300.jpg?v=1607943327\" alt=\"\" class=\"wp-image-108307\" srcset=\"https:\/\/lossoldaditosdeplomo.com\/wp-content\/uploads\/2020\/12\/Mayor-2-Rgto-de-linea-Francia-1809-Andrea-Miniatures-6-225x300.jpg?v=1607943327 225w, https:\/\/lossoldaditosdeplomo.com\/wp-content\/uploads\/2020\/12\/Mayor-2-Rgto-de-linea-Francia-1809-Andrea-Miniatures-6-768x1024.jpg?v=1607943327 768w, https:\/\/lossoldaditosdeplomo.com\/wp-content\/uploads\/2020\/12\/Mayor-2-Rgto-de-linea-Francia-1809-Andrea-Miniatures-6-1152x1536.jpg?v=1607943327 1152w, https:\/\/lossoldaditosdeplomo.com\/wp-content\/uploads\/2020\/12\/Mayor-2-Rgto-de-linea-Francia-1809-Andrea-Miniatures-6-1536x2048.jpg?v=1607943327 1536w, https:\/\/lossoldaditosdeplomo.com\/wp-content\/uploads\/2020\/12\/Mayor-2-Rgto-de-linea-Francia-1809-Andrea-Miniatures-6-1200x1600.jpg?v=1607943327 1200w, https:\/\/lossoldaditosdeplomo.com\/wp-content\/uploads\/2020\/12\/Mayor-2-Rgto-de-linea-Francia-1809-Andrea-Miniatures-6-scaled.jpg?v=1607943327 600w\" sizes=\"auto, (max-width: 225px) 85vw, 225px\" \/><figcaption><a href=\"https:\/\/lossoldaditosdeplomo.com\/index.php\/catalog\/mayor-2o-regimiento-de-linea-francia-1809\/\" target=\"_blank\" rel=\"noreferrer noopener\">Major 2\u00ba Rgto. L\u00ednea<\/a><\/figcaption><\/figure>\n\n\n\n<figure class=\"wp-block-image size-medium is-style-zoooom\"><img loading=\"lazy\" decoding=\"async\" width=\"225\" height=\"300\" src=\"https:\/\/lossoldaditosdeplomo.com\/wp-content\/uploads\/2020\/12\/Dragon-rgto-Almansa-60mm-4-225x300.jpg?v=1607943374\" alt=\"\" class=\"wp-image-108313\" srcset=\"https:\/\/lossoldaditosdeplomo.com\/wp-content\/uploads\/2020\/12\/Dragon-rgto-Almansa-60mm-4-225x300.jpg?v=1607943374 225w, https:\/\/lossoldaditosdeplomo.com\/wp-content\/uploads\/2020\/12\/Dragon-rgto-Almansa-60mm-4-768x1024.jpg?v=1607943374 768w, https:\/\/lossoldaditosdeplomo.com\/wp-content\/uploads\/2020\/12\/Dragon-rgto-Almansa-60mm-4-1152x1536.jpg?v=1607943374 1152w, https:\/\/lossoldaditosdeplomo.com\/wp-content\/uploads\/2020\/12\/Dragon-rgto-Almansa-60mm-4-1536x2048.jpg?v=1607943374 1536w, https:\/\/lossoldaditosdeplomo.com\/wp-content\/uploads\/2020\/12\/Dragon-rgto-Almansa-60mm-4-1200x1600.jpg?v=1607943374 1200w, https:\/\/lossoldaditosdeplomo.com\/wp-content\/uploads\/2020\/12\/Dragon-rgto-Almansa-60mm-4-scaled.jpg?v=1607943374 600w\" sizes=\"auto, (max-width: 225px) 85vw, 225px\" \/><figcaption><a href=\"https:\/\/lossoldaditosdeplomo.com\/index.php\/catalog\/dragon-regmiento-de-almansa-espana-1808\/\" target=\"_blank\" rel=\"noreferrer noopener\">Drag\u00f3n Rgto. Almansa 1808<\/a><\/figcaption><\/figure>\n\n\n\n<figure class=\"wp-block-image size-medium is-style-zoooom\"><img loading=\"lazy\" decoding=\"async\" width=\"225\" height=\"300\" src=\"https:\/\/lossoldaditosdeplomo.com\/wp-content\/uploads\/2020\/12\/df-Grieve-Models-225x300.jpg?v=1607948353\" alt=\"\" class=\"wp-image-108322\" srcset=\"https:\/\/lossoldaditosdeplomo.com\/wp-content\/uploads\/2020\/12\/df-Grieve-Models-225x300.jpg?v=1607948353 225w, https:\/\/lossoldaditosdeplomo.com\/wp-content\/uploads\/2020\/12\/df-Grieve-Models-768x1024.jpg?v=1607948353 768w, https:\/\/lossoldaditosdeplomo.com\/wp-content\/uploads\/2020\/12\/df-Grieve-Models-1152x1536.jpg?v=1607948353 1152w, https:\/\/lossoldaditosdeplomo.com\/wp-content\/uploads\/2020\/12\/df-Grieve-Models-1536x2048.jpg?v=1607948353 1536w, https:\/\/lossoldaditosdeplomo.com\/wp-content\/uploads\/2020\/12\/df-Grieve-Models-1200x1600.jpg?v=1607948353 1200w, https:\/\/lossoldaditosdeplomo.com\/wp-content\/uploads\/2020\/12\/df-Grieve-Models-scaled.jpg?v=1607948353 600w\" sizes=\"auto, (max-width: 225px) 85vw, 225px\" \/><figcaption><a href=\"https:\/\/lossoldaditosdeplomo.com\/wp-content\/uploads\/2020\/12\/DF-GRIEVE.pdf\" target=\"_blank\" rel=\"noreferrer noopener\">Nuevo &#8220;cat\u00e1logo&#8221; D.F. Grieve Models<\/a><\/figcaption><\/figure>\n\n\n\n<h2 class=\"wp-block-heading\">ENLACES INTERESANTES<\/h2>\n\n\n\n<p><a href=\"https:\/\/www.puttyandpaint.com\/\" target=\"_blank\" rel=\"noreferrer noopener\">Interesante p\u00e1gina donde podemos ver estupendos trabajos de pintura<\/a><\/p>\n\n\n\n<p><a rel=\"noreferrer noopener\" href=\"https:\/\/vk.com\/club172798150\" target=\"_blank\">Aqui podemos ver un magn\u00edfico ejemplo sobre el coleccionismo de figuras de papel e incluso descargarnos algunos modelos y hacer nuestras primeras formaciones en papel.<\/a><\/p>\n\n\n\n<p><a href=\"https:\/\/www.planetfigure.com\/\" target=\"_blank\" rel=\"noreferrer noopener\">Aqui tenemos una interesante p\u00e1gina donde podemos ver trabajos de otros aficionados, muy recomendable visitarla.<\/a><\/p>\n","protected":false},"excerpt":{"rendered":"<p>Comenzaremos el mes con unas excelentes figuras de R.Labayen entre las cuales podremos ver la \u00faltima figura del Maestro de la que existen unicamente dos ejemplares y como no podia ser de otra manera uno de ellos pertenece a la colecci\u00f3n del Zaragozano J.Ignacio Orensanz. tambi\u00e9n podemos ver una figura plana de Labayen, una aut\u00e9ntica &hellip; <a href=\"https:\/\/lossoldaditosdeplomo.com\/index.php\/novedades-diciembre-2020\/\" class=\"more-link\">Continuar leyendo<span class=\"screen-reader-text\"> &#8220;DICIEMBRE 2020&#8221;<\/span><\/a><\/p>\n","protected":false},"author":3,"featured_media":0,"parent":0,"menu_order":0,"comment_status":"closed","ping_status":"closed","template":"","meta":{"footnotes":""},"class_list":["post-108277","page","type-page","status-publish","hentry"],"yoast_head":"<!-- This site is optimized with the Yoast SEO plugin v27.0 - https:\/\/yoast.com\/product\/yoast-seo-wordpress\/ -->\n<title>DICIEMBRE 2020 - El mundo de los soldaditos de plomo<\/title>\n<meta name=\"robots\" content=\"index, follow, max-snippet:-1, max-image-preview:large, max-video-preview:-1\" \/>\n<link rel=\"canonical\" href=\"https:\/\/lossoldaditosdeplomo.com\/index.php\/novedades-diciembre-2020\/\" \/>\n<meta property=\"og:locale\" content=\"es_ES\" \/>\n<meta property=\"og:type\" content=\"article\" \/>\n<meta property=\"og:title\" content=\"DICIEMBRE 2020 - El mundo de los soldaditos de plomo\" \/>\n<meta property=\"og:description\" content=\"Comenzaremos el mes con unas excelentes figuras de R.Labayen entre las cuales podremos ver la \u00faltima figura del Maestro de la que existen unicamente dos ejemplares y como no podia ser de otra manera uno de ellos pertenece a la colecci\u00f3n del Zaragozano J.Ignacio Orensanz. tambi\u00e9n podemos ver una figura plana de Labayen, una aut\u00e9ntica &hellip; Continuar leyendo &quot;DICIEMBRE 2020&quot;\" \/>\n<meta property=\"og:url\" content=\"https:\/\/lossoldaditosdeplomo.com\/index.php\/novedades-diciembre-2020\/\" \/>\n<meta property=\"og:site_name\" content=\"El mundo de los soldaditos de plomo\" \/>\n<meta property=\"article:publisher\" content=\"https:\/\/www.facebook.com\/El-mundo-de-los-soldaditos-de-plomo-943145209407047\/?modal=admin_todo_tour\" \/>\n<meta property=\"article:modified_time\" content=\"2020-12-30T11:23:58+00:00\" \/>\n<meta property=\"og:image\" content=\"https:\/\/lossoldaditosdeplomo.com\/wp-content\/uploads\/2020\/12\/Coracero-prusiano-de-1746-escultura-y-pintura-Labayen-2-225x300.jpeg?v=1606908830\" \/>\n<meta name=\"twitter:card\" content=\"summary_large_image\" \/>\n<meta name=\"twitter:label1\" content=\"Tiempo de lectura\" \/>\n\t<meta name=\"twitter:data1\" content=\"1 minuto\" \/>\n<script type=\"application\/ld+json\" class=\"yoast-schema-graph\">{\"@context\":\"https:\/\/schema.org\",\"@graph\":[{\"@type\":\"WebPage\",\"@id\":\"https:\/\/lossoldaditosdeplomo.com\/index.php\/novedades-diciembre-2020\/\",\"url\":\"https:\/\/lossoldaditosdeplomo.com\/index.php\/novedades-diciembre-2020\/\",\"name\":\"DICIEMBRE 2020 - El mundo de los soldaditos de plomo\",\"isPartOf\":{\"@id\":\"https:\/\/lossoldaditosdeplomo.com\/#website\"},\"primaryImageOfPage\":{\"@id\":\"https:\/\/lossoldaditosdeplomo.com\/index.php\/novedades-diciembre-2020\/#primaryimage\"},\"image\":{\"@id\":\"https:\/\/lossoldaditosdeplomo.com\/index.php\/novedades-diciembre-2020\/#primaryimage\"},\"thumbnailUrl\":\"https:\/\/lossoldaditosdeplomo.com\/wp-content\/uploads\/2020\/12\/Coracero-prusiano-de-1746-escultura-y-pintura-Labayen-2-225x300.jpeg?v=1606908830\",\"datePublished\":\"2020-12-02T11:48:07+00:00\",\"dateModified\":\"2020-12-30T11:23:58+00:00\",\"breadcrumb\":{\"@id\":\"https:\/\/lossoldaditosdeplomo.com\/index.php\/novedades-diciembre-2020\/#breadcrumb\"},\"inLanguage\":\"es\",\"potentialAction\":[{\"@type\":\"ReadAction\",\"target\":[\"https:\/\/lossoldaditosdeplomo.com\/index.php\/novedades-diciembre-2020\/\"]}]},{\"@type\":\"ImageObject\",\"inLanguage\":\"es\",\"@id\":\"https:\/\/lossoldaditosdeplomo.com\/index.php\/novedades-diciembre-2020\/#primaryimage\",\"url\":\"https:\/\/lossoldaditosdeplomo.com\/wp-content\/uploads\/2020\/12\/Coracero-prusiano-de-1746-escultura-y-pintura-Labayen-2-scaled.jpeg?v=1606908830\",\"contentUrl\":\"https:\/\/lossoldaditosdeplomo.com\/wp-content\/uploads\/2020\/12\/Coracero-prusiano-de-1746-escultura-y-pintura-Labayen-2-scaled.jpeg?v=1606908830\",\"width\":600,\"height\":800,\"caption\":\"Coracero prusiano de 1746, escultura y pintura Labayen-2\"},{\"@type\":\"BreadcrumbList\",\"@id\":\"https:\/\/lossoldaditosdeplomo.com\/index.php\/novedades-diciembre-2020\/#breadcrumb\",\"itemListElement\":[{\"@type\":\"ListItem\",\"position\":1,\"name\":\"Portada\",\"item\":\"https:\/\/lossoldaditosdeplomo.com\/\"},{\"@type\":\"ListItem\",\"position\":2,\"name\":\"DICIEMBRE 2020\"}]},{\"@type\":\"WebSite\",\"@id\":\"https:\/\/lossoldaditosdeplomo.com\/#website\",\"url\":\"https:\/\/lossoldaditosdeplomo.com\/\",\"name\":\"El mundo de los soldaditos de plomo\",\"description\":\"coleccionismo, pintura y restauraci\u00f3n soldaditos de plomo\",\"publisher\":{\"@id\":\"https:\/\/lossoldaditosdeplomo.com\/#organization\"},\"alternateName\":\"los soldaditos de plomo\",\"potentialAction\":[{\"@type\":\"SearchAction\",\"target\":{\"@type\":\"EntryPoint\",\"urlTemplate\":\"https:\/\/lossoldaditosdeplomo.com\/?s={search_term_string}\"},\"query-input\":{\"@type\":\"PropertyValueSpecification\",\"valueRequired\":true,\"valueName\":\"search_term_string\"}}],\"inLanguage\":\"es\"},{\"@type\":\"Organization\",\"@id\":\"https:\/\/lossoldaditosdeplomo.com\/#organization\",\"name\":\"El Mundo de los soldaditos de plomo\",\"alternateName\":\"los soldaditos de plomo\",\"url\":\"https:\/\/lossoldaditosdeplomo.com\/\",\"logo\":{\"@type\":\"ImageObject\",\"inLanguage\":\"es\",\"@id\":\"https:\/\/lossoldaditosdeplomo.com\/#\/schema\/logo\/image\/\",\"url\":\"https:\/\/lossoldaditosdeplomo.com\/wp-content\/uploads\/2018\/11\/cropped-IMG_0475-3.jpg\",\"contentUrl\":\"https:\/\/lossoldaditosdeplomo.com\/wp-content\/uploads\/2018\/11\/cropped-IMG_0475-3.jpg\",\"width\":391,\"height\":533,\"caption\":\"El Mundo de los soldaditos de plomo\"},\"image\":{\"@id\":\"https:\/\/lossoldaditosdeplomo.com\/#\/schema\/logo\/image\/\"},\"sameAs\":[\"https:\/\/www.facebook.com\/El-mundo-de-los-soldaditos-de-plomo-943145209407047\/?modal=admin_todo_tour\"]}]}<\/script>\n<!-- \/ Yoast SEO plugin. -->","yoast_head_json":{"title":"DICIEMBRE 2020 - El mundo de los soldaditos de plomo","robots":{"index":"index","follow":"follow","max-snippet":"max-snippet:-1","max-image-preview":"max-image-preview:large","max-video-preview":"max-video-preview:-1"},"canonical":"https:\/\/lossoldaditosdeplomo.com\/index.php\/novedades-diciembre-2020\/","og_locale":"es_ES","og_type":"article","og_title":"DICIEMBRE 2020 - El mundo de los soldaditos de plomo","og_description":"Comenzaremos el mes con unas excelentes figuras de R.Labayen entre las cuales podremos ver la \u00faltima figura del Maestro de la que existen unicamente dos ejemplares y como no podia ser de otra manera uno de ellos pertenece a la colecci\u00f3n del Zaragozano J.Ignacio Orensanz. tambi\u00e9n podemos ver una figura plana de Labayen, una aut\u00e9ntica &hellip; Continuar leyendo \"DICIEMBRE 2020\"","og_url":"https:\/\/lossoldaditosdeplomo.com\/index.php\/novedades-diciembre-2020\/","og_site_name":"El mundo de los soldaditos de plomo","article_publisher":"https:\/\/www.facebook.com\/El-mundo-de-los-soldaditos-de-plomo-943145209407047\/?modal=admin_todo_tour","article_modified_time":"2020-12-30T11:23:58+00:00","og_image":[{"url":"https:\/\/lossoldaditosdeplomo.com\/wp-content\/uploads\/2020\/12\/Coracero-prusiano-de-1746-escultura-y-pintura-Labayen-2-225x300.jpeg?v=1606908830","type":"","width":"","height":""}],"twitter_card":"summary_large_image","twitter_misc":{"Tiempo de lectura":"1 minuto"},"schema":{"@context":"https:\/\/schema.org","@graph":[{"@type":"WebPage","@id":"https:\/\/lossoldaditosdeplomo.com\/index.php\/novedades-diciembre-2020\/","url":"https:\/\/lossoldaditosdeplomo.com\/index.php\/novedades-diciembre-2020\/","name":"DICIEMBRE 2020 - El mundo de los soldaditos de plomo","isPartOf":{"@id":"https:\/\/lossoldaditosdeplomo.com\/#website"},"primaryImageOfPage":{"@id":"https:\/\/lossoldaditosdeplomo.com\/index.php\/novedades-diciembre-2020\/#primaryimage"},"image":{"@id":"https:\/\/lossoldaditosdeplomo.com\/index.php\/novedades-diciembre-2020\/#primaryimage"},"thumbnailUrl":"https:\/\/lossoldaditosdeplomo.com\/wp-content\/uploads\/2020\/12\/Coracero-prusiano-de-1746-escultura-y-pintura-Labayen-2-225x300.jpeg?v=1606908830","datePublished":"2020-12-02T11:48:07+00:00","dateModified":"2020-12-30T11:23:58+00:00","breadcrumb":{"@id":"https:\/\/lossoldaditosdeplomo.com\/index.php\/novedades-diciembre-2020\/#breadcrumb"},"inLanguage":"es","potentialAction":[{"@type":"ReadAction","target":["https:\/\/lossoldaditosdeplomo.com\/index.php\/novedades-diciembre-2020\/"]}]},{"@type":"ImageObject","inLanguage":"es","@id":"https:\/\/lossoldaditosdeplomo.com\/index.php\/novedades-diciembre-2020\/#primaryimage","url":"https:\/\/lossoldaditosdeplomo.com\/wp-content\/uploads\/2020\/12\/Coracero-prusiano-de-1746-escultura-y-pintura-Labayen-2-scaled.jpeg?v=1606908830","contentUrl":"https:\/\/lossoldaditosdeplomo.com\/wp-content\/uploads\/2020\/12\/Coracero-prusiano-de-1746-escultura-y-pintura-Labayen-2-scaled.jpeg?v=1606908830","width":600,"height":800,"caption":"Coracero prusiano de 1746, escultura y pintura Labayen-2"},{"@type":"BreadcrumbList","@id":"https:\/\/lossoldaditosdeplomo.com\/index.php\/novedades-diciembre-2020\/#breadcrumb","itemListElement":[{"@type":"ListItem","position":1,"name":"Portada","item":"https:\/\/lossoldaditosdeplomo.com\/"},{"@type":"ListItem","position":2,"name":"DICIEMBRE 2020"}]},{"@type":"WebSite","@id":"https:\/\/lossoldaditosdeplomo.com\/#website","url":"https:\/\/lossoldaditosdeplomo.com\/","name":"El mundo de los soldaditos de plomo","description":"coleccionismo, pintura y restauraci\u00f3n soldaditos de plomo","publisher":{"@id":"https:\/\/lossoldaditosdeplomo.com\/#organization"},"alternateName":"los soldaditos de plomo","potentialAction":[{"@type":"SearchAction","target":{"@type":"EntryPoint","urlTemplate":"https:\/\/lossoldaditosdeplomo.com\/?s={search_term_string}"},"query-input":{"@type":"PropertyValueSpecification","valueRequired":true,"valueName":"search_term_string"}}],"inLanguage":"es"},{"@type":"Organization","@id":"https:\/\/lossoldaditosdeplomo.com\/#organization","name":"El Mundo de los soldaditos de plomo","alternateName":"los soldaditos de plomo","url":"https:\/\/lossoldaditosdeplomo.com\/","logo":{"@type":"ImageObject","inLanguage":"es","@id":"https:\/\/lossoldaditosdeplomo.com\/#\/schema\/logo\/image\/","url":"https:\/\/lossoldaditosdeplomo.com\/wp-content\/uploads\/2018\/11\/cropped-IMG_0475-3.jpg","contentUrl":"https:\/\/lossoldaditosdeplomo.com\/wp-content\/uploads\/2018\/11\/cropped-IMG_0475-3.jpg","width":391,"height":533,"caption":"El Mundo de los soldaditos de plomo"},"image":{"@id":"https:\/\/lossoldaditosdeplomo.com\/#\/schema\/logo\/image\/"},"sameAs":["https:\/\/www.facebook.com\/El-mundo-de-los-soldaditos-de-plomo-943145209407047\/?modal=admin_todo_tour"]}]}},"_links":{"self":[{"href":"https:\/\/lossoldaditosdeplomo.com\/index.php\/wp-json\/wp\/v2\/pages\/108277","targetHints":{"allow":["GET"]}}],"collection":[{"href":"https:\/\/lossoldaditosdeplomo.com\/index.php\/wp-json\/wp\/v2\/pages"}],"about":[{"href":"https:\/\/lossoldaditosdeplomo.com\/index.php\/wp-json\/wp\/v2\/types\/page"}],"author":[{"embeddable":true,"href":"https:\/\/lossoldaditosdeplomo.com\/index.php\/wp-json\/wp\/v2\/users\/3"}],"replies":[{"embeddable":true,"href":"https:\/\/lossoldaditosdeplomo.com\/index.php\/wp-json\/wp\/v2\/comments?post=108277"}],"version-history":[{"count":0,"href":"https:\/\/lossoldaditosdeplomo.com\/index.php\/wp-json\/wp\/v2\/pages\/108277\/revisions"}],"wp:attachment":[{"href":"https:\/\/lossoldaditosdeplomo.com\/index.php\/wp-json\/wp\/v2\/media?parent=108277"}],"curies":[{"name":"wp","href":"https:\/\/api.w.org\/{rel}","templated":true}]}}