{"id":108336,"date":"2021-01-01T22:56:50","date_gmt":"2021-01-01T20:56:50","guid":{"rendered":"https:\/\/lossoldaditosdeplomo.com\/?page_id=108336"},"modified":"2021-01-22T14:06:43","modified_gmt":"2021-01-22T12:06:43","slug":"enero-2021","status":"publish","type":"page","link":"https:\/\/lossoldaditosdeplomo.com\/index.php\/enero-2021\/","title":{"rendered":"ENERO 2021"},"content":{"rendered":"\n<p>FIGURAS DE OTROS COLECCIONISTAS<\/p>\n\n\n\n<p>Nuestro amigo Craig Dickson nos muestra sus nuevas adquisiciones<\/p>\n\n\n\n<figure class=\"wp-block-image size-large is-style-rounded\"><img loading=\"lazy\" decoding=\"async\" width=\"800\" height=\"449\" src=\"https:\/\/lossoldaditosdeplomo.com\/wp-content\/uploads\/2021\/01\/Batalla-de-Agincourt-1415-Pegaso-Models-a-scaled.jpg\" alt=\"\" class=\"wp-image-108398\" srcset=\"https:\/\/lossoldaditosdeplomo.com\/wp-content\/uploads\/2021\/01\/Batalla-de-Agincourt-1415-Pegaso-Models-a-scaled.jpg?v=1610046253 800w, https:\/\/lossoldaditosdeplomo.com\/wp-content\/uploads\/2021\/01\/Batalla-de-Agincourt-1415-Pegaso-Models-a-300x168.jpg?v=1610046253 300w, https:\/\/lossoldaditosdeplomo.com\/wp-content\/uploads\/2021\/01\/Batalla-de-Agincourt-1415-Pegaso-Models-a-768x431.jpg?v=1610046253 768w, https:\/\/lossoldaditosdeplomo.com\/wp-content\/uploads\/2021\/01\/Batalla-de-Agincourt-1415-Pegaso-Models-a-1536x862.jpg?v=1610046253 1536w, https:\/\/lossoldaditosdeplomo.com\/wp-content\/uploads\/2021\/01\/Batalla-de-Agincourt-1415-Pegaso-Models-a-2048x1150.jpg?v=1610046253 2048w, https:\/\/lossoldaditosdeplomo.com\/wp-content\/uploads\/2021\/01\/Batalla-de-Agincourt-1415-Pegaso-Models-a-1200x674.jpg?v=1610046253 1200w\" sizes=\"auto, (max-width: 800px) 85vw, 800px\" \/><figcaption><a href=\"https:\/\/lossoldaditosdeplomo.com\/index.php\/figuras-medievales\/\" target=\"_blank\" rel=\"noreferrer noopener\">Batalla de Agincourt 1415 (Pegaso Models)<\/a><\/figcaption><\/figure>\n\n\n\n<figure class=\"wp-block-image size-large is-resized is-style-rounded\"><img loading=\"lazy\" decoding=\"async\" src=\"https:\/\/lossoldaditosdeplomo.com\/wp-content\/uploads\/2021\/01\/Marcel-Vergeylen-Sir-Thomas-NorwichCrecy1346-scaled.jpg\" alt=\"\" class=\"wp-image-108434\" width=\"630\" height=\"353\" srcset=\"https:\/\/lossoldaditosdeplomo.com\/wp-content\/uploads\/2021\/01\/Marcel-Vergeylen-Sir-Thomas-NorwichCrecy1346-scaled.jpg?v=1610823325 800w, https:\/\/lossoldaditosdeplomo.com\/wp-content\/uploads\/2021\/01\/Marcel-Vergeylen-Sir-Thomas-NorwichCrecy1346-300x168.jpg?v=1610823325 300w, https:\/\/lossoldaditosdeplomo.com\/wp-content\/uploads\/2021\/01\/Marcel-Vergeylen-Sir-Thomas-NorwichCrecy1346-768x431.jpg?v=1610823325 768w, https:\/\/lossoldaditosdeplomo.com\/wp-content\/uploads\/2021\/01\/Marcel-Vergeylen-Sir-Thomas-NorwichCrecy1346-1536x862.jpg?v=1610823325 1536w, https:\/\/lossoldaditosdeplomo.com\/wp-content\/uploads\/2021\/01\/Marcel-Vergeylen-Sir-Thomas-NorwichCrecy1346-2048x1150.jpg?v=1610823325 2048w, https:\/\/lossoldaditosdeplomo.com\/wp-content\/uploads\/2021\/01\/Marcel-Vergeylen-Sir-Thomas-NorwichCrecy1346-1200x674.jpg?v=1610823325 1200w\" sizes=\"auto, (max-width: 630px) 85vw, 630px\" \/><figcaption><a rel=\"noreferrer noopener\" href=\"https:\/\/lossoldaditosdeplomo.com\/index.php\/figuras-medievales\/2\/\" target=\"_blank\">Unas estu<\/a><a href=\"https:\/\/lossoldaditosdeplomo.com\/index.php\/figuras-medievales\/2\/\" target=\"_blank\" rel=\"noreferrer noopener\">p<\/a><a rel=\"noreferrer noopener\" href=\"https:\/\/lossoldaditosdeplomo.com\/index.php\/figuras-medievales\/2\/\" target=\"_blank\">endas figuras de Marcel Vergeylen, son muy raras por su escasa producci\u00f3n<\/a><\/figcaption><\/figure>\n\n\n\n<figure class=\"wp-block-image size-large is-style-rounded\"><img loading=\"lazy\" decoding=\"async\" width=\"746\" height=\"537\" src=\"https:\/\/lossoldaditosdeplomo.com\/wp-content\/uploads\/2021\/01\/cata\u0301logo-ArkovaPanoply.jpg\" alt=\"\" class=\"wp-image-108446\" srcset=\"https:\/\/lossoldaditosdeplomo.com\/wp-content\/uploads\/2021\/01\/cata\u0301logo-ArkovaPanoply.jpg?v=1611254276 746w, https:\/\/lossoldaditosdeplomo.com\/wp-content\/uploads\/2021\/01\/cata\u0301logo-ArkovaPanoply-300x216.jpg?v=1611254276 300w\" sizes=\"auto, (max-width: 746px) 85vw, 746px\" \/><figcaption><a href=\"https:\/\/lossoldaditosdeplomo.com\/index.php\/figuras-medievales\/3\/\" target=\"_blank\" rel=\"noreferrer noopener\">Seguimos con las figuras Medievales<\/a><\/figcaption><\/figure>\n\n\n\n<p>FIGURAS DE MI COLECCI\u00d3N<\/p>\n\n\n\n<figure class=\"wp-block-image size-medium is-style-zoooom\"><img loading=\"lazy\" decoding=\"async\" width=\"225\" height=\"300\" src=\"https:\/\/lossoldaditosdeplomo.com\/wp-content\/uploads\/2021\/01\/General-George-Patton-Soldat-SP00095-4-225x300.jpg?v=1610045497\" alt=\"\" class=\"wp-image-108392\" srcset=\"https:\/\/lossoldaditosdeplomo.com\/wp-content\/uploads\/2021\/01\/General-George-Patton-Soldat-SP00095-4-225x300.jpg?v=1610045497 225w, https:\/\/lossoldaditosdeplomo.com\/wp-content\/uploads\/2021\/01\/General-George-Patton-Soldat-SP00095-4-768x1024.jpg?v=1610045497 768w, https:\/\/lossoldaditosdeplomo.com\/wp-content\/uploads\/2021\/01\/General-George-Patton-Soldat-SP00095-4-1152x1536.jpg?v=1610045497 1152w, https:\/\/lossoldaditosdeplomo.com\/wp-content\/uploads\/2021\/01\/General-George-Patton-Soldat-SP00095-4-1536x2048.jpg?v=1610045497 1536w, https:\/\/lossoldaditosdeplomo.com\/wp-content\/uploads\/2021\/01\/General-George-Patton-Soldat-SP00095-4-1200x1600.jpg?v=1610045497 1200w, https:\/\/lossoldaditosdeplomo.com\/wp-content\/uploads\/2021\/01\/General-George-Patton-Soldat-SP00095-4-scaled.jpg?v=1610045497 600w\" sizes=\"auto, (max-width: 225px) 85vw, 225px\" \/><figcaption><a href=\"https:\/\/lossoldaditosdeplomo.com\/index.php\/catalog\/general-george-patton-1885-1945\/\" target=\"_blank\" rel=\"noreferrer noopener\">Restauraci\u00f3n de una antigua figura de la marca Soldat &#8221; General Patton&#8221;<\/a><\/figcaption><\/figure>\n\n\n\n<figure class=\"wp-block-image size-medium is-style-zoooom\"><img loading=\"lazy\" decoding=\"async\" width=\"225\" height=\"300\" src=\"https:\/\/lossoldaditosdeplomo.com\/wp-content\/uploads\/2021\/01\/Grieve-Model-Private-Grenadier-Company-1st-Reg-of-foot-Guards-1751-e-225x300.jpg?v=1609782320\" alt=\"\" class=\"wp-image-108351\" srcset=\"https:\/\/lossoldaditosdeplomo.com\/wp-content\/uploads\/2021\/01\/Grieve-Model-Private-Grenadier-Company-1st-Reg-of-foot-Guards-1751-e-225x300.jpg?v=1609782320 225w, https:\/\/lossoldaditosdeplomo.com\/wp-content\/uploads\/2021\/01\/Grieve-Model-Private-Grenadier-Company-1st-Reg-of-foot-Guards-1751-e-768x1024.jpg?v=1609782320 768w, https:\/\/lossoldaditosdeplomo.com\/wp-content\/uploads\/2021\/01\/Grieve-Model-Private-Grenadier-Company-1st-Reg-of-foot-Guards-1751-e-1152x1536.jpg?v=1609782320 1152w, https:\/\/lossoldaditosdeplomo.com\/wp-content\/uploads\/2021\/01\/Grieve-Model-Private-Grenadier-Company-1st-Reg-of-foot-Guards-1751-e-1536x2048.jpg?v=1609782320 1536w, https:\/\/lossoldaditosdeplomo.com\/wp-content\/uploads\/2021\/01\/Grieve-Model-Private-Grenadier-Company-1st-Reg-of-foot-Guards-1751-e-1200x1600.jpg?v=1609782320 1200w, https:\/\/lossoldaditosdeplomo.com\/wp-content\/uploads\/2021\/01\/Grieve-Model-Private-Grenadier-Company-1st-Reg-of-foot-Guards-1751-e-scaled.jpg?v=1609782320 600w\" sizes=\"auto, (max-width: 225px) 85vw, 225px\" \/><figcaption><a href=\"https:\/\/lossoldaditosdeplomo.com\/index.php\/catalog\/private-grenadier-company-1st-regiment-of-foot-guards-1751\/\" target=\"_blank\" rel=\"noreferrer noopener\">Granadero Ingl\u00e9s 1751    D.F. Grieve Models<\/a><\/figcaption><\/figure>\n\n\n\n<figure class=\"wp-block-image size-medium is-style-zoooom\"><img loading=\"lazy\" decoding=\"async\" width=\"225\" height=\"300\" src=\"https:\/\/lossoldaditosdeplomo.com\/wp-content\/uploads\/2021\/01\/ALYMER-General-de-Divisio\u0301n-Francia-1815-E-225x300.jpg?v=1609783269\" alt=\"\" class=\"wp-image-108361\" srcset=\"https:\/\/lossoldaditosdeplomo.com\/wp-content\/uploads\/2021\/01\/ALYMER-General-de-Divisio\u0301n-Francia-1815-E-225x300.jpg?v=1609783269 225w, https:\/\/lossoldaditosdeplomo.com\/wp-content\/uploads\/2021\/01\/ALYMER-General-de-Divisio\u0301n-Francia-1815-E-768x1024.jpg?v=1609783269 768w, https:\/\/lossoldaditosdeplomo.com\/wp-content\/uploads\/2021\/01\/ALYMER-General-de-Divisio\u0301n-Francia-1815-E-1152x1536.jpg?v=1609783269 1152w, https:\/\/lossoldaditosdeplomo.com\/wp-content\/uploads\/2021\/01\/ALYMER-General-de-Divisio\u0301n-Francia-1815-E-1536x2048.jpg?v=1609783269 1536w, https:\/\/lossoldaditosdeplomo.com\/wp-content\/uploads\/2021\/01\/ALYMER-General-de-Divisio\u0301n-Francia-1815-E-1200x1600.jpg?v=1609783269 1200w, https:\/\/lossoldaditosdeplomo.com\/wp-content\/uploads\/2021\/01\/ALYMER-General-de-Divisio\u0301n-Francia-1815-E-scaled.jpg?v=1609783269 600w\" sizes=\"auto, (max-width: 225px) 85vw, 225px\" \/><figcaption><a href=\"https:\/\/lossoldaditosdeplomo.com\/index.php\/catalog\/general-de-division-francia-1815\/\" target=\"_blank\" rel=\"noreferrer noopener\">General de Divisi\u00f3n, Francia 1815<\/a><\/figcaption><\/figure>\n\n\n\n<figure class=\"wp-block-image size-medium is-style-zoooom\"><img loading=\"lazy\" decoding=\"async\" width=\"225\" height=\"300\" src=\"https:\/\/lossoldaditosdeplomo.com\/wp-content\/uploads\/2021\/01\/Capitan-Daoiz-Jefe-Artilleri\u0301a-Monteleo\u0301n-Espan\u0303a-1808-e-225x300.jpg?v=1609785202\" alt=\"\" class=\"wp-image-108375\" srcset=\"https:\/\/lossoldaditosdeplomo.com\/wp-content\/uploads\/2021\/01\/Capitan-Daoiz-Jefe-Artilleri\u0301a-Monteleo\u0301n-Espan\u0303a-1808-e-225x300.jpg?v=1609785202 225w, https:\/\/lossoldaditosdeplomo.com\/wp-content\/uploads\/2021\/01\/Capitan-Daoiz-Jefe-Artilleri\u0301a-Monteleo\u0301n-Espan\u0303a-1808-e-768x1024.jpg?v=1609785202 768w, https:\/\/lossoldaditosdeplomo.com\/wp-content\/uploads\/2021\/01\/Capitan-Daoiz-Jefe-Artilleri\u0301a-Monteleo\u0301n-Espan\u0303a-1808-e-1152x1536.jpg?v=1609785202 1152w, https:\/\/lossoldaditosdeplomo.com\/wp-content\/uploads\/2021\/01\/Capitan-Daoiz-Jefe-Artilleri\u0301a-Monteleo\u0301n-Espan\u0303a-1808-e-1536x2048.jpg?v=1609785202 1536w, https:\/\/lossoldaditosdeplomo.com\/wp-content\/uploads\/2021\/01\/Capitan-Daoiz-Jefe-Artilleri\u0301a-Monteleo\u0301n-Espan\u0303a-1808-e-1200x1600.jpg?v=1609785202 1200w, https:\/\/lossoldaditosdeplomo.com\/wp-content\/uploads\/2021\/01\/Capitan-Daoiz-Jefe-Artilleri\u0301a-Monteleo\u0301n-Espan\u0303a-1808-e-scaled.jpg?v=1609785202 600w\" sizes=\"auto, (max-width: 225px) 85vw, 225px\" \/><figcaption><a href=\"https:\/\/lossoldaditosdeplomo.com\/index.php\/catalog\/capitan-luis-daoiz-jefe-de-artilleria-monteleon-espana-1808\/\" target=\"_blank\" rel=\"noreferrer noopener\">Capit\u00e1n Luis Daoiz<\/a><\/figcaption><\/figure>\n\n\n\n<figure class=\"wp-block-image size-medium is-style-zoooom\"><img loading=\"lazy\" decoding=\"async\" width=\"225\" height=\"300\" src=\"https:\/\/lossoldaditosdeplomo.com\/wp-content\/uploads\/2021\/01\/Granadero-Infanteri\u0301a-de-la-Legio\u0301n-Vi\u0301stula-1808-A-E-225x300.jpg?v=1609786484\" alt=\"\" class=\"wp-image-108383\" srcset=\"https:\/\/lossoldaditosdeplomo.com\/wp-content\/uploads\/2021\/01\/Granadero-Infanteri\u0301a-de-la-Legio\u0301n-Vi\u0301stula-1808-A-E-225x300.jpg?v=1609786484 225w, https:\/\/lossoldaditosdeplomo.com\/wp-content\/uploads\/2021\/01\/Granadero-Infanteri\u0301a-de-la-Legio\u0301n-Vi\u0301stula-1808-A-E-768x1024.jpg?v=1609786484 768w, https:\/\/lossoldaditosdeplomo.com\/wp-content\/uploads\/2021\/01\/Granadero-Infanteri\u0301a-de-la-Legio\u0301n-Vi\u0301stula-1808-A-E-1152x1536.jpg?v=1609786484 1152w, https:\/\/lossoldaditosdeplomo.com\/wp-content\/uploads\/2021\/01\/Granadero-Infanteri\u0301a-de-la-Legio\u0301n-Vi\u0301stula-1808-A-E-1536x2048.jpg?v=1609786484 1536w, https:\/\/lossoldaditosdeplomo.com\/wp-content\/uploads\/2021\/01\/Granadero-Infanteri\u0301a-de-la-Legio\u0301n-Vi\u0301stula-1808-A-E-1200x1600.jpg?v=1609786484 1200w, https:\/\/lossoldaditosdeplomo.com\/wp-content\/uploads\/2021\/01\/Granadero-Infanteri\u0301a-de-la-Legio\u0301n-Vi\u0301stula-1808-A-E-scaled.jpg?v=1609786484 600w\" sizes=\"auto, (max-width: 225px) 85vw, 225px\" \/><figcaption><a href=\"https:\/\/lossoldaditosdeplomo.com\/index.php\/catalog\/granadero-infanteria-de-la-legion-vistula-polonia-1808\/\" target=\"_blank\" rel=\"noreferrer noopener\">granadero legion vistula<\/a><\/figcaption><\/figure>\n\n\n\n<p class=\"has-large-font-size\">ENLACES INTERESANTES<\/p>\n\n\n\n<p><a href=\"https:\/\/capell.toys\/\" target=\"_blank\" rel=\"noreferrer noopener\">-Capell Toys<\/a><\/p>\n\n\n\n<p>Este blog es en memoria de Josep Capell Coixet, Sobrino de Baldomero Casanellas, quien continu\u00f3 con la labor iniciada por su tio.  El blog lo lleva su bisnieta Rosa Capell y nos aporta una fuente de informaci\u00f3n directa de estas magn\u00edficas figuras que hicieron la delicia de los ni\u00f1os de la \u00e9poca y que ahora son un aut\u00e9ntico tesoro para cualquier coleccionista.<\/p>\n\n\n\n<p>Desde esta p\u00e1gina te damos las gracias. <\/p>\n\n\n\n<p>&#8211;<a href=\"https:\/\/www.militar.org.ua\/foro\/viewtopic.php?f=34&amp;t=18709\" target=\"_blank\" rel=\"noreferrer noopener\">La Pintura y la Guerra (Foro Militar General)<\/a><\/p>\n\n\n\n<p>En este &#8220;hilo&#8221; podemos encontrar much\u00edsimas pinturas con temas militares en donde observaremos los uniformes, armas, y dem\u00e1s detalles hist\u00f3ricos. <\/p>\n\n\n\n<p>&#8211;<a rel=\"noreferrer noopener\" href=\"http:\/\/amttorrent.org\/\" target=\"_blank\">Asociaci\u00f3n Modelista Torrent (Valencia)<\/a><\/p>\n\n\n\n<p>&#8211;<a rel=\"noreferrer noopener\" href=\"https:\/\/m.joseferreclauzel.com\/ARTE-MILITAR.html\" target=\"_blank\">Web Oficial del Pintor Hist\u00f3rico Militar Jos\u00e9 Ferre-Clauzel<\/a><\/p>\n","protected":false},"excerpt":{"rendered":"<p>FIGURAS DE OTROS COLECCIONISTAS Nuestro amigo Craig Dickson nos muestra sus nuevas adquisiciones FIGURAS DE MI COLECCI\u00d3N ENLACES INTERESANTES -Capell Toys Este blog es en memoria de Josep Capell Coixet, Sobrino de Baldomero Casanellas, quien continu\u00f3 con la labor iniciada por su tio. El blog lo lleva su bisnieta Rosa Capell y nos aporta una &hellip; <a href=\"https:\/\/lossoldaditosdeplomo.com\/index.php\/enero-2021\/\" class=\"more-link\">Continuar leyendo<span class=\"screen-reader-text\"> &#8220;ENERO 2021&#8221;<\/span><\/a><\/p>\n","protected":false},"author":3,"featured_media":0,"parent":0,"menu_order":0,"comment_status":"closed","ping_status":"closed","template":"","meta":{"footnotes":""},"class_list":["post-108336","page","type-page","status-publish","hentry"],"yoast_head":"<!-- This site is optimized with the Yoast SEO plugin v27.0 - https:\/\/yoast.com\/product\/yoast-seo-wordpress\/ -->\n<title>ENERO 2021 - El mundo de los soldaditos de plomo<\/title>\n<meta name=\"robots\" content=\"index, follow, max-snippet:-1, max-image-preview:large, max-video-preview:-1\" \/>\n<link rel=\"canonical\" href=\"https:\/\/lossoldaditosdeplomo.com\/index.php\/enero-2021\/\" \/>\n<meta property=\"og:locale\" content=\"es_ES\" \/>\n<meta property=\"og:type\" content=\"article\" \/>\n<meta property=\"og:title\" content=\"ENERO 2021 - El mundo de los soldaditos de plomo\" \/>\n<meta property=\"og:description\" content=\"FIGURAS DE OTROS COLECCIONISTAS Nuestro amigo Craig Dickson nos muestra sus nuevas adquisiciones FIGURAS DE MI COLECCI\u00d3N ENLACES INTERESANTES -Capell Toys Este blog es en memoria de Josep Capell Coixet, Sobrino de Baldomero Casanellas, quien continu\u00f3 con la labor iniciada por su tio. El blog lo lleva su bisnieta Rosa Capell y nos aporta una &hellip; Continuar leyendo &quot;ENERO 2021&quot;\" \/>\n<meta property=\"og:url\" content=\"https:\/\/lossoldaditosdeplomo.com\/index.php\/enero-2021\/\" \/>\n<meta property=\"og:site_name\" content=\"El mundo de los soldaditos de plomo\" \/>\n<meta property=\"article:publisher\" content=\"https:\/\/www.facebook.com\/El-mundo-de-los-soldaditos-de-plomo-943145209407047\/?modal=admin_todo_tour\" \/>\n<meta property=\"article:modified_time\" content=\"2021-01-22T12:06:43+00:00\" \/>\n<meta property=\"og:image\" content=\"https:\/\/lossoldaditosdeplomo.com\/wp-content\/uploads\/2021\/01\/Batalla-de-Agincourt-1415-Pegaso-Models-a-scaled.jpg\" \/>\n<meta name=\"twitter:card\" content=\"summary_large_image\" \/>\n<meta name=\"twitter:label1\" content=\"Tiempo de lectura\" \/>\n\t<meta name=\"twitter:data1\" content=\"1 minuto\" \/>\n<script type=\"application\/ld+json\" class=\"yoast-schema-graph\">{\"@context\":\"https:\/\/schema.org\",\"@graph\":[{\"@type\":\"WebPage\",\"@id\":\"https:\/\/lossoldaditosdeplomo.com\/index.php\/enero-2021\/\",\"url\":\"https:\/\/lossoldaditosdeplomo.com\/index.php\/enero-2021\/\",\"name\":\"ENERO 2021 - El mundo de los soldaditos de plomo\",\"isPartOf\":{\"@id\":\"https:\/\/lossoldaditosdeplomo.com\/#website\"},\"primaryImageOfPage\":{\"@id\":\"https:\/\/lossoldaditosdeplomo.com\/index.php\/enero-2021\/#primaryimage\"},\"image\":{\"@id\":\"https:\/\/lossoldaditosdeplomo.com\/index.php\/enero-2021\/#primaryimage\"},\"thumbnailUrl\":\"https:\/\/lossoldaditosdeplomo.com\/wp-content\/uploads\/2021\/01\/Batalla-de-Agincourt-1415-Pegaso-Models-a-scaled.jpg\",\"datePublished\":\"2021-01-01T20:56:50+00:00\",\"dateModified\":\"2021-01-22T12:06:43+00:00\",\"breadcrumb\":{\"@id\":\"https:\/\/lossoldaditosdeplomo.com\/index.php\/enero-2021\/#breadcrumb\"},\"inLanguage\":\"es\",\"potentialAction\":[{\"@type\":\"ReadAction\",\"target\":[\"https:\/\/lossoldaditosdeplomo.com\/index.php\/enero-2021\/\"]}]},{\"@type\":\"ImageObject\",\"inLanguage\":\"es\",\"@id\":\"https:\/\/lossoldaditosdeplomo.com\/index.php\/enero-2021\/#primaryimage\",\"url\":\"https:\/\/lossoldaditosdeplomo.com\/wp-content\/uploads\/2021\/01\/Batalla-de-Agincourt-1415-Pegaso-Models-a-scaled.jpg?v=1610046253\",\"contentUrl\":\"https:\/\/lossoldaditosdeplomo.com\/wp-content\/uploads\/2021\/01\/Batalla-de-Agincourt-1415-Pegaso-Models-a-scaled.jpg?v=1610046253\",\"width\":800,\"height\":449,\"caption\":\"Batalla de Agincourt 1415 (Pegaso Models)\"},{\"@type\":\"BreadcrumbList\",\"@id\":\"https:\/\/lossoldaditosdeplomo.com\/index.php\/enero-2021\/#breadcrumb\",\"itemListElement\":[{\"@type\":\"ListItem\",\"position\":1,\"name\":\"Portada\",\"item\":\"https:\/\/lossoldaditosdeplomo.com\/\"},{\"@type\":\"ListItem\",\"position\":2,\"name\":\"ENERO 2021\"}]},{\"@type\":\"WebSite\",\"@id\":\"https:\/\/lossoldaditosdeplomo.com\/#website\",\"url\":\"https:\/\/lossoldaditosdeplomo.com\/\",\"name\":\"El mundo de los soldaditos de plomo\",\"description\":\"coleccionismo, pintura y restauraci\u00f3n soldaditos de plomo\",\"publisher\":{\"@id\":\"https:\/\/lossoldaditosdeplomo.com\/#organization\"},\"alternateName\":\"los soldaditos de plomo\",\"potentialAction\":[{\"@type\":\"SearchAction\",\"target\":{\"@type\":\"EntryPoint\",\"urlTemplate\":\"https:\/\/lossoldaditosdeplomo.com\/?s={search_term_string}\"},\"query-input\":{\"@type\":\"PropertyValueSpecification\",\"valueRequired\":true,\"valueName\":\"search_term_string\"}}],\"inLanguage\":\"es\"},{\"@type\":\"Organization\",\"@id\":\"https:\/\/lossoldaditosdeplomo.com\/#organization\",\"name\":\"El Mundo de los soldaditos de plomo\",\"alternateName\":\"los soldaditos de plomo\",\"url\":\"https:\/\/lossoldaditosdeplomo.com\/\",\"logo\":{\"@type\":\"ImageObject\",\"inLanguage\":\"es\",\"@id\":\"https:\/\/lossoldaditosdeplomo.com\/#\/schema\/logo\/image\/\",\"url\":\"https:\/\/lossoldaditosdeplomo.com\/wp-content\/uploads\/2018\/11\/cropped-IMG_0475-3.jpg\",\"contentUrl\":\"https:\/\/lossoldaditosdeplomo.com\/wp-content\/uploads\/2018\/11\/cropped-IMG_0475-3.jpg\",\"width\":391,\"height\":533,\"caption\":\"El Mundo de los soldaditos de plomo\"},\"image\":{\"@id\":\"https:\/\/lossoldaditosdeplomo.com\/#\/schema\/logo\/image\/\"},\"sameAs\":[\"https:\/\/www.facebook.com\/El-mundo-de-los-soldaditos-de-plomo-943145209407047\/?modal=admin_todo_tour\"]}]}<\/script>\n<!-- \/ Yoast SEO plugin. -->","yoast_head_json":{"title":"ENERO 2021 - El mundo de los soldaditos de plomo","robots":{"index":"index","follow":"follow","max-snippet":"max-snippet:-1","max-image-preview":"max-image-preview:large","max-video-preview":"max-video-preview:-1"},"canonical":"https:\/\/lossoldaditosdeplomo.com\/index.php\/enero-2021\/","og_locale":"es_ES","og_type":"article","og_title":"ENERO 2021 - El mundo de los soldaditos de plomo","og_description":"FIGURAS DE OTROS COLECCIONISTAS Nuestro amigo Craig Dickson nos muestra sus nuevas adquisiciones FIGURAS DE MI COLECCI\u00d3N ENLACES INTERESANTES -Capell Toys Este blog es en memoria de Josep Capell Coixet, Sobrino de Baldomero Casanellas, quien continu\u00f3 con la labor iniciada por su tio. El blog lo lleva su bisnieta Rosa Capell y nos aporta una &hellip; Continuar leyendo \"ENERO 2021\"","og_url":"https:\/\/lossoldaditosdeplomo.com\/index.php\/enero-2021\/","og_site_name":"El mundo de los soldaditos de plomo","article_publisher":"https:\/\/www.facebook.com\/El-mundo-de-los-soldaditos-de-plomo-943145209407047\/?modal=admin_todo_tour","article_modified_time":"2021-01-22T12:06:43+00:00","og_image":[{"url":"https:\/\/lossoldaditosdeplomo.com\/wp-content\/uploads\/2021\/01\/Batalla-de-Agincourt-1415-Pegaso-Models-a-scaled.jpg","type":"","width":"","height":""}],"twitter_card":"summary_large_image","twitter_misc":{"Tiempo de lectura":"1 minuto"},"schema":{"@context":"https:\/\/schema.org","@graph":[{"@type":"WebPage","@id":"https:\/\/lossoldaditosdeplomo.com\/index.php\/enero-2021\/","url":"https:\/\/lossoldaditosdeplomo.com\/index.php\/enero-2021\/","name":"ENERO 2021 - El mundo de los soldaditos de plomo","isPartOf":{"@id":"https:\/\/lossoldaditosdeplomo.com\/#website"},"primaryImageOfPage":{"@id":"https:\/\/lossoldaditosdeplomo.com\/index.php\/enero-2021\/#primaryimage"},"image":{"@id":"https:\/\/lossoldaditosdeplomo.com\/index.php\/enero-2021\/#primaryimage"},"thumbnailUrl":"https:\/\/lossoldaditosdeplomo.com\/wp-content\/uploads\/2021\/01\/Batalla-de-Agincourt-1415-Pegaso-Models-a-scaled.jpg","datePublished":"2021-01-01T20:56:50+00:00","dateModified":"2021-01-22T12:06:43+00:00","breadcrumb":{"@id":"https:\/\/lossoldaditosdeplomo.com\/index.php\/enero-2021\/#breadcrumb"},"inLanguage":"es","potentialAction":[{"@type":"ReadAction","target":["https:\/\/lossoldaditosdeplomo.com\/index.php\/enero-2021\/"]}]},{"@type":"ImageObject","inLanguage":"es","@id":"https:\/\/lossoldaditosdeplomo.com\/index.php\/enero-2021\/#primaryimage","url":"https:\/\/lossoldaditosdeplomo.com\/wp-content\/uploads\/2021\/01\/Batalla-de-Agincourt-1415-Pegaso-Models-a-scaled.jpg?v=1610046253","contentUrl":"https:\/\/lossoldaditosdeplomo.com\/wp-content\/uploads\/2021\/01\/Batalla-de-Agincourt-1415-Pegaso-Models-a-scaled.jpg?v=1610046253","width":800,"height":449,"caption":"Batalla de Agincourt 1415 (Pegaso Models)"},{"@type":"BreadcrumbList","@id":"https:\/\/lossoldaditosdeplomo.com\/index.php\/enero-2021\/#breadcrumb","itemListElement":[{"@type":"ListItem","position":1,"name":"Portada","item":"https:\/\/lossoldaditosdeplomo.com\/"},{"@type":"ListItem","position":2,"name":"ENERO 2021"}]},{"@type":"WebSite","@id":"https:\/\/lossoldaditosdeplomo.com\/#website","url":"https:\/\/lossoldaditosdeplomo.com\/","name":"El mundo de los soldaditos de plomo","description":"coleccionismo, pintura y restauraci\u00f3n soldaditos de plomo","publisher":{"@id":"https:\/\/lossoldaditosdeplomo.com\/#organization"},"alternateName":"los soldaditos de plomo","potentialAction":[{"@type":"SearchAction","target":{"@type":"EntryPoint","urlTemplate":"https:\/\/lossoldaditosdeplomo.com\/?s={search_term_string}"},"query-input":{"@type":"PropertyValueSpecification","valueRequired":true,"valueName":"search_term_string"}}],"inLanguage":"es"},{"@type":"Organization","@id":"https:\/\/lossoldaditosdeplomo.com\/#organization","name":"El Mundo de los soldaditos de plomo","alternateName":"los soldaditos de plomo","url":"https:\/\/lossoldaditosdeplomo.com\/","logo":{"@type":"ImageObject","inLanguage":"es","@id":"https:\/\/lossoldaditosdeplomo.com\/#\/schema\/logo\/image\/","url":"https:\/\/lossoldaditosdeplomo.com\/wp-content\/uploads\/2018\/11\/cropped-IMG_0475-3.jpg","contentUrl":"https:\/\/lossoldaditosdeplomo.com\/wp-content\/uploads\/2018\/11\/cropped-IMG_0475-3.jpg","width":391,"height":533,"caption":"El Mundo de los soldaditos de plomo"},"image":{"@id":"https:\/\/lossoldaditosdeplomo.com\/#\/schema\/logo\/image\/"},"sameAs":["https:\/\/www.facebook.com\/El-mundo-de-los-soldaditos-de-plomo-943145209407047\/?modal=admin_todo_tour"]}]}},"_links":{"self":[{"href":"https:\/\/lossoldaditosdeplomo.com\/index.php\/wp-json\/wp\/v2\/pages\/108336","targetHints":{"allow":["GET"]}}],"collection":[{"href":"https:\/\/lossoldaditosdeplomo.com\/index.php\/wp-json\/wp\/v2\/pages"}],"about":[{"href":"https:\/\/lossoldaditosdeplomo.com\/index.php\/wp-json\/wp\/v2\/types\/page"}],"author":[{"embeddable":true,"href":"https:\/\/lossoldaditosdeplomo.com\/index.php\/wp-json\/wp\/v2\/users\/3"}],"replies":[{"embeddable":true,"href":"https:\/\/lossoldaditosdeplomo.com\/index.php\/wp-json\/wp\/v2\/comments?post=108336"}],"version-history":[{"count":0,"href":"https:\/\/lossoldaditosdeplomo.com\/index.php\/wp-json\/wp\/v2\/pages\/108336\/revisions"}],"wp:attachment":[{"href":"https:\/\/lossoldaditosdeplomo.com\/index.php\/wp-json\/wp\/v2\/media?parent=108336"}],"curies":[{"name":"wp","href":"https:\/\/api.w.org\/{rel}","templated":true}]}}