{"id":108953,"date":"2021-04-04T12:43:05","date_gmt":"2021-04-04T10:43:05","guid":{"rendered":"https:\/\/lossoldaditosdeplomo.com\/?page_id=108953"},"modified":"2021-04-21T12:42:31","modified_gmt":"2021-04-21T10:42:31","slug":"abril-2021","status":"publish","type":"page","link":"https:\/\/lossoldaditosdeplomo.com\/index.php\/abril-2021\/","title":{"rendered":"ABRIL 2021"},"content":{"rendered":"\n<figure class=\"wp-block-image size-medium is-style-rounded\"><img loading=\"lazy\" decoding=\"async\" width=\"225\" height=\"300\" src=\"https:\/\/lossoldaditosdeplomo.com\/wp-content\/uploads\/2021\/04\/Tambor-brita\u0301nico-infanteri\u0301a-de-li\u0301nea-1812-F.M.-Beneito-ref-MV-3-225x300.jpg?v=1619001540\" alt=\"\" class=\"wp-image-109049\" srcset=\"https:\/\/lossoldaditosdeplomo.com\/wp-content\/uploads\/2021\/04\/Tambor-brita\u0301nico-infanteri\u0301a-de-li\u0301nea-1812-F.M.-Beneito-ref-MV-3-225x300.jpg?v=1619001540 225w, https:\/\/lossoldaditosdeplomo.com\/wp-content\/uploads\/2021\/04\/Tambor-brita\u0301nico-infanteri\u0301a-de-li\u0301nea-1812-F.M.-Beneito-ref-MV-3-768x1024.jpg?v=1619001540 768w, https:\/\/lossoldaditosdeplomo.com\/wp-content\/uploads\/2021\/04\/Tambor-brita\u0301nico-infanteri\u0301a-de-li\u0301nea-1812-F.M.-Beneito-ref-MV-3-1152x1536.jpg?v=1619001540 1152w, https:\/\/lossoldaditosdeplomo.com\/wp-content\/uploads\/2021\/04\/Tambor-brita\u0301nico-infanteri\u0301a-de-li\u0301nea-1812-F.M.-Beneito-ref-MV-3-1536x2048.jpg?v=1619001540 1536w, https:\/\/lossoldaditosdeplomo.com\/wp-content\/uploads\/2021\/04\/Tambor-brita\u0301nico-infanteri\u0301a-de-li\u0301nea-1812-F.M.-Beneito-ref-MV-3-1200x1600.jpg?v=1619001540 1200w, https:\/\/lossoldaditosdeplomo.com\/wp-content\/uploads\/2021\/04\/Tambor-brita\u0301nico-infanteri\u0301a-de-li\u0301nea-1812-F.M.-Beneito-ref-MV-3-scaled.jpg?v=1619001540 600w\" sizes=\"auto, (max-width: 225px) 85vw, 225px\" \/><figcaption><a href=\"https:\/\/lossoldaditosdeplomo.com\/index.php\/catalog\/tambor-27-rgto-infanteria-de-linea-1812-batalla-de-salamanca\/\" target=\"_blank\" rel=\"noreferrer noopener\">Tambor 27 Rgto. Inf. L\u00ednea 1812<\/a><\/figcaption><\/figure>\n\n\n\n<figure class=\"wp-block-image size-medium is-style-rounded\"><img loading=\"lazy\" decoding=\"async\" width=\"225\" height=\"300\" src=\"https:\/\/lossoldaditosdeplomo.com\/wp-content\/uploads\/2021\/04\/Pifano-carlos-V-Oquendo-60mm-ref-T4-225x300.jpg?v=1619001225\" alt=\"\" class=\"wp-image-109041\" srcset=\"https:\/\/lossoldaditosdeplomo.com\/wp-content\/uploads\/2021\/04\/Pifano-carlos-V-Oquendo-60mm-ref-T4-225x300.jpg?v=1619001225 225w, https:\/\/lossoldaditosdeplomo.com\/wp-content\/uploads\/2021\/04\/Pifano-carlos-V-Oquendo-60mm-ref-T4-768x1024.jpg?v=1619001225 768w, https:\/\/lossoldaditosdeplomo.com\/wp-content\/uploads\/2021\/04\/Pifano-carlos-V-Oquendo-60mm-ref-T4-1152x1536.jpg?v=1619001225 1152w, https:\/\/lossoldaditosdeplomo.com\/wp-content\/uploads\/2021\/04\/Pifano-carlos-V-Oquendo-60mm-ref-T4-1536x2048.jpg?v=1619001225 1536w, https:\/\/lossoldaditosdeplomo.com\/wp-content\/uploads\/2021\/04\/Pifano-carlos-V-Oquendo-60mm-ref-T4-1200x1600.jpg?v=1619001225 1200w, https:\/\/lossoldaditosdeplomo.com\/wp-content\/uploads\/2021\/04\/Pifano-carlos-V-Oquendo-60mm-ref-T4-scaled.jpg?v=1619001225 600w\" sizes=\"auto, (max-width: 225px) 85vw, 225px\" \/><figcaption><a href=\"https:\/\/lossoldaditosdeplomo.com\/index.php\/catalog\/pifano-ejercito-de-carlos-v\/\" target=\"_blank\" rel=\"noreferrer noopener\">P\u00edfano Ej\u00e9rcito de Carlos V<\/a><\/figcaption><\/figure>\n\n\n\n<figure class=\"wp-block-image size-medium is-style-rounded\"><img loading=\"lazy\" decoding=\"async\" width=\"225\" height=\"300\" src=\"https:\/\/lossoldaditosdeplomo.com\/wp-content\/uploads\/2021\/04\/Granadero-con-abrigo-infanteria-de-linea-1806-ref-GRM-Metal-Modeles-d-225x300.jpg?v=1618398848\" alt=\"\" class=\"wp-image-109031\" srcset=\"https:\/\/lossoldaditosdeplomo.com\/wp-content\/uploads\/2021\/04\/Granadero-con-abrigo-infanteria-de-linea-1806-ref-GRM-Metal-Modeles-d-225x300.jpg?v=1618398848 225w, https:\/\/lossoldaditosdeplomo.com\/wp-content\/uploads\/2021\/04\/Granadero-con-abrigo-infanteria-de-linea-1806-ref-GRM-Metal-Modeles-d-768x1024.jpg?v=1618398848 768w, https:\/\/lossoldaditosdeplomo.com\/wp-content\/uploads\/2021\/04\/Granadero-con-abrigo-infanteria-de-linea-1806-ref-GRM-Metal-Modeles-d-1152x1536.jpg?v=1618398848 1152w, https:\/\/lossoldaditosdeplomo.com\/wp-content\/uploads\/2021\/04\/Granadero-con-abrigo-infanteria-de-linea-1806-ref-GRM-Metal-Modeles-d-1536x2048.jpg?v=1618398848 1536w, https:\/\/lossoldaditosdeplomo.com\/wp-content\/uploads\/2021\/04\/Granadero-con-abrigo-infanteria-de-linea-1806-ref-GRM-Metal-Modeles-d-1200x1600.jpg?v=1618398848 1200w, https:\/\/lossoldaditosdeplomo.com\/wp-content\/uploads\/2021\/04\/Granadero-con-abrigo-infanteria-de-linea-1806-ref-GRM-Metal-Modeles-d-scaled.jpg?v=1618398848 600w\" sizes=\"auto, (max-width: 225px) 85vw, 225px\" \/><figcaption><a href=\"https:\/\/lossoldaditosdeplomo.com\/index.php\/catalog\/granadero-infanteria-de-linea-1806\/\" target=\"_blank\" rel=\"noreferrer noopener\">Granadero con abrigo 1806<\/a><\/figcaption><\/figure>\n\n\n\n<figure class=\"wp-block-image size-medium is-style-rounded\"><img loading=\"lazy\" decoding=\"async\" width=\"225\" height=\"300\" src=\"https:\/\/lossoldaditosdeplomo.com\/wp-content\/uploads\/2021\/04\/Flanqueur-Infanteria-de-la-G.I.-ref-FGGI-Metal-Models-54mm-d-225x300.jpg?v=1618397547\" alt=\"\" class=\"wp-image-109015\" srcset=\"https:\/\/lossoldaditosdeplomo.com\/wp-content\/uploads\/2021\/04\/Flanqueur-Infanteria-de-la-G.I.-ref-FGGI-Metal-Models-54mm-d-225x300.jpg?v=1618397547 225w, https:\/\/lossoldaditosdeplomo.com\/wp-content\/uploads\/2021\/04\/Flanqueur-Infanteria-de-la-G.I.-ref-FGGI-Metal-Models-54mm-d-768x1024.jpg?v=1618397547 768w, https:\/\/lossoldaditosdeplomo.com\/wp-content\/uploads\/2021\/04\/Flanqueur-Infanteria-de-la-G.I.-ref-FGGI-Metal-Models-54mm-d-1152x1536.jpg?v=1618397547 1152w, https:\/\/lossoldaditosdeplomo.com\/wp-content\/uploads\/2021\/04\/Flanqueur-Infanteria-de-la-G.I.-ref-FGGI-Metal-Models-54mm-d-1536x2048.jpg?v=1618397547 1536w, https:\/\/lossoldaditosdeplomo.com\/wp-content\/uploads\/2021\/04\/Flanqueur-Infanteria-de-la-G.I.-ref-FGGI-Metal-Models-54mm-d-1200x1600.jpg?v=1618397547 1200w, https:\/\/lossoldaditosdeplomo.com\/wp-content\/uploads\/2021\/04\/Flanqueur-Infanteria-de-la-G.I.-ref-FGGI-Metal-Models-54mm-d-scaled.jpg?v=1618397547 600w\" sizes=\"auto, (max-width: 225px) 85vw, 225px\" \/><figcaption><a href=\"https:\/\/lossoldaditosdeplomo.com\/index.php\/catalog\/flanqueur-infanteria-de-la-guardia-imperial\/\" target=\"_blank\" rel=\"noreferrer noopener\">Flanqueur Guardia Imperial<\/a><\/figcaption><\/figure>\n\n\n\n<figure class=\"wp-block-image size-medium is-style-rounded\"><img loading=\"lazy\" decoding=\"async\" width=\"225\" height=\"300\" src=\"https:\/\/lossoldaditosdeplomo.com\/wp-content\/uploads\/2021\/04\/Lansknecht-con-hacha-ref-L-6-Oquendo-60mm-225x300.jpg?v=1618398530\" alt=\"\" class=\"wp-image-109024\" srcset=\"https:\/\/lossoldaditosdeplomo.com\/wp-content\/uploads\/2021\/04\/Lansknecht-con-hacha-ref-L-6-Oquendo-60mm-225x300.jpg?v=1618398530 225w, https:\/\/lossoldaditosdeplomo.com\/wp-content\/uploads\/2021\/04\/Lansknecht-con-hacha-ref-L-6-Oquendo-60mm-768x1024.jpg?v=1618398530 768w, https:\/\/lossoldaditosdeplomo.com\/wp-content\/uploads\/2021\/04\/Lansknecht-con-hacha-ref-L-6-Oquendo-60mm-1152x1536.jpg?v=1618398530 1152w, https:\/\/lossoldaditosdeplomo.com\/wp-content\/uploads\/2021\/04\/Lansknecht-con-hacha-ref-L-6-Oquendo-60mm-1536x2048.jpg?v=1618398530 1536w, https:\/\/lossoldaditosdeplomo.com\/wp-content\/uploads\/2021\/04\/Lansknecht-con-hacha-ref-L-6-Oquendo-60mm-1200x1600.jpg?v=1618398530 1200w, https:\/\/lossoldaditosdeplomo.com\/wp-content\/uploads\/2021\/04\/Lansknecht-con-hacha-ref-L-6-Oquendo-60mm-scaled.jpg?v=1618398530 600w\" sizes=\"auto, (max-width: 225px) 85vw, 225px\" \/><figcaption><a href=\"https:\/\/lossoldaditosdeplomo.com\/index.php\/catalog\/lansknecht-con-hacha-1535\/\" target=\"_blank\" rel=\"noreferrer noopener\">Lansknecht con hacha<\/a><\/figcaption><\/figure>\n\n\n\n<figure class=\"wp-block-image size-medium is-style-rounded\"><img loading=\"lazy\" decoding=\"async\" width=\"225\" height=\"300\" src=\"https:\/\/lossoldaditosdeplomo.com\/wp-content\/uploads\/2021\/04\/Lansknecht-Ballestero-ref-L-4-Oquendo-60mm-225x300.jpg?v=1618397002\" alt=\"\" class=\"wp-image-109008\" srcset=\"https:\/\/lossoldaditosdeplomo.com\/wp-content\/uploads\/2021\/04\/Lansknecht-Ballestero-ref-L-4-Oquendo-60mm-225x300.jpg?v=1618397002 225w, https:\/\/lossoldaditosdeplomo.com\/wp-content\/uploads\/2021\/04\/Lansknecht-Ballestero-ref-L-4-Oquendo-60mm-768x1024.jpg?v=1618397002 768w, https:\/\/lossoldaditosdeplomo.com\/wp-content\/uploads\/2021\/04\/Lansknecht-Ballestero-ref-L-4-Oquendo-60mm-1152x1536.jpg?v=1618397002 1152w, https:\/\/lossoldaditosdeplomo.com\/wp-content\/uploads\/2021\/04\/Lansknecht-Ballestero-ref-L-4-Oquendo-60mm-1536x2048.jpg?v=1618397002 1536w, https:\/\/lossoldaditosdeplomo.com\/wp-content\/uploads\/2021\/04\/Lansknecht-Ballestero-ref-L-4-Oquendo-60mm-1200x1600.jpg?v=1618397002 1200w, https:\/\/lossoldaditosdeplomo.com\/wp-content\/uploads\/2021\/04\/Lansknecht-Ballestero-ref-L-4-Oquendo-60mm-scaled.jpg?v=1618397002 600w\" sizes=\"auto, (max-width: 225px) 85vw, 225px\" \/><figcaption><a rel=\"noreferrer noopener\" href=\"https:\/\/lossoldaditosdeplomo.com\/index.php\/catalog\/lansknecht-ballestero-1535\/\" target=\"_blank\">Lansknech<\/a><a href=\"https:\/\/lossoldaditosdeplomo.com\/index.php\/catalog\/lansknecht-ballestero-1535\/\" target=\"_blank\" rel=\"noreferrer noopener\">t<\/a><a rel=\"noreferrer noopener\" href=\"https:\/\/lossoldaditosdeplomo.com\/index.php\/catalog\/lansknecht-ballestero-1535\/\" target=\"_blank\"> Ballestero<\/a><\/figcaption><\/figure>\n\n\n\n<figure class=\"wp-block-image size-medium is-style-rounded\"><img loading=\"lazy\" decoding=\"async\" width=\"225\" height=\"300\" src=\"https:\/\/lossoldaditosdeplomo.com\/wp-content\/uploads\/2021\/04\/Arcabucero-Lansknecht-1535-Oquendo-L-7-225x300.jpg?v=1617530425\" alt=\"\" class=\"wp-image-108959\" srcset=\"https:\/\/lossoldaditosdeplomo.com\/wp-content\/uploads\/2021\/04\/Arcabucero-Lansknecht-1535-Oquendo-L-7-225x300.jpg?v=1617530425 225w, https:\/\/lossoldaditosdeplomo.com\/wp-content\/uploads\/2021\/04\/Arcabucero-Lansknecht-1535-Oquendo-L-7-768x1024.jpg?v=1617530425 768w, https:\/\/lossoldaditosdeplomo.com\/wp-content\/uploads\/2021\/04\/Arcabucero-Lansknecht-1535-Oquendo-L-7-1152x1536.jpg?v=1617530425 1152w, https:\/\/lossoldaditosdeplomo.com\/wp-content\/uploads\/2021\/04\/Arcabucero-Lansknecht-1535-Oquendo-L-7-1536x2048.jpg?v=1617530425 1536w, https:\/\/lossoldaditosdeplomo.com\/wp-content\/uploads\/2021\/04\/Arcabucero-Lansknecht-1535-Oquendo-L-7-1200x1600.jpg?v=1617530425 1200w, https:\/\/lossoldaditosdeplomo.com\/wp-content\/uploads\/2021\/04\/Arcabucero-Lansknecht-1535-Oquendo-L-7-scaled.jpg?v=1617530425 600w\" sizes=\"auto, (max-width: 225px) 85vw, 225px\" \/><figcaption><a href=\"https:\/\/lossoldaditosdeplomo.com\/index.php\/catalog\/arcabucero-lansknechts-1535\/\" target=\"_blank\" rel=\"noreferrer noopener\">&#8220;Arcabucero&#8221; Lansknecht<\/a><\/figcaption><\/figure>\n\n\n\n<figure class=\"wp-block-image size-medium is-style-rounded\"><img loading=\"lazy\" decoding=\"async\" width=\"225\" height=\"300\" src=\"https:\/\/lossoldaditosdeplomo.com\/wp-content\/uploads\/2021\/04\/Sargento-Rgto-Baza-1808-El-Viejo-Dragon-C1-F9-225x300.jpg?v=1617532550\" alt=\"\" class=\"wp-image-108983\" srcset=\"https:\/\/lossoldaditosdeplomo.com\/wp-content\/uploads\/2021\/04\/Sargento-Rgto-Baza-1808-El-Viejo-Dragon-C1-F9-225x300.jpg?v=1617532550 225w, https:\/\/lossoldaditosdeplomo.com\/wp-content\/uploads\/2021\/04\/Sargento-Rgto-Baza-1808-El-Viejo-Dragon-C1-F9-768x1024.jpg?v=1617532550 768w, https:\/\/lossoldaditosdeplomo.com\/wp-content\/uploads\/2021\/04\/Sargento-Rgto-Baza-1808-El-Viejo-Dragon-C1-F9-1152x1536.jpg?v=1617532550 1152w, https:\/\/lossoldaditosdeplomo.com\/wp-content\/uploads\/2021\/04\/Sargento-Rgto-Baza-1808-El-Viejo-Dragon-C1-F9-1536x2048.jpg?v=1617532550 1536w, https:\/\/lossoldaditosdeplomo.com\/wp-content\/uploads\/2021\/04\/Sargento-Rgto-Baza-1808-El-Viejo-Dragon-C1-F9-1200x1600.jpg?v=1617532550 1200w, https:\/\/lossoldaditosdeplomo.com\/wp-content\/uploads\/2021\/04\/Sargento-Rgto-Baza-1808-El-Viejo-Dragon-C1-F9-scaled.jpg?v=1617532550 600w\" sizes=\"auto, (max-width: 225px) 85vw, 225px\" \/><figcaption><a href=\"https:\/\/lossoldaditosdeplomo.com\/index.php\/catalog\/sargento-regimiento-de-baza-1808\/\" target=\"_blank\" rel=\"noreferrer noopener\">Sargento Rgto de Baza<\/a><\/figcaption><\/figure>\n\n\n\n<figure class=\"wp-block-image size-medium is-style-rounded\"><img loading=\"lazy\" decoding=\"async\" width=\"225\" height=\"300\" src=\"https:\/\/lossoldaditosdeplomo.com\/wp-content\/uploads\/2021\/04\/Reales-Guardias-Infanteri\u0301a-1760-Miniaturas-Escuadron-54mm-225x300.jpg?v=1617532823\" alt=\"\" class=\"wp-image-108989\" srcset=\"https:\/\/lossoldaditosdeplomo.com\/wp-content\/uploads\/2021\/04\/Reales-Guardias-Infanteri\u0301a-1760-Miniaturas-Escuadron-54mm-225x300.jpg?v=1617532823 225w, https:\/\/lossoldaditosdeplomo.com\/wp-content\/uploads\/2021\/04\/Reales-Guardias-Infanteri\u0301a-1760-Miniaturas-Escuadron-54mm-768x1024.jpg?v=1617532823 768w, https:\/\/lossoldaditosdeplomo.com\/wp-content\/uploads\/2021\/04\/Reales-Guardias-Infanteri\u0301a-1760-Miniaturas-Escuadron-54mm-1152x1536.jpg?v=1617532823 1152w, https:\/\/lossoldaditosdeplomo.com\/wp-content\/uploads\/2021\/04\/Reales-Guardias-Infanteri\u0301a-1760-Miniaturas-Escuadron-54mm-1536x2048.jpg?v=1617532823 1536w, https:\/\/lossoldaditosdeplomo.com\/wp-content\/uploads\/2021\/04\/Reales-Guardias-Infanteri\u0301a-1760-Miniaturas-Escuadron-54mm-1200x1600.jpg?v=1617532823 1200w, https:\/\/lossoldaditosdeplomo.com\/wp-content\/uploads\/2021\/04\/Reales-Guardias-Infanteri\u0301a-1760-Miniaturas-Escuadron-54mm-scaled.jpg?v=1617532823 600w\" sizes=\"auto, (max-width: 225px) 85vw, 225px\" \/><figcaption><a href=\"https:\/\/lossoldaditosdeplomo.com\/index.php\/catalog\/granadero-reales-guardias-infanteria-1760\/\" target=\"_blank\" rel=\"noreferrer noopener\">Reales Guardias, Infanter\u00eda 1760<\/a><\/figcaption><\/figure>\n\n\n\n<h2 class=\"wp-block-heading\">CATALOGOS<\/h2>\n\n\n\n<p>Aunque no est\u00e1 terminado, por su inter\u00e9s he creido conveniente publicar este cat\u00e1logo de las figuras de la marca&#8221;El Viejo Drag\u00f3n&#8221; en su primera etapa.<\/p>\n\n\n\n<figure class=\"wp-block-image size-medium is-style-default\"><img loading=\"lazy\" decoding=\"async\" width=\"300\" height=\"225\" src=\"https:\/\/lossoldaditosdeplomo.com\/wp-content\/uploads\/2021\/04\/portada-el-viejo-dragon-300x225.jpg?v=1617533446\" alt=\"\" class=\"wp-image-108994\" srcset=\"https:\/\/lossoldaditosdeplomo.com\/wp-content\/uploads\/2021\/04\/portada-el-viejo-dragon-300x225.jpg?v=1617533446 300w, https:\/\/lossoldaditosdeplomo.com\/wp-content\/uploads\/2021\/04\/portada-el-viejo-dragon-768x576.jpg?v=1617533446 768w, https:\/\/lossoldaditosdeplomo.com\/wp-content\/uploads\/2021\/04\/portada-el-viejo-dragon-1536x1152.jpg?v=1617533446 1536w, https:\/\/lossoldaditosdeplomo.com\/wp-content\/uploads\/2021\/04\/portada-el-viejo-dragon-2048x1536.jpg?v=1617533446 2048w, https:\/\/lossoldaditosdeplomo.com\/wp-content\/uploads\/2021\/04\/portada-el-viejo-dragon-1200x900.jpg?v=1617533446 1200w, https:\/\/lossoldaditosdeplomo.com\/wp-content\/uploads\/2021\/04\/portada-el-viejo-dragon-scaled.jpg?v=1617533446 800w\" sizes=\"auto, (max-width: 300px) 85vw, 300px\" \/><figcaption><a href=\"https:\/\/lossoldaditosdeplomo.com\/wp-content\/uploads\/2021\/04\/Cata\u0301logo-EL-VIEJO-DRAGON.pdf\" target=\"_blank\" rel=\"noreferrer noopener\">CAT\u00c1LOGO &#8220;EL VIEJO DRAG\u00d3N MINIATURAS&#8221;<\/a><\/figcaption><\/figure>\n\n\n\n<p><\/p>\n","protected":false},"excerpt":{"rendered":"<p>CATALOGOS Aunque no est\u00e1 terminado, por su inter\u00e9s he creido conveniente publicar este cat\u00e1logo de las figuras de la marca&#8221;El Viejo Drag\u00f3n&#8221; en su primera etapa.<\/p>\n","protected":false},"author":3,"featured_media":0,"parent":0,"menu_order":0,"comment_status":"closed","ping_status":"closed","template":"","meta":{"footnotes":""},"class_list":["post-108953","page","type-page","status-publish","hentry"],"yoast_head":"<!-- This site is optimized with the Yoast SEO plugin v27.0 - https:\/\/yoast.com\/product\/yoast-seo-wordpress\/ -->\n<title>ABRIL 2021 - El mundo de los soldaditos de plomo<\/title>\n<meta name=\"robots\" content=\"index, follow, max-snippet:-1, max-image-preview:large, max-video-preview:-1\" \/>\n<link rel=\"canonical\" href=\"https:\/\/lossoldaditosdeplomo.com\/index.php\/abril-2021\/\" \/>\n<meta property=\"og:locale\" content=\"es_ES\" \/>\n<meta property=\"og:type\" content=\"article\" \/>\n<meta property=\"og:title\" content=\"ABRIL 2021 - El mundo de los soldaditos de plomo\" \/>\n<meta property=\"og:description\" content=\"CATALOGOS Aunque no est\u00e1 terminado, por su inter\u00e9s he creido conveniente publicar este cat\u00e1logo de las figuras de la marca&#8221;El Viejo Drag\u00f3n&#8221; en su primera etapa.\" \/>\n<meta property=\"og:url\" content=\"https:\/\/lossoldaditosdeplomo.com\/index.php\/abril-2021\/\" \/>\n<meta property=\"og:site_name\" content=\"El mundo de los soldaditos de plomo\" \/>\n<meta property=\"article:publisher\" content=\"https:\/\/www.facebook.com\/El-mundo-de-los-soldaditos-de-plomo-943145209407047\/?modal=admin_todo_tour\" \/>\n<meta property=\"article:modified_time\" content=\"2021-04-21T10:42:31+00:00\" \/>\n<meta property=\"og:image\" content=\"https:\/\/lossoldaditosdeplomo.com\/wp-content\/uploads\/2021\/04\/Pifano-carlos-V-Oquendo-60mm-ref-T4-225x300.jpg?v=1619001225\" \/>\n<meta name=\"twitter:card\" content=\"summary_large_image\" \/>\n<script type=\"application\/ld+json\" class=\"yoast-schema-graph\">{\"@context\":\"https:\/\/schema.org\",\"@graph\":[{\"@type\":\"WebPage\",\"@id\":\"https:\/\/lossoldaditosdeplomo.com\/index.php\/abril-2021\/\",\"url\":\"https:\/\/lossoldaditosdeplomo.com\/index.php\/abril-2021\/\",\"name\":\"ABRIL 2021 - El mundo de los soldaditos de plomo\",\"isPartOf\":{\"@id\":\"https:\/\/lossoldaditosdeplomo.com\/#website\"},\"primaryImageOfPage\":{\"@id\":\"https:\/\/lossoldaditosdeplomo.com\/index.php\/abril-2021\/#primaryimage\"},\"image\":{\"@id\":\"https:\/\/lossoldaditosdeplomo.com\/index.php\/abril-2021\/#primaryimage\"},\"thumbnailUrl\":\"https:\/\/lossoldaditosdeplomo.com\/wp-content\/uploads\/2021\/04\/Pifano-carlos-V-Oquendo-60mm-ref-T4-225x300.jpg?v=1619001225\",\"datePublished\":\"2021-04-04T10:43:05+00:00\",\"dateModified\":\"2021-04-21T10:42:31+00:00\",\"breadcrumb\":{\"@id\":\"https:\/\/lossoldaditosdeplomo.com\/index.php\/abril-2021\/#breadcrumb\"},\"inLanguage\":\"es\",\"potentialAction\":[{\"@type\":\"ReadAction\",\"target\":[\"https:\/\/lossoldaditosdeplomo.com\/index.php\/abril-2021\/\"]}]},{\"@type\":\"ImageObject\",\"inLanguage\":\"es\",\"@id\":\"https:\/\/lossoldaditosdeplomo.com\/index.php\/abril-2021\/#primaryimage\",\"url\":\"https:\/\/lossoldaditosdeplomo.com\/wp-content\/uploads\/2021\/04\/Pifano-carlos-V-Oquendo-60mm-ref-T4-scaled.jpg?v=1619001225\",\"contentUrl\":\"https:\/\/lossoldaditosdeplomo.com\/wp-content\/uploads\/2021\/04\/Pifano-carlos-V-Oquendo-60mm-ref-T4-scaled.jpg?v=1619001225\",\"width\":600,\"height\":800},{\"@type\":\"BreadcrumbList\",\"@id\":\"https:\/\/lossoldaditosdeplomo.com\/index.php\/abril-2021\/#breadcrumb\",\"itemListElement\":[{\"@type\":\"ListItem\",\"position\":1,\"name\":\"Portada\",\"item\":\"https:\/\/lossoldaditosdeplomo.com\/\"},{\"@type\":\"ListItem\",\"position\":2,\"name\":\"ABRIL 2021\"}]},{\"@type\":\"WebSite\",\"@id\":\"https:\/\/lossoldaditosdeplomo.com\/#website\",\"url\":\"https:\/\/lossoldaditosdeplomo.com\/\",\"name\":\"El mundo de los soldaditos de plomo\",\"description\":\"coleccionismo, pintura y restauraci\u00f3n soldaditos de plomo\",\"publisher\":{\"@id\":\"https:\/\/lossoldaditosdeplomo.com\/#organization\"},\"alternateName\":\"los soldaditos de plomo\",\"potentialAction\":[{\"@type\":\"SearchAction\",\"target\":{\"@type\":\"EntryPoint\",\"urlTemplate\":\"https:\/\/lossoldaditosdeplomo.com\/?s={search_term_string}\"},\"query-input\":{\"@type\":\"PropertyValueSpecification\",\"valueRequired\":true,\"valueName\":\"search_term_string\"}}],\"inLanguage\":\"es\"},{\"@type\":\"Organization\",\"@id\":\"https:\/\/lossoldaditosdeplomo.com\/#organization\",\"name\":\"El Mundo de los soldaditos de plomo\",\"alternateName\":\"los soldaditos de plomo\",\"url\":\"https:\/\/lossoldaditosdeplomo.com\/\",\"logo\":{\"@type\":\"ImageObject\",\"inLanguage\":\"es\",\"@id\":\"https:\/\/lossoldaditosdeplomo.com\/#\/schema\/logo\/image\/\",\"url\":\"https:\/\/lossoldaditosdeplomo.com\/wp-content\/uploads\/2018\/11\/cropped-IMG_0475-3.jpg\",\"contentUrl\":\"https:\/\/lossoldaditosdeplomo.com\/wp-content\/uploads\/2018\/11\/cropped-IMG_0475-3.jpg\",\"width\":391,\"height\":533,\"caption\":\"El Mundo de los soldaditos de plomo\"},\"image\":{\"@id\":\"https:\/\/lossoldaditosdeplomo.com\/#\/schema\/logo\/image\/\"},\"sameAs\":[\"https:\/\/www.facebook.com\/El-mundo-de-los-soldaditos-de-plomo-943145209407047\/?modal=admin_todo_tour\"]}]}<\/script>\n<!-- \/ Yoast SEO plugin. -->","yoast_head_json":{"title":"ABRIL 2021 - El mundo de los soldaditos de plomo","robots":{"index":"index","follow":"follow","max-snippet":"max-snippet:-1","max-image-preview":"max-image-preview:large","max-video-preview":"max-video-preview:-1"},"canonical":"https:\/\/lossoldaditosdeplomo.com\/index.php\/abril-2021\/","og_locale":"es_ES","og_type":"article","og_title":"ABRIL 2021 - El mundo de los soldaditos de plomo","og_description":"CATALOGOS Aunque no est\u00e1 terminado, por su inter\u00e9s he creido conveniente publicar este cat\u00e1logo de las figuras de la marca&#8221;El Viejo Drag\u00f3n&#8221; en su primera etapa.","og_url":"https:\/\/lossoldaditosdeplomo.com\/index.php\/abril-2021\/","og_site_name":"El mundo de los soldaditos de plomo","article_publisher":"https:\/\/www.facebook.com\/El-mundo-de-los-soldaditos-de-plomo-943145209407047\/?modal=admin_todo_tour","article_modified_time":"2021-04-21T10:42:31+00:00","og_image":[{"url":"https:\/\/lossoldaditosdeplomo.com\/wp-content\/uploads\/2021\/04\/Pifano-carlos-V-Oquendo-60mm-ref-T4-225x300.jpg?v=1619001225","type":"","width":"","height":""}],"twitter_card":"summary_large_image","schema":{"@context":"https:\/\/schema.org","@graph":[{"@type":"WebPage","@id":"https:\/\/lossoldaditosdeplomo.com\/index.php\/abril-2021\/","url":"https:\/\/lossoldaditosdeplomo.com\/index.php\/abril-2021\/","name":"ABRIL 2021 - El mundo de los soldaditos de plomo","isPartOf":{"@id":"https:\/\/lossoldaditosdeplomo.com\/#website"},"primaryImageOfPage":{"@id":"https:\/\/lossoldaditosdeplomo.com\/index.php\/abril-2021\/#primaryimage"},"image":{"@id":"https:\/\/lossoldaditosdeplomo.com\/index.php\/abril-2021\/#primaryimage"},"thumbnailUrl":"https:\/\/lossoldaditosdeplomo.com\/wp-content\/uploads\/2021\/04\/Pifano-carlos-V-Oquendo-60mm-ref-T4-225x300.jpg?v=1619001225","datePublished":"2021-04-04T10:43:05+00:00","dateModified":"2021-04-21T10:42:31+00:00","breadcrumb":{"@id":"https:\/\/lossoldaditosdeplomo.com\/index.php\/abril-2021\/#breadcrumb"},"inLanguage":"es","potentialAction":[{"@type":"ReadAction","target":["https:\/\/lossoldaditosdeplomo.com\/index.php\/abril-2021\/"]}]},{"@type":"ImageObject","inLanguage":"es","@id":"https:\/\/lossoldaditosdeplomo.com\/index.php\/abril-2021\/#primaryimage","url":"https:\/\/lossoldaditosdeplomo.com\/wp-content\/uploads\/2021\/04\/Pifano-carlos-V-Oquendo-60mm-ref-T4-scaled.jpg?v=1619001225","contentUrl":"https:\/\/lossoldaditosdeplomo.com\/wp-content\/uploads\/2021\/04\/Pifano-carlos-V-Oquendo-60mm-ref-T4-scaled.jpg?v=1619001225","width":600,"height":800},{"@type":"BreadcrumbList","@id":"https:\/\/lossoldaditosdeplomo.com\/index.php\/abril-2021\/#breadcrumb","itemListElement":[{"@type":"ListItem","position":1,"name":"Portada","item":"https:\/\/lossoldaditosdeplomo.com\/"},{"@type":"ListItem","position":2,"name":"ABRIL 2021"}]},{"@type":"WebSite","@id":"https:\/\/lossoldaditosdeplomo.com\/#website","url":"https:\/\/lossoldaditosdeplomo.com\/","name":"El mundo de los soldaditos de plomo","description":"coleccionismo, pintura y restauraci\u00f3n soldaditos de plomo","publisher":{"@id":"https:\/\/lossoldaditosdeplomo.com\/#organization"},"alternateName":"los soldaditos de plomo","potentialAction":[{"@type":"SearchAction","target":{"@type":"EntryPoint","urlTemplate":"https:\/\/lossoldaditosdeplomo.com\/?s={search_term_string}"},"query-input":{"@type":"PropertyValueSpecification","valueRequired":true,"valueName":"search_term_string"}}],"inLanguage":"es"},{"@type":"Organization","@id":"https:\/\/lossoldaditosdeplomo.com\/#organization","name":"El Mundo de los soldaditos de plomo","alternateName":"los soldaditos de plomo","url":"https:\/\/lossoldaditosdeplomo.com\/","logo":{"@type":"ImageObject","inLanguage":"es","@id":"https:\/\/lossoldaditosdeplomo.com\/#\/schema\/logo\/image\/","url":"https:\/\/lossoldaditosdeplomo.com\/wp-content\/uploads\/2018\/11\/cropped-IMG_0475-3.jpg","contentUrl":"https:\/\/lossoldaditosdeplomo.com\/wp-content\/uploads\/2018\/11\/cropped-IMG_0475-3.jpg","width":391,"height":533,"caption":"El Mundo de los soldaditos de plomo"},"image":{"@id":"https:\/\/lossoldaditosdeplomo.com\/#\/schema\/logo\/image\/"},"sameAs":["https:\/\/www.facebook.com\/El-mundo-de-los-soldaditos-de-plomo-943145209407047\/?modal=admin_todo_tour"]}]}},"_links":{"self":[{"href":"https:\/\/lossoldaditosdeplomo.com\/index.php\/wp-json\/wp\/v2\/pages\/108953","targetHints":{"allow":["GET"]}}],"collection":[{"href":"https:\/\/lossoldaditosdeplomo.com\/index.php\/wp-json\/wp\/v2\/pages"}],"about":[{"href":"https:\/\/lossoldaditosdeplomo.com\/index.php\/wp-json\/wp\/v2\/types\/page"}],"author":[{"embeddable":true,"href":"https:\/\/lossoldaditosdeplomo.com\/index.php\/wp-json\/wp\/v2\/users\/3"}],"replies":[{"embeddable":true,"href":"https:\/\/lossoldaditosdeplomo.com\/index.php\/wp-json\/wp\/v2\/comments?post=108953"}],"version-history":[{"count":0,"href":"https:\/\/lossoldaditosdeplomo.com\/index.php\/wp-json\/wp\/v2\/pages\/108953\/revisions"}],"wp:attachment":[{"href":"https:\/\/lossoldaditosdeplomo.com\/index.php\/wp-json\/wp\/v2\/media?parent=108953"}],"curies":[{"name":"wp","href":"https:\/\/api.w.org\/{rel}","templated":true}]}}