{"id":109065,"date":"2021-05-04T13:04:55","date_gmt":"2021-05-04T11:04:55","guid":{"rendered":"https:\/\/lossoldaditosdeplomo.com\/?page_id=109065"},"modified":"2021-05-17T13:23:04","modified_gmt":"2021-05-17T11:23:04","slug":"mayo-2021","status":"publish","type":"page","link":"https:\/\/lossoldaditosdeplomo.com\/index.php\/mayo-2021\/","title":{"rendered":"MAYO 2021"},"content":{"rendered":"\n<p>Comenzamos el mes de mayo con una magn\u00edfica figura de Ray Lamb bajo la marca de Poste Militaire, unos de los mejores escultures de todos los tiempos<\/p>\n\n\n\n<figure class=\"wp-block-image size-medium is-style-rounded\"><img loading=\"lazy\" decoding=\"async\" width=\"225\" height=\"300\" src=\"https:\/\/lossoldaditosdeplomo.com\/wp-content\/uploads\/2021\/05\/Trompeta-de-Husar-a-caballo-Poste-Militaire-90mm-Ref.-FTH-1-a-225x300.jpg?v=1620125770\" alt=\"\" class=\"wp-image-109056\" srcset=\"https:\/\/lossoldaditosdeplomo.com\/wp-content\/uploads\/2021\/05\/Trompeta-de-Husar-a-caballo-Poste-Militaire-90mm-Ref.-FTH-1-a-225x300.jpg?v=1620125770 225w, https:\/\/lossoldaditosdeplomo.com\/wp-content\/uploads\/2021\/05\/Trompeta-de-Husar-a-caballo-Poste-Militaire-90mm-Ref.-FTH-1-a-768x1024.jpg?v=1620125770 768w, https:\/\/lossoldaditosdeplomo.com\/wp-content\/uploads\/2021\/05\/Trompeta-de-Husar-a-caballo-Poste-Militaire-90mm-Ref.-FTH-1-a-1152x1536.jpg?v=1620125770 1152w, https:\/\/lossoldaditosdeplomo.com\/wp-content\/uploads\/2021\/05\/Trompeta-de-Husar-a-caballo-Poste-Militaire-90mm-Ref.-FTH-1-a-1536x2048.jpg?v=1620125770 1536w, https:\/\/lossoldaditosdeplomo.com\/wp-content\/uploads\/2021\/05\/Trompeta-de-Husar-a-caballo-Poste-Militaire-90mm-Ref.-FTH-1-a-1200x1600.jpg?v=1620125770 1200w, https:\/\/lossoldaditosdeplomo.com\/wp-content\/uploads\/2021\/05\/Trompeta-de-Husar-a-caballo-Poste-Militaire-90mm-Ref.-FTH-1-a-scaled.jpg?v=1620125770 600w\" sizes=\"auto, (max-width: 225px) 85vw, 225px\" \/><figcaption><a href=\"https:\/\/lossoldaditosdeplomo.com\/index.php\/catalog\/husar-a-caballo-trompeta\/\" target=\"_blank\" rel=\"noreferrer noopener\">Husar a caballo 1804<\/a><\/figcaption><\/figure>\n\n\n\n<figure class=\"wp-block-image size-medium is-style-default\"><img loading=\"lazy\" decoding=\"async\" width=\"225\" height=\"300\" src=\"https:\/\/lossoldaditosdeplomo.com\/wp-content\/uploads\/2021\/05\/Lansknecht-Piquero-ref-L-5-Oquendo-60mm-225x300.jpg?v=1620126617\" alt=\"\" class=\"wp-image-109070\" srcset=\"https:\/\/lossoldaditosdeplomo.com\/wp-content\/uploads\/2021\/05\/Lansknecht-Piquero-ref-L-5-Oquendo-60mm-225x300.jpg?v=1620126617 225w, https:\/\/lossoldaditosdeplomo.com\/wp-content\/uploads\/2021\/05\/Lansknecht-Piquero-ref-L-5-Oquendo-60mm-768x1024.jpg?v=1620126617 768w, https:\/\/lossoldaditosdeplomo.com\/wp-content\/uploads\/2021\/05\/Lansknecht-Piquero-ref-L-5-Oquendo-60mm-1152x1536.jpg?v=1620126617 1152w, https:\/\/lossoldaditosdeplomo.com\/wp-content\/uploads\/2021\/05\/Lansknecht-Piquero-ref-L-5-Oquendo-60mm-1536x2048.jpg?v=1620126617 1536w, https:\/\/lossoldaditosdeplomo.com\/wp-content\/uploads\/2021\/05\/Lansknecht-Piquero-ref-L-5-Oquendo-60mm-1200x1600.jpg?v=1620126617 1200w, https:\/\/lossoldaditosdeplomo.com\/wp-content\/uploads\/2021\/05\/Lansknecht-Piquero-ref-L-5-Oquendo-60mm-scaled.jpg?v=1620126617 600w\" sizes=\"auto, (max-width: 225px) 85vw, 225px\" \/><figcaption><a href=\"https:\/\/lossoldaditosdeplomo.com\/index.php\/catalog\/lansknecht-piquero-1535\/\" target=\"_blank\" rel=\"noreferrer noopener\">Piquero 1535<\/a><\/figcaption><\/figure>\n\n\n\n<figure class=\"wp-block-image size-medium is-style-default\"><img loading=\"lazy\" decoding=\"async\" width=\"225\" height=\"300\" src=\"https:\/\/lossoldaditosdeplomo.com\/wp-content\/uploads\/2021\/05\/Sargento-Infanteria-USA-1836-ref.-Tax-f1-54mm-c-225x300.jpg?v=1620645264\" alt=\"\" class=\"wp-image-109084\" srcset=\"https:\/\/lossoldaditosdeplomo.com\/wp-content\/uploads\/2021\/05\/Sargento-Infanteria-USA-1836-ref.-Tax-f1-54mm-c-225x300.jpg?v=1620645264 225w, https:\/\/lossoldaditosdeplomo.com\/wp-content\/uploads\/2021\/05\/Sargento-Infanteria-USA-1836-ref.-Tax-f1-54mm-c-768x1024.jpg?v=1620645264 768w, https:\/\/lossoldaditosdeplomo.com\/wp-content\/uploads\/2021\/05\/Sargento-Infanteria-USA-1836-ref.-Tax-f1-54mm-c-1152x1536.jpg?v=1620645264 1152w, https:\/\/lossoldaditosdeplomo.com\/wp-content\/uploads\/2021\/05\/Sargento-Infanteria-USA-1836-ref.-Tax-f1-54mm-c-1536x2048.jpg?v=1620645264 1536w, https:\/\/lossoldaditosdeplomo.com\/wp-content\/uploads\/2021\/05\/Sargento-Infanteria-USA-1836-ref.-Tax-f1-54mm-c-1200x1600.jpg?v=1620645264 1200w, https:\/\/lossoldaditosdeplomo.com\/wp-content\/uploads\/2021\/05\/Sargento-Infanteria-USA-1836-ref.-Tax-f1-54mm-c-scaled.jpg?v=1620645264 600w\" sizes=\"auto, (max-width: 225px) 85vw, 225px\" \/><figcaption><a href=\"https:\/\/lossoldaditosdeplomo.com\/index.php\/catalog\/sargento-infanteria-1836\/\" target=\"_blank\" rel=\"noreferrer noopener\">Sargento Infanter\u00eda USA &#8221; Guerras con Mexico&#8221;<\/a><\/figcaption><\/figure>\n\n\n\n<figure class=\"wp-block-image size-medium is-style-default\"><img loading=\"lazy\" decoding=\"async\" width=\"168\" height=\"300\" src=\"https:\/\/lossoldaditosdeplomo.com\/wp-content\/uploads\/2021\/05\/Stadden-Herald-English-Royal-Household-168x300.jpg?v=1621244071\" alt=\"\" class=\"wp-image-109095\" srcset=\"https:\/\/lossoldaditosdeplomo.com\/wp-content\/uploads\/2021\/05\/Stadden-Herald-English-Royal-Household-168x300.jpg?v=1621244071 168w, https:\/\/lossoldaditosdeplomo.com\/wp-content\/uploads\/2021\/05\/Stadden-Herald-English-Royal-Household-768x1368.jpg?v=1621244071 768w, https:\/\/lossoldaditosdeplomo.com\/wp-content\/uploads\/2021\/05\/Stadden-Herald-English-Royal-Household-862x1536.jpg?v=1621244071 862w, https:\/\/lossoldaditosdeplomo.com\/wp-content\/uploads\/2021\/05\/Stadden-Herald-English-Royal-Household-1150x2048.jpg?v=1621244071 1150w, https:\/\/lossoldaditosdeplomo.com\/wp-content\/uploads\/2021\/05\/Stadden-Herald-English-Royal-Household-1200x2138.jpg?v=1621244071 1200w, https:\/\/lossoldaditosdeplomo.com\/wp-content\/uploads\/2021\/05\/Stadden-Herald-English-Royal-Household-scaled.jpg?v=1621244071 449w\" sizes=\"auto, (max-width: 168px) 85vw, 168px\" \/><figcaption><a href=\"https:\/\/lossoldaditosdeplomo.com\/index.php\/varias-marcas\/14\/\" target=\"_blank\" rel=\"noreferrer noopener\">Novedades en la colecci\u00f3n de Craig Dickson<\/a><\/figcaption><\/figure>\n\n\n\n<p><\/p>\n\n\n\n<p><\/p>\n\n\n\n<p class=\"has-medium-font-size\"><strong>NUESTROS LIBROS<\/strong><\/p>\n\n\n\n<p>Aqui comenzamos una nueva l\u00ednea recopilando l\u00e1minas de uniformes y agrup\u00e1ndolas en libros de facil lectura y traducidos al Castellano.<\/p>\n\n\n\n<figure class=\"wp-block-image size-medium is-style-default\"><img loading=\"lazy\" decoding=\"async\" width=\"223\" height=\"300\" src=\"https:\/\/lossoldaditosdeplomo.com\/wp-content\/uploads\/2021\/05\/Sin-ti\u0301tulo-1-223x300.png?v=1621250117\" alt=\"\" class=\"wp-image-109103\" srcset=\"https:\/\/lossoldaditosdeplomo.com\/wp-content\/uploads\/2021\/05\/Sin-ti\u0301tulo-1-223x300.png?v=1621250117 223w, https:\/\/lossoldaditosdeplomo.com\/wp-content\/uploads\/2021\/05\/Sin-ti\u0301tulo-1.png?v=1621250117 596w\" sizes=\"auto, (max-width: 223px) 85vw, 223px\" \/><figcaption>L<a href=\"https:\/\/lossoldaditosdeplomo.com\/wp-content\/uploads\/2021\/05\/AUSTRIA-LAS-GUERRAS-DE-BISMARCK.pdf\" target=\"_blank\" rel=\"noreferrer noopener\">as Guerras de Bismarck<\/a><\/figcaption><\/figure>\n\n\n\n<figure class=\"wp-block-image size-medium is-style-default\"><img loading=\"lazy\" decoding=\"async\" width=\"235\" height=\"300\" src=\"https:\/\/lossoldaditosdeplomo.com\/wp-content\/uploads\/2021\/05\/ejercito-sajon-235x300.png?v=1621250494\" alt=\"\" class=\"wp-image-109108\" srcset=\"https:\/\/lossoldaditosdeplomo.com\/wp-content\/uploads\/2021\/05\/ejercito-sajon-235x300.png?v=1621250494 235w, https:\/\/lossoldaditosdeplomo.com\/wp-content\/uploads\/2021\/05\/ejercito-sajon-768x980.png?v=1621250494 768w, https:\/\/lossoldaditosdeplomo.com\/wp-content\/uploads\/2021\/05\/ejercito-sajon-1204x1536.png?v=1621250494 1204w, https:\/\/lossoldaditosdeplomo.com\/wp-content\/uploads\/2021\/05\/ejercito-sajon-1200x1531.png?v=1621250494 1200w, https:\/\/lossoldaditosdeplomo.com\/wp-content\/uploads\/2021\/05\/ejercito-sajon.png?v=1621250494 627w\" sizes=\"auto, (max-width: 235px) 85vw, 235px\" \/><figcaption><a href=\"https:\/\/lossoldaditosdeplomo.com\/wp-content\/uploads\/2021\/05\/EL-EJERCITO-SAJON-.pdf\" target=\"_blank\" rel=\"noreferrer noopener\">El Ejercito Saj\u00f3n<\/a><\/figcaption><\/figure>\n\n\n\n<h2 class=\"wp-block-heading\">ENLACES INTERESANTES<\/h2>\n\n\n\n<p><a href=\"http:\/\/aaaminiaturismo.es\/\" target=\"_blank\" rel=\"noreferrer noopener\">Agrupacion Art\u00edstica Aragonesa<\/a><\/p>\n","protected":false},"excerpt":{"rendered":"<p>Comenzamos el mes de mayo con una magn\u00edfica figura de Ray Lamb bajo la marca de Poste Militaire, unos de los mejores escultures de todos los tiempos NUESTROS LIBROS Aqui comenzamos una nueva l\u00ednea recopilando l\u00e1minas de uniformes y agrup\u00e1ndolas en libros de facil lectura y traducidos al Castellano. ENLACES INTERESANTES Agrupacion Art\u00edstica Aragonesa<\/p>\n","protected":false},"author":3,"featured_media":0,"parent":0,"menu_order":0,"comment_status":"closed","ping_status":"closed","template":"","meta":{"footnotes":""},"class_list":["post-109065","page","type-page","status-publish","hentry"],"yoast_head":"<!-- This site is optimized with the Yoast SEO plugin v27.0 - https:\/\/yoast.com\/product\/yoast-seo-wordpress\/ -->\n<title>MAYO 2021 - El mundo de los soldaditos de plomo<\/title>\n<meta name=\"robots\" content=\"index, follow, max-snippet:-1, max-image-preview:large, max-video-preview:-1\" \/>\n<link rel=\"canonical\" href=\"https:\/\/lossoldaditosdeplomo.com\/index.php\/mayo-2021\/\" \/>\n<meta property=\"og:locale\" content=\"es_ES\" \/>\n<meta property=\"og:type\" content=\"article\" \/>\n<meta property=\"og:title\" content=\"MAYO 2021 - El mundo de los soldaditos de plomo\" \/>\n<meta property=\"og:description\" content=\"Comenzamos el mes de mayo con una magn\u00edfica figura de Ray Lamb bajo la marca de Poste Militaire, unos de los mejores escultures de todos los tiempos NUESTROS LIBROS Aqui comenzamos una nueva l\u00ednea recopilando l\u00e1minas de uniformes y agrup\u00e1ndolas en libros de facil lectura y traducidos al Castellano. ENLACES INTERESANTES Agrupacion Art\u00edstica Aragonesa\" \/>\n<meta property=\"og:url\" content=\"https:\/\/lossoldaditosdeplomo.com\/index.php\/mayo-2021\/\" \/>\n<meta property=\"og:site_name\" content=\"El mundo de los soldaditos de plomo\" \/>\n<meta property=\"article:publisher\" content=\"https:\/\/www.facebook.com\/El-mundo-de-los-soldaditos-de-plomo-943145209407047\/?modal=admin_todo_tour\" \/>\n<meta property=\"article:modified_time\" content=\"2021-05-17T11:23:04+00:00\" \/>\n<meta property=\"og:image\" content=\"https:\/\/lossoldaditosdeplomo.com\/wp-content\/uploads\/2021\/05\/Trompeta-de-Husar-a-caballo-Poste-Militaire-90mm-Ref.-FTH-1-a-225x300.jpg?v=1620125770\" \/>\n<meta name=\"twitter:card\" content=\"summary_large_image\" \/>\n<script type=\"application\/ld+json\" class=\"yoast-schema-graph\">{\"@context\":\"https:\/\/schema.org\",\"@graph\":[{\"@type\":\"WebPage\",\"@id\":\"https:\/\/lossoldaditosdeplomo.com\/index.php\/mayo-2021\/\",\"url\":\"https:\/\/lossoldaditosdeplomo.com\/index.php\/mayo-2021\/\",\"name\":\"MAYO 2021 - El mundo de los soldaditos de plomo\",\"isPartOf\":{\"@id\":\"https:\/\/lossoldaditosdeplomo.com\/#website\"},\"primaryImageOfPage\":{\"@id\":\"https:\/\/lossoldaditosdeplomo.com\/index.php\/mayo-2021\/#primaryimage\"},\"image\":{\"@id\":\"https:\/\/lossoldaditosdeplomo.com\/index.php\/mayo-2021\/#primaryimage\"},\"thumbnailUrl\":\"https:\/\/lossoldaditosdeplomo.com\/wp-content\/uploads\/2021\/05\/Trompeta-de-Husar-a-caballo-Poste-Militaire-90mm-Ref.-FTH-1-a-225x300.jpg?v=1620125770\",\"datePublished\":\"2021-05-04T11:04:55+00:00\",\"dateModified\":\"2021-05-17T11:23:04+00:00\",\"breadcrumb\":{\"@id\":\"https:\/\/lossoldaditosdeplomo.com\/index.php\/mayo-2021\/#breadcrumb\"},\"inLanguage\":\"es\",\"potentialAction\":[{\"@type\":\"ReadAction\",\"target\":[\"https:\/\/lossoldaditosdeplomo.com\/index.php\/mayo-2021\/\"]}]},{\"@type\":\"ImageObject\",\"inLanguage\":\"es\",\"@id\":\"https:\/\/lossoldaditosdeplomo.com\/index.php\/mayo-2021\/#primaryimage\",\"url\":\"https:\/\/lossoldaditosdeplomo.com\/wp-content\/uploads\/2021\/05\/Trompeta-de-Husar-a-caballo-Poste-Militaire-90mm-Ref.-FTH-1-a-scaled.jpg?v=1620125770\",\"contentUrl\":\"https:\/\/lossoldaditosdeplomo.com\/wp-content\/uploads\/2021\/05\/Trompeta-de-Husar-a-caballo-Poste-Militaire-90mm-Ref.-FTH-1-a-scaled.jpg?v=1620125770\",\"width\":600,\"height\":800},{\"@type\":\"BreadcrumbList\",\"@id\":\"https:\/\/lossoldaditosdeplomo.com\/index.php\/mayo-2021\/#breadcrumb\",\"itemListElement\":[{\"@type\":\"ListItem\",\"position\":1,\"name\":\"Portada\",\"item\":\"https:\/\/lossoldaditosdeplomo.com\/\"},{\"@type\":\"ListItem\",\"position\":2,\"name\":\"MAYO 2021\"}]},{\"@type\":\"WebSite\",\"@id\":\"https:\/\/lossoldaditosdeplomo.com\/#website\",\"url\":\"https:\/\/lossoldaditosdeplomo.com\/\",\"name\":\"El mundo de los soldaditos de plomo\",\"description\":\"coleccionismo, pintura y restauraci\u00f3n soldaditos de plomo\",\"publisher\":{\"@id\":\"https:\/\/lossoldaditosdeplomo.com\/#organization\"},\"alternateName\":\"los soldaditos de plomo\",\"potentialAction\":[{\"@type\":\"SearchAction\",\"target\":{\"@type\":\"EntryPoint\",\"urlTemplate\":\"https:\/\/lossoldaditosdeplomo.com\/?s={search_term_string}\"},\"query-input\":{\"@type\":\"PropertyValueSpecification\",\"valueRequired\":true,\"valueName\":\"search_term_string\"}}],\"inLanguage\":\"es\"},{\"@type\":\"Organization\",\"@id\":\"https:\/\/lossoldaditosdeplomo.com\/#organization\",\"name\":\"El Mundo de los soldaditos de plomo\",\"alternateName\":\"los soldaditos de plomo\",\"url\":\"https:\/\/lossoldaditosdeplomo.com\/\",\"logo\":{\"@type\":\"ImageObject\",\"inLanguage\":\"es\",\"@id\":\"https:\/\/lossoldaditosdeplomo.com\/#\/schema\/logo\/image\/\",\"url\":\"https:\/\/lossoldaditosdeplomo.com\/wp-content\/uploads\/2018\/11\/cropped-IMG_0475-3.jpg\",\"contentUrl\":\"https:\/\/lossoldaditosdeplomo.com\/wp-content\/uploads\/2018\/11\/cropped-IMG_0475-3.jpg\",\"width\":391,\"height\":533,\"caption\":\"El Mundo de los soldaditos de plomo\"},\"image\":{\"@id\":\"https:\/\/lossoldaditosdeplomo.com\/#\/schema\/logo\/image\/\"},\"sameAs\":[\"https:\/\/www.facebook.com\/El-mundo-de-los-soldaditos-de-plomo-943145209407047\/?modal=admin_todo_tour\"]}]}<\/script>\n<!-- \/ Yoast SEO plugin. -->","yoast_head_json":{"title":"MAYO 2021 - El mundo de los soldaditos de plomo","robots":{"index":"index","follow":"follow","max-snippet":"max-snippet:-1","max-image-preview":"max-image-preview:large","max-video-preview":"max-video-preview:-1"},"canonical":"https:\/\/lossoldaditosdeplomo.com\/index.php\/mayo-2021\/","og_locale":"es_ES","og_type":"article","og_title":"MAYO 2021 - El mundo de los soldaditos de plomo","og_description":"Comenzamos el mes de mayo con una magn\u00edfica figura de Ray Lamb bajo la marca de Poste Militaire, unos de los mejores escultures de todos los tiempos NUESTROS LIBROS Aqui comenzamos una nueva l\u00ednea recopilando l\u00e1minas de uniformes y agrup\u00e1ndolas en libros de facil lectura y traducidos al Castellano. ENLACES INTERESANTES Agrupacion Art\u00edstica Aragonesa","og_url":"https:\/\/lossoldaditosdeplomo.com\/index.php\/mayo-2021\/","og_site_name":"El mundo de los soldaditos de plomo","article_publisher":"https:\/\/www.facebook.com\/El-mundo-de-los-soldaditos-de-plomo-943145209407047\/?modal=admin_todo_tour","article_modified_time":"2021-05-17T11:23:04+00:00","og_image":[{"url":"https:\/\/lossoldaditosdeplomo.com\/wp-content\/uploads\/2021\/05\/Trompeta-de-Husar-a-caballo-Poste-Militaire-90mm-Ref.-FTH-1-a-225x300.jpg?v=1620125770","type":"","width":"","height":""}],"twitter_card":"summary_large_image","schema":{"@context":"https:\/\/schema.org","@graph":[{"@type":"WebPage","@id":"https:\/\/lossoldaditosdeplomo.com\/index.php\/mayo-2021\/","url":"https:\/\/lossoldaditosdeplomo.com\/index.php\/mayo-2021\/","name":"MAYO 2021 - El mundo de los soldaditos de plomo","isPartOf":{"@id":"https:\/\/lossoldaditosdeplomo.com\/#website"},"primaryImageOfPage":{"@id":"https:\/\/lossoldaditosdeplomo.com\/index.php\/mayo-2021\/#primaryimage"},"image":{"@id":"https:\/\/lossoldaditosdeplomo.com\/index.php\/mayo-2021\/#primaryimage"},"thumbnailUrl":"https:\/\/lossoldaditosdeplomo.com\/wp-content\/uploads\/2021\/05\/Trompeta-de-Husar-a-caballo-Poste-Militaire-90mm-Ref.-FTH-1-a-225x300.jpg?v=1620125770","datePublished":"2021-05-04T11:04:55+00:00","dateModified":"2021-05-17T11:23:04+00:00","breadcrumb":{"@id":"https:\/\/lossoldaditosdeplomo.com\/index.php\/mayo-2021\/#breadcrumb"},"inLanguage":"es","potentialAction":[{"@type":"ReadAction","target":["https:\/\/lossoldaditosdeplomo.com\/index.php\/mayo-2021\/"]}]},{"@type":"ImageObject","inLanguage":"es","@id":"https:\/\/lossoldaditosdeplomo.com\/index.php\/mayo-2021\/#primaryimage","url":"https:\/\/lossoldaditosdeplomo.com\/wp-content\/uploads\/2021\/05\/Trompeta-de-Husar-a-caballo-Poste-Militaire-90mm-Ref.-FTH-1-a-scaled.jpg?v=1620125770","contentUrl":"https:\/\/lossoldaditosdeplomo.com\/wp-content\/uploads\/2021\/05\/Trompeta-de-Husar-a-caballo-Poste-Militaire-90mm-Ref.-FTH-1-a-scaled.jpg?v=1620125770","width":600,"height":800},{"@type":"BreadcrumbList","@id":"https:\/\/lossoldaditosdeplomo.com\/index.php\/mayo-2021\/#breadcrumb","itemListElement":[{"@type":"ListItem","position":1,"name":"Portada","item":"https:\/\/lossoldaditosdeplomo.com\/"},{"@type":"ListItem","position":2,"name":"MAYO 2021"}]},{"@type":"WebSite","@id":"https:\/\/lossoldaditosdeplomo.com\/#website","url":"https:\/\/lossoldaditosdeplomo.com\/","name":"El mundo de los soldaditos de plomo","description":"coleccionismo, pintura y restauraci\u00f3n soldaditos de plomo","publisher":{"@id":"https:\/\/lossoldaditosdeplomo.com\/#organization"},"alternateName":"los soldaditos de plomo","potentialAction":[{"@type":"SearchAction","target":{"@type":"EntryPoint","urlTemplate":"https:\/\/lossoldaditosdeplomo.com\/?s={search_term_string}"},"query-input":{"@type":"PropertyValueSpecification","valueRequired":true,"valueName":"search_term_string"}}],"inLanguage":"es"},{"@type":"Organization","@id":"https:\/\/lossoldaditosdeplomo.com\/#organization","name":"El Mundo de los soldaditos de plomo","alternateName":"los soldaditos de plomo","url":"https:\/\/lossoldaditosdeplomo.com\/","logo":{"@type":"ImageObject","inLanguage":"es","@id":"https:\/\/lossoldaditosdeplomo.com\/#\/schema\/logo\/image\/","url":"https:\/\/lossoldaditosdeplomo.com\/wp-content\/uploads\/2018\/11\/cropped-IMG_0475-3.jpg","contentUrl":"https:\/\/lossoldaditosdeplomo.com\/wp-content\/uploads\/2018\/11\/cropped-IMG_0475-3.jpg","width":391,"height":533,"caption":"El Mundo de los soldaditos de plomo"},"image":{"@id":"https:\/\/lossoldaditosdeplomo.com\/#\/schema\/logo\/image\/"},"sameAs":["https:\/\/www.facebook.com\/El-mundo-de-los-soldaditos-de-plomo-943145209407047\/?modal=admin_todo_tour"]}]}},"_links":{"self":[{"href":"https:\/\/lossoldaditosdeplomo.com\/index.php\/wp-json\/wp\/v2\/pages\/109065","targetHints":{"allow":["GET"]}}],"collection":[{"href":"https:\/\/lossoldaditosdeplomo.com\/index.php\/wp-json\/wp\/v2\/pages"}],"about":[{"href":"https:\/\/lossoldaditosdeplomo.com\/index.php\/wp-json\/wp\/v2\/types\/page"}],"author":[{"embeddable":true,"href":"https:\/\/lossoldaditosdeplomo.com\/index.php\/wp-json\/wp\/v2\/users\/3"}],"replies":[{"embeddable":true,"href":"https:\/\/lossoldaditosdeplomo.com\/index.php\/wp-json\/wp\/v2\/comments?post=109065"}],"version-history":[{"count":0,"href":"https:\/\/lossoldaditosdeplomo.com\/index.php\/wp-json\/wp\/v2\/pages\/109065\/revisions"}],"wp:attachment":[{"href":"https:\/\/lossoldaditosdeplomo.com\/index.php\/wp-json\/wp\/v2\/media?parent=109065"}],"curies":[{"name":"wp","href":"https:\/\/api.w.org\/{rel}","templated":true}]}}