{"id":109262,"date":"2021-06-01T19:13:05","date_gmt":"2021-06-01T17:13:05","guid":{"rendered":"https:\/\/lossoldaditosdeplomo.com\/?page_id=109262"},"modified":"2021-06-10T20:26:24","modified_gmt":"2021-06-10T18:26:24","slug":"junio-2021","status":"publish","type":"page","link":"https:\/\/lossoldaditosdeplomo.com\/index.php\/junio-2021\/","title":{"rendered":"JUNIO 2021"},"content":{"rendered":"\n<p>Comenzamos con una novedad interesante recuperando unas magn\u00edficas l\u00e1minas de Kn\u00f6tel y con comentarios traducidos al Espa\u00f1ol. <\/p>\n\n\n\n<p>Forma parte de una serie de l\u00e1minas agrupadas en &#8220;carpetas-libro&#8221; que iremos publicando y podeis ver en nuestra <a href=\"https:\/\/lossoldaditosdeplomo.com\/index.php\/libros-y-documentos\/\" target=\"_blank\" rel=\"noreferrer noopener\">Biblioteca.<\/a><\/p>\n\n\n\n<figure class=\"wp-block-image size-large\"><img loading=\"lazy\" decoding=\"async\" width=\"800\" height=\"430\" src=\"https:\/\/lossoldaditosdeplomo.com\/wp-content\/uploads\/2021\/06\/el-ejercito-de-oriente.png\" alt=\"\" class=\"wp-image-109263\" srcset=\"https:\/\/lossoldaditosdeplomo.com\/wp-content\/uploads\/2021\/06\/el-ejercito-de-oriente.png?v=1622567364 800w, https:\/\/lossoldaditosdeplomo.com\/wp-content\/uploads\/2021\/06\/el-ejercito-de-oriente-300x161.png?v=1622567364 300w, https:\/\/lossoldaditosdeplomo.com\/wp-content\/uploads\/2021\/06\/el-ejercito-de-oriente-768x413.png?v=1622567364 768w, https:\/\/lossoldaditosdeplomo.com\/wp-content\/uploads\/2021\/06\/el-ejercito-de-oriente-1536x826.png?v=1622567364 1536w, https:\/\/lossoldaditosdeplomo.com\/wp-content\/uploads\/2021\/06\/el-ejercito-de-oriente-1200x645.png?v=1622567364 1200w\" sizes=\"auto, (max-width: 800px) 85vw, 800px\" \/><figcaption><a href=\"https:\/\/lossoldaditosdeplomo.com\/wp-content\/uploads\/2021\/06\/el-ejercito-frances-en-egipto-1798_compressed.pdf\" target=\"_blank\" rel=\"noreferrer noopener\">El Ej\u00e9rcito de Oriente 1798<\/a><\/figcaption><\/figure>\n\n\n\n<figure class=\"wp-block-image size-large\"><img loading=\"lazy\" decoding=\"async\" width=\"800\" height=\"446\" src=\"https:\/\/lossoldaditosdeplomo.com\/wp-content\/uploads\/2021\/06\/Guardia-Real-de-Fernando-VII-scaled.jpg\" alt=\"\" class=\"wp-image-109283\" srcset=\"https:\/\/lossoldaditosdeplomo.com\/wp-content\/uploads\/2021\/06\/Guardia-Real-de-Fernando-VII-scaled.jpg?v=1622714683 800w, https:\/\/lossoldaditosdeplomo.com\/wp-content\/uploads\/2021\/06\/Guardia-Real-de-Fernando-VII-300x167.jpg?v=1622714683 300w, https:\/\/lossoldaditosdeplomo.com\/wp-content\/uploads\/2021\/06\/Guardia-Real-de-Fernando-VII-768x428.jpg?v=1622714683 768w, https:\/\/lossoldaditosdeplomo.com\/wp-content\/uploads\/2021\/06\/Guardia-Real-de-Fernando-VII-1536x855.jpg?v=1622714683 1536w, https:\/\/lossoldaditosdeplomo.com\/wp-content\/uploads\/2021\/06\/Guardia-Real-de-Fernando-VII-1200x668.jpg?v=1622714683 1200w\" sizes=\"auto, (max-width: 800px) 85vw, 800px\" \/><figcaption><a rel=\"noreferrer noopener\" href=\"https:\/\/lossoldaditosdeplomo.com\/wp-content\/uploads\/2021\/06\/Guardia-real-de-Fernando-VII_compressed.pdf\" target=\"_blank\">La Guardia Real de Fernando VII<\/a><\/figcaption><\/figure>\n\n\n\n<figure class=\"wp-block-image size-full\"><img loading=\"lazy\" decoding=\"async\" width=\"505\" height=\"631\" src=\"https:\/\/lossoldaditosdeplomo.com\/wp-content\/uploads\/2021\/06\/manuscrito-de-Marckolsheim.jpg\" alt=\"\" class=\"wp-image-109301\" srcset=\"https:\/\/lossoldaditosdeplomo.com\/wp-content\/uploads\/2021\/06\/manuscrito-de-Marckolsheim.jpg?v=1623058432 505w, https:\/\/lossoldaditosdeplomo.com\/wp-content\/uploads\/2021\/06\/manuscrito-de-Marckolsheim-240x300.jpg?v=1623058432 240w\" sizes=\"auto, (max-width: 505px) 85vw, 505px\" \/><figcaption><a href=\"https:\/\/lossoldaditosdeplomo.com\/wp-content\/uploads\/2021\/06\/Manuscrito-de-Marckolsheim_compressed.pdf\" target=\"_blank\" rel=\"noreferrer noopener\">Manuscrito de Marckolsheim<\/a><\/figcaption><\/figure>\n\n\n\n<figure class=\"wp-block-image size-full\"><img loading=\"lazy\" decoding=\"async\" width=\"417\" height=\"537\" src=\"https:\/\/lossoldaditosdeplomo.com\/wp-content\/uploads\/2021\/06\/delfin-salas-1.jpg?v=1623057543\" alt=\"\" class=\"wp-image-109294\" srcset=\"https:\/\/lossoldaditosdeplomo.com\/wp-content\/uploads\/2021\/06\/delfin-salas-1.jpg?v=1623057543 417w, https:\/\/lossoldaditosdeplomo.com\/wp-content\/uploads\/2021\/06\/delfin-salas-1-233x300.jpg?v=1623057543 233w\" sizes=\"auto, (max-width: 417px) 85vw, 417px\" \/><figcaption><a href=\"https:\/\/lossoldaditosdeplomo.com\/wp-content\/uploads\/2021\/06\/Regimientos-del-Ejercito-Espan\u0303ol-del-siglo-XIX_compressed.pdf\" target=\"_blank\" rel=\"noreferrer noopener\">Regimientos del Ej\u00e9rcito Espa\u00f1ol<\/a><\/figcaption><\/figure>\n\n\n\n<figure class=\"wp-block-image size-full\"><img loading=\"lazy\" decoding=\"async\" width=\"533\" height=\"679\" src=\"https:\/\/lossoldaditosdeplomo.com\/wp-content\/uploads\/2021\/06\/delfin-salas-2.jpg\" alt=\"\" class=\"wp-image-109297\" srcset=\"https:\/\/lossoldaditosdeplomo.com\/wp-content\/uploads\/2021\/06\/delfin-salas-2.jpg?v=1623057744 533w, https:\/\/lossoldaditosdeplomo.com\/wp-content\/uploads\/2021\/06\/delfin-salas-2-235x300.jpg?v=1623057744 235w\" sizes=\"auto, (max-width: 533px) 85vw, 533px\" \/><figcaption><a href=\"https:\/\/lossoldaditosdeplomo.com\/wp-content\/uploads\/2021\/06\/Guerras-carlistas_compressed.pdf\" target=\"_blank\" rel=\"noreferrer noopener\">Guerras Carlistas 1835-1875<\/a><\/figcaption><\/figure>\n\n\n\n<h2 class=\"has-text-align-center wp-block-heading\">Boletines trimestrales de la AMME 1959-1999<\/h2>\n\n\n\n<figure class=\"wp-block-image size-large\"><img loading=\"lazy\" decoding=\"async\" width=\"800\" height=\"447\" src=\"https:\/\/lossoldaditosdeplomo.com\/wp-content\/uploads\/2021\/06\/1959-scaled.jpg\" alt=\"\" class=\"wp-image-109311\" srcset=\"https:\/\/lossoldaditosdeplomo.com\/wp-content\/uploads\/2021\/06\/1959-scaled.jpg?v=1623348926 800w, https:\/\/lossoldaditosdeplomo.com\/wp-content\/uploads\/2021\/06\/1959-300x168.jpg?v=1623348926 300w, https:\/\/lossoldaditosdeplomo.com\/wp-content\/uploads\/2021\/06\/1959-768x429.jpg?v=1623348926 768w, https:\/\/lossoldaditosdeplomo.com\/wp-content\/uploads\/2021\/06\/1959-1536x858.jpg?v=1623348926 1536w, https:\/\/lossoldaditosdeplomo.com\/wp-content\/uploads\/2021\/06\/1959-1200x670.jpg?v=1623348926 1200w\" sizes=\"auto, (max-width: 800px) 85vw, 800px\" \/><figcaption><a href=\"https:\/\/lossoldaditosdeplomo.com\/wp-content\/uploads\/2021\/06\/AMME-1959_compressed.pdf\" target=\"_blank\" rel=\"noreferrer noopener\">BOLETINES TRIMESTRALES DE LA AGRUPACION DE MINIATURISTAS MILITARES DE ESPA\u00d1A<\/a><\/figcaption><\/figure>\n\n\n\n<p>En nuestra blibioteca estamos incorporando las l\u00e1minas de los boletines trimestrales de la AMME editados desde 1959 hasta 1999<\/p>\n","protected":false},"excerpt":{"rendered":"<p>Comenzamos con una novedad interesante recuperando unas magn\u00edficas l\u00e1minas de Kn\u00f6tel y con comentarios traducidos al Espa\u00f1ol. Forma parte de una serie de l\u00e1minas agrupadas en &#8220;carpetas-libro&#8221; que iremos publicando y podeis ver en nuestra Biblioteca. Boletines trimestrales de la AMME 1959-1999 En nuestra blibioteca estamos incorporando las l\u00e1minas de los boletines trimestrales de la &hellip; <a href=\"https:\/\/lossoldaditosdeplomo.com\/index.php\/junio-2021\/\" class=\"more-link\">Continuar leyendo<span class=\"screen-reader-text\"> &#8220;JUNIO 2021&#8221;<\/span><\/a><\/p>\n","protected":false},"author":3,"featured_media":0,"parent":0,"menu_order":0,"comment_status":"closed","ping_status":"closed","template":"","meta":{"footnotes":""},"class_list":["post-109262","page","type-page","status-publish","hentry"],"yoast_head":"<!-- This site is optimized with the Yoast SEO plugin v27.0 - https:\/\/yoast.com\/product\/yoast-seo-wordpress\/ -->\n<title>JUNIO 2021 - El mundo de los soldaditos de plomo<\/title>\n<meta name=\"robots\" content=\"index, follow, max-snippet:-1, max-image-preview:large, max-video-preview:-1\" \/>\n<link rel=\"canonical\" href=\"https:\/\/lossoldaditosdeplomo.com\/index.php\/junio-2021\/\" \/>\n<meta property=\"og:locale\" content=\"es_ES\" \/>\n<meta property=\"og:type\" content=\"article\" \/>\n<meta property=\"og:title\" content=\"JUNIO 2021 - El mundo de los soldaditos de plomo\" \/>\n<meta property=\"og:description\" content=\"Comenzamos con una novedad interesante recuperando unas magn\u00edficas l\u00e1minas de Kn\u00f6tel y con comentarios traducidos al Espa\u00f1ol. Forma parte de una serie de l\u00e1minas agrupadas en &#8220;carpetas-libro&#8221; que iremos publicando y podeis ver en nuestra Biblioteca. Boletines trimestrales de la AMME 1959-1999 En nuestra blibioteca estamos incorporando las l\u00e1minas de los boletines trimestrales de la &hellip; Continuar leyendo &quot;JUNIO 2021&quot;\" \/>\n<meta property=\"og:url\" content=\"https:\/\/lossoldaditosdeplomo.com\/index.php\/junio-2021\/\" \/>\n<meta property=\"og:site_name\" content=\"El mundo de los soldaditos de plomo\" \/>\n<meta property=\"article:publisher\" content=\"https:\/\/www.facebook.com\/El-mundo-de-los-soldaditos-de-plomo-943145209407047\/?modal=admin_todo_tour\" \/>\n<meta property=\"article:modified_time\" content=\"2021-06-10T18:26:24+00:00\" \/>\n<meta property=\"og:image\" content=\"https:\/\/lossoldaditosdeplomo.com\/wp-content\/uploads\/2021\/06\/el-ejercito-de-oriente.png\" \/>\n<meta name=\"twitter:card\" content=\"summary_large_image\" \/>\n<script type=\"application\/ld+json\" class=\"yoast-schema-graph\">{\"@context\":\"https:\/\/schema.org\",\"@graph\":[{\"@type\":\"WebPage\",\"@id\":\"https:\/\/lossoldaditosdeplomo.com\/index.php\/junio-2021\/\",\"url\":\"https:\/\/lossoldaditosdeplomo.com\/index.php\/junio-2021\/\",\"name\":\"JUNIO 2021 - El mundo de los soldaditos de plomo\",\"isPartOf\":{\"@id\":\"https:\/\/lossoldaditosdeplomo.com\/#website\"},\"primaryImageOfPage\":{\"@id\":\"https:\/\/lossoldaditosdeplomo.com\/index.php\/junio-2021\/#primaryimage\"},\"image\":{\"@id\":\"https:\/\/lossoldaditosdeplomo.com\/index.php\/junio-2021\/#primaryimage\"},\"thumbnailUrl\":\"https:\/\/lossoldaditosdeplomo.com\/wp-content\/uploads\/2021\/06\/el-ejercito-de-oriente.png\",\"datePublished\":\"2021-06-01T17:13:05+00:00\",\"dateModified\":\"2021-06-10T18:26:24+00:00\",\"breadcrumb\":{\"@id\":\"https:\/\/lossoldaditosdeplomo.com\/index.php\/junio-2021\/#breadcrumb\"},\"inLanguage\":\"es\",\"potentialAction\":[{\"@type\":\"ReadAction\",\"target\":[\"https:\/\/lossoldaditosdeplomo.com\/index.php\/junio-2021\/\"]}]},{\"@type\":\"ImageObject\",\"inLanguage\":\"es\",\"@id\":\"https:\/\/lossoldaditosdeplomo.com\/index.php\/junio-2021\/#primaryimage\",\"url\":\"https:\/\/lossoldaditosdeplomo.com\/wp-content\/uploads\/2021\/06\/el-ejercito-de-oriente.png?v=1622567364\",\"contentUrl\":\"https:\/\/lossoldaditosdeplomo.com\/wp-content\/uploads\/2021\/06\/el-ejercito-de-oriente.png?v=1622567364\",\"width\":800,\"height\":430},{\"@type\":\"BreadcrumbList\",\"@id\":\"https:\/\/lossoldaditosdeplomo.com\/index.php\/junio-2021\/#breadcrumb\",\"itemListElement\":[{\"@type\":\"ListItem\",\"position\":1,\"name\":\"Portada\",\"item\":\"https:\/\/lossoldaditosdeplomo.com\/\"},{\"@type\":\"ListItem\",\"position\":2,\"name\":\"JUNIO 2021\"}]},{\"@type\":\"WebSite\",\"@id\":\"https:\/\/lossoldaditosdeplomo.com\/#website\",\"url\":\"https:\/\/lossoldaditosdeplomo.com\/\",\"name\":\"El mundo de los soldaditos de plomo\",\"description\":\"coleccionismo, pintura y restauraci\u00f3n soldaditos de plomo\",\"publisher\":{\"@id\":\"https:\/\/lossoldaditosdeplomo.com\/#organization\"},\"alternateName\":\"los soldaditos de plomo\",\"potentialAction\":[{\"@type\":\"SearchAction\",\"target\":{\"@type\":\"EntryPoint\",\"urlTemplate\":\"https:\/\/lossoldaditosdeplomo.com\/?s={search_term_string}\"},\"query-input\":{\"@type\":\"PropertyValueSpecification\",\"valueRequired\":true,\"valueName\":\"search_term_string\"}}],\"inLanguage\":\"es\"},{\"@type\":\"Organization\",\"@id\":\"https:\/\/lossoldaditosdeplomo.com\/#organization\",\"name\":\"El Mundo de los soldaditos de plomo\",\"alternateName\":\"los soldaditos de plomo\",\"url\":\"https:\/\/lossoldaditosdeplomo.com\/\",\"logo\":{\"@type\":\"ImageObject\",\"inLanguage\":\"es\",\"@id\":\"https:\/\/lossoldaditosdeplomo.com\/#\/schema\/logo\/image\/\",\"url\":\"https:\/\/lossoldaditosdeplomo.com\/wp-content\/uploads\/2018\/11\/cropped-IMG_0475-3.jpg\",\"contentUrl\":\"https:\/\/lossoldaditosdeplomo.com\/wp-content\/uploads\/2018\/11\/cropped-IMG_0475-3.jpg\",\"width\":391,\"height\":533,\"caption\":\"El Mundo de los soldaditos de plomo\"},\"image\":{\"@id\":\"https:\/\/lossoldaditosdeplomo.com\/#\/schema\/logo\/image\/\"},\"sameAs\":[\"https:\/\/www.facebook.com\/El-mundo-de-los-soldaditos-de-plomo-943145209407047\/?modal=admin_todo_tour\"]}]}<\/script>\n<!-- \/ Yoast SEO plugin. -->","yoast_head_json":{"title":"JUNIO 2021 - El mundo de los soldaditos de plomo","robots":{"index":"index","follow":"follow","max-snippet":"max-snippet:-1","max-image-preview":"max-image-preview:large","max-video-preview":"max-video-preview:-1"},"canonical":"https:\/\/lossoldaditosdeplomo.com\/index.php\/junio-2021\/","og_locale":"es_ES","og_type":"article","og_title":"JUNIO 2021 - El mundo de los soldaditos de plomo","og_description":"Comenzamos con una novedad interesante recuperando unas magn\u00edficas l\u00e1minas de Kn\u00f6tel y con comentarios traducidos al Espa\u00f1ol. Forma parte de una serie de l\u00e1minas agrupadas en &#8220;carpetas-libro&#8221; que iremos publicando y podeis ver en nuestra Biblioteca. Boletines trimestrales de la AMME 1959-1999 En nuestra blibioteca estamos incorporando las l\u00e1minas de los boletines trimestrales de la &hellip; Continuar leyendo \"JUNIO 2021\"","og_url":"https:\/\/lossoldaditosdeplomo.com\/index.php\/junio-2021\/","og_site_name":"El mundo de los soldaditos de plomo","article_publisher":"https:\/\/www.facebook.com\/El-mundo-de-los-soldaditos-de-plomo-943145209407047\/?modal=admin_todo_tour","article_modified_time":"2021-06-10T18:26:24+00:00","og_image":[{"url":"https:\/\/lossoldaditosdeplomo.com\/wp-content\/uploads\/2021\/06\/el-ejercito-de-oriente.png","type":"","width":"","height":""}],"twitter_card":"summary_large_image","schema":{"@context":"https:\/\/schema.org","@graph":[{"@type":"WebPage","@id":"https:\/\/lossoldaditosdeplomo.com\/index.php\/junio-2021\/","url":"https:\/\/lossoldaditosdeplomo.com\/index.php\/junio-2021\/","name":"JUNIO 2021 - El mundo de los soldaditos de plomo","isPartOf":{"@id":"https:\/\/lossoldaditosdeplomo.com\/#website"},"primaryImageOfPage":{"@id":"https:\/\/lossoldaditosdeplomo.com\/index.php\/junio-2021\/#primaryimage"},"image":{"@id":"https:\/\/lossoldaditosdeplomo.com\/index.php\/junio-2021\/#primaryimage"},"thumbnailUrl":"https:\/\/lossoldaditosdeplomo.com\/wp-content\/uploads\/2021\/06\/el-ejercito-de-oriente.png","datePublished":"2021-06-01T17:13:05+00:00","dateModified":"2021-06-10T18:26:24+00:00","breadcrumb":{"@id":"https:\/\/lossoldaditosdeplomo.com\/index.php\/junio-2021\/#breadcrumb"},"inLanguage":"es","potentialAction":[{"@type":"ReadAction","target":["https:\/\/lossoldaditosdeplomo.com\/index.php\/junio-2021\/"]}]},{"@type":"ImageObject","inLanguage":"es","@id":"https:\/\/lossoldaditosdeplomo.com\/index.php\/junio-2021\/#primaryimage","url":"https:\/\/lossoldaditosdeplomo.com\/wp-content\/uploads\/2021\/06\/el-ejercito-de-oriente.png?v=1622567364","contentUrl":"https:\/\/lossoldaditosdeplomo.com\/wp-content\/uploads\/2021\/06\/el-ejercito-de-oriente.png?v=1622567364","width":800,"height":430},{"@type":"BreadcrumbList","@id":"https:\/\/lossoldaditosdeplomo.com\/index.php\/junio-2021\/#breadcrumb","itemListElement":[{"@type":"ListItem","position":1,"name":"Portada","item":"https:\/\/lossoldaditosdeplomo.com\/"},{"@type":"ListItem","position":2,"name":"JUNIO 2021"}]},{"@type":"WebSite","@id":"https:\/\/lossoldaditosdeplomo.com\/#website","url":"https:\/\/lossoldaditosdeplomo.com\/","name":"El mundo de los soldaditos de plomo","description":"coleccionismo, pintura y restauraci\u00f3n soldaditos de plomo","publisher":{"@id":"https:\/\/lossoldaditosdeplomo.com\/#organization"},"alternateName":"los soldaditos de plomo","potentialAction":[{"@type":"SearchAction","target":{"@type":"EntryPoint","urlTemplate":"https:\/\/lossoldaditosdeplomo.com\/?s={search_term_string}"},"query-input":{"@type":"PropertyValueSpecification","valueRequired":true,"valueName":"search_term_string"}}],"inLanguage":"es"},{"@type":"Organization","@id":"https:\/\/lossoldaditosdeplomo.com\/#organization","name":"El Mundo de los soldaditos de plomo","alternateName":"los soldaditos de plomo","url":"https:\/\/lossoldaditosdeplomo.com\/","logo":{"@type":"ImageObject","inLanguage":"es","@id":"https:\/\/lossoldaditosdeplomo.com\/#\/schema\/logo\/image\/","url":"https:\/\/lossoldaditosdeplomo.com\/wp-content\/uploads\/2018\/11\/cropped-IMG_0475-3.jpg","contentUrl":"https:\/\/lossoldaditosdeplomo.com\/wp-content\/uploads\/2018\/11\/cropped-IMG_0475-3.jpg","width":391,"height":533,"caption":"El Mundo de los soldaditos de plomo"},"image":{"@id":"https:\/\/lossoldaditosdeplomo.com\/#\/schema\/logo\/image\/"},"sameAs":["https:\/\/www.facebook.com\/El-mundo-de-los-soldaditos-de-plomo-943145209407047\/?modal=admin_todo_tour"]}]}},"_links":{"self":[{"href":"https:\/\/lossoldaditosdeplomo.com\/index.php\/wp-json\/wp\/v2\/pages\/109262","targetHints":{"allow":["GET"]}}],"collection":[{"href":"https:\/\/lossoldaditosdeplomo.com\/index.php\/wp-json\/wp\/v2\/pages"}],"about":[{"href":"https:\/\/lossoldaditosdeplomo.com\/index.php\/wp-json\/wp\/v2\/types\/page"}],"author":[{"embeddable":true,"href":"https:\/\/lossoldaditosdeplomo.com\/index.php\/wp-json\/wp\/v2\/users\/3"}],"replies":[{"embeddable":true,"href":"https:\/\/lossoldaditosdeplomo.com\/index.php\/wp-json\/wp\/v2\/comments?post=109262"}],"version-history":[{"count":0,"href":"https:\/\/lossoldaditosdeplomo.com\/index.php\/wp-json\/wp\/v2\/pages\/109262\/revisions"}],"wp:attachment":[{"href":"https:\/\/lossoldaditosdeplomo.com\/index.php\/wp-json\/wp\/v2\/media?parent=109262"}],"curies":[{"name":"wp","href":"https:\/\/api.w.org\/{rel}","templated":true}]}}