{"id":109460,"date":"2021-07-05T13:06:14","date_gmt":"2021-07-05T11:06:14","guid":{"rendered":"https:\/\/lossoldaditosdeplomo.com\/?page_id=109460"},"modified":"2021-07-27T13:54:06","modified_gmt":"2021-07-27T11:54:06","slug":"novedades-julio-2021","status":"publish","type":"page","link":"https:\/\/lossoldaditosdeplomo.com\/index.php\/novedades-julio-2021\/","title":{"rendered":"JULIO 2021"},"content":{"rendered":"\n<figure class=\"wp-block-image size-large\"><img loading=\"lazy\" decoding=\"async\" width=\"577\" height=\"800\" src=\"https:\/\/lossoldaditosdeplomo.com\/wp-content\/uploads\/2021\/07\/coleccion-hachette.png\" alt=\"\" class=\"wp-image-109551\" srcset=\"https:\/\/lossoldaditosdeplomo.com\/wp-content\/uploads\/2021\/07\/coleccion-hachette.png?v=1627386631 577w, https:\/\/lossoldaditosdeplomo.com\/wp-content\/uploads\/2021\/07\/coleccion-hachette-217x300.png?v=1627386631 217w, https:\/\/lossoldaditosdeplomo.com\/wp-content\/uploads\/2021\/07\/coleccion-hachette-768x1064.png?v=1627386631 768w, https:\/\/lossoldaditosdeplomo.com\/wp-content\/uploads\/2021\/07\/coleccion-hachette-1109x1536.png?v=1627386631 1109w, https:\/\/lossoldaditosdeplomo.com\/wp-content\/uploads\/2021\/07\/coleccion-hachette-1200x1662.png?v=1627386631 1200w\" sizes=\"auto, (max-width: 577px) 85vw, 577px\" \/><figcaption><a href=\"https:\/\/lossoldaditosdeplomo.com\/wp-content\/uploads\/2021\/07\/coleccion-hachete_compressed.pdf\" target=\"_blank\" rel=\"noreferrer noopener\">Cat\u00e1logo de la colecci\u00f3n Mariscales del 1 Imperio, Generales y personajes hist\u00f3ricos (HACHETTE)<\/a><\/figcaption><\/figure>\n\n\n\n<figure class=\"wp-block-image size-large is-resized\"><img loading=\"lazy\" decoding=\"async\" src=\"https:\/\/lossoldaditosdeplomo.com\/wp-content\/uploads\/2021\/07\/IMG_7244-scaled.jpg\" alt=\"\" class=\"wp-image-109541\" width=\"630\" height=\"472\" srcset=\"https:\/\/lossoldaditosdeplomo.com\/wp-content\/uploads\/2021\/07\/IMG_7244-scaled.jpg?v=1626780433 800w, https:\/\/lossoldaditosdeplomo.com\/wp-content\/uploads\/2021\/07\/IMG_7244-300x225.jpg?v=1626780433 300w, https:\/\/lossoldaditosdeplomo.com\/wp-content\/uploads\/2021\/07\/IMG_7244-768x576.jpg?v=1626780433 768w, https:\/\/lossoldaditosdeplomo.com\/wp-content\/uploads\/2021\/07\/IMG_7244-1536x1152.jpg?v=1626780433 1536w, https:\/\/lossoldaditosdeplomo.com\/wp-content\/uploads\/2021\/07\/IMG_7244-2048x1536.jpg?v=1626780433 2048w, https:\/\/lossoldaditosdeplomo.com\/wp-content\/uploads\/2021\/07\/IMG_7244-1200x900.jpg?v=1626780433 1200w\" sizes=\"auto, (max-width: 630px) 85vw, 630px\" \/><figcaption><a href=\"https:\/\/lossoldaditosdeplomo.com\/index.php\/catalog\/pieza-de-desembarco-1912\/\" target=\"_blank\" rel=\"noreferrer noopener\">Pieza de desembarco de COMPTE<\/a><\/figcaption><\/figure>\n\n\n\n<p>Comenzamos el mes con una magnifica obra gr\u00e1fica de D.Jos\u00e9 M\u00aa Bueno publicada entre los a\u00f1os 1962-1963 recogiendo en una s\u00e9rie de postales sobre uniformes Espa\u00f1oles<\/p>\n\n\n\n<figure class=\"wp-block-image size-large\"><img loading=\"lazy\" decoding=\"async\" width=\"800\" height=\"444\" src=\"https:\/\/lossoldaditosdeplomo.com\/wp-content\/uploads\/2021\/07\/Soldados-de-Espan\u0303a-Jose-Ma-Bueno-scaled.jpg\" alt=\"\" class=\"wp-image-109456\" srcset=\"https:\/\/lossoldaditosdeplomo.com\/wp-content\/uploads\/2021\/07\/Soldados-de-Espan\u0303a-Jose-Ma-Bueno-scaled.jpg?v=1625482678 800w, https:\/\/lossoldaditosdeplomo.com\/wp-content\/uploads\/2021\/07\/Soldados-de-Espan\u0303a-Jose-Ma-Bueno-300x166.jpg?v=1625482678 300w, https:\/\/lossoldaditosdeplomo.com\/wp-content\/uploads\/2021\/07\/Soldados-de-Espan\u0303a-Jose-Ma-Bueno-768x426.jpg?v=1625482678 768w, https:\/\/lossoldaditosdeplomo.com\/wp-content\/uploads\/2021\/07\/Soldados-de-Espan\u0303a-Jose-Ma-Bueno-1536x852.jpg?v=1625482678 1536w, https:\/\/lossoldaditosdeplomo.com\/wp-content\/uploads\/2021\/07\/Soldados-de-Espan\u0303a-Jose-Ma-Bueno-1200x666.jpg?v=1625482678 1200w\" sizes=\"auto, (max-width: 800px) 85vw, 800px\" \/><figcaption><a href=\"https:\/\/lossoldaditosdeplomo.com\/wp-content\/uploads\/2021\/07\/SOLDADOS-DE-ESPAN\u0303A-JOSE-MARIA-BUENO_compressed.pdf\" target=\"_blank\" rel=\"noreferrer noopener\">Soldados de Espa\u00f1a<\/a><\/figcaption><\/figure>\n\n\n\n<figure class=\"wp-block-image size-medium\"><img loading=\"lazy\" decoding=\"async\" width=\"300\" height=\"166\" src=\"https:\/\/lossoldaditosdeplomo.com\/wp-content\/uploads\/2021\/07\/Soldados-de-Espan\u0303a-Jose-Ma-Bueno-300x166.jpg?v=1625482678\" alt=\"\" class=\"wp-image-109456\" srcset=\"https:\/\/lossoldaditosdeplomo.com\/wp-content\/uploads\/2021\/07\/Soldados-de-Espan\u0303a-Jose-Ma-Bueno-300x166.jpg?v=1625482678 300w, https:\/\/lossoldaditosdeplomo.com\/wp-content\/uploads\/2021\/07\/Soldados-de-Espan\u0303a-Jose-Ma-Bueno-768x426.jpg?v=1625482678 768w, https:\/\/lossoldaditosdeplomo.com\/wp-content\/uploads\/2021\/07\/Soldados-de-Espan\u0303a-Jose-Ma-Bueno-1536x852.jpg?v=1625482678 1536w, https:\/\/lossoldaditosdeplomo.com\/wp-content\/uploads\/2021\/07\/Soldados-de-Espan\u0303a-Jose-Ma-Bueno-1200x666.jpg?v=1625482678 1200w, https:\/\/lossoldaditosdeplomo.com\/wp-content\/uploads\/2021\/07\/Soldados-de-Espan\u0303a-Jose-Ma-Bueno-scaled.jpg?v=1625482678 800w\" sizes=\"auto, (max-width: 300px) 85vw, 300px\" \/><figcaption><a rel=\"noreferrer noopener\" href=\"https:\/\/youtu.be\/_4q-Iv42bas\" target=\"_blank\">Disponible en video en nuestro canal youtube<\/a><\/figcaption><\/figure>\n\n\n\n<figure class=\"wp-block-image size-large\"><img loading=\"lazy\" decoding=\"async\" width=\"800\" height=\"445\" src=\"https:\/\/lossoldaditosdeplomo.com\/wp-content\/uploads\/2021\/07\/herbert-ko\u0308notel-Tropas-extranjeras-scaled.jpg\" alt=\"\" class=\"wp-image-109472\" srcset=\"https:\/\/lossoldaditosdeplomo.com\/wp-content\/uploads\/2021\/07\/herbert-ko\u0308notel-Tropas-extranjeras-scaled.jpg?v=1625826277 800w, https:\/\/lossoldaditosdeplomo.com\/wp-content\/uploads\/2021\/07\/herbert-ko\u0308notel-Tropas-extranjeras-300x167.jpg?v=1625826277 300w, https:\/\/lossoldaditosdeplomo.com\/wp-content\/uploads\/2021\/07\/herbert-ko\u0308notel-Tropas-extranjeras-768x428.jpg?v=1625826277 768w, https:\/\/lossoldaditosdeplomo.com\/wp-content\/uploads\/2021\/07\/herbert-ko\u0308notel-Tropas-extranjeras-1536x855.jpg?v=1625826277 1536w, https:\/\/lossoldaditosdeplomo.com\/wp-content\/uploads\/2021\/07\/herbert-ko\u0308notel-Tropas-extranjeras-1200x668.jpg?v=1625826277 1200w\" sizes=\"auto, (max-width: 800px) 85vw, 800px\" \/><figcaption><a href=\"https:\/\/lossoldaditosdeplomo.com\/wp-content\/uploads\/2021\/07\/Herbet-Kno\u0308tel-Tropas-extranjeras_compressed.pdf\" target=\"_blank\" rel=\"noreferrer noopener\">Tropas Extranjeras al Servicio de Francia<\/a><\/figcaption><\/figure>\n\n\n\n<figure class=\"wp-block-image size-medium\"><img loading=\"lazy\" decoding=\"async\" width=\"300\" height=\"167\" src=\"https:\/\/lossoldaditosdeplomo.com\/wp-content\/uploads\/2021\/07\/herbert-ko\u0308notel-Tropas-extranjeras-300x167.jpg?v=1625826277\" alt=\"\" class=\"wp-image-109472\" srcset=\"https:\/\/lossoldaditosdeplomo.com\/wp-content\/uploads\/2021\/07\/herbert-ko\u0308notel-Tropas-extranjeras-300x167.jpg?v=1625826277 300w, https:\/\/lossoldaditosdeplomo.com\/wp-content\/uploads\/2021\/07\/herbert-ko\u0308notel-Tropas-extranjeras-768x428.jpg?v=1625826277 768w, https:\/\/lossoldaditosdeplomo.com\/wp-content\/uploads\/2021\/07\/herbert-ko\u0308notel-Tropas-extranjeras-1536x855.jpg?v=1625826277 1536w, https:\/\/lossoldaditosdeplomo.com\/wp-content\/uploads\/2021\/07\/herbert-ko\u0308notel-Tropas-extranjeras-1200x668.jpg?v=1625826277 1200w, https:\/\/lossoldaditosdeplomo.com\/wp-content\/uploads\/2021\/07\/herbert-ko\u0308notel-Tropas-extranjeras-scaled.jpg?v=1625826277 800w\" sizes=\"auto, (max-width: 300px) 85vw, 300px\" \/><figcaption><a href=\"https:\/\/youtu.be\/Pf-sa5-Ix1c\" target=\"_blank\" rel=\"noreferrer noopener\">Disponoble en video en nuestro canal de youtube<\/a><\/figcaption><\/figure>\n\n\n\n<figure class=\"wp-block-image size-large\"><img loading=\"lazy\" decoding=\"async\" width=\"1596\" height=\"895\" src=\"https:\/\/lossoldaditosdeplomo.com\/wp-content\/uploads\/2021\/07\/infanteria-ligera.png\" alt=\"\" class=\"wp-image-109477\" srcset=\"https:\/\/lossoldaditosdeplomo.com\/wp-content\/uploads\/2021\/07\/infanteria-ligera.png?v=1626000705 1596w, https:\/\/lossoldaditosdeplomo.com\/wp-content\/uploads\/2021\/07\/infanteria-ligera-300x168.png?v=1626000705 300w, https:\/\/lossoldaditosdeplomo.com\/wp-content\/uploads\/2021\/07\/infanteria-ligera-768x431.png?v=1626000705 768w, https:\/\/lossoldaditosdeplomo.com\/wp-content\/uploads\/2021\/07\/infanteria-ligera-1536x861.png?v=1626000705 1536w, https:\/\/lossoldaditosdeplomo.com\/wp-content\/uploads\/2021\/07\/infanteria-ligera-1200x673.png?v=1626000705 1200w\" sizes=\"auto, (max-width: 709px) 85vw, (max-width: 909px) 67vw, (max-width: 1362px) 62vw, 840px\" \/><figcaption><a href=\"https:\/\/lossoldaditosdeplomo.com\/wp-content\/uploads\/2021\/07\/Herbet-Kno\u0308tel-Infanteria-ligera_compressed.pdf\" target=\"_blank\" rel=\"noreferrer noopener\">Infater\u00eda Ligera<\/a><\/figcaption><\/figure>\n\n\n\n<figure class=\"wp-block-image size-large\"><img loading=\"lazy\" decoding=\"async\" width=\"1585\" height=\"885\" src=\"https:\/\/lossoldaditosdeplomo.com\/wp-content\/uploads\/2021\/07\/infanteria-de-linea.png\" alt=\"\" class=\"wp-image-109484\" srcset=\"https:\/\/lossoldaditosdeplomo.com\/wp-content\/uploads\/2021\/07\/infanteria-de-linea.png?v=1626088248 1585w, https:\/\/lossoldaditosdeplomo.com\/wp-content\/uploads\/2021\/07\/infanteria-de-linea-300x168.png?v=1626088248 300w, https:\/\/lossoldaditosdeplomo.com\/wp-content\/uploads\/2021\/07\/infanteria-de-linea-768x429.png?v=1626088248 768w, https:\/\/lossoldaditosdeplomo.com\/wp-content\/uploads\/2021\/07\/infanteria-de-linea-1536x858.png?v=1626088248 1536w, https:\/\/lossoldaditosdeplomo.com\/wp-content\/uploads\/2021\/07\/infanteria-de-linea-1200x670.png?v=1626088248 1200w\" sizes=\"auto, (max-width: 709px) 85vw, (max-width: 909px) 67vw, (max-width: 1362px) 62vw, 840px\" \/><figcaption><a href=\"https:\/\/lossoldaditosdeplomo.com\/wp-content\/uploads\/2021\/07\/Herbet-Kno\u0308tel-Infanteria-de-linea_compressed.pdf\" target=\"_blank\" rel=\"noreferrer noopener\">Infanter\u00eda de L\u00ednea<\/a><\/figcaption><\/figure>\n\n\n\n<figure class=\"wp-block-image size-large\"><img loading=\"lazy\" decoding=\"async\" width=\"1571\" height=\"886\" src=\"https:\/\/lossoldaditosdeplomo.com\/wp-content\/uploads\/2021\/07\/cazadores-a-caballo.png\" alt=\"\" class=\"wp-image-109489\" srcset=\"https:\/\/lossoldaditosdeplomo.com\/wp-content\/uploads\/2021\/07\/cazadores-a-caballo.png?v=1626114693 1571w, https:\/\/lossoldaditosdeplomo.com\/wp-content\/uploads\/2021\/07\/cazadores-a-caballo-300x169.png?v=1626114693 300w, https:\/\/lossoldaditosdeplomo.com\/wp-content\/uploads\/2021\/07\/cazadores-a-caballo-768x433.png?v=1626114693 768w, https:\/\/lossoldaditosdeplomo.com\/wp-content\/uploads\/2021\/07\/cazadores-a-caballo-1536x866.png?v=1626114693 1536w, https:\/\/lossoldaditosdeplomo.com\/wp-content\/uploads\/2021\/07\/cazadores-a-caballo-1200x677.png?v=1626114693 1200w\" sizes=\"auto, (max-width: 709px) 85vw, (max-width: 909px) 67vw, (max-width: 1362px) 62vw, 840px\" \/><figcaption><a href=\"https:\/\/lossoldaditosdeplomo.com\/wp-content\/uploads\/2021\/07\/Herbet-Kno\u0308tel-I-Cazadores-a-caballo_compressed.pdf\" target=\"_blank\" rel=\"noreferrer noopener\">Cazadores a Caballo<\/a><\/figcaption><\/figure>\n\n\n\n<figure class=\"wp-block-image size-large\"><img loading=\"lazy\" decoding=\"async\" width=\"1552\" height=\"852\" src=\"https:\/\/lossoldaditosdeplomo.com\/wp-content\/uploads\/2021\/07\/regimientos-de-Hu\u0301sares.png\" alt=\"\" class=\"wp-image-109496\" srcset=\"https:\/\/lossoldaditosdeplomo.com\/wp-content\/uploads\/2021\/07\/regimientos-de-Hu\u0301sares.png?v=1626175745 1552w, https:\/\/lossoldaditosdeplomo.com\/wp-content\/uploads\/2021\/07\/regimientos-de-Hu\u0301sares-300x165.png?v=1626175745 300w, https:\/\/lossoldaditosdeplomo.com\/wp-content\/uploads\/2021\/07\/regimientos-de-Hu\u0301sares-768x422.png?v=1626175745 768w, https:\/\/lossoldaditosdeplomo.com\/wp-content\/uploads\/2021\/07\/regimientos-de-Hu\u0301sares-1536x843.png?v=1626175745 1536w, https:\/\/lossoldaditosdeplomo.com\/wp-content\/uploads\/2021\/07\/regimientos-de-Hu\u0301sares-1200x659.png?v=1626175745 1200w\" sizes=\"auto, (max-width: 709px) 85vw, (max-width: 909px) 67vw, (max-width: 1362px) 62vw, 840px\" \/><figcaption><a href=\"https:\/\/lossoldaditosdeplomo.com\/wp-content\/uploads\/2021\/07\/Herbet-Kno\u0308tel-Hussar_compressed.pdf\" target=\"_blank\" rel=\"noreferrer noopener\">Regimientos de H\u00fasares<\/a><\/figcaption><\/figure>\n\n\n\n<figure class=\"wp-block-image size-large\"><img loading=\"lazy\" decoding=\"async\" width=\"800\" height=\"450\" src=\"https:\/\/lossoldaditosdeplomo.com\/wp-content\/uploads\/2021\/07\/caballeri\u0301a-ligera-lanceros.png\" alt=\"\" class=\"wp-image-109503\" srcset=\"https:\/\/lossoldaditosdeplomo.com\/wp-content\/uploads\/2021\/07\/caballeri\u0301a-ligera-lanceros.png?v=1626206592 800w, https:\/\/lossoldaditosdeplomo.com\/wp-content\/uploads\/2021\/07\/caballeri\u0301a-ligera-lanceros-300x169.png?v=1626206592 300w, https:\/\/lossoldaditosdeplomo.com\/wp-content\/uploads\/2021\/07\/caballeri\u0301a-ligera-lanceros-768x432.png?v=1626206592 768w, https:\/\/lossoldaditosdeplomo.com\/wp-content\/uploads\/2021\/07\/caballeri\u0301a-ligera-lanceros-1536x864.png?v=1626206592 1536w, https:\/\/lossoldaditosdeplomo.com\/wp-content\/uploads\/2021\/07\/caballeri\u0301a-ligera-lanceros-1200x675.png?v=1626206592 1200w\" sizes=\"auto, (max-width: 800px) 85vw, 800px\" \/><figcaption><a href=\"https:\/\/lossoldaditosdeplomo.com\/wp-content\/uploads\/2021\/07\/Herbet-Kno\u0308tel-Caballeria-Ligera-Lanceros_compressed.pdf\" target=\"_blank\" rel=\"noreferrer noopener\">Caballer\u00eda Ligera Lanceros<\/a><\/figcaption><\/figure>\n\n\n\n<figure class=\"wp-block-image size-large\"><img loading=\"lazy\" decoding=\"async\" width=\"1537\" height=\"886\" src=\"https:\/\/lossoldaditosdeplomo.com\/wp-content\/uploads\/2021\/07\/caballeri\u0301a-pesada.png\" alt=\"\" class=\"wp-image-109509\" srcset=\"https:\/\/lossoldaditosdeplomo.com\/wp-content\/uploads\/2021\/07\/caballeri\u0301a-pesada.png?v=1626208303 1537w, https:\/\/lossoldaditosdeplomo.com\/wp-content\/uploads\/2021\/07\/caballeri\u0301a-pesada-300x173.png?v=1626208303 300w, https:\/\/lossoldaditosdeplomo.com\/wp-content\/uploads\/2021\/07\/caballeri\u0301a-pesada-768x443.png?v=1626208303 768w, https:\/\/lossoldaditosdeplomo.com\/wp-content\/uploads\/2021\/07\/caballeri\u0301a-pesada-1200x692.png?v=1626208303 1200w\" sizes=\"auto, (max-width: 709px) 85vw, (max-width: 909px) 67vw, (max-width: 1362px) 62vw, 840px\" \/><figcaption><a href=\"https:\/\/lossoldaditosdeplomo.com\/wp-content\/uploads\/2021\/07\/Herbet-Kno\u0308tel-Caballeria-Pesada_compressed.pdf\" target=\"_blank\" rel=\"noreferrer noopener\">Caballer\u00eda Pesada<\/a><\/figcaption><\/figure>\n","protected":false},"excerpt":{"rendered":"<p>Comenzamos el mes con una magnifica obra gr\u00e1fica de D.Jos\u00e9 M\u00aa Bueno publicada entre los a\u00f1os 1962-1963 recogiendo en una s\u00e9rie de postales sobre uniformes Espa\u00f1oles<\/p>\n","protected":false},"author":3,"featured_media":0,"parent":0,"menu_order":0,"comment_status":"closed","ping_status":"closed","template":"","meta":{"footnotes":""},"class_list":["post-109460","page","type-page","status-publish","hentry"],"yoast_head":"<!-- This site is optimized with the Yoast SEO plugin v27.0 - https:\/\/yoast.com\/product\/yoast-seo-wordpress\/ -->\n<title>JULIO 2021 - El mundo de los soldaditos de plomo<\/title>\n<meta name=\"robots\" content=\"index, follow, max-snippet:-1, max-image-preview:large, max-video-preview:-1\" \/>\n<link rel=\"canonical\" href=\"https:\/\/lossoldaditosdeplomo.com\/index.php\/novedades-julio-2021\/\" \/>\n<meta property=\"og:locale\" content=\"es_ES\" \/>\n<meta property=\"og:type\" content=\"article\" \/>\n<meta property=\"og:title\" content=\"JULIO 2021 - El mundo de los soldaditos de plomo\" \/>\n<meta property=\"og:description\" content=\"Comenzamos el mes con una magnifica obra gr\u00e1fica de D.Jos\u00e9 M\u00aa Bueno publicada entre los a\u00f1os 1962-1963 recogiendo en una s\u00e9rie de postales sobre uniformes Espa\u00f1oles\" \/>\n<meta property=\"og:url\" content=\"https:\/\/lossoldaditosdeplomo.com\/index.php\/novedades-julio-2021\/\" \/>\n<meta property=\"og:site_name\" content=\"El mundo de los soldaditos de plomo\" \/>\n<meta property=\"article:publisher\" content=\"https:\/\/www.facebook.com\/El-mundo-de-los-soldaditos-de-plomo-943145209407047\/?modal=admin_todo_tour\" \/>\n<meta property=\"article:modified_time\" content=\"2021-07-27T11:54:06+00:00\" \/>\n<meta property=\"og:image\" content=\"https:\/\/lossoldaditosdeplomo.com\/wp-content\/uploads\/2021\/07\/coleccion-hachette.png\" \/>\n<meta name=\"twitter:card\" content=\"summary_large_image\" \/>\n<script type=\"application\/ld+json\" class=\"yoast-schema-graph\">{\"@context\":\"https:\/\/schema.org\",\"@graph\":[{\"@type\":\"WebPage\",\"@id\":\"https:\/\/lossoldaditosdeplomo.com\/index.php\/novedades-julio-2021\/\",\"url\":\"https:\/\/lossoldaditosdeplomo.com\/index.php\/novedades-julio-2021\/\",\"name\":\"JULIO 2021 - El mundo de los soldaditos de plomo\",\"isPartOf\":{\"@id\":\"https:\/\/lossoldaditosdeplomo.com\/#website\"},\"primaryImageOfPage\":{\"@id\":\"https:\/\/lossoldaditosdeplomo.com\/index.php\/novedades-julio-2021\/#primaryimage\"},\"image\":{\"@id\":\"https:\/\/lossoldaditosdeplomo.com\/index.php\/novedades-julio-2021\/#primaryimage\"},\"thumbnailUrl\":\"https:\/\/lossoldaditosdeplomo.com\/wp-content\/uploads\/2021\/07\/coleccion-hachette.png\",\"datePublished\":\"2021-07-05T11:06:14+00:00\",\"dateModified\":\"2021-07-27T11:54:06+00:00\",\"breadcrumb\":{\"@id\":\"https:\/\/lossoldaditosdeplomo.com\/index.php\/novedades-julio-2021\/#breadcrumb\"},\"inLanguage\":\"es\",\"potentialAction\":[{\"@type\":\"ReadAction\",\"target\":[\"https:\/\/lossoldaditosdeplomo.com\/index.php\/novedades-julio-2021\/\"]}]},{\"@type\":\"ImageObject\",\"inLanguage\":\"es\",\"@id\":\"https:\/\/lossoldaditosdeplomo.com\/index.php\/novedades-julio-2021\/#primaryimage\",\"url\":\"https:\/\/lossoldaditosdeplomo.com\/wp-content\/uploads\/2021\/07\/coleccion-hachette.png?v=1627386631\",\"contentUrl\":\"https:\/\/lossoldaditosdeplomo.com\/wp-content\/uploads\/2021\/07\/coleccion-hachette.png?v=1627386631\",\"width\":577,\"height\":800},{\"@type\":\"BreadcrumbList\",\"@id\":\"https:\/\/lossoldaditosdeplomo.com\/index.php\/novedades-julio-2021\/#breadcrumb\",\"itemListElement\":[{\"@type\":\"ListItem\",\"position\":1,\"name\":\"Portada\",\"item\":\"https:\/\/lossoldaditosdeplomo.com\/\"},{\"@type\":\"ListItem\",\"position\":2,\"name\":\"JULIO 2021\"}]},{\"@type\":\"WebSite\",\"@id\":\"https:\/\/lossoldaditosdeplomo.com\/#website\",\"url\":\"https:\/\/lossoldaditosdeplomo.com\/\",\"name\":\"El mundo de los soldaditos de plomo\",\"description\":\"coleccionismo, pintura y restauraci\u00f3n soldaditos de plomo\",\"publisher\":{\"@id\":\"https:\/\/lossoldaditosdeplomo.com\/#organization\"},\"alternateName\":\"los soldaditos de plomo\",\"potentialAction\":[{\"@type\":\"SearchAction\",\"target\":{\"@type\":\"EntryPoint\",\"urlTemplate\":\"https:\/\/lossoldaditosdeplomo.com\/?s={search_term_string}\"},\"query-input\":{\"@type\":\"PropertyValueSpecification\",\"valueRequired\":true,\"valueName\":\"search_term_string\"}}],\"inLanguage\":\"es\"},{\"@type\":\"Organization\",\"@id\":\"https:\/\/lossoldaditosdeplomo.com\/#organization\",\"name\":\"El Mundo de los soldaditos de plomo\",\"alternateName\":\"los soldaditos de plomo\",\"url\":\"https:\/\/lossoldaditosdeplomo.com\/\",\"logo\":{\"@type\":\"ImageObject\",\"inLanguage\":\"es\",\"@id\":\"https:\/\/lossoldaditosdeplomo.com\/#\/schema\/logo\/image\/\",\"url\":\"https:\/\/lossoldaditosdeplomo.com\/wp-content\/uploads\/2018\/11\/cropped-IMG_0475-3.jpg\",\"contentUrl\":\"https:\/\/lossoldaditosdeplomo.com\/wp-content\/uploads\/2018\/11\/cropped-IMG_0475-3.jpg\",\"width\":391,\"height\":533,\"caption\":\"El Mundo de los soldaditos de plomo\"},\"image\":{\"@id\":\"https:\/\/lossoldaditosdeplomo.com\/#\/schema\/logo\/image\/\"},\"sameAs\":[\"https:\/\/www.facebook.com\/El-mundo-de-los-soldaditos-de-plomo-943145209407047\/?modal=admin_todo_tour\"]}]}<\/script>\n<!-- \/ Yoast SEO plugin. -->","yoast_head_json":{"title":"JULIO 2021 - El mundo de los soldaditos de plomo","robots":{"index":"index","follow":"follow","max-snippet":"max-snippet:-1","max-image-preview":"max-image-preview:large","max-video-preview":"max-video-preview:-1"},"canonical":"https:\/\/lossoldaditosdeplomo.com\/index.php\/novedades-julio-2021\/","og_locale":"es_ES","og_type":"article","og_title":"JULIO 2021 - El mundo de los soldaditos de plomo","og_description":"Comenzamos el mes con una magnifica obra gr\u00e1fica de D.Jos\u00e9 M\u00aa Bueno publicada entre los a\u00f1os 1962-1963 recogiendo en una s\u00e9rie de postales sobre uniformes Espa\u00f1oles","og_url":"https:\/\/lossoldaditosdeplomo.com\/index.php\/novedades-julio-2021\/","og_site_name":"El mundo de los soldaditos de plomo","article_publisher":"https:\/\/www.facebook.com\/El-mundo-de-los-soldaditos-de-plomo-943145209407047\/?modal=admin_todo_tour","article_modified_time":"2021-07-27T11:54:06+00:00","og_image":[{"url":"https:\/\/lossoldaditosdeplomo.com\/wp-content\/uploads\/2021\/07\/coleccion-hachette.png","type":"","width":"","height":""}],"twitter_card":"summary_large_image","schema":{"@context":"https:\/\/schema.org","@graph":[{"@type":"WebPage","@id":"https:\/\/lossoldaditosdeplomo.com\/index.php\/novedades-julio-2021\/","url":"https:\/\/lossoldaditosdeplomo.com\/index.php\/novedades-julio-2021\/","name":"JULIO 2021 - El mundo de los soldaditos de plomo","isPartOf":{"@id":"https:\/\/lossoldaditosdeplomo.com\/#website"},"primaryImageOfPage":{"@id":"https:\/\/lossoldaditosdeplomo.com\/index.php\/novedades-julio-2021\/#primaryimage"},"image":{"@id":"https:\/\/lossoldaditosdeplomo.com\/index.php\/novedades-julio-2021\/#primaryimage"},"thumbnailUrl":"https:\/\/lossoldaditosdeplomo.com\/wp-content\/uploads\/2021\/07\/coleccion-hachette.png","datePublished":"2021-07-05T11:06:14+00:00","dateModified":"2021-07-27T11:54:06+00:00","breadcrumb":{"@id":"https:\/\/lossoldaditosdeplomo.com\/index.php\/novedades-julio-2021\/#breadcrumb"},"inLanguage":"es","potentialAction":[{"@type":"ReadAction","target":["https:\/\/lossoldaditosdeplomo.com\/index.php\/novedades-julio-2021\/"]}]},{"@type":"ImageObject","inLanguage":"es","@id":"https:\/\/lossoldaditosdeplomo.com\/index.php\/novedades-julio-2021\/#primaryimage","url":"https:\/\/lossoldaditosdeplomo.com\/wp-content\/uploads\/2021\/07\/coleccion-hachette.png?v=1627386631","contentUrl":"https:\/\/lossoldaditosdeplomo.com\/wp-content\/uploads\/2021\/07\/coleccion-hachette.png?v=1627386631","width":577,"height":800},{"@type":"BreadcrumbList","@id":"https:\/\/lossoldaditosdeplomo.com\/index.php\/novedades-julio-2021\/#breadcrumb","itemListElement":[{"@type":"ListItem","position":1,"name":"Portada","item":"https:\/\/lossoldaditosdeplomo.com\/"},{"@type":"ListItem","position":2,"name":"JULIO 2021"}]},{"@type":"WebSite","@id":"https:\/\/lossoldaditosdeplomo.com\/#website","url":"https:\/\/lossoldaditosdeplomo.com\/","name":"El mundo de los soldaditos de plomo","description":"coleccionismo, pintura y restauraci\u00f3n soldaditos de plomo","publisher":{"@id":"https:\/\/lossoldaditosdeplomo.com\/#organization"},"alternateName":"los soldaditos de plomo","potentialAction":[{"@type":"SearchAction","target":{"@type":"EntryPoint","urlTemplate":"https:\/\/lossoldaditosdeplomo.com\/?s={search_term_string}"},"query-input":{"@type":"PropertyValueSpecification","valueRequired":true,"valueName":"search_term_string"}}],"inLanguage":"es"},{"@type":"Organization","@id":"https:\/\/lossoldaditosdeplomo.com\/#organization","name":"El Mundo de los soldaditos de plomo","alternateName":"los soldaditos de plomo","url":"https:\/\/lossoldaditosdeplomo.com\/","logo":{"@type":"ImageObject","inLanguage":"es","@id":"https:\/\/lossoldaditosdeplomo.com\/#\/schema\/logo\/image\/","url":"https:\/\/lossoldaditosdeplomo.com\/wp-content\/uploads\/2018\/11\/cropped-IMG_0475-3.jpg","contentUrl":"https:\/\/lossoldaditosdeplomo.com\/wp-content\/uploads\/2018\/11\/cropped-IMG_0475-3.jpg","width":391,"height":533,"caption":"El Mundo de los soldaditos de plomo"},"image":{"@id":"https:\/\/lossoldaditosdeplomo.com\/#\/schema\/logo\/image\/"},"sameAs":["https:\/\/www.facebook.com\/El-mundo-de-los-soldaditos-de-plomo-943145209407047\/?modal=admin_todo_tour"]}]}},"_links":{"self":[{"href":"https:\/\/lossoldaditosdeplomo.com\/index.php\/wp-json\/wp\/v2\/pages\/109460","targetHints":{"allow":["GET"]}}],"collection":[{"href":"https:\/\/lossoldaditosdeplomo.com\/index.php\/wp-json\/wp\/v2\/pages"}],"about":[{"href":"https:\/\/lossoldaditosdeplomo.com\/index.php\/wp-json\/wp\/v2\/types\/page"}],"author":[{"embeddable":true,"href":"https:\/\/lossoldaditosdeplomo.com\/index.php\/wp-json\/wp\/v2\/users\/3"}],"replies":[{"embeddable":true,"href":"https:\/\/lossoldaditosdeplomo.com\/index.php\/wp-json\/wp\/v2\/comments?post=109460"}],"version-history":[{"count":0,"href":"https:\/\/lossoldaditosdeplomo.com\/index.php\/wp-json\/wp\/v2\/pages\/109460\/revisions"}],"wp:attachment":[{"href":"https:\/\/lossoldaditosdeplomo.com\/index.php\/wp-json\/wp\/v2\/media?parent=109460"}],"curies":[{"name":"wp","href":"https:\/\/api.w.org\/{rel}","templated":true}]}}