{"id":109605,"date":"2021-09-01T13:29:14","date_gmt":"2021-09-01T11:29:14","guid":{"rendered":"https:\/\/lossoldaditosdeplomo.com\/?page_id=109605"},"modified":"2021-09-13T13:59:20","modified_gmt":"2021-09-13T11:59:20","slug":"septiembre-2021","status":"publish","type":"page","link":"https:\/\/lossoldaditosdeplomo.com\/index.php\/septiembre-2021\/","title":{"rendered":"SEPTIEMBRE 2021"},"content":{"rendered":"\n<p>Pasadas las vacaciones retomamos el pincel, y lo haremos con una figura en 90mm tipo Toys de la marca EKO. Estas figuras son muy toscas pero con un poco de cari\u00f1o quedan muy bonitas en nuestras estanter\u00edas.<\/p>\n\n\n\n<p>Una de las novedades que podreis observar es el tama\u00f1o de las fotograf\u00edas, espero que os guste el cambio.<\/p>\n\n\n\n<p>Os recuerdo que disponeis de una extensa biblioteca para consulta sobre uniformes y tambi\u00e9n un canal en Youtube donde podeis ver videos relacionados con el tema. <\/p>\n\n\n\n<p>Os recuerdo que podeis &#8220;pinchar&#8221; en la publicidad si os interesa el producto y suscribiros a<a href=\"https:\/\/www.youtube.com\/channel\/UCs1rz47JVhDEGmyAawysq3Q\"> nuestro canal<\/a> para estar informados y adem\u00e1s as\u00ed contribuir al mantenimiento de la p\u00e1gina.<\/p>\n\n\n\n<div class=\"wp-block-image\"><figure class=\"aligncenter size-medium\"><img loading=\"lazy\" decoding=\"async\" width=\"225\" height=\"300\" src=\"https:\/\/lossoldaditosdeplomo.com\/wp-content\/uploads\/2021\/09\/FRANCIA-Cazador-a-pie-de-la-G.I.-1810-ref-90.139-b-225x300.jpg?v=1630494722\" alt=\"\" class=\"wp-image-109599\" srcset=\"https:\/\/lossoldaditosdeplomo.com\/wp-content\/uploads\/2021\/09\/FRANCIA-Cazador-a-pie-de-la-G.I.-1810-ref-90.139-b-225x300.jpg?v=1630494722 225w, https:\/\/lossoldaditosdeplomo.com\/wp-content\/uploads\/2021\/09\/FRANCIA-Cazador-a-pie-de-la-G.I.-1810-ref-90.139-b-768x1024.jpg?v=1630494722 768w, https:\/\/lossoldaditosdeplomo.com\/wp-content\/uploads\/2021\/09\/FRANCIA-Cazador-a-pie-de-la-G.I.-1810-ref-90.139-b-1152x1536.jpg?v=1630494722 1152w, https:\/\/lossoldaditosdeplomo.com\/wp-content\/uploads\/2021\/09\/FRANCIA-Cazador-a-pie-de-la-G.I.-1810-ref-90.139-b-1536x2048.jpg?v=1630494722 1536w, https:\/\/lossoldaditosdeplomo.com\/wp-content\/uploads\/2021\/09\/FRANCIA-Cazador-a-pie-de-la-G.I.-1810-ref-90.139-b-1200x1600.jpg?v=1630494722 1200w, https:\/\/lossoldaditosdeplomo.com\/wp-content\/uploads\/2021\/09\/FRANCIA-Cazador-a-pie-de-la-G.I.-1810-ref-90.139-b-scaled.jpg?v=1630494722 600w\" sizes=\"auto, (max-width: 225px) 85vw, 225px\" \/><figcaption><a href=\"https:\/\/lossoldaditosdeplomo.com\/index.php\/catalog\/cazador-a-pie-de-la-guardia-imperial-1810\/\" target=\"_blank\" rel=\"noreferrer noopener\">Cazador a pie de la G.I. 1810<\/a><\/figcaption><\/figure><\/div>\n\n\n\n<p>Restauraci\u00f3n de figuras de Ram\u00f3n Labayen de principios de los a\u00f1os 70<\/p>\n\n\n\n<figure class=\"wp-block-gallery aligncenter columns-2 is-cropped wp-block-gallery-1 is-layout-flex wp-block-gallery-is-layout-flex\"><ul class=\"blocks-gallery-grid\"><li class=\"blocks-gallery-item\"><figure><img loading=\"lazy\" decoding=\"async\" width=\"225\" height=\"300\" src=\"https:\/\/lossoldaditosdeplomo.com\/wp-content\/uploads\/2021\/09\/Mariscal-Suchet-Uniforme-de-Campan\u0303a-Labayen-ref-7-d-225x300.jpg?v=1630577645\" alt=\"\" data-id=\"109614\" class=\"wp-image-109614\" srcset=\"https:\/\/lossoldaditosdeplomo.com\/wp-content\/uploads\/2021\/09\/Mariscal-Suchet-Uniforme-de-Campan\u0303a-Labayen-ref-7-d-225x300.jpg?v=1630577645 225w, https:\/\/lossoldaditosdeplomo.com\/wp-content\/uploads\/2021\/09\/Mariscal-Suchet-Uniforme-de-Campan\u0303a-Labayen-ref-7-d-768x1024.jpg?v=1630577645 768w, https:\/\/lossoldaditosdeplomo.com\/wp-content\/uploads\/2021\/09\/Mariscal-Suchet-Uniforme-de-Campan\u0303a-Labayen-ref-7-d-1152x1536.jpg?v=1630577645 1152w, https:\/\/lossoldaditosdeplomo.com\/wp-content\/uploads\/2021\/09\/Mariscal-Suchet-Uniforme-de-Campan\u0303a-Labayen-ref-7-d-1536x2048.jpg?v=1630577645 1536w, https:\/\/lossoldaditosdeplomo.com\/wp-content\/uploads\/2021\/09\/Mariscal-Suchet-Uniforme-de-Campan\u0303a-Labayen-ref-7-d-1200x1600.jpg?v=1630577645 1200w, https:\/\/lossoldaditosdeplomo.com\/wp-content\/uploads\/2021\/09\/Mariscal-Suchet-Uniforme-de-Campan\u0303a-Labayen-ref-7-d-scaled.jpg?v=1630577645 600w\" sizes=\"auto, (max-width: 225px) 85vw, 225px\" \/><figcaption class=\"blocks-gallery-item__caption\"><a href=\"https:\/\/lossoldaditosdeplomo.com\/index.php\/catalog\/mariscal-suchet-uniforme-de-campana\/\" target=\"_blank\" rel=\"noreferrer noopener\">Mariscal Suchet<\/a><\/figcaption><\/figure><\/li><li class=\"blocks-gallery-item\"><figure><img loading=\"lazy\" decoding=\"async\" width=\"225\" height=\"300\" src=\"https:\/\/lossoldaditosdeplomo.com\/wp-content\/uploads\/2021\/09\/Oficial-de-Ingenieros-de-la-G.I.-Labayen-ref-28A-225x300.jpg?v=1630578945\" alt=\"\" data-id=\"109618\" class=\"wp-image-109618\" srcset=\"https:\/\/lossoldaditosdeplomo.com\/wp-content\/uploads\/2021\/09\/Oficial-de-Ingenieros-de-la-G.I.-Labayen-ref-28A-225x300.jpg?v=1630578945 225w, https:\/\/lossoldaditosdeplomo.com\/wp-content\/uploads\/2021\/09\/Oficial-de-Ingenieros-de-la-G.I.-Labayen-ref-28A-768x1024.jpg?v=1630578945 768w, https:\/\/lossoldaditosdeplomo.com\/wp-content\/uploads\/2021\/09\/Oficial-de-Ingenieros-de-la-G.I.-Labayen-ref-28A-1152x1536.jpg?v=1630578945 1152w, https:\/\/lossoldaditosdeplomo.com\/wp-content\/uploads\/2021\/09\/Oficial-de-Ingenieros-de-la-G.I.-Labayen-ref-28A-1536x2048.jpg?v=1630578945 1536w, https:\/\/lossoldaditosdeplomo.com\/wp-content\/uploads\/2021\/09\/Oficial-de-Ingenieros-de-la-G.I.-Labayen-ref-28A-1200x1600.jpg?v=1630578945 1200w, https:\/\/lossoldaditosdeplomo.com\/wp-content\/uploads\/2021\/09\/Oficial-de-Ingenieros-de-la-G.I.-Labayen-ref-28A-scaled.jpg?v=1630578945 600w\" sizes=\"auto, (max-width: 225px) 85vw, 225px\" \/><figcaption class=\"blocks-gallery-item__caption\"><a href=\"https:\/\/lossoldaditosdeplomo.com\/index.php\/catalog\/oficial-de-ingenieros-de-la-guardia-imperial\/\" target=\"_blank\" rel=\"noreferrer noopener\">Oficial de Ingenieros de la G.I.<\/a><\/figcaption><\/figure><\/li><\/ul><\/figure>\n\n\n\n<div class=\"wp-block-image\"><figure class=\"aligncenter size-full\"><img loading=\"lazy\" decoding=\"async\" width=\"600\" height=\"800\" src=\"https:\/\/lossoldaditosdeplomo.com\/wp-content\/uploads\/2021\/09\/Coronel-General-de-Dragones-d\u00b4Hilliers.-Labayen-54mm-e-scaled.jpg?v=1631187009\" alt=\"\" class=\"wp-image-109657\" srcset=\"https:\/\/lossoldaditosdeplomo.com\/wp-content\/uploads\/2021\/09\/Coronel-General-de-Dragones-d\u00b4Hilliers.-Labayen-54mm-e-scaled.jpg?v=1631187009 600w, https:\/\/lossoldaditosdeplomo.com\/wp-content\/uploads\/2021\/09\/Coronel-General-de-Dragones-d\u00b4Hilliers.-Labayen-54mm-e-225x300.jpg?v=1631187009 225w, https:\/\/lossoldaditosdeplomo.com\/wp-content\/uploads\/2021\/09\/Coronel-General-de-Dragones-d\u00b4Hilliers.-Labayen-54mm-e-768x1024.jpg?v=1631187009 768w, https:\/\/lossoldaditosdeplomo.com\/wp-content\/uploads\/2021\/09\/Coronel-General-de-Dragones-d\u00b4Hilliers.-Labayen-54mm-e-1152x1536.jpg?v=1631187009 1152w, https:\/\/lossoldaditosdeplomo.com\/wp-content\/uploads\/2021\/09\/Coronel-General-de-Dragones-d\u00b4Hilliers.-Labayen-54mm-e-1536x2048.jpg?v=1631187009 1536w, https:\/\/lossoldaditosdeplomo.com\/wp-content\/uploads\/2021\/09\/Coronel-General-de-Dragones-d\u00b4Hilliers.-Labayen-54mm-e-1200x1600.jpg?v=1631187009 1200w\" sizes=\"auto, (max-width: 600px) 85vw, 600px\" \/><figcaption><a href=\"https:\/\/lossoldaditosdeplomo.com\/index.php\/catalog\/dhilliers-coronel-general-de-dragones\/\" target=\"_blank\" rel=\"noreferrer noopener\">Coronel General de Dragones<\/a><\/figcaption><\/figure><\/div>\n\n\n\n<figure class=\"wp-block-image size-full\"><img loading=\"lazy\" decoding=\"async\" width=\"800\" height=\"724\" src=\"https:\/\/lossoldaditosdeplomo.com\/wp-content\/uploads\/2021\/09\/10b10-scaled.jpeg\" alt=\"\" class=\"wp-image-109626\" srcset=\"https:\/\/lossoldaditosdeplomo.com\/wp-content\/uploads\/2021\/09\/10b10-scaled.jpeg?v=1630668844 800w, https:\/\/lossoldaditosdeplomo.com\/wp-content\/uploads\/2021\/09\/10b10-300x272.jpeg?v=1630668844 300w, https:\/\/lossoldaditosdeplomo.com\/wp-content\/uploads\/2021\/09\/10b10-768x695.jpeg?v=1630668844 768w\" sizes=\"auto, (max-width: 800px) 85vw, 800px\" \/><figcaption><a rel=\"noreferrer noopener\" href=\"https:\/\/www.leforumlafigurine.com\/c2-vos-travaux\" target=\"_blank\">Interesante p\u00e1gina francesa<\/a> (www.leforumlafigurine.com)<\/figcaption><\/figure>\n\n\n\n<figure class=\"wp-block-image size-full\"><img loading=\"lazy\" decoding=\"async\" width=\"600\" height=\"800\" src=\"https:\/\/lossoldaditosdeplomo.com\/wp-content\/uploads\/2021\/09\/Caballero-de-la-guerra-de-los-100-an\u0303os-Border-Miniatures-70-A3-d-scaled.jpg\" alt=\"\" class=\"wp-image-109648\" srcset=\"https:\/\/lossoldaditosdeplomo.com\/wp-content\/uploads\/2021\/09\/Caballero-de-la-guerra-de-los-100-an\u0303os-Border-Miniatures-70-A3-d-scaled.jpg?v=1630929697 600w, https:\/\/lossoldaditosdeplomo.com\/wp-content\/uploads\/2021\/09\/Caballero-de-la-guerra-de-los-100-an\u0303os-Border-Miniatures-70-A3-d-225x300.jpg?v=1630929697 225w, https:\/\/lossoldaditosdeplomo.com\/wp-content\/uploads\/2021\/09\/Caballero-de-la-guerra-de-los-100-an\u0303os-Border-Miniatures-70-A3-d-768x1024.jpg?v=1630929697 768w, https:\/\/lossoldaditosdeplomo.com\/wp-content\/uploads\/2021\/09\/Caballero-de-la-guerra-de-los-100-an\u0303os-Border-Miniatures-70-A3-d-1152x1536.jpg?v=1630929697 1152w, https:\/\/lossoldaditosdeplomo.com\/wp-content\/uploads\/2021\/09\/Caballero-de-la-guerra-de-los-100-an\u0303os-Border-Miniatures-70-A3-d-1536x2048.jpg?v=1630929697 1536w, https:\/\/lossoldaditosdeplomo.com\/wp-content\/uploads\/2021\/09\/Caballero-de-la-guerra-de-los-100-an\u0303os-Border-Miniatures-70-A3-d-1200x1600.jpg?v=1630929697 1200w\" sizes=\"auto, (max-width: 600px) 85vw, 600px\" \/><figcaption><a href=\"https:\/\/lossoldaditosdeplomo.com\/index.php\/catalog\/caballero-de-la-guerra-de-los-100-anos-1-400\/\" target=\"_blank\" rel=\"noreferrer noopener\">Caballero Medieval (Guerra de los 100 a\u00f1os) 1.400<\/a><\/figcaption><\/figure>\n\n\n\n<figure class=\"wp-block-image size-full\"><img loading=\"lazy\" decoding=\"async\" width=\"522\" height=\"800\" src=\"https:\/\/lossoldaditosdeplomo.com\/wp-content\/uploads\/2021\/09\/Captura-de-pantalla-2021-09-06-a-las-13.27.40-1.png\" alt=\"\" class=\"wp-image-109638\" srcset=\"https:\/\/lossoldaditosdeplomo.com\/wp-content\/uploads\/2021\/09\/Captura-de-pantalla-2021-09-06-a-las-13.27.40-1.png?v=1630927738 522w, https:\/\/lossoldaditosdeplomo.com\/wp-content\/uploads\/2021\/09\/Captura-de-pantalla-2021-09-06-a-las-13.27.40-1-196x300.png?v=1630927738 196w\" sizes=\"auto, (max-width: 522px) 85vw, 522px\" \/><figcaption><a href=\"https:\/\/lossoldaditosdeplomo.com\/wp-content\/uploads\/2021\/09\/BorderMiniatures-1993_compressed.pdf\" target=\"_blank\" rel=\"noreferrer noopener\">Cat\u00e1logo de la marca BORDER MINIATURES<\/a><\/figcaption><\/figure>\n\n\n\n<figure class=\"wp-block-image size-full\"><img loading=\"lazy\" decoding=\"async\" width=\"569\" height=\"800\" src=\"https:\/\/lossoldaditosdeplomo.com\/wp-content\/uploads\/2021\/09\/Captura-de-pantalla-2021-09-13-a-las-13.19.39-1.png\" alt=\"\" class=\"wp-image-109662\" srcset=\"https:\/\/lossoldaditosdeplomo.com\/wp-content\/uploads\/2021\/09\/Captura-de-pantalla-2021-09-13-a-las-13.19.39-1.png?v=1631534097 569w, https:\/\/lossoldaditosdeplomo.com\/wp-content\/uploads\/2021\/09\/Captura-de-pantalla-2021-09-13-a-las-13.19.39-1-214x300.png?v=1631534097 214w\" sizes=\"auto, (max-width: 569px) 85vw, 569px\" \/><figcaption><a href=\"https:\/\/lossoldaditosdeplomo.com\/wp-content\/uploads\/2021\/09\/METAL-MODELS_compressed.pdf\" target=\"_blank\" rel=\"noreferrer noopener\">Cat\u00e1logo de Metal Modeles a\u00f1o 2.000<\/a><\/figcaption><\/figure>\n","protected":false},"excerpt":{"rendered":"<p>Pasadas las vacaciones retomamos el pincel, y lo haremos con una figura en 90mm tipo Toys de la marca EKO. Estas figuras son muy toscas pero con un poco de cari\u00f1o quedan muy bonitas en nuestras estanter\u00edas. Una de las novedades que podreis observar es el tama\u00f1o de las fotograf\u00edas, espero que os guste el &hellip; <a href=\"https:\/\/lossoldaditosdeplomo.com\/index.php\/septiembre-2021\/\" class=\"more-link\">Continuar leyendo<span class=\"screen-reader-text\"> &#8220;SEPTIEMBRE 2021&#8221;<\/span><\/a><\/p>\n","protected":false},"author":3,"featured_media":0,"parent":0,"menu_order":0,"comment_status":"closed","ping_status":"closed","template":"","meta":{"footnotes":""},"class_list":["post-109605","page","type-page","status-publish","hentry"],"yoast_head":"<!-- This site is optimized with the Yoast SEO plugin v27.0 - https:\/\/yoast.com\/product\/yoast-seo-wordpress\/ -->\n<title>SEPTIEMBRE 2021 - El mundo de los soldaditos de plomo<\/title>\n<meta name=\"robots\" content=\"index, follow, max-snippet:-1, max-image-preview:large, max-video-preview:-1\" \/>\n<link rel=\"canonical\" href=\"https:\/\/lossoldaditosdeplomo.com\/index.php\/septiembre-2021\/\" \/>\n<meta property=\"og:locale\" content=\"es_ES\" \/>\n<meta property=\"og:type\" content=\"article\" \/>\n<meta property=\"og:title\" content=\"SEPTIEMBRE 2021 - El mundo de los soldaditos de plomo\" \/>\n<meta property=\"og:description\" content=\"Pasadas las vacaciones retomamos el pincel, y lo haremos con una figura en 90mm tipo Toys de la marca EKO. Estas figuras son muy toscas pero con un poco de cari\u00f1o quedan muy bonitas en nuestras estanter\u00edas. Una de las novedades que podreis observar es el tama\u00f1o de las fotograf\u00edas, espero que os guste el &hellip; Continuar leyendo &quot;SEPTIEMBRE 2021&quot;\" \/>\n<meta property=\"og:url\" content=\"https:\/\/lossoldaditosdeplomo.com\/index.php\/septiembre-2021\/\" \/>\n<meta property=\"og:site_name\" content=\"El mundo de los soldaditos de plomo\" \/>\n<meta property=\"article:publisher\" content=\"https:\/\/www.facebook.com\/El-mundo-de-los-soldaditos-de-plomo-943145209407047\/?modal=admin_todo_tour\" \/>\n<meta property=\"article:modified_time\" content=\"2021-09-13T11:59:20+00:00\" \/>\n<meta property=\"og:image\" content=\"https:\/\/lossoldaditosdeplomo.com\/wp-content\/uploads\/2021\/09\/FRANCIA-Cazador-a-pie-de-la-G.I.-1810-ref-90.139-b-225x300.jpg?v=1630494722\" \/>\n<meta name=\"twitter:card\" content=\"summary_large_image\" \/>\n<meta name=\"twitter:label1\" content=\"Tiempo de lectura\" \/>\n\t<meta name=\"twitter:data1\" content=\"1 minuto\" \/>\n<script type=\"application\/ld+json\" class=\"yoast-schema-graph\">{\"@context\":\"https:\/\/schema.org\",\"@graph\":[{\"@type\":\"WebPage\",\"@id\":\"https:\/\/lossoldaditosdeplomo.com\/index.php\/septiembre-2021\/\",\"url\":\"https:\/\/lossoldaditosdeplomo.com\/index.php\/septiembre-2021\/\",\"name\":\"SEPTIEMBRE 2021 - El mundo de los soldaditos de plomo\",\"isPartOf\":{\"@id\":\"https:\/\/lossoldaditosdeplomo.com\/#website\"},\"primaryImageOfPage\":{\"@id\":\"https:\/\/lossoldaditosdeplomo.com\/index.php\/septiembre-2021\/#primaryimage\"},\"image\":{\"@id\":\"https:\/\/lossoldaditosdeplomo.com\/index.php\/septiembre-2021\/#primaryimage\"},\"thumbnailUrl\":\"https:\/\/lossoldaditosdeplomo.com\/wp-content\/uploads\/2021\/09\/FRANCIA-Cazador-a-pie-de-la-G.I.-1810-ref-90.139-b-225x300.jpg?v=1630494722\",\"datePublished\":\"2021-09-01T11:29:14+00:00\",\"dateModified\":\"2021-09-13T11:59:20+00:00\",\"breadcrumb\":{\"@id\":\"https:\/\/lossoldaditosdeplomo.com\/index.php\/septiembre-2021\/#breadcrumb\"},\"inLanguage\":\"es\",\"potentialAction\":[{\"@type\":\"ReadAction\",\"target\":[\"https:\/\/lossoldaditosdeplomo.com\/index.php\/septiembre-2021\/\"]}]},{\"@type\":\"ImageObject\",\"inLanguage\":\"es\",\"@id\":\"https:\/\/lossoldaditosdeplomo.com\/index.php\/septiembre-2021\/#primaryimage\",\"url\":\"https:\/\/lossoldaditosdeplomo.com\/wp-content\/uploads\/2021\/09\/FRANCIA-Cazador-a-pie-de-la-G.I.-1810-ref-90.139-b-scaled.jpg?v=1630494722\",\"contentUrl\":\"https:\/\/lossoldaditosdeplomo.com\/wp-content\/uploads\/2021\/09\/FRANCIA-Cazador-a-pie-de-la-G.I.-1810-ref-90.139-b-scaled.jpg?v=1630494722\",\"width\":600,\"height\":800},{\"@type\":\"BreadcrumbList\",\"@id\":\"https:\/\/lossoldaditosdeplomo.com\/index.php\/septiembre-2021\/#breadcrumb\",\"itemListElement\":[{\"@type\":\"ListItem\",\"position\":1,\"name\":\"Portada\",\"item\":\"https:\/\/lossoldaditosdeplomo.com\/\"},{\"@type\":\"ListItem\",\"position\":2,\"name\":\"SEPTIEMBRE 2021\"}]},{\"@type\":\"WebSite\",\"@id\":\"https:\/\/lossoldaditosdeplomo.com\/#website\",\"url\":\"https:\/\/lossoldaditosdeplomo.com\/\",\"name\":\"El mundo de los soldaditos de plomo\",\"description\":\"coleccionismo, pintura y restauraci\u00f3n soldaditos de plomo\",\"publisher\":{\"@id\":\"https:\/\/lossoldaditosdeplomo.com\/#organization\"},\"alternateName\":\"los soldaditos de plomo\",\"potentialAction\":[{\"@type\":\"SearchAction\",\"target\":{\"@type\":\"EntryPoint\",\"urlTemplate\":\"https:\/\/lossoldaditosdeplomo.com\/?s={search_term_string}\"},\"query-input\":{\"@type\":\"PropertyValueSpecification\",\"valueRequired\":true,\"valueName\":\"search_term_string\"}}],\"inLanguage\":\"es\"},{\"@type\":\"Organization\",\"@id\":\"https:\/\/lossoldaditosdeplomo.com\/#organization\",\"name\":\"El Mundo de los soldaditos de plomo\",\"alternateName\":\"los soldaditos de plomo\",\"url\":\"https:\/\/lossoldaditosdeplomo.com\/\",\"logo\":{\"@type\":\"ImageObject\",\"inLanguage\":\"es\",\"@id\":\"https:\/\/lossoldaditosdeplomo.com\/#\/schema\/logo\/image\/\",\"url\":\"https:\/\/lossoldaditosdeplomo.com\/wp-content\/uploads\/2018\/11\/cropped-IMG_0475-3.jpg\",\"contentUrl\":\"https:\/\/lossoldaditosdeplomo.com\/wp-content\/uploads\/2018\/11\/cropped-IMG_0475-3.jpg\",\"width\":391,\"height\":533,\"caption\":\"El Mundo de los soldaditos de plomo\"},\"image\":{\"@id\":\"https:\/\/lossoldaditosdeplomo.com\/#\/schema\/logo\/image\/\"},\"sameAs\":[\"https:\/\/www.facebook.com\/El-mundo-de-los-soldaditos-de-plomo-943145209407047\/?modal=admin_todo_tour\"]}]}<\/script>\n<!-- \/ Yoast SEO plugin. -->","yoast_head_json":{"title":"SEPTIEMBRE 2021 - El mundo de los soldaditos de plomo","robots":{"index":"index","follow":"follow","max-snippet":"max-snippet:-1","max-image-preview":"max-image-preview:large","max-video-preview":"max-video-preview:-1"},"canonical":"https:\/\/lossoldaditosdeplomo.com\/index.php\/septiembre-2021\/","og_locale":"es_ES","og_type":"article","og_title":"SEPTIEMBRE 2021 - El mundo de los soldaditos de plomo","og_description":"Pasadas las vacaciones retomamos el pincel, y lo haremos con una figura en 90mm tipo Toys de la marca EKO. Estas figuras son muy toscas pero con un poco de cari\u00f1o quedan muy bonitas en nuestras estanter\u00edas. Una de las novedades que podreis observar es el tama\u00f1o de las fotograf\u00edas, espero que os guste el &hellip; Continuar leyendo \"SEPTIEMBRE 2021\"","og_url":"https:\/\/lossoldaditosdeplomo.com\/index.php\/septiembre-2021\/","og_site_name":"El mundo de los soldaditos de plomo","article_publisher":"https:\/\/www.facebook.com\/El-mundo-de-los-soldaditos-de-plomo-943145209407047\/?modal=admin_todo_tour","article_modified_time":"2021-09-13T11:59:20+00:00","og_image":[{"url":"https:\/\/lossoldaditosdeplomo.com\/wp-content\/uploads\/2021\/09\/FRANCIA-Cazador-a-pie-de-la-G.I.-1810-ref-90.139-b-225x300.jpg?v=1630494722","type":"","width":"","height":""}],"twitter_card":"summary_large_image","twitter_misc":{"Tiempo de lectura":"1 minuto"},"schema":{"@context":"https:\/\/schema.org","@graph":[{"@type":"WebPage","@id":"https:\/\/lossoldaditosdeplomo.com\/index.php\/septiembre-2021\/","url":"https:\/\/lossoldaditosdeplomo.com\/index.php\/septiembre-2021\/","name":"SEPTIEMBRE 2021 - El mundo de los soldaditos de plomo","isPartOf":{"@id":"https:\/\/lossoldaditosdeplomo.com\/#website"},"primaryImageOfPage":{"@id":"https:\/\/lossoldaditosdeplomo.com\/index.php\/septiembre-2021\/#primaryimage"},"image":{"@id":"https:\/\/lossoldaditosdeplomo.com\/index.php\/septiembre-2021\/#primaryimage"},"thumbnailUrl":"https:\/\/lossoldaditosdeplomo.com\/wp-content\/uploads\/2021\/09\/FRANCIA-Cazador-a-pie-de-la-G.I.-1810-ref-90.139-b-225x300.jpg?v=1630494722","datePublished":"2021-09-01T11:29:14+00:00","dateModified":"2021-09-13T11:59:20+00:00","breadcrumb":{"@id":"https:\/\/lossoldaditosdeplomo.com\/index.php\/septiembre-2021\/#breadcrumb"},"inLanguage":"es","potentialAction":[{"@type":"ReadAction","target":["https:\/\/lossoldaditosdeplomo.com\/index.php\/septiembre-2021\/"]}]},{"@type":"ImageObject","inLanguage":"es","@id":"https:\/\/lossoldaditosdeplomo.com\/index.php\/septiembre-2021\/#primaryimage","url":"https:\/\/lossoldaditosdeplomo.com\/wp-content\/uploads\/2021\/09\/FRANCIA-Cazador-a-pie-de-la-G.I.-1810-ref-90.139-b-scaled.jpg?v=1630494722","contentUrl":"https:\/\/lossoldaditosdeplomo.com\/wp-content\/uploads\/2021\/09\/FRANCIA-Cazador-a-pie-de-la-G.I.-1810-ref-90.139-b-scaled.jpg?v=1630494722","width":600,"height":800},{"@type":"BreadcrumbList","@id":"https:\/\/lossoldaditosdeplomo.com\/index.php\/septiembre-2021\/#breadcrumb","itemListElement":[{"@type":"ListItem","position":1,"name":"Portada","item":"https:\/\/lossoldaditosdeplomo.com\/"},{"@type":"ListItem","position":2,"name":"SEPTIEMBRE 2021"}]},{"@type":"WebSite","@id":"https:\/\/lossoldaditosdeplomo.com\/#website","url":"https:\/\/lossoldaditosdeplomo.com\/","name":"El mundo de los soldaditos de plomo","description":"coleccionismo, pintura y restauraci\u00f3n soldaditos de plomo","publisher":{"@id":"https:\/\/lossoldaditosdeplomo.com\/#organization"},"alternateName":"los soldaditos de plomo","potentialAction":[{"@type":"SearchAction","target":{"@type":"EntryPoint","urlTemplate":"https:\/\/lossoldaditosdeplomo.com\/?s={search_term_string}"},"query-input":{"@type":"PropertyValueSpecification","valueRequired":true,"valueName":"search_term_string"}}],"inLanguage":"es"},{"@type":"Organization","@id":"https:\/\/lossoldaditosdeplomo.com\/#organization","name":"El Mundo de los soldaditos de plomo","alternateName":"los soldaditos de plomo","url":"https:\/\/lossoldaditosdeplomo.com\/","logo":{"@type":"ImageObject","inLanguage":"es","@id":"https:\/\/lossoldaditosdeplomo.com\/#\/schema\/logo\/image\/","url":"https:\/\/lossoldaditosdeplomo.com\/wp-content\/uploads\/2018\/11\/cropped-IMG_0475-3.jpg","contentUrl":"https:\/\/lossoldaditosdeplomo.com\/wp-content\/uploads\/2018\/11\/cropped-IMG_0475-3.jpg","width":391,"height":533,"caption":"El Mundo de los soldaditos de plomo"},"image":{"@id":"https:\/\/lossoldaditosdeplomo.com\/#\/schema\/logo\/image\/"},"sameAs":["https:\/\/www.facebook.com\/El-mundo-de-los-soldaditos-de-plomo-943145209407047\/?modal=admin_todo_tour"]}]}},"_links":{"self":[{"href":"https:\/\/lossoldaditosdeplomo.com\/index.php\/wp-json\/wp\/v2\/pages\/109605","targetHints":{"allow":["GET"]}}],"collection":[{"href":"https:\/\/lossoldaditosdeplomo.com\/index.php\/wp-json\/wp\/v2\/pages"}],"about":[{"href":"https:\/\/lossoldaditosdeplomo.com\/index.php\/wp-json\/wp\/v2\/types\/page"}],"author":[{"embeddable":true,"href":"https:\/\/lossoldaditosdeplomo.com\/index.php\/wp-json\/wp\/v2\/users\/3"}],"replies":[{"embeddable":true,"href":"https:\/\/lossoldaditosdeplomo.com\/index.php\/wp-json\/wp\/v2\/comments?post=109605"}],"version-history":[{"count":0,"href":"https:\/\/lossoldaditosdeplomo.com\/index.php\/wp-json\/wp\/v2\/pages\/109605\/revisions"}],"wp:attachment":[{"href":"https:\/\/lossoldaditosdeplomo.com\/index.php\/wp-json\/wp\/v2\/media?parent=109605"}],"curies":[{"name":"wp","href":"https:\/\/api.w.org\/{rel}","templated":true}]}}