{"id":109764,"date":"2021-11-05T20:36:46","date_gmt":"2021-11-05T18:36:46","guid":{"rendered":"https:\/\/lossoldaditosdeplomo.com\/?page_id=109764"},"modified":"2021-11-14T21:45:19","modified_gmt":"2021-11-14T19:45:19","slug":"noviembre-2021","status":"publish","type":"page","link":"https:\/\/lossoldaditosdeplomo.com\/index.php\/noviembre-2021\/","title":{"rendered":"NOVIEMBRE 2021"},"content":{"rendered":"\n<p>Este mes lo dedicaremos a la recuperaci\u00f3n de varias figuras de la marca Alymer de los a\u00f1os 80 que han estado durante mucho tiempo olvidadas en una caja y siguiendo nuestra l\u00ednea trataremos de devolverlas a la vida.<\/p>\n\n\n\n<figure class=\"wp-block-image size-full\"><img loading=\"lazy\" decoding=\"async\" width=\"600\" height=\"800\" src=\"https:\/\/lossoldaditosdeplomo.com\/wp-content\/uploads\/2021\/11\/Ametralladora-francesa-22hotckiss22-con-servidores-1914-Alymer-651-g-scaled.jpg\" alt=\"\" class=\"wp-image-109763\" srcset=\"https:\/\/lossoldaditosdeplomo.com\/wp-content\/uploads\/2021\/11\/Ametralladora-francesa-22hotckiss22-con-servidores-1914-Alymer-651-g-scaled.jpg?v=1636137121 600w, https:\/\/lossoldaditosdeplomo.com\/wp-content\/uploads\/2021\/11\/Ametralladora-francesa-22hotckiss22-con-servidores-1914-Alymer-651-g-225x300.jpg?v=1636137121 225w, https:\/\/lossoldaditosdeplomo.com\/wp-content\/uploads\/2021\/11\/Ametralladora-francesa-22hotckiss22-con-servidores-1914-Alymer-651-g-768x1024.jpg?v=1636137121 768w, https:\/\/lossoldaditosdeplomo.com\/wp-content\/uploads\/2021\/11\/Ametralladora-francesa-22hotckiss22-con-servidores-1914-Alymer-651-g-1152x1536.jpg?v=1636137121 1152w, https:\/\/lossoldaditosdeplomo.com\/wp-content\/uploads\/2021\/11\/Ametralladora-francesa-22hotckiss22-con-servidores-1914-Alymer-651-g-1536x2048.jpg?v=1636137121 1536w, https:\/\/lossoldaditosdeplomo.com\/wp-content\/uploads\/2021\/11\/Ametralladora-francesa-22hotckiss22-con-servidores-1914-Alymer-651-g-1200x1600.jpg?v=1636137121 1200w\" sizes=\"auto, (max-width: 600px) 85vw, 600px\" \/><figcaption><a href=\"https:\/\/lossoldaditosdeplomo.com\/index.php\/catalog\/ametralladora-francesa-hotckiss-con-servidores-1914\/\" data-type=\"URL\" data-id=\"https:\/\/lossoldaditosdeplomo.com\/index.php\/catalog\/ametralladora-francesa-hotckiss-con-servidores-1914\/\" target=\"_blank\" rel=\"noreferrer noopener\">Ametralladora Hotckiss, 1914<\/a><\/figcaption><\/figure>\n\n\n\n<figure class=\"wp-block-image size-full\"><img loading=\"lazy\" decoding=\"async\" width=\"600\" height=\"800\" src=\"https:\/\/lossoldaditosdeplomo.com\/wp-content\/uploads\/2021\/11\/Brigada-quinto-Rgto-Republicano-Alymer-54mm.-e-scaled.jpg\" alt=\"\" class=\"wp-image-109775\" srcset=\"https:\/\/lossoldaditosdeplomo.com\/wp-content\/uploads\/2021\/11\/Brigada-quinto-Rgto-Republicano-Alymer-54mm.-e-scaled.jpg?v=1636535993 600w, https:\/\/lossoldaditosdeplomo.com\/wp-content\/uploads\/2021\/11\/Brigada-quinto-Rgto-Republicano-Alymer-54mm.-e-225x300.jpg?v=1636535993 225w, https:\/\/lossoldaditosdeplomo.com\/wp-content\/uploads\/2021\/11\/Brigada-quinto-Rgto-Republicano-Alymer-54mm.-e-768x1024.jpg?v=1636535993 768w, https:\/\/lossoldaditosdeplomo.com\/wp-content\/uploads\/2021\/11\/Brigada-quinto-Rgto-Republicano-Alymer-54mm.-e-1152x1536.jpg?v=1636535993 1152w, https:\/\/lossoldaditosdeplomo.com\/wp-content\/uploads\/2021\/11\/Brigada-quinto-Rgto-Republicano-Alymer-54mm.-e-1536x2048.jpg?v=1636535993 1536w, https:\/\/lossoldaditosdeplomo.com\/wp-content\/uploads\/2021\/11\/Brigada-quinto-Rgto-Republicano-Alymer-54mm.-e-1200x1600.jpg?v=1636535993 1200w\" sizes=\"auto, (max-width: 600px) 85vw, 600px\" \/><figcaption><a href=\"https:\/\/lossoldaditosdeplomo.com\/index.php\/catalog\/brigada-quinto-regimiento-republicano-1936\/\" target=\"_blank\" rel=\"noreferrer noopener\">Brigada 5\u00ba Regimiento Republicano<\/a><\/figcaption><\/figure>\n\n\n\n<figure class=\"wp-block-image size-full\"><img loading=\"lazy\" decoding=\"async\" width=\"600\" height=\"800\" src=\"https:\/\/lossoldaditosdeplomo.com\/wp-content\/uploads\/2021\/11\/Grupo-infantera-espan\u0303ola-1936-Alymer-ref-800-e-scaled.jpg\" alt=\"\" class=\"wp-image-109754\" srcset=\"https:\/\/lossoldaditosdeplomo.com\/wp-content\/uploads\/2021\/11\/Grupo-infantera-espan\u0303ola-1936-Alymer-ref-800-e-scaled.jpg?v=1635972786 600w, https:\/\/lossoldaditosdeplomo.com\/wp-content\/uploads\/2021\/11\/Grupo-infantera-espan\u0303ola-1936-Alymer-ref-800-e-225x300.jpg?v=1635972786 225w, https:\/\/lossoldaditosdeplomo.com\/wp-content\/uploads\/2021\/11\/Grupo-infantera-espan\u0303ola-1936-Alymer-ref-800-e-768x1024.jpg?v=1635972786 768w, https:\/\/lossoldaditosdeplomo.com\/wp-content\/uploads\/2021\/11\/Grupo-infantera-espan\u0303ola-1936-Alymer-ref-800-e-1152x1536.jpg?v=1635972786 1152w, https:\/\/lossoldaditosdeplomo.com\/wp-content\/uploads\/2021\/11\/Grupo-infantera-espan\u0303ola-1936-Alymer-ref-800-e-1536x2048.jpg?v=1635972786 1536w, https:\/\/lossoldaditosdeplomo.com\/wp-content\/uploads\/2021\/11\/Grupo-infantera-espan\u0303ola-1936-Alymer-ref-800-e-1200x1600.jpg?v=1635972786 1200w\" sizes=\"auto, (max-width: 600px) 85vw, 600px\" \/><figcaption><a href=\"https:\/\/lossoldaditosdeplomo.com\/index.php\/catalog\/grupo-de-infateria-espanola-1936\/\" target=\"_blank\" rel=\"noreferrer noopener\">Grupo Infanter\u00eda Espa\u00f1ola, 1936<\/a><\/figcaption><\/figure>\n\n\n\n<figure class=\"wp-block-image size-full\"><img loading=\"lazy\" decoding=\"async\" width=\"600\" height=\"800\" src=\"https:\/\/lossoldaditosdeplomo.com\/wp-content\/uploads\/2021\/11\/Rgto-Patria-1808-Espan\u0303a-Alymer-231-1-54mm-scaled.jpg\" alt=\"\" class=\"wp-image-109783\" srcset=\"https:\/\/lossoldaditosdeplomo.com\/wp-content\/uploads\/2021\/11\/Rgto-Patria-1808-Espan\u0303a-Alymer-231-1-54mm-scaled.jpg?v=1636714213 600w, https:\/\/lossoldaditosdeplomo.com\/wp-content\/uploads\/2021\/11\/Rgto-Patria-1808-Espan\u0303a-Alymer-231-1-54mm-225x300.jpg?v=1636714213 225w, https:\/\/lossoldaditosdeplomo.com\/wp-content\/uploads\/2021\/11\/Rgto-Patria-1808-Espan\u0303a-Alymer-231-1-54mm-768x1024.jpg?v=1636714213 768w, https:\/\/lossoldaditosdeplomo.com\/wp-content\/uploads\/2021\/11\/Rgto-Patria-1808-Espan\u0303a-Alymer-231-1-54mm-1152x1536.jpg?v=1636714213 1152w, https:\/\/lossoldaditosdeplomo.com\/wp-content\/uploads\/2021\/11\/Rgto-Patria-1808-Espan\u0303a-Alymer-231-1-54mm-1536x2048.jpg?v=1636714213 1536w, https:\/\/lossoldaditosdeplomo.com\/wp-content\/uploads\/2021\/11\/Rgto-Patria-1808-Espan\u0303a-Alymer-231-1-54mm-1200x1600.jpg?v=1636714213 1200w\" sizes=\"auto, (max-width: 600px) 85vw, 600px\" \/><figcaption><a href=\"https:\/\/lossoldaditosdeplomo.com\/index.php\/catalog\/regimiento-patria-espana-1808\/\" target=\"_blank\" rel=\"noreferrer noopener\">Regimiento patria, 1808<\/a><\/figcaption><\/figure>\n\n\n\n<figure class=\"wp-block-image size-full\"><img loading=\"lazy\" decoding=\"async\" width=\"600\" height=\"800\" src=\"https:\/\/lossoldaditosdeplomo.com\/wp-content\/uploads\/2021\/11\/Ametralladora-Inglesa-22Vickers22-1914-ref-Alymer-350-54mm-g-scaled.jpg\" alt=\"\" class=\"wp-image-109801\" srcset=\"https:\/\/lossoldaditosdeplomo.com\/wp-content\/uploads\/2021\/11\/Ametralladora-Inglesa-22Vickers22-1914-ref-Alymer-350-54mm-g-scaled.jpg?v=1636715182 600w, https:\/\/lossoldaditosdeplomo.com\/wp-content\/uploads\/2021\/11\/Ametralladora-Inglesa-22Vickers22-1914-ref-Alymer-350-54mm-g-225x300.jpg?v=1636715182 225w, https:\/\/lossoldaditosdeplomo.com\/wp-content\/uploads\/2021\/11\/Ametralladora-Inglesa-22Vickers22-1914-ref-Alymer-350-54mm-g-768x1024.jpg?v=1636715182 768w, https:\/\/lossoldaditosdeplomo.com\/wp-content\/uploads\/2021\/11\/Ametralladora-Inglesa-22Vickers22-1914-ref-Alymer-350-54mm-g-1152x1536.jpg?v=1636715182 1152w, https:\/\/lossoldaditosdeplomo.com\/wp-content\/uploads\/2021\/11\/Ametralladora-Inglesa-22Vickers22-1914-ref-Alymer-350-54mm-g-1536x2048.jpg?v=1636715182 1536w, https:\/\/lossoldaditosdeplomo.com\/wp-content\/uploads\/2021\/11\/Ametralladora-Inglesa-22Vickers22-1914-ref-Alymer-350-54mm-g-1200x1600.jpg?v=1636715182 1200w\" sizes=\"auto, (max-width: 600px) 85vw, 600px\" \/><figcaption><a href=\"https:\/\/lossoldaditosdeplomo.com\/index.php\/catalog\/ametralladora-inglesa-vickers-con-sus-servidores-1914\/\" target=\"_blank\" rel=\"noreferrer noopener\">Ametralladora Inglesa &#8220;Vickers&#8221; 1914<\/a><\/figcaption><\/figure>\n\n\n\n<figure class=\"wp-block-image size-full\"><img loading=\"lazy\" decoding=\"async\" width=\"600\" height=\"800\" src=\"https:\/\/lossoldaditosdeplomo.com\/wp-content\/uploads\/2021\/11\/Grupo-Infateria-alemana-1940-Alymer-ref-225-scaled.jpg\" alt=\"\" class=\"wp-image-109805\" srcset=\"https:\/\/lossoldaditosdeplomo.com\/wp-content\/uploads\/2021\/11\/Grupo-Infateria-alemana-1940-Alymer-ref-225-scaled.jpg?v=1636715778 600w, https:\/\/lossoldaditosdeplomo.com\/wp-content\/uploads\/2021\/11\/Grupo-Infateria-alemana-1940-Alymer-ref-225-225x300.jpg?v=1636715778 225w, https:\/\/lossoldaditosdeplomo.com\/wp-content\/uploads\/2021\/11\/Grupo-Infateria-alemana-1940-Alymer-ref-225-768x1024.jpg?v=1636715778 768w, https:\/\/lossoldaditosdeplomo.com\/wp-content\/uploads\/2021\/11\/Grupo-Infateria-alemana-1940-Alymer-ref-225-1152x1536.jpg?v=1636715778 1152w, https:\/\/lossoldaditosdeplomo.com\/wp-content\/uploads\/2021\/11\/Grupo-Infateria-alemana-1940-Alymer-ref-225-1536x2048.jpg?v=1636715778 1536w, https:\/\/lossoldaditosdeplomo.com\/wp-content\/uploads\/2021\/11\/Grupo-Infateria-alemana-1940-Alymer-ref-225-1200x1600.jpg?v=1636715778 1200w\" sizes=\"auto, (max-width: 600px) 85vw, 600px\" \/><figcaption><a href=\"https:\/\/lossoldaditosdeplomo.com\/index.php\/catalog\/grupo-infanteria-alemana-1940\/\" target=\"_blank\" rel=\"noreferrer noopener\">Grupo de Infanter\u00eda Alemana 1940<\/a><\/figcaption><\/figure>\n\n\n\n<figure class=\"wp-block-image size-full\"><img loading=\"lazy\" decoding=\"async\" width=\"600\" height=\"800\" src=\"https:\/\/lossoldaditosdeplomo.com\/wp-content\/uploads\/2021\/11\/Guerra-secesion-Grupo-artilleria-Alymer-240A-f-scaled.jpg\" alt=\"\" class=\"wp-image-109824\" srcset=\"https:\/\/lossoldaditosdeplomo.com\/wp-content\/uploads\/2021\/11\/Guerra-secesion-Grupo-artilleria-Alymer-240A-f-scaled.jpg?v=1636892151 600w, https:\/\/lossoldaditosdeplomo.com\/wp-content\/uploads\/2021\/11\/Guerra-secesion-Grupo-artilleria-Alymer-240A-f-225x300.jpg?v=1636892151 225w, https:\/\/lossoldaditosdeplomo.com\/wp-content\/uploads\/2021\/11\/Guerra-secesion-Grupo-artilleria-Alymer-240A-f-768x1024.jpg?v=1636892151 768w, https:\/\/lossoldaditosdeplomo.com\/wp-content\/uploads\/2021\/11\/Guerra-secesion-Grupo-artilleria-Alymer-240A-f-1152x1536.jpg?v=1636892151 1152w, https:\/\/lossoldaditosdeplomo.com\/wp-content\/uploads\/2021\/11\/Guerra-secesion-Grupo-artilleria-Alymer-240A-f-1536x2048.jpg?v=1636892151 1536w, https:\/\/lossoldaditosdeplomo.com\/wp-content\/uploads\/2021\/11\/Guerra-secesion-Grupo-artilleria-Alymer-240A-f-1200x1600.jpg?v=1636892151 1200w\" sizes=\"auto, (max-width: 600px) 85vw, 600px\" \/><figcaption><a href=\"https:\/\/lossoldaditosdeplomo.com\/index.php\/catalog\/grupo-artilleria-guerra-de-secesion\/\" target=\"_blank\" rel=\"noreferrer noopener\">Grupo Artiller\u00eda Guerra de Secesi\u00f3n<\/a><\/figcaption><\/figure>\n\n\n\n<figure class=\"wp-block-image size-full\"><img loading=\"lazy\" decoding=\"async\" width=\"600\" height=\"800\" src=\"https:\/\/lossoldaditosdeplomo.com\/wp-content\/uploads\/2021\/11\/Guerra-Secesion-Grupo-America-Norte-Alymer-ref-240-e-scaled.jpg\" alt=\"\" class=\"wp-image-109831\" srcset=\"https:\/\/lossoldaditosdeplomo.com\/wp-content\/uploads\/2021\/11\/Guerra-Secesion-Grupo-America-Norte-Alymer-ref-240-e-scaled.jpg?v=1636918919 600w, https:\/\/lossoldaditosdeplomo.com\/wp-content\/uploads\/2021\/11\/Guerra-Secesion-Grupo-America-Norte-Alymer-ref-240-e-225x300.jpg?v=1636918919 225w, https:\/\/lossoldaditosdeplomo.com\/wp-content\/uploads\/2021\/11\/Guerra-Secesion-Grupo-America-Norte-Alymer-ref-240-e-768x1024.jpg?v=1636918919 768w, https:\/\/lossoldaditosdeplomo.com\/wp-content\/uploads\/2021\/11\/Guerra-Secesion-Grupo-America-Norte-Alymer-ref-240-e-1152x1536.jpg?v=1636918919 1152w, https:\/\/lossoldaditosdeplomo.com\/wp-content\/uploads\/2021\/11\/Guerra-Secesion-Grupo-America-Norte-Alymer-ref-240-e-1536x2048.jpg?v=1636918919 1536w, https:\/\/lossoldaditosdeplomo.com\/wp-content\/uploads\/2021\/11\/Guerra-Secesion-Grupo-America-Norte-Alymer-ref-240-e-1200x1600.jpg?v=1636918919 1200w\" sizes=\"auto, (max-width: 600px) 85vw, 600px\" \/><figcaption><a href=\"https:\/\/lossoldaditosdeplomo.com\/index.php\/catalog\/guerra-de-secesion-grupoa-america-norte\/\" target=\"_blank\" rel=\"noreferrer noopener\">Guerra de Secesi\u00f3n, Grupo America Norte<\/a><\/figcaption><\/figure>\n","protected":false},"excerpt":{"rendered":"<p>Este mes lo dedicaremos a la recuperaci\u00f3n de varias figuras de la marca Alymer de los a\u00f1os 80 que han estado durante mucho tiempo olvidadas en una caja y siguiendo nuestra l\u00ednea trataremos de devolverlas a la vida.<\/p>\n","protected":false},"author":3,"featured_media":0,"parent":0,"menu_order":0,"comment_status":"closed","ping_status":"closed","template":"","meta":{"footnotes":""},"class_list":["post-109764","page","type-page","status-publish","hentry"],"yoast_head":"<!-- This site is optimized with the Yoast SEO plugin v27.0 - https:\/\/yoast.com\/product\/yoast-seo-wordpress\/ -->\n<title>NOVIEMBRE 2021 - El mundo de los soldaditos de plomo<\/title>\n<meta name=\"robots\" content=\"index, follow, max-snippet:-1, max-image-preview:large, max-video-preview:-1\" \/>\n<link rel=\"canonical\" href=\"https:\/\/lossoldaditosdeplomo.com\/index.php\/noviembre-2021\/\" \/>\n<meta property=\"og:locale\" content=\"es_ES\" \/>\n<meta property=\"og:type\" content=\"article\" \/>\n<meta property=\"og:title\" content=\"NOVIEMBRE 2021 - El mundo de los soldaditos de plomo\" \/>\n<meta property=\"og:description\" content=\"Este mes lo dedicaremos a la recuperaci\u00f3n de varias figuras de la marca Alymer de los a\u00f1os 80 que han estado durante mucho tiempo olvidadas en una caja y siguiendo nuestra l\u00ednea trataremos de devolverlas a la vida.\" \/>\n<meta property=\"og:url\" content=\"https:\/\/lossoldaditosdeplomo.com\/index.php\/noviembre-2021\/\" \/>\n<meta property=\"og:site_name\" content=\"El mundo de los soldaditos de plomo\" \/>\n<meta property=\"article:publisher\" content=\"https:\/\/www.facebook.com\/El-mundo-de-los-soldaditos-de-plomo-943145209407047\/?modal=admin_todo_tour\" \/>\n<meta property=\"article:modified_time\" content=\"2021-11-14T19:45:19+00:00\" \/>\n<meta property=\"og:image\" content=\"https:\/\/lossoldaditosdeplomo.com\/wp-content\/uploads\/2021\/11\/Ametralladora-francesa-22hotckiss22-con-servidores-1914-Alymer-651-g-scaled.jpg\" \/>\n<meta name=\"twitter:card\" content=\"summary_large_image\" \/>\n<script type=\"application\/ld+json\" class=\"yoast-schema-graph\">{\"@context\":\"https:\/\/schema.org\",\"@graph\":[{\"@type\":\"WebPage\",\"@id\":\"https:\/\/lossoldaditosdeplomo.com\/index.php\/noviembre-2021\/\",\"url\":\"https:\/\/lossoldaditosdeplomo.com\/index.php\/noviembre-2021\/\",\"name\":\"NOVIEMBRE 2021 - El mundo de los soldaditos de plomo\",\"isPartOf\":{\"@id\":\"https:\/\/lossoldaditosdeplomo.com\/#website\"},\"primaryImageOfPage\":{\"@id\":\"https:\/\/lossoldaditosdeplomo.com\/index.php\/noviembre-2021\/#primaryimage\"},\"image\":{\"@id\":\"https:\/\/lossoldaditosdeplomo.com\/index.php\/noviembre-2021\/#primaryimage\"},\"thumbnailUrl\":\"https:\/\/lossoldaditosdeplomo.com\/wp-content\/uploads\/2021\/11\/Ametralladora-francesa-22hotckiss22-con-servidores-1914-Alymer-651-g-scaled.jpg\",\"datePublished\":\"2021-11-05T18:36:46+00:00\",\"dateModified\":\"2021-11-14T19:45:19+00:00\",\"breadcrumb\":{\"@id\":\"https:\/\/lossoldaditosdeplomo.com\/index.php\/noviembre-2021\/#breadcrumb\"},\"inLanguage\":\"es\",\"potentialAction\":[{\"@type\":\"ReadAction\",\"target\":[\"https:\/\/lossoldaditosdeplomo.com\/index.php\/noviembre-2021\/\"]}]},{\"@type\":\"ImageObject\",\"inLanguage\":\"es\",\"@id\":\"https:\/\/lossoldaditosdeplomo.com\/index.php\/noviembre-2021\/#primaryimage\",\"url\":\"https:\/\/lossoldaditosdeplomo.com\/wp-content\/uploads\/2021\/11\/Ametralladora-francesa-22hotckiss22-con-servidores-1914-Alymer-651-g-scaled.jpg?v=1636137121\",\"contentUrl\":\"https:\/\/lossoldaditosdeplomo.com\/wp-content\/uploads\/2021\/11\/Ametralladora-francesa-22hotckiss22-con-servidores-1914-Alymer-651-g-scaled.jpg?v=1636137121\",\"width\":600,\"height\":800},{\"@type\":\"BreadcrumbList\",\"@id\":\"https:\/\/lossoldaditosdeplomo.com\/index.php\/noviembre-2021\/#breadcrumb\",\"itemListElement\":[{\"@type\":\"ListItem\",\"position\":1,\"name\":\"Portada\",\"item\":\"https:\/\/lossoldaditosdeplomo.com\/\"},{\"@type\":\"ListItem\",\"position\":2,\"name\":\"NOVIEMBRE 2021\"}]},{\"@type\":\"WebSite\",\"@id\":\"https:\/\/lossoldaditosdeplomo.com\/#website\",\"url\":\"https:\/\/lossoldaditosdeplomo.com\/\",\"name\":\"El mundo de los soldaditos de plomo\",\"description\":\"coleccionismo, pintura y restauraci\u00f3n soldaditos de plomo\",\"publisher\":{\"@id\":\"https:\/\/lossoldaditosdeplomo.com\/#organization\"},\"alternateName\":\"los soldaditos de plomo\",\"potentialAction\":[{\"@type\":\"SearchAction\",\"target\":{\"@type\":\"EntryPoint\",\"urlTemplate\":\"https:\/\/lossoldaditosdeplomo.com\/?s={search_term_string}\"},\"query-input\":{\"@type\":\"PropertyValueSpecification\",\"valueRequired\":true,\"valueName\":\"search_term_string\"}}],\"inLanguage\":\"es\"},{\"@type\":\"Organization\",\"@id\":\"https:\/\/lossoldaditosdeplomo.com\/#organization\",\"name\":\"El Mundo de los soldaditos de plomo\",\"alternateName\":\"los soldaditos de plomo\",\"url\":\"https:\/\/lossoldaditosdeplomo.com\/\",\"logo\":{\"@type\":\"ImageObject\",\"inLanguage\":\"es\",\"@id\":\"https:\/\/lossoldaditosdeplomo.com\/#\/schema\/logo\/image\/\",\"url\":\"https:\/\/lossoldaditosdeplomo.com\/wp-content\/uploads\/2018\/11\/cropped-IMG_0475-3.jpg\",\"contentUrl\":\"https:\/\/lossoldaditosdeplomo.com\/wp-content\/uploads\/2018\/11\/cropped-IMG_0475-3.jpg\",\"width\":391,\"height\":533,\"caption\":\"El Mundo de los soldaditos de plomo\"},\"image\":{\"@id\":\"https:\/\/lossoldaditosdeplomo.com\/#\/schema\/logo\/image\/\"},\"sameAs\":[\"https:\/\/www.facebook.com\/El-mundo-de-los-soldaditos-de-plomo-943145209407047\/?modal=admin_todo_tour\"]}]}<\/script>\n<!-- \/ Yoast SEO plugin. -->","yoast_head_json":{"title":"NOVIEMBRE 2021 - El mundo de los soldaditos de plomo","robots":{"index":"index","follow":"follow","max-snippet":"max-snippet:-1","max-image-preview":"max-image-preview:large","max-video-preview":"max-video-preview:-1"},"canonical":"https:\/\/lossoldaditosdeplomo.com\/index.php\/noviembre-2021\/","og_locale":"es_ES","og_type":"article","og_title":"NOVIEMBRE 2021 - El mundo de los soldaditos de plomo","og_description":"Este mes lo dedicaremos a la recuperaci\u00f3n de varias figuras de la marca Alymer de los a\u00f1os 80 que han estado durante mucho tiempo olvidadas en una caja y siguiendo nuestra l\u00ednea trataremos de devolverlas a la vida.","og_url":"https:\/\/lossoldaditosdeplomo.com\/index.php\/noviembre-2021\/","og_site_name":"El mundo de los soldaditos de plomo","article_publisher":"https:\/\/www.facebook.com\/El-mundo-de-los-soldaditos-de-plomo-943145209407047\/?modal=admin_todo_tour","article_modified_time":"2021-11-14T19:45:19+00:00","og_image":[{"url":"https:\/\/lossoldaditosdeplomo.com\/wp-content\/uploads\/2021\/11\/Ametralladora-francesa-22hotckiss22-con-servidores-1914-Alymer-651-g-scaled.jpg","type":"","width":"","height":""}],"twitter_card":"summary_large_image","schema":{"@context":"https:\/\/schema.org","@graph":[{"@type":"WebPage","@id":"https:\/\/lossoldaditosdeplomo.com\/index.php\/noviembre-2021\/","url":"https:\/\/lossoldaditosdeplomo.com\/index.php\/noviembre-2021\/","name":"NOVIEMBRE 2021 - El mundo de los soldaditos de plomo","isPartOf":{"@id":"https:\/\/lossoldaditosdeplomo.com\/#website"},"primaryImageOfPage":{"@id":"https:\/\/lossoldaditosdeplomo.com\/index.php\/noviembre-2021\/#primaryimage"},"image":{"@id":"https:\/\/lossoldaditosdeplomo.com\/index.php\/noviembre-2021\/#primaryimage"},"thumbnailUrl":"https:\/\/lossoldaditosdeplomo.com\/wp-content\/uploads\/2021\/11\/Ametralladora-francesa-22hotckiss22-con-servidores-1914-Alymer-651-g-scaled.jpg","datePublished":"2021-11-05T18:36:46+00:00","dateModified":"2021-11-14T19:45:19+00:00","breadcrumb":{"@id":"https:\/\/lossoldaditosdeplomo.com\/index.php\/noviembre-2021\/#breadcrumb"},"inLanguage":"es","potentialAction":[{"@type":"ReadAction","target":["https:\/\/lossoldaditosdeplomo.com\/index.php\/noviembre-2021\/"]}]},{"@type":"ImageObject","inLanguage":"es","@id":"https:\/\/lossoldaditosdeplomo.com\/index.php\/noviembre-2021\/#primaryimage","url":"https:\/\/lossoldaditosdeplomo.com\/wp-content\/uploads\/2021\/11\/Ametralladora-francesa-22hotckiss22-con-servidores-1914-Alymer-651-g-scaled.jpg?v=1636137121","contentUrl":"https:\/\/lossoldaditosdeplomo.com\/wp-content\/uploads\/2021\/11\/Ametralladora-francesa-22hotckiss22-con-servidores-1914-Alymer-651-g-scaled.jpg?v=1636137121","width":600,"height":800},{"@type":"BreadcrumbList","@id":"https:\/\/lossoldaditosdeplomo.com\/index.php\/noviembre-2021\/#breadcrumb","itemListElement":[{"@type":"ListItem","position":1,"name":"Portada","item":"https:\/\/lossoldaditosdeplomo.com\/"},{"@type":"ListItem","position":2,"name":"NOVIEMBRE 2021"}]},{"@type":"WebSite","@id":"https:\/\/lossoldaditosdeplomo.com\/#website","url":"https:\/\/lossoldaditosdeplomo.com\/","name":"El mundo de los soldaditos de plomo","description":"coleccionismo, pintura y restauraci\u00f3n soldaditos de plomo","publisher":{"@id":"https:\/\/lossoldaditosdeplomo.com\/#organization"},"alternateName":"los soldaditos de plomo","potentialAction":[{"@type":"SearchAction","target":{"@type":"EntryPoint","urlTemplate":"https:\/\/lossoldaditosdeplomo.com\/?s={search_term_string}"},"query-input":{"@type":"PropertyValueSpecification","valueRequired":true,"valueName":"search_term_string"}}],"inLanguage":"es"},{"@type":"Organization","@id":"https:\/\/lossoldaditosdeplomo.com\/#organization","name":"El Mundo de los soldaditos de plomo","alternateName":"los soldaditos de plomo","url":"https:\/\/lossoldaditosdeplomo.com\/","logo":{"@type":"ImageObject","inLanguage":"es","@id":"https:\/\/lossoldaditosdeplomo.com\/#\/schema\/logo\/image\/","url":"https:\/\/lossoldaditosdeplomo.com\/wp-content\/uploads\/2018\/11\/cropped-IMG_0475-3.jpg","contentUrl":"https:\/\/lossoldaditosdeplomo.com\/wp-content\/uploads\/2018\/11\/cropped-IMG_0475-3.jpg","width":391,"height":533,"caption":"El Mundo de los soldaditos de plomo"},"image":{"@id":"https:\/\/lossoldaditosdeplomo.com\/#\/schema\/logo\/image\/"},"sameAs":["https:\/\/www.facebook.com\/El-mundo-de-los-soldaditos-de-plomo-943145209407047\/?modal=admin_todo_tour"]}]}},"_links":{"self":[{"href":"https:\/\/lossoldaditosdeplomo.com\/index.php\/wp-json\/wp\/v2\/pages\/109764","targetHints":{"allow":["GET"]}}],"collection":[{"href":"https:\/\/lossoldaditosdeplomo.com\/index.php\/wp-json\/wp\/v2\/pages"}],"about":[{"href":"https:\/\/lossoldaditosdeplomo.com\/index.php\/wp-json\/wp\/v2\/types\/page"}],"author":[{"embeddable":true,"href":"https:\/\/lossoldaditosdeplomo.com\/index.php\/wp-json\/wp\/v2\/users\/3"}],"replies":[{"embeddable":true,"href":"https:\/\/lossoldaditosdeplomo.com\/index.php\/wp-json\/wp\/v2\/comments?post=109764"}],"version-history":[{"count":0,"href":"https:\/\/lossoldaditosdeplomo.com\/index.php\/wp-json\/wp\/v2\/pages\/109764\/revisions"}],"wp:attachment":[{"href":"https:\/\/lossoldaditosdeplomo.com\/index.php\/wp-json\/wp\/v2\/media?parent=109764"}],"curies":[{"name":"wp","href":"https:\/\/api.w.org\/{rel}","templated":true}]}}