{"id":109845,"date":"2021-12-06T23:37:27","date_gmt":"2021-12-06T21:37:27","guid":{"rendered":"https:\/\/lossoldaditosdeplomo.com\/?page_id=109845"},"modified":"2021-12-30T13:59:21","modified_gmt":"2021-12-30T11:59:21","slug":"diciembre-2021","status":"publish","type":"page","link":"https:\/\/lossoldaditosdeplomo.com\/index.php\/diciembre-2021\/","title":{"rendered":"DICIEMBRE 2021"},"content":{"rendered":"\n<p>Comenzamos el mes con una aportaci\u00f3n de Juan Carlos Santiago Guinea, se trata del Cat\u00e1logo de la Marca Oquendo MM.  (1984-1987). Juan Carlos para el que no lo conozca es el propietario de Hobbies Guinea y ahora que se ha jubilado retoma la afici\u00f3n de nuevo y seguro que nos aportar\u00e1 una buena galeria de imagenes de su gran colecci\u00f3n de soldados de plomo.<\/p>\n\n\n\n<figure class=\"wp-block-image size-full\"><img loading=\"lazy\" decoding=\"async\" width=\"520\" height=\"800\" src=\"https:\/\/lossoldaditosdeplomo.com\/wp-content\/uploads\/2021\/11\/CAT-0-scaled.jpg\" alt=\"\" class=\"wp-image-109839\" srcset=\"https:\/\/lossoldaditosdeplomo.com\/wp-content\/uploads\/2021\/11\/CAT-0-scaled.jpg?v=1637696395 520w, https:\/\/lossoldaditosdeplomo.com\/wp-content\/uploads\/2021\/11\/CAT-0-195x300.jpg?v=1637696395 195w, https:\/\/lossoldaditosdeplomo.com\/wp-content\/uploads\/2021\/11\/CAT-0-768x1182.jpg?v=1637696395 768w, https:\/\/lossoldaditosdeplomo.com\/wp-content\/uploads\/2021\/11\/CAT-0-998x1536.jpg?v=1637696395 998w, https:\/\/lossoldaditosdeplomo.com\/wp-content\/uploads\/2021\/11\/CAT-0-1330x2048.jpg?v=1637696395 1330w, https:\/\/lossoldaditosdeplomo.com\/wp-content\/uploads\/2021\/11\/CAT-0-1200x1848.jpg?v=1637696395 1200w\" sizes=\"auto, (max-width: 520px) 85vw, 520px\" \/><figcaption><a href=\"https:\/\/lossoldaditosdeplomo.com\/wp-content\/uploads\/2021\/11\/CATALOGO-OQUENDO_compressed.pdf\" target=\"_blank\" rel=\"noreferrer noopener\">Oquendo M.M.<\/a><\/figcaption><\/figure>\n\n\n\n<p>Aqui tenemos un bonito recorrido en im\u00e1genes por la historia de la Infanter\u00eda Francesa<\/p>\n\n\n\n<figure class=\"wp-block-image size-full\"><img loading=\"lazy\" decoding=\"async\" width=\"574\" height=\"800\" src=\"https:\/\/lossoldaditosdeplomo.com\/wp-content\/uploads\/2021\/12\/Sin-ti\u0301tulo-scaled.jpg\" alt=\"\" class=\"wp-image-109885\" srcset=\"https:\/\/lossoldaditosdeplomo.com\/wp-content\/uploads\/2021\/12\/Sin-ti\u0301tulo-scaled.jpg?v=1640865313 574w, https:\/\/lossoldaditosdeplomo.com\/wp-content\/uploads\/2021\/12\/Sin-ti\u0301tulo-215x300.jpg?v=1640865313 215w\" sizes=\"auto, (max-width: 574px) 85vw, 574px\" \/><figcaption><a href=\"https:\/\/lossoldaditosdeplomo.com\/wp-content\/uploads\/2021\/12\/Histoire-de-lancienne-infanterie-francaise.pdf\" target=\"_blank\" rel=\"noreferrer noopener\">Atlas de la Infanter\u00eda Francesa<\/a><\/figcaption><\/figure>\n\n\n\n<p>Nueva aportaci\u00f3n de Juan Carlos Santiago Guinea, como siempre lo a\u00f1adiremos a nuestra lista de cat\u00e1logos descargables.<\/p>\n\n\n\n<figure class=\"wp-block-image size-full\"><img loading=\"lazy\" decoding=\"async\" width=\"497\" height=\"673\" src=\"https:\/\/lossoldaditosdeplomo.com\/wp-content\/uploads\/2021\/12\/Trikola-Miniatures.jpg\" alt=\"\" class=\"wp-image-109874\" srcset=\"https:\/\/lossoldaditosdeplomo.com\/wp-content\/uploads\/2021\/12\/Trikola-Miniatures.jpg?v=1639746614 497w, https:\/\/lossoldaditosdeplomo.com\/wp-content\/uploads\/2021\/12\/Trikola-Miniatures-222x300.jpg?v=1639746614 222w\" sizes=\"auto, (max-width: 497px) 85vw, 497px\" \/><figcaption><a rel=\"noreferrer noopener\" href=\"https:\/\/lossoldaditosdeplomo.com\/wp-content\/uploads\/2021\/12\/TRILOKA-MINIATURES-cataloguenov-2021.pdf\" target=\"_blank\">Cat\u00e1logo de Triloka Miniatures<\/a><\/figcaption><\/figure>\n\n\n\n<figure class=\"wp-block-image size-full\"><img loading=\"lazy\" decoding=\"async\" width=\"800\" height=\"600\" src=\"https:\/\/lossoldaditosdeplomo.com\/wp-content\/uploads\/2021\/12\/Legion-espan\u0303ola-1936-Alymer-806-54mm-7-scaled.jpg\" alt=\"\" class=\"wp-image-109853\" srcset=\"https:\/\/lossoldaditosdeplomo.com\/wp-content\/uploads\/2021\/12\/Legion-espan\u0303ola-1936-Alymer-806-54mm-7-scaled.jpg?v=1638826472 800w, https:\/\/lossoldaditosdeplomo.com\/wp-content\/uploads\/2021\/12\/Legion-espan\u0303ola-1936-Alymer-806-54mm-7-300x225.jpg?v=1638826472 300w, https:\/\/lossoldaditosdeplomo.com\/wp-content\/uploads\/2021\/12\/Legion-espan\u0303ola-1936-Alymer-806-54mm-7-768x576.jpg?v=1638826472 768w, https:\/\/lossoldaditosdeplomo.com\/wp-content\/uploads\/2021\/12\/Legion-espan\u0303ola-1936-Alymer-806-54mm-7-1536x1152.jpg?v=1638826472 1536w, https:\/\/lossoldaditosdeplomo.com\/wp-content\/uploads\/2021\/12\/Legion-espan\u0303ola-1936-Alymer-806-54mm-7-2048x1536.jpg?v=1638826472 2048w, https:\/\/lossoldaditosdeplomo.com\/wp-content\/uploads\/2021\/12\/Legion-espan\u0303ola-1936-Alymer-806-54mm-7-1200x900.jpg?v=1638826472 1200w\" sizes=\"auto, (max-width: 800px) 85vw, 800px\" \/><figcaption><a href=\"https:\/\/lossoldaditosdeplomo.com\/index.php\/catalog\/legion-espanola-1936\/\" target=\"_blank\" rel=\"noreferrer noopener\">Legi\u00f3n Espa\u00f1ola 1936<\/a><\/figcaption><\/figure>\n\n\n\n<figure class=\"wp-block-image size-full\"><img loading=\"lazy\" decoding=\"async\" width=\"800\" height=\"600\" src=\"https:\/\/lossoldaditosdeplomo.com\/wp-content\/uploads\/2021\/12\/Carro-Ambulancia-ejrcito-Alfonso-XIII-3-scaled.jpg\" alt=\"\" class=\"wp-image-109863\" srcset=\"https:\/\/lossoldaditosdeplomo.com\/wp-content\/uploads\/2021\/12\/Carro-Ambulancia-ejrcito-Alfonso-XIII-3-scaled.jpg?v=1638827269 800w, https:\/\/lossoldaditosdeplomo.com\/wp-content\/uploads\/2021\/12\/Carro-Ambulancia-ejrcito-Alfonso-XIII-3-300x225.jpg?v=1638827269 300w, https:\/\/lossoldaditosdeplomo.com\/wp-content\/uploads\/2021\/12\/Carro-Ambulancia-ejrcito-Alfonso-XIII-3-768x576.jpg?v=1638827269 768w, https:\/\/lossoldaditosdeplomo.com\/wp-content\/uploads\/2021\/12\/Carro-Ambulancia-ejrcito-Alfonso-XIII-3-1536x1152.jpg?v=1638827269 1536w, https:\/\/lossoldaditosdeplomo.com\/wp-content\/uploads\/2021\/12\/Carro-Ambulancia-ejrcito-Alfonso-XIII-3-2048x1536.jpg?v=1638827269 2048w, https:\/\/lossoldaditosdeplomo.com\/wp-content\/uploads\/2021\/12\/Carro-Ambulancia-ejrcito-Alfonso-XIII-3-1200x900.jpg?v=1638827269 1200w\" sizes=\"auto, (max-width: 800px) 85vw, 800px\" \/><figcaption><a href=\"https:\/\/lossoldaditosdeplomo.com\/index.php\/catalog\/carro-ambulancia-ejercito-de-alfonso-xiii\/\" target=\"_blank\" rel=\"noreferrer noopener\">Carro Ambulancia del ej\u00e9rcito de Alfonso XIII<\/a><\/figcaption><\/figure>\n\n\n\n<p>Aunque deber\u00eda ir pintada en gris tal y como eran todos los carros del ej\u00e9rcito en la \u00e9poca, esta representa la maqueta del museo del ej\u00e9rcito y al no estar pintada se permite apreciar que la construcci\u00f3n era en madera.<\/p>\n\n\n\n<p><strong>ENLACES INTERESANTES<\/strong><\/p>\n\n\n\n<p>Os presento un enlace interesante sobre el coleccionismo de soldados de plomo<\/p>\n\n\n\n<p><a href=\"https:\/\/coleccionandosoldadosdeplomo.com\/\">https:\/\/coleccionandosoldadosdeplomo.com\/<\/a><\/p>\n","protected":false},"excerpt":{"rendered":"<p>Comenzamos el mes con una aportaci\u00f3n de Juan Carlos Santiago Guinea, se trata del Cat\u00e1logo de la Marca Oquendo MM. (1984-1987). Juan Carlos para el que no lo conozca es el propietario de Hobbies Guinea y ahora que se ha jubilado retoma la afici\u00f3n de nuevo y seguro que nos aportar\u00e1 una buena galeria de &hellip; <a href=\"https:\/\/lossoldaditosdeplomo.com\/index.php\/diciembre-2021\/\" class=\"more-link\">Continuar leyendo<span class=\"screen-reader-text\"> &#8220;DICIEMBRE 2021&#8221;<\/span><\/a><\/p>\n","protected":false},"author":3,"featured_media":0,"parent":0,"menu_order":0,"comment_status":"closed","ping_status":"closed","template":"","meta":{"footnotes":""},"class_list":["post-109845","page","type-page","status-publish","hentry"],"yoast_head":"<!-- This site is optimized with the Yoast SEO plugin v27.0 - https:\/\/yoast.com\/product\/yoast-seo-wordpress\/ -->\n<title>DICIEMBRE 2021 - El mundo de los soldaditos de plomo<\/title>\n<meta name=\"robots\" content=\"index, follow, max-snippet:-1, max-image-preview:large, max-video-preview:-1\" \/>\n<link rel=\"canonical\" href=\"https:\/\/lossoldaditosdeplomo.com\/index.php\/diciembre-2021\/\" \/>\n<meta property=\"og:locale\" content=\"es_ES\" \/>\n<meta property=\"og:type\" content=\"article\" \/>\n<meta property=\"og:title\" content=\"DICIEMBRE 2021 - El mundo de los soldaditos de plomo\" \/>\n<meta property=\"og:description\" content=\"Comenzamos el mes con una aportaci\u00f3n de Juan Carlos Santiago Guinea, se trata del Cat\u00e1logo de la Marca Oquendo MM. (1984-1987). Juan Carlos para el que no lo conozca es el propietario de Hobbies Guinea y ahora que se ha jubilado retoma la afici\u00f3n de nuevo y seguro que nos aportar\u00e1 una buena galeria de &hellip; Continuar leyendo &quot;DICIEMBRE 2021&quot;\" \/>\n<meta property=\"og:url\" content=\"https:\/\/lossoldaditosdeplomo.com\/index.php\/diciembre-2021\/\" \/>\n<meta property=\"og:site_name\" content=\"El mundo de los soldaditos de plomo\" \/>\n<meta property=\"article:publisher\" content=\"https:\/\/www.facebook.com\/El-mundo-de-los-soldaditos-de-plomo-943145209407047\/?modal=admin_todo_tour\" \/>\n<meta property=\"article:modified_time\" content=\"2021-12-30T11:59:21+00:00\" \/>\n<meta property=\"og:image\" content=\"https:\/\/lossoldaditosdeplomo.com\/wp-content\/uploads\/2021\/11\/CAT-0-scaled.jpg\" \/>\n<meta name=\"twitter:card\" content=\"summary_large_image\" \/>\n<meta name=\"twitter:label1\" content=\"Tiempo de lectura\" \/>\n\t<meta name=\"twitter:data1\" content=\"1 minuto\" \/>\n<script type=\"application\/ld+json\" class=\"yoast-schema-graph\">{\"@context\":\"https:\/\/schema.org\",\"@graph\":[{\"@type\":\"WebPage\",\"@id\":\"https:\/\/lossoldaditosdeplomo.com\/index.php\/diciembre-2021\/\",\"url\":\"https:\/\/lossoldaditosdeplomo.com\/index.php\/diciembre-2021\/\",\"name\":\"DICIEMBRE 2021 - El mundo de los soldaditos de plomo\",\"isPartOf\":{\"@id\":\"https:\/\/lossoldaditosdeplomo.com\/#website\"},\"primaryImageOfPage\":{\"@id\":\"https:\/\/lossoldaditosdeplomo.com\/index.php\/diciembre-2021\/#primaryimage\"},\"image\":{\"@id\":\"https:\/\/lossoldaditosdeplomo.com\/index.php\/diciembre-2021\/#primaryimage\"},\"thumbnailUrl\":\"https:\/\/lossoldaditosdeplomo.com\/wp-content\/uploads\/2021\/11\/CAT-0-scaled.jpg\",\"datePublished\":\"2021-12-06T21:37:27+00:00\",\"dateModified\":\"2021-12-30T11:59:21+00:00\",\"breadcrumb\":{\"@id\":\"https:\/\/lossoldaditosdeplomo.com\/index.php\/diciembre-2021\/#breadcrumb\"},\"inLanguage\":\"es\",\"potentialAction\":[{\"@type\":\"ReadAction\",\"target\":[\"https:\/\/lossoldaditosdeplomo.com\/index.php\/diciembre-2021\/\"]}]},{\"@type\":\"ImageObject\",\"inLanguage\":\"es\",\"@id\":\"https:\/\/lossoldaditosdeplomo.com\/index.php\/diciembre-2021\/#primaryimage\",\"url\":\"https:\/\/lossoldaditosdeplomo.com\/wp-content\/uploads\/2021\/11\/CAT-0-scaled.jpg?v=1637696395\",\"contentUrl\":\"https:\/\/lossoldaditosdeplomo.com\/wp-content\/uploads\/2021\/11\/CAT-0-scaled.jpg?v=1637696395\",\"width\":520,\"height\":800},{\"@type\":\"BreadcrumbList\",\"@id\":\"https:\/\/lossoldaditosdeplomo.com\/index.php\/diciembre-2021\/#breadcrumb\",\"itemListElement\":[{\"@type\":\"ListItem\",\"position\":1,\"name\":\"Portada\",\"item\":\"https:\/\/lossoldaditosdeplomo.com\/\"},{\"@type\":\"ListItem\",\"position\":2,\"name\":\"DICIEMBRE 2021\"}]},{\"@type\":\"WebSite\",\"@id\":\"https:\/\/lossoldaditosdeplomo.com\/#website\",\"url\":\"https:\/\/lossoldaditosdeplomo.com\/\",\"name\":\"El mundo de los soldaditos de plomo\",\"description\":\"coleccionismo, pintura y restauraci\u00f3n soldaditos de plomo\",\"publisher\":{\"@id\":\"https:\/\/lossoldaditosdeplomo.com\/#organization\"},\"alternateName\":\"los soldaditos de plomo\",\"potentialAction\":[{\"@type\":\"SearchAction\",\"target\":{\"@type\":\"EntryPoint\",\"urlTemplate\":\"https:\/\/lossoldaditosdeplomo.com\/?s={search_term_string}\"},\"query-input\":{\"@type\":\"PropertyValueSpecification\",\"valueRequired\":true,\"valueName\":\"search_term_string\"}}],\"inLanguage\":\"es\"},{\"@type\":\"Organization\",\"@id\":\"https:\/\/lossoldaditosdeplomo.com\/#organization\",\"name\":\"El Mundo de los soldaditos de plomo\",\"alternateName\":\"los soldaditos de plomo\",\"url\":\"https:\/\/lossoldaditosdeplomo.com\/\",\"logo\":{\"@type\":\"ImageObject\",\"inLanguage\":\"es\",\"@id\":\"https:\/\/lossoldaditosdeplomo.com\/#\/schema\/logo\/image\/\",\"url\":\"https:\/\/lossoldaditosdeplomo.com\/wp-content\/uploads\/2018\/11\/cropped-IMG_0475-3.jpg\",\"contentUrl\":\"https:\/\/lossoldaditosdeplomo.com\/wp-content\/uploads\/2018\/11\/cropped-IMG_0475-3.jpg\",\"width\":391,\"height\":533,\"caption\":\"El Mundo de los soldaditos de plomo\"},\"image\":{\"@id\":\"https:\/\/lossoldaditosdeplomo.com\/#\/schema\/logo\/image\/\"},\"sameAs\":[\"https:\/\/www.facebook.com\/El-mundo-de-los-soldaditos-de-plomo-943145209407047\/?modal=admin_todo_tour\"]}]}<\/script>\n<!-- \/ Yoast SEO plugin. -->","yoast_head_json":{"title":"DICIEMBRE 2021 - El mundo de los soldaditos de plomo","robots":{"index":"index","follow":"follow","max-snippet":"max-snippet:-1","max-image-preview":"max-image-preview:large","max-video-preview":"max-video-preview:-1"},"canonical":"https:\/\/lossoldaditosdeplomo.com\/index.php\/diciembre-2021\/","og_locale":"es_ES","og_type":"article","og_title":"DICIEMBRE 2021 - El mundo de los soldaditos de plomo","og_description":"Comenzamos el mes con una aportaci\u00f3n de Juan Carlos Santiago Guinea, se trata del Cat\u00e1logo de la Marca Oquendo MM. (1984-1987). Juan Carlos para el que no lo conozca es el propietario de Hobbies Guinea y ahora que se ha jubilado retoma la afici\u00f3n de nuevo y seguro que nos aportar\u00e1 una buena galeria de &hellip; Continuar leyendo \"DICIEMBRE 2021\"","og_url":"https:\/\/lossoldaditosdeplomo.com\/index.php\/diciembre-2021\/","og_site_name":"El mundo de los soldaditos de plomo","article_publisher":"https:\/\/www.facebook.com\/El-mundo-de-los-soldaditos-de-plomo-943145209407047\/?modal=admin_todo_tour","article_modified_time":"2021-12-30T11:59:21+00:00","og_image":[{"url":"https:\/\/lossoldaditosdeplomo.com\/wp-content\/uploads\/2021\/11\/CAT-0-scaled.jpg","type":"","width":"","height":""}],"twitter_card":"summary_large_image","twitter_misc":{"Tiempo de lectura":"1 minuto"},"schema":{"@context":"https:\/\/schema.org","@graph":[{"@type":"WebPage","@id":"https:\/\/lossoldaditosdeplomo.com\/index.php\/diciembre-2021\/","url":"https:\/\/lossoldaditosdeplomo.com\/index.php\/diciembre-2021\/","name":"DICIEMBRE 2021 - El mundo de los soldaditos de plomo","isPartOf":{"@id":"https:\/\/lossoldaditosdeplomo.com\/#website"},"primaryImageOfPage":{"@id":"https:\/\/lossoldaditosdeplomo.com\/index.php\/diciembre-2021\/#primaryimage"},"image":{"@id":"https:\/\/lossoldaditosdeplomo.com\/index.php\/diciembre-2021\/#primaryimage"},"thumbnailUrl":"https:\/\/lossoldaditosdeplomo.com\/wp-content\/uploads\/2021\/11\/CAT-0-scaled.jpg","datePublished":"2021-12-06T21:37:27+00:00","dateModified":"2021-12-30T11:59:21+00:00","breadcrumb":{"@id":"https:\/\/lossoldaditosdeplomo.com\/index.php\/diciembre-2021\/#breadcrumb"},"inLanguage":"es","potentialAction":[{"@type":"ReadAction","target":["https:\/\/lossoldaditosdeplomo.com\/index.php\/diciembre-2021\/"]}]},{"@type":"ImageObject","inLanguage":"es","@id":"https:\/\/lossoldaditosdeplomo.com\/index.php\/diciembre-2021\/#primaryimage","url":"https:\/\/lossoldaditosdeplomo.com\/wp-content\/uploads\/2021\/11\/CAT-0-scaled.jpg?v=1637696395","contentUrl":"https:\/\/lossoldaditosdeplomo.com\/wp-content\/uploads\/2021\/11\/CAT-0-scaled.jpg?v=1637696395","width":520,"height":800},{"@type":"BreadcrumbList","@id":"https:\/\/lossoldaditosdeplomo.com\/index.php\/diciembre-2021\/#breadcrumb","itemListElement":[{"@type":"ListItem","position":1,"name":"Portada","item":"https:\/\/lossoldaditosdeplomo.com\/"},{"@type":"ListItem","position":2,"name":"DICIEMBRE 2021"}]},{"@type":"WebSite","@id":"https:\/\/lossoldaditosdeplomo.com\/#website","url":"https:\/\/lossoldaditosdeplomo.com\/","name":"El mundo de los soldaditos de plomo","description":"coleccionismo, pintura y restauraci\u00f3n soldaditos de plomo","publisher":{"@id":"https:\/\/lossoldaditosdeplomo.com\/#organization"},"alternateName":"los soldaditos de plomo","potentialAction":[{"@type":"SearchAction","target":{"@type":"EntryPoint","urlTemplate":"https:\/\/lossoldaditosdeplomo.com\/?s={search_term_string}"},"query-input":{"@type":"PropertyValueSpecification","valueRequired":true,"valueName":"search_term_string"}}],"inLanguage":"es"},{"@type":"Organization","@id":"https:\/\/lossoldaditosdeplomo.com\/#organization","name":"El Mundo de los soldaditos de plomo","alternateName":"los soldaditos de plomo","url":"https:\/\/lossoldaditosdeplomo.com\/","logo":{"@type":"ImageObject","inLanguage":"es","@id":"https:\/\/lossoldaditosdeplomo.com\/#\/schema\/logo\/image\/","url":"https:\/\/lossoldaditosdeplomo.com\/wp-content\/uploads\/2018\/11\/cropped-IMG_0475-3.jpg","contentUrl":"https:\/\/lossoldaditosdeplomo.com\/wp-content\/uploads\/2018\/11\/cropped-IMG_0475-3.jpg","width":391,"height":533,"caption":"El Mundo de los soldaditos de plomo"},"image":{"@id":"https:\/\/lossoldaditosdeplomo.com\/#\/schema\/logo\/image\/"},"sameAs":["https:\/\/www.facebook.com\/El-mundo-de-los-soldaditos-de-plomo-943145209407047\/?modal=admin_todo_tour"]}]}},"_links":{"self":[{"href":"https:\/\/lossoldaditosdeplomo.com\/index.php\/wp-json\/wp\/v2\/pages\/109845","targetHints":{"allow":["GET"]}}],"collection":[{"href":"https:\/\/lossoldaditosdeplomo.com\/index.php\/wp-json\/wp\/v2\/pages"}],"about":[{"href":"https:\/\/lossoldaditosdeplomo.com\/index.php\/wp-json\/wp\/v2\/types\/page"}],"author":[{"embeddable":true,"href":"https:\/\/lossoldaditosdeplomo.com\/index.php\/wp-json\/wp\/v2\/users\/3"}],"replies":[{"embeddable":true,"href":"https:\/\/lossoldaditosdeplomo.com\/index.php\/wp-json\/wp\/v2\/comments?post=109845"}],"version-history":[{"count":0,"href":"https:\/\/lossoldaditosdeplomo.com\/index.php\/wp-json\/wp\/v2\/pages\/109845\/revisions"}],"wp:attachment":[{"href":"https:\/\/lossoldaditosdeplomo.com\/index.php\/wp-json\/wp\/v2\/media?parent=109845"}],"curies":[{"name":"wp","href":"https:\/\/api.w.org\/{rel}","templated":true}]}}