{"id":110139,"date":"2022-01-24T21:35:04","date_gmt":"2022-01-24T19:35:04","guid":{"rendered":"https:\/\/lossoldaditosdeplomo.com\/?page_id=110139"},"modified":"2022-01-29T20:22:44","modified_gmt":"2022-01-29T18:22:44","slug":"novedades-enero-2022","status":"publish","type":"page","link":"https:\/\/lossoldaditosdeplomo.com\/index.php\/novedades-enero-2022\/","title":{"rendered":"ENERO 2022"},"content":{"rendered":"\n<p>     Comenzamos el a\u00f1o con la incorporaci\u00f3n de D. Juan Carlos Santiago Guinea y su colecci\u00f3n particular de soldados de plomo,  destacando esta primera entrega en que fueron modelados y comercializados por \u00e9l mismo  bajo la marca <strong>Oquendo Miniaturas Militares<\/strong> entre los a\u00f1os 1982-1987<\/p>\n\n\n\n<figure class=\"wp-block-image size-full\"><img loading=\"lazy\" decoding=\"async\" width=\"800\" height=\"632\" src=\"https:\/\/lossoldaditosdeplomo.com\/wp-content\/uploads\/2022\/01\/Hu\u0301sares-de-Arlaba\u0301n-1835-scaled.jpg\" alt=\"\" class=\"wp-image-110020\" srcset=\"https:\/\/lossoldaditosdeplomo.com\/wp-content\/uploads\/2022\/01\/Hu\u0301sares-de-Arlaba\u0301n-1835-scaled.jpg?v=1643021433 800w, https:\/\/lossoldaditosdeplomo.com\/wp-content\/uploads\/2022\/01\/Hu\u0301sares-de-Arlaba\u0301n-1835-300x237.jpg?v=1643021433 300w, https:\/\/lossoldaditosdeplomo.com\/wp-content\/uploads\/2022\/01\/Hu\u0301sares-de-Arlaba\u0301n-1835-768x607.jpg?v=1643021433 768w, https:\/\/lossoldaditosdeplomo.com\/wp-content\/uploads\/2022\/01\/Hu\u0301sares-de-Arlaba\u0301n-1835-1536x1214.jpg?v=1643021433 1536w, https:\/\/lossoldaditosdeplomo.com\/wp-content\/uploads\/2022\/01\/Hu\u0301sares-de-Arlaba\u0301n-1835-1200x948.jpg?v=1643021433 1200w\" sizes=\"auto, (max-width: 800px) 85vw, 800px\" \/><figcaption><a href=\"https:\/\/lossoldaditosdeplomo.com\/index.php\/coleccion-de-juan-carlos-santiago-guinea\/\" target=\"_blank\" rel=\"noreferrer noopener\">https:\/\/lossoldaditosdeplomo.com\/index.php\/coleccion-de-juan-carlos-santiago-guinea\/<\/a><\/figcaption><\/figure>\n\n\n\n<p>Estoy seguro que ira compartiendo su gran colecci\u00f3n con todos nosotros, y desde aqui quiero darle las gracias por ello.<\/p>\n\n\n\n<p><\/p>\n\n\n\n<p><\/p>\n\n\n\n<p><\/p>\n\n\n\n<figure class=\"wp-block-image size-full is-resized\"><img loading=\"lazy\" decoding=\"async\" src=\"https:\/\/lossoldaditosdeplomo.com\/wp-content\/uploads\/2022\/01\/Sargento-Mayor-Dragones-ligeros-ROMEO-MODELS-scaled.jpg\" alt=\"\" class=\"wp-image-109906\" width=\"533\" height=\"800\" srcset=\"https:\/\/lossoldaditosdeplomo.com\/wp-content\/uploads\/2022\/01\/Sargento-Mayor-Dragones-ligeros-ROMEO-MODELS-scaled.jpg?v=1642965590 533w, https:\/\/lossoldaditosdeplomo.com\/wp-content\/uploads\/2022\/01\/Sargento-Mayor-Dragones-ligeros-ROMEO-MODELS-200x300.jpg?v=1642965590 200w, https:\/\/lossoldaditosdeplomo.com\/wp-content\/uploads\/2022\/01\/Sargento-Mayor-Dragones-ligeros-ROMEO-MODELS-768x1152.jpg?v=1642965590 768w, https:\/\/lossoldaditosdeplomo.com\/wp-content\/uploads\/2022\/01\/Sargento-Mayor-Dragones-ligeros-ROMEO-MODELS-1024x1536.jpg?v=1642965590 1024w, https:\/\/lossoldaditosdeplomo.com\/wp-content\/uploads\/2022\/01\/Sargento-Mayor-Dragones-ligeros-ROMEO-MODELS-1365x2048.jpg?v=1642965590 1365w, https:\/\/lossoldaditosdeplomo.com\/wp-content\/uploads\/2022\/01\/Sargento-Mayor-Dragones-ligeros-ROMEO-MODELS-1200x1800.jpg?v=1642965590 1200w\" sizes=\"auto, (max-width: 533px) 85vw, 533px\" \/><figcaption><a href=\"https:\/\/lossoldaditosdeplomo.com\/index.php\/catalog\/sargento-mayor-de-dragones-ligeros-1812-1815\/\" target=\"_blank\" rel=\"noreferrer noopener\">Sargento Mayor de Dragones Ligeros, 1812-1815<\/a><\/figcaption><\/figure>\n\n\n\n<p><\/p>\n\n\n\n<p><\/p>\n\n\n\n<figure class=\"wp-block-image size-full\"><img loading=\"lazy\" decoding=\"async\" width=\"800\" height=\"533\" src=\"https:\/\/lossoldaditosdeplomo.com\/wp-content\/uploads\/2022\/01\/IMG_9991-scaled.jpg\" alt=\"\" class=\"wp-image-109898\" srcset=\"https:\/\/lossoldaditosdeplomo.com\/wp-content\/uploads\/2022\/01\/IMG_9991-scaled.jpg?v=1642963515 800w, https:\/\/lossoldaditosdeplomo.com\/wp-content\/uploads\/2022\/01\/IMG_9991-300x200.jpg?v=1642963515 300w, https:\/\/lossoldaditosdeplomo.com\/wp-content\/uploads\/2022\/01\/IMG_9991-768x512.jpg?v=1642963515 768w, https:\/\/lossoldaditosdeplomo.com\/wp-content\/uploads\/2022\/01\/IMG_9991-1536x1024.jpg?v=1642963515 1536w, https:\/\/lossoldaditosdeplomo.com\/wp-content\/uploads\/2022\/01\/IMG_9991-2048x1365.jpg?v=1642963515 2048w, https:\/\/lossoldaditosdeplomo.com\/wp-content\/uploads\/2022\/01\/IMG_9991-1200x800.jpg?v=1642963515 1200w\" sizes=\"auto, (max-width: 800px) 85vw, 800px\" \/><figcaption><a href=\"https:\/\/lossoldaditosdeplomo.com\/index.php\/catalog\/cuadriga-romana\/\" target=\"_blank\" rel=\"noreferrer noopener\">Cuadriga Romana<\/a><\/figcaption><\/figure>\n\n\n\n<p><\/p>\n\n\n\n<figure class=\"wp-block-image size-full\"><img loading=\"lazy\" decoding=\"async\" width=\"800\" height=\"533\" src=\"https:\/\/lossoldaditosdeplomo.com\/wp-content\/uploads\/2022\/01\/IMG_0107-scaled.jpg\" alt=\"Carroza de conchas siglo XVIII\" class=\"wp-image-110164\" srcset=\"https:\/\/lossoldaditosdeplomo.com\/wp-content\/uploads\/2022\/01\/IMG_0107-scaled.jpg?v=1643479943 800w, https:\/\/lossoldaditosdeplomo.com\/wp-content\/uploads\/2022\/01\/IMG_0107-300x200.jpg?v=1643479943 300w, https:\/\/lossoldaditosdeplomo.com\/wp-content\/uploads\/2022\/01\/IMG_0107-768x512.jpg?v=1643479943 768w, https:\/\/lossoldaditosdeplomo.com\/wp-content\/uploads\/2022\/01\/IMG_0107-1536x1024.jpg?v=1643479943 1536w, https:\/\/lossoldaditosdeplomo.com\/wp-content\/uploads\/2022\/01\/IMG_0107-2048x1365.jpg?v=1643479943 2048w, https:\/\/lossoldaditosdeplomo.com\/wp-content\/uploads\/2022\/01\/IMG_0107-1200x800.jpg?v=1643479943 1200w\" sizes=\"auto, (max-width: 800px) 85vw, 800px\" \/><figcaption><a href=\"https:\/\/lossoldaditosdeplomo.com\/index.php\/catalog\/carroza-de-conchas-siglo-xviii\/\" target=\"_blank\" rel=\"noreferrer noopener\">Carroza de conchas (Palacio de Oriente, Museo de Carrozas)<\/a><\/figcaption><\/figure>\n\n\n\n<figure class=\"wp-block-image size-full\"><img loading=\"lazy\" decoding=\"async\" width=\"800\" height=\"533\" src=\"https:\/\/lossoldaditosdeplomo.com\/wp-content\/uploads\/2022\/01\/IMG_0100-scaled.jpg\" alt=\"Calesa Popular siglo XVIII\" class=\"wp-image-110153\" srcset=\"https:\/\/lossoldaditosdeplomo.com\/wp-content\/uploads\/2022\/01\/IMG_0100-scaled.jpg?v=1643479494 800w, https:\/\/lossoldaditosdeplomo.com\/wp-content\/uploads\/2022\/01\/IMG_0100-300x200.jpg?v=1643479494 300w, https:\/\/lossoldaditosdeplomo.com\/wp-content\/uploads\/2022\/01\/IMG_0100-768x512.jpg?v=1643479494 768w, https:\/\/lossoldaditosdeplomo.com\/wp-content\/uploads\/2022\/01\/IMG_0100-1536x1024.jpg?v=1643479494 1536w, https:\/\/lossoldaditosdeplomo.com\/wp-content\/uploads\/2022\/01\/IMG_0100-2048x1365.jpg?v=1643479494 2048w, https:\/\/lossoldaditosdeplomo.com\/wp-content\/uploads\/2022\/01\/IMG_0100-1200x800.jpg?v=1643479494 1200w\" sizes=\"auto, (max-width: 800px) 85vw, 800px\" \/><figcaption><a href=\"https:\/\/lossoldaditosdeplomo.com\/index.php\/catalog\/calesa-polpular-siglo-xviii\/\" target=\"_blank\" rel=\"noreferrer noopener\">Calesa popular (Palacio de Oriente, Museo de Carrozas)<\/a><\/figcaption><\/figure>\n\n\n\n<p><\/p>\n\n\n\n<p class=\"has-text-align-center\"><strong>ENLACES INTERESANTES<\/strong><\/p>\n\n\n\n<p>Interesante p\u00e1gina sobre el coleccionismo de soldaditos,especialmente de pl\u00e1stico <a href=\"http:\/\/soldadosdeplastico.blogspot.com\/\">http:\/\/soldadosdeplastico.blogspot.com\/<\/a><\/p>\n","protected":false},"excerpt":{"rendered":"<p>Comenzamos el a\u00f1o con la incorporaci\u00f3n de D. Juan Carlos Santiago Guinea y su colecci\u00f3n particular de soldados de plomo, destacando esta primera entrega en que fueron modelados y comercializados por \u00e9l mismo bajo la marca Oquendo Miniaturas Militares entre los a\u00f1os 1982-1987 Estoy seguro que ira compartiendo su gran colecci\u00f3n con todos nosotros, y &hellip; <a href=\"https:\/\/lossoldaditosdeplomo.com\/index.php\/novedades-enero-2022\/\" class=\"more-link\">Continuar leyendo<span class=\"screen-reader-text\"> &#8220;ENERO 2022&#8221;<\/span><\/a><\/p>\n","protected":false},"author":3,"featured_media":0,"parent":0,"menu_order":0,"comment_status":"closed","ping_status":"closed","template":"","meta":{"footnotes":""},"class_list":["post-110139","page","type-page","status-publish","hentry"],"yoast_head":"<!-- This site is optimized with the Yoast SEO plugin v27.0 - https:\/\/yoast.com\/product\/yoast-seo-wordpress\/ -->\n<title>ENERO 2022 - El mundo de los soldaditos de plomo<\/title>\n<meta name=\"robots\" content=\"index, follow, max-snippet:-1, max-image-preview:large, max-video-preview:-1\" \/>\n<link rel=\"canonical\" href=\"https:\/\/lossoldaditosdeplomo.com\/index.php\/novedades-enero-2022\/\" \/>\n<meta property=\"og:locale\" content=\"es_ES\" \/>\n<meta property=\"og:type\" content=\"article\" \/>\n<meta property=\"og:title\" content=\"ENERO 2022 - El mundo de los soldaditos de plomo\" \/>\n<meta property=\"og:description\" content=\"Comenzamos el a\u00f1o con la incorporaci\u00f3n de D. Juan Carlos Santiago Guinea y su colecci\u00f3n particular de soldados de plomo, destacando esta primera entrega en que fueron modelados y comercializados por \u00e9l mismo bajo la marca Oquendo Miniaturas Militares entre los a\u00f1os 1982-1987 Estoy seguro que ira compartiendo su gran colecci\u00f3n con todos nosotros, y &hellip; Continuar leyendo &quot;ENERO 2022&quot;\" \/>\n<meta property=\"og:url\" content=\"https:\/\/lossoldaditosdeplomo.com\/index.php\/novedades-enero-2022\/\" \/>\n<meta property=\"og:site_name\" content=\"El mundo de los soldaditos de plomo\" \/>\n<meta property=\"article:publisher\" content=\"https:\/\/www.facebook.com\/El-mundo-de-los-soldaditos-de-plomo-943145209407047\/?modal=admin_todo_tour\" \/>\n<meta property=\"article:modified_time\" content=\"2022-01-29T18:22:44+00:00\" \/>\n<meta property=\"og:image\" content=\"https:\/\/lossoldaditosdeplomo.com\/wp-content\/uploads\/2022\/01\/Sargento-Mayor-Dragones-ligeros-ROMEO-MODELS-scaled.jpg\" \/>\n<meta name=\"twitter:card\" content=\"summary_large_image\" \/>\n<meta name=\"twitter:label1\" content=\"Tiempo de lectura\" \/>\n\t<meta name=\"twitter:data1\" content=\"1 minuto\" \/>\n<script type=\"application\/ld+json\" class=\"yoast-schema-graph\">{\"@context\":\"https:\/\/schema.org\",\"@graph\":[{\"@type\":\"WebPage\",\"@id\":\"https:\/\/lossoldaditosdeplomo.com\/index.php\/novedades-enero-2022\/\",\"url\":\"https:\/\/lossoldaditosdeplomo.com\/index.php\/novedades-enero-2022\/\",\"name\":\"ENERO 2022 - El mundo de los soldaditos de plomo\",\"isPartOf\":{\"@id\":\"https:\/\/lossoldaditosdeplomo.com\/#website\"},\"primaryImageOfPage\":{\"@id\":\"https:\/\/lossoldaditosdeplomo.com\/index.php\/novedades-enero-2022\/#primaryimage\"},\"image\":{\"@id\":\"https:\/\/lossoldaditosdeplomo.com\/index.php\/novedades-enero-2022\/#primaryimage\"},\"thumbnailUrl\":\"https:\/\/lossoldaditosdeplomo.com\/wp-content\/uploads\/2022\/01\/Sargento-Mayor-Dragones-ligeros-ROMEO-MODELS-scaled.jpg\",\"datePublished\":\"2022-01-24T19:35:04+00:00\",\"dateModified\":\"2022-01-29T18:22:44+00:00\",\"breadcrumb\":{\"@id\":\"https:\/\/lossoldaditosdeplomo.com\/index.php\/novedades-enero-2022\/#breadcrumb\"},\"inLanguage\":\"es\",\"potentialAction\":[{\"@type\":\"ReadAction\",\"target\":[\"https:\/\/lossoldaditosdeplomo.com\/index.php\/novedades-enero-2022\/\"]}]},{\"@type\":\"ImageObject\",\"inLanguage\":\"es\",\"@id\":\"https:\/\/lossoldaditosdeplomo.com\/index.php\/novedades-enero-2022\/#primaryimage\",\"url\":\"https:\/\/lossoldaditosdeplomo.com\/wp-content\/uploads\/2022\/01\/Sargento-Mayor-Dragones-ligeros-ROMEO-MODELS-scaled.jpg?v=1642965590\",\"contentUrl\":\"https:\/\/lossoldaditosdeplomo.com\/wp-content\/uploads\/2022\/01\/Sargento-Mayor-Dragones-ligeros-ROMEO-MODELS-scaled.jpg?v=1642965590\",\"width\":533,\"height\":800},{\"@type\":\"BreadcrumbList\",\"@id\":\"https:\/\/lossoldaditosdeplomo.com\/index.php\/novedades-enero-2022\/#breadcrumb\",\"itemListElement\":[{\"@type\":\"ListItem\",\"position\":1,\"name\":\"Portada\",\"item\":\"https:\/\/lossoldaditosdeplomo.com\/\"},{\"@type\":\"ListItem\",\"position\":2,\"name\":\"ENERO 2022\"}]},{\"@type\":\"WebSite\",\"@id\":\"https:\/\/lossoldaditosdeplomo.com\/#website\",\"url\":\"https:\/\/lossoldaditosdeplomo.com\/\",\"name\":\"El mundo de los soldaditos de plomo\",\"description\":\"coleccionismo, pintura y restauraci\u00f3n soldaditos de plomo\",\"publisher\":{\"@id\":\"https:\/\/lossoldaditosdeplomo.com\/#organization\"},\"alternateName\":\"los soldaditos de plomo\",\"potentialAction\":[{\"@type\":\"SearchAction\",\"target\":{\"@type\":\"EntryPoint\",\"urlTemplate\":\"https:\/\/lossoldaditosdeplomo.com\/?s={search_term_string}\"},\"query-input\":{\"@type\":\"PropertyValueSpecification\",\"valueRequired\":true,\"valueName\":\"search_term_string\"}}],\"inLanguage\":\"es\"},{\"@type\":\"Organization\",\"@id\":\"https:\/\/lossoldaditosdeplomo.com\/#organization\",\"name\":\"El Mundo de los soldaditos de plomo\",\"alternateName\":\"los soldaditos de plomo\",\"url\":\"https:\/\/lossoldaditosdeplomo.com\/\",\"logo\":{\"@type\":\"ImageObject\",\"inLanguage\":\"es\",\"@id\":\"https:\/\/lossoldaditosdeplomo.com\/#\/schema\/logo\/image\/\",\"url\":\"https:\/\/lossoldaditosdeplomo.com\/wp-content\/uploads\/2018\/11\/cropped-IMG_0475-3.jpg\",\"contentUrl\":\"https:\/\/lossoldaditosdeplomo.com\/wp-content\/uploads\/2018\/11\/cropped-IMG_0475-3.jpg\",\"width\":391,\"height\":533,\"caption\":\"El Mundo de los soldaditos de plomo\"},\"image\":{\"@id\":\"https:\/\/lossoldaditosdeplomo.com\/#\/schema\/logo\/image\/\"},\"sameAs\":[\"https:\/\/www.facebook.com\/El-mundo-de-los-soldaditos-de-plomo-943145209407047\/?modal=admin_todo_tour\"]}]}<\/script>\n<!-- \/ Yoast SEO plugin. -->","yoast_head_json":{"title":"ENERO 2022 - El mundo de los soldaditos de plomo","robots":{"index":"index","follow":"follow","max-snippet":"max-snippet:-1","max-image-preview":"max-image-preview:large","max-video-preview":"max-video-preview:-1"},"canonical":"https:\/\/lossoldaditosdeplomo.com\/index.php\/novedades-enero-2022\/","og_locale":"es_ES","og_type":"article","og_title":"ENERO 2022 - El mundo de los soldaditos de plomo","og_description":"Comenzamos el a\u00f1o con la incorporaci\u00f3n de D. Juan Carlos Santiago Guinea y su colecci\u00f3n particular de soldados de plomo, destacando esta primera entrega en que fueron modelados y comercializados por \u00e9l mismo bajo la marca Oquendo Miniaturas Militares entre los a\u00f1os 1982-1987 Estoy seguro que ira compartiendo su gran colecci\u00f3n con todos nosotros, y &hellip; Continuar leyendo \"ENERO 2022\"","og_url":"https:\/\/lossoldaditosdeplomo.com\/index.php\/novedades-enero-2022\/","og_site_name":"El mundo de los soldaditos de plomo","article_publisher":"https:\/\/www.facebook.com\/El-mundo-de-los-soldaditos-de-plomo-943145209407047\/?modal=admin_todo_tour","article_modified_time":"2022-01-29T18:22:44+00:00","og_image":[{"url":"https:\/\/lossoldaditosdeplomo.com\/wp-content\/uploads\/2022\/01\/Sargento-Mayor-Dragones-ligeros-ROMEO-MODELS-scaled.jpg","type":"","width":"","height":""}],"twitter_card":"summary_large_image","twitter_misc":{"Tiempo de lectura":"1 minuto"},"schema":{"@context":"https:\/\/schema.org","@graph":[{"@type":"WebPage","@id":"https:\/\/lossoldaditosdeplomo.com\/index.php\/novedades-enero-2022\/","url":"https:\/\/lossoldaditosdeplomo.com\/index.php\/novedades-enero-2022\/","name":"ENERO 2022 - El mundo de los soldaditos de plomo","isPartOf":{"@id":"https:\/\/lossoldaditosdeplomo.com\/#website"},"primaryImageOfPage":{"@id":"https:\/\/lossoldaditosdeplomo.com\/index.php\/novedades-enero-2022\/#primaryimage"},"image":{"@id":"https:\/\/lossoldaditosdeplomo.com\/index.php\/novedades-enero-2022\/#primaryimage"},"thumbnailUrl":"https:\/\/lossoldaditosdeplomo.com\/wp-content\/uploads\/2022\/01\/Sargento-Mayor-Dragones-ligeros-ROMEO-MODELS-scaled.jpg","datePublished":"2022-01-24T19:35:04+00:00","dateModified":"2022-01-29T18:22:44+00:00","breadcrumb":{"@id":"https:\/\/lossoldaditosdeplomo.com\/index.php\/novedades-enero-2022\/#breadcrumb"},"inLanguage":"es","potentialAction":[{"@type":"ReadAction","target":["https:\/\/lossoldaditosdeplomo.com\/index.php\/novedades-enero-2022\/"]}]},{"@type":"ImageObject","inLanguage":"es","@id":"https:\/\/lossoldaditosdeplomo.com\/index.php\/novedades-enero-2022\/#primaryimage","url":"https:\/\/lossoldaditosdeplomo.com\/wp-content\/uploads\/2022\/01\/Sargento-Mayor-Dragones-ligeros-ROMEO-MODELS-scaled.jpg?v=1642965590","contentUrl":"https:\/\/lossoldaditosdeplomo.com\/wp-content\/uploads\/2022\/01\/Sargento-Mayor-Dragones-ligeros-ROMEO-MODELS-scaled.jpg?v=1642965590","width":533,"height":800},{"@type":"BreadcrumbList","@id":"https:\/\/lossoldaditosdeplomo.com\/index.php\/novedades-enero-2022\/#breadcrumb","itemListElement":[{"@type":"ListItem","position":1,"name":"Portada","item":"https:\/\/lossoldaditosdeplomo.com\/"},{"@type":"ListItem","position":2,"name":"ENERO 2022"}]},{"@type":"WebSite","@id":"https:\/\/lossoldaditosdeplomo.com\/#website","url":"https:\/\/lossoldaditosdeplomo.com\/","name":"El mundo de los soldaditos de plomo","description":"coleccionismo, pintura y restauraci\u00f3n soldaditos de plomo","publisher":{"@id":"https:\/\/lossoldaditosdeplomo.com\/#organization"},"alternateName":"los soldaditos de plomo","potentialAction":[{"@type":"SearchAction","target":{"@type":"EntryPoint","urlTemplate":"https:\/\/lossoldaditosdeplomo.com\/?s={search_term_string}"},"query-input":{"@type":"PropertyValueSpecification","valueRequired":true,"valueName":"search_term_string"}}],"inLanguage":"es"},{"@type":"Organization","@id":"https:\/\/lossoldaditosdeplomo.com\/#organization","name":"El Mundo de los soldaditos de plomo","alternateName":"los soldaditos de plomo","url":"https:\/\/lossoldaditosdeplomo.com\/","logo":{"@type":"ImageObject","inLanguage":"es","@id":"https:\/\/lossoldaditosdeplomo.com\/#\/schema\/logo\/image\/","url":"https:\/\/lossoldaditosdeplomo.com\/wp-content\/uploads\/2018\/11\/cropped-IMG_0475-3.jpg","contentUrl":"https:\/\/lossoldaditosdeplomo.com\/wp-content\/uploads\/2018\/11\/cropped-IMG_0475-3.jpg","width":391,"height":533,"caption":"El Mundo de los soldaditos de plomo"},"image":{"@id":"https:\/\/lossoldaditosdeplomo.com\/#\/schema\/logo\/image\/"},"sameAs":["https:\/\/www.facebook.com\/El-mundo-de-los-soldaditos-de-plomo-943145209407047\/?modal=admin_todo_tour"]}]}},"_links":{"self":[{"href":"https:\/\/lossoldaditosdeplomo.com\/index.php\/wp-json\/wp\/v2\/pages\/110139","targetHints":{"allow":["GET"]}}],"collection":[{"href":"https:\/\/lossoldaditosdeplomo.com\/index.php\/wp-json\/wp\/v2\/pages"}],"about":[{"href":"https:\/\/lossoldaditosdeplomo.com\/index.php\/wp-json\/wp\/v2\/types\/page"}],"author":[{"embeddable":true,"href":"https:\/\/lossoldaditosdeplomo.com\/index.php\/wp-json\/wp\/v2\/users\/3"}],"replies":[{"embeddable":true,"href":"https:\/\/lossoldaditosdeplomo.com\/index.php\/wp-json\/wp\/v2\/comments?post=110139"}],"version-history":[{"count":0,"href":"https:\/\/lossoldaditosdeplomo.com\/index.php\/wp-json\/wp\/v2\/pages\/110139\/revisions"}],"wp:attachment":[{"href":"https:\/\/lossoldaditosdeplomo.com\/index.php\/wp-json\/wp\/v2\/media?parent=110139"}],"curies":[{"name":"wp","href":"https:\/\/api.w.org\/{rel}","templated":true}]}}