{"id":110455,"date":"2022-03-08T23:34:49","date_gmt":"2022-03-08T21:34:49","guid":{"rendered":"https:\/\/lossoldaditosdeplomo.com\/?page_id=110455"},"modified":"2022-03-28T14:44:32","modified_gmt":"2022-03-28T12:44:32","slug":"coleccion-de-juan-munoz-mingarro","status":"publish","type":"page","link":"https:\/\/lossoldaditosdeplomo.com\/index.php\/coleccion-de-juan-munoz-mingarro\/","title":{"rendered":"Colecci\u00f3n de Juan Mu\u00f1oz-Mingarro"},"content":{"rendered":"\n<p>Os presento la colecci\u00f3n de soldaditos de plomo de otro estupendo coleccionista que ha decidido mostrar estas maravillas al mundo, muchas de sus piezas son \u00fanicas y por ello le agradecemos desde aqui su colaboraci\u00f3n. <\/p>\n\n\n\n<p>Comenzamos con unas figuras de la marca ARA MINIATURAS, marca fundada por Jes\u00fas Gonz\u00e1lez de Echavarri Ara y que estuvo activa desde 1980 hasta 1994, y al que debemos el dise\u00f1o y fabricaci\u00f3n de estas figuras.<\/p>\n\n\n\n<figure class=\"wp-block-image size-full is-style-default\"><img loading=\"lazy\" decoding=\"async\" width=\"600\" height=\"800\" src=\"https:\/\/lossoldaditosdeplomo.com\/wp-content\/uploads\/2022\/03\/Abanderado-del-Requete-1936-ARA-4012-scaled.jpg\" alt=\"Abanderado del Requete, 1936\" class=\"wp-image-110456\" srcset=\"https:\/\/lossoldaditosdeplomo.com\/wp-content\/uploads\/2022\/03\/Abanderado-del-Requete-1936-ARA-4012-scaled.jpg?v=1646774986 600w, https:\/\/lossoldaditosdeplomo.com\/wp-content\/uploads\/2022\/03\/Abanderado-del-Requete-1936-ARA-4012-225x300.jpg?v=1646774986 225w, https:\/\/lossoldaditosdeplomo.com\/wp-content\/uploads\/2022\/03\/Abanderado-del-Requete-1936-ARA-4012-768x1024.jpg?v=1646774986 768w, https:\/\/lossoldaditosdeplomo.com\/wp-content\/uploads\/2022\/03\/Abanderado-del-Requete-1936-ARA-4012-1152x1536.jpg?v=1646774986 1152w, https:\/\/lossoldaditosdeplomo.com\/wp-content\/uploads\/2022\/03\/Abanderado-del-Requete-1936-ARA-4012-1536x2048.jpg?v=1646774986 1536w, https:\/\/lossoldaditosdeplomo.com\/wp-content\/uploads\/2022\/03\/Abanderado-del-Requete-1936-ARA-4012-1200x1600.jpg?v=1646774986 1200w\" sizes=\"auto, (max-width: 600px) 85vw, 600px\" \/><figcaption>Abanderado del Requete, 1936 . Ara Miniaturas Ref: 4012  90mm<\/figcaption><\/figure>\n\n\n\n<p><\/p>\n\n\n\n<p><\/p>\n\n\n\n<figure class=\"wp-block-image size-full is-style-default\"><img loading=\"lazy\" decoding=\"async\" width=\"600\" height=\"800\" src=\"https:\/\/lossoldaditosdeplomo.com\/wp-content\/uploads\/2022\/03\/Voluntario-Navarro-del-Requete-1936-ARA-4005-scaled.jpg\" alt=\"Voluntario Navarro del Requete, 1936\" class=\"wp-image-110457\" srcset=\"https:\/\/lossoldaditosdeplomo.com\/wp-content\/uploads\/2022\/03\/Voluntario-Navarro-del-Requete-1936-ARA-4005-scaled.jpg?v=1646775039 600w, https:\/\/lossoldaditosdeplomo.com\/wp-content\/uploads\/2022\/03\/Voluntario-Navarro-del-Requete-1936-ARA-4005-225x300.jpg?v=1646775039 225w, https:\/\/lossoldaditosdeplomo.com\/wp-content\/uploads\/2022\/03\/Voluntario-Navarro-del-Requete-1936-ARA-4005-768x1024.jpg?v=1646775039 768w, https:\/\/lossoldaditosdeplomo.com\/wp-content\/uploads\/2022\/03\/Voluntario-Navarro-del-Requete-1936-ARA-4005-1152x1536.jpg?v=1646775039 1152w, https:\/\/lossoldaditosdeplomo.com\/wp-content\/uploads\/2022\/03\/Voluntario-Navarro-del-Requete-1936-ARA-4005-1536x2048.jpg?v=1646775039 1536w, https:\/\/lossoldaditosdeplomo.com\/wp-content\/uploads\/2022\/03\/Voluntario-Navarro-del-Requete-1936-ARA-4005-1200x1600.jpg?v=1646775039 1200w\" sizes=\"auto, (max-width: 600px) 85vw, 600px\" \/><figcaption>Voluntario Navarro del Requete, 1936. Ara Miniaturas ref: 4005  90mm<\/figcaption><\/figure>\n\n\n\n<p><\/p>\n\n\n\n<figure class=\"wp-block-image size-full is-resized is-style-default\"><img decoding=\"async\" src=\"https:\/\/lossoldaditosdeplomo.com\/wp-content\/uploads\/2022\/03\/GENERAL-ZUMALACARREGUI-54-mm-Pano-Labayen.jpg?v=1648465417\" alt=\"\" class=\"wp-image-110507\" width=\"602\" srcset=\"https:\/\/lossoldaditosdeplomo.com\/wp-content\/uploads\/2022\/03\/GENERAL-ZUMALACARREGUI-54-mm-Pano-Labayen.jpg?v=1648465417 364w, https:\/\/lossoldaditosdeplomo.com\/wp-content\/uploads\/2022\/03\/GENERAL-ZUMALACARREGUI-54-mm-Pano-Labayen-205x300.jpg?v=1648465417 205w\" sizes=\"(max-width: 364px) 85vw, 364px\" \/><figcaption>General Zumalacarregui,  54mm plano. Ram\u00f3n Labayen<\/figcaption><\/figure>\n\n\n\n\n\n<figure class=\"wp-block-gallery has-nested-images columns-1 is-cropped wp-block-gallery-1 is-layout-flex wp-block-gallery-is-layout-flex\">\n<figure class=\"wp-block-image size-large is-style-default\"><img loading=\"lazy\" decoding=\"async\" width=\"800\" height=\"600\" data-id=\"110517\" src=\"https:\/\/lossoldaditosdeplomo.com\/wp-content\/uploads\/2022\/03\/Diorama-J.C.-Guinea-scaled.jpg\" alt=\"\" class=\"wp-image-110517\" srcset=\"https:\/\/lossoldaditosdeplomo.com\/wp-content\/uploads\/2022\/03\/Diorama-J.C.-Guinea-scaled.jpg?v=1648471354 800w, https:\/\/lossoldaditosdeplomo.com\/wp-content\/uploads\/2022\/03\/Diorama-J.C.-Guinea-300x225.jpg?v=1648471354 300w, https:\/\/lossoldaditosdeplomo.com\/wp-content\/uploads\/2022\/03\/Diorama-J.C.-Guinea-768x576.jpg?v=1648471354 768w, https:\/\/lossoldaditosdeplomo.com\/wp-content\/uploads\/2022\/03\/Diorama-J.C.-Guinea-1536x1152.jpg?v=1648471354 1536w, https:\/\/lossoldaditosdeplomo.com\/wp-content\/uploads\/2022\/03\/Diorama-J.C.-Guinea-2048x1536.jpg?v=1648471354 2048w, https:\/\/lossoldaditosdeplomo.com\/wp-content\/uploads\/2022\/03\/Diorama-J.C.-Guinea-1200x900.jpg?v=1648471354 1200w\" sizes=\"auto, (max-width: 800px) 85vw, 800px\" \/><\/figure>\n\n\n\n<figure class=\"wp-block-image size-large is-style-default\"><img loading=\"lazy\" decoding=\"async\" width=\"800\" height=\"600\" data-id=\"110516\" src=\"https:\/\/lossoldaditosdeplomo.com\/wp-content\/uploads\/2022\/03\/Diorama-J.C.-Guinea-2-scaled.jpg\" alt=\"\" class=\"wp-image-110516\" srcset=\"https:\/\/lossoldaditosdeplomo.com\/wp-content\/uploads\/2022\/03\/Diorama-J.C.-Guinea-2-scaled.jpg?v=1648471348 800w, https:\/\/lossoldaditosdeplomo.com\/wp-content\/uploads\/2022\/03\/Diorama-J.C.-Guinea-2-300x225.jpg?v=1648471348 300w, https:\/\/lossoldaditosdeplomo.com\/wp-content\/uploads\/2022\/03\/Diorama-J.C.-Guinea-2-768x576.jpg?v=1648471348 768w, https:\/\/lossoldaditosdeplomo.com\/wp-content\/uploads\/2022\/03\/Diorama-J.C.-Guinea-2-1536x1152.jpg?v=1648471348 1536w, https:\/\/lossoldaditosdeplomo.com\/wp-content\/uploads\/2022\/03\/Diorama-J.C.-Guinea-2-2048x1536.jpg?v=1648471348 2048w, https:\/\/lossoldaditosdeplomo.com\/wp-content\/uploads\/2022\/03\/Diorama-J.C.-Guinea-2-1200x900.jpg?v=1648471348 1200w\" sizes=\"auto, (max-width: 800px) 85vw, 800px\" \/><\/figure>\n\n\n\n<figure class=\"wp-block-image size-large is-style-default\"><img loading=\"lazy\" decoding=\"async\" width=\"800\" height=\"600\" data-id=\"110515\" src=\"https:\/\/lossoldaditosdeplomo.com\/wp-content\/uploads\/2022\/03\/Diorama-J.C.-Guinea-3-scaled.jpg\" alt=\"\" class=\"wp-image-110515\" srcset=\"https:\/\/lossoldaditosdeplomo.com\/wp-content\/uploads\/2022\/03\/Diorama-J.C.-Guinea-3-scaled.jpg?v=1648471343 800w, https:\/\/lossoldaditosdeplomo.com\/wp-content\/uploads\/2022\/03\/Diorama-J.C.-Guinea-3-300x225.jpg?v=1648471343 300w, https:\/\/lossoldaditosdeplomo.com\/wp-content\/uploads\/2022\/03\/Diorama-J.C.-Guinea-3-768x576.jpg?v=1648471343 768w, https:\/\/lossoldaditosdeplomo.com\/wp-content\/uploads\/2022\/03\/Diorama-J.C.-Guinea-3-1536x1152.jpg?v=1648471343 1536w, https:\/\/lossoldaditosdeplomo.com\/wp-content\/uploads\/2022\/03\/Diorama-J.C.-Guinea-3-2048x1536.jpg?v=1648471343 2048w, https:\/\/lossoldaditosdeplomo.com\/wp-content\/uploads\/2022\/03\/Diorama-J.C.-Guinea-3-1200x900.jpg?v=1648471343 1200w\" sizes=\"auto, (max-width: 800px) 85vw, 800px\" \/><\/figure>\n\n\n\n<figure class=\"wp-block-image size-large is-style-default\"><img loading=\"lazy\" decoding=\"async\" width=\"800\" height=\"600\" data-id=\"110514\" src=\"https:\/\/lossoldaditosdeplomo.com\/wp-content\/uploads\/2022\/03\/Diorama-J.C.-Guinea-4-scaled.jpg\" alt=\"\" class=\"wp-image-110514\" srcset=\"https:\/\/lossoldaditosdeplomo.com\/wp-content\/uploads\/2022\/03\/Diorama-J.C.-Guinea-4-scaled.jpg?v=1648471337 800w, https:\/\/lossoldaditosdeplomo.com\/wp-content\/uploads\/2022\/03\/Diorama-J.C.-Guinea-4-300x225.jpg?v=1648471337 300w, https:\/\/lossoldaditosdeplomo.com\/wp-content\/uploads\/2022\/03\/Diorama-J.C.-Guinea-4-768x576.jpg?v=1648471337 768w, https:\/\/lossoldaditosdeplomo.com\/wp-content\/uploads\/2022\/03\/Diorama-J.C.-Guinea-4-1536x1152.jpg?v=1648471337 1536w, https:\/\/lossoldaditosdeplomo.com\/wp-content\/uploads\/2022\/03\/Diorama-J.C.-Guinea-4-2048x1536.jpg?v=1648471337 2048w, https:\/\/lossoldaditosdeplomo.com\/wp-content\/uploads\/2022\/03\/Diorama-J.C.-Guinea-4-1200x900.jpg?v=1648471337 1200w\" sizes=\"auto, (max-width: 800px) 85vw, 800px\" \/><\/figure>\n\n\n\n<figure class=\"wp-block-image size-large is-style-default\"><img loading=\"lazy\" decoding=\"async\" width=\"800\" height=\"600\" data-id=\"110513\" src=\"https:\/\/lossoldaditosdeplomo.com\/wp-content\/uploads\/2022\/03\/Diorama-J.C.-Guinea-5-scaled.jpg\" alt=\"\" class=\"wp-image-110513\" srcset=\"https:\/\/lossoldaditosdeplomo.com\/wp-content\/uploads\/2022\/03\/Diorama-J.C.-Guinea-5-scaled.jpg?v=1648471331 800w, https:\/\/lossoldaditosdeplomo.com\/wp-content\/uploads\/2022\/03\/Diorama-J.C.-Guinea-5-300x225.jpg?v=1648471331 300w, https:\/\/lossoldaditosdeplomo.com\/wp-content\/uploads\/2022\/03\/Diorama-J.C.-Guinea-5-768x576.jpg?v=1648471331 768w, https:\/\/lossoldaditosdeplomo.com\/wp-content\/uploads\/2022\/03\/Diorama-J.C.-Guinea-5-1536x1152.jpg?v=1648471331 1536w, https:\/\/lossoldaditosdeplomo.com\/wp-content\/uploads\/2022\/03\/Diorama-J.C.-Guinea-5-2048x1536.jpg?v=1648471331 2048w, https:\/\/lossoldaditosdeplomo.com\/wp-content\/uploads\/2022\/03\/Diorama-J.C.-Guinea-5-1200x900.jpg?v=1648471331 1200w\" sizes=\"auto, (max-width: 800px) 85vw, 800px\" \/><\/figure>\n\n\n\n<figure class=\"wp-block-image size-large is-style-default\"><img loading=\"lazy\" decoding=\"async\" width=\"800\" height=\"600\" data-id=\"110512\" src=\"https:\/\/lossoldaditosdeplomo.com\/wp-content\/uploads\/2022\/03\/Diorama-J.C.-Guinea-6-scaled.jpg\" alt=\"\" class=\"wp-image-110512\" srcset=\"https:\/\/lossoldaditosdeplomo.com\/wp-content\/uploads\/2022\/03\/Diorama-J.C.-Guinea-6-scaled.jpg?v=1648471325 800w, https:\/\/lossoldaditosdeplomo.com\/wp-content\/uploads\/2022\/03\/Diorama-J.C.-Guinea-6-300x225.jpg?v=1648471325 300w, https:\/\/lossoldaditosdeplomo.com\/wp-content\/uploads\/2022\/03\/Diorama-J.C.-Guinea-6-768x576.jpg?v=1648471325 768w, https:\/\/lossoldaditosdeplomo.com\/wp-content\/uploads\/2022\/03\/Diorama-J.C.-Guinea-6-1536x1152.jpg?v=1648471325 1536w, https:\/\/lossoldaditosdeplomo.com\/wp-content\/uploads\/2022\/03\/Diorama-J.C.-Guinea-6-2048x1536.jpg?v=1648471325 2048w, https:\/\/lossoldaditosdeplomo.com\/wp-content\/uploads\/2022\/03\/Diorama-J.C.-Guinea-6-1200x900.jpg?v=1648471325 1200w\" sizes=\"auto, (max-width: 800px) 85vw, 800px\" \/><\/figure>\n<figcaption class=\"blocks-gallery-caption\">Soldados Carlistas en 28mm, autor Juan Carlos Santiago Guinea <\/figcaption><\/figure>\n\n\n\n<p><\/p>\n","protected":false},"excerpt":{"rendered":"<p>Os presento la colecci\u00f3n de soldaditos de plomo de otro estupendo coleccionista que ha decidido mostrar estas maravillas al mundo, muchas de sus piezas son \u00fanicas y por ello le agradecemos desde aqui su colaboraci\u00f3n. Comenzamos con unas figuras de la marca ARA MINIATURAS, marca fundada por Jes\u00fas Gonz\u00e1lez de Echavarri Ara y que estuvo &hellip; <a href=\"https:\/\/lossoldaditosdeplomo.com\/index.php\/coleccion-de-juan-munoz-mingarro\/\" class=\"more-link\">Continuar leyendo<span class=\"screen-reader-text\"> &#8220;Colecci\u00f3n de Juan Mu\u00f1oz-Mingarro&#8221;<\/span><\/a><\/p>\n","protected":false},"author":3,"featured_media":0,"parent":0,"menu_order":0,"comment_status":"open","ping_status":"closed","template":"","meta":{"footnotes":""},"class_list":["post-110455","page","type-page","status-publish","hentry"],"yoast_head":"<!-- This site is optimized with the Yoast SEO plugin v27.0 - https:\/\/yoast.com\/product\/yoast-seo-wordpress\/ -->\n<title>Colecci\u00f3n de Juan Mu\u00f1oz-Mingarro - El mundo de los soldaditos de plomo<\/title>\n<meta name=\"robots\" content=\"index, follow, max-snippet:-1, max-image-preview:large, max-video-preview:-1\" \/>\n<link rel=\"canonical\" href=\"https:\/\/lossoldaditosdeplomo.com\/index.php\/coleccion-de-juan-munoz-mingarro\/\" \/>\n<meta property=\"og:locale\" content=\"es_ES\" \/>\n<meta property=\"og:type\" content=\"article\" \/>\n<meta property=\"og:title\" content=\"Colecci\u00f3n de Juan Mu\u00f1oz-Mingarro - El mundo de los soldaditos de plomo\" \/>\n<meta property=\"og:description\" content=\"Os presento la colecci\u00f3n de soldaditos de plomo de otro estupendo coleccionista que ha decidido mostrar estas maravillas al mundo, muchas de sus piezas son \u00fanicas y por ello le agradecemos desde aqui su colaboraci\u00f3n. Comenzamos con unas figuras de la marca ARA MINIATURAS, marca fundada por Jes\u00fas Gonz\u00e1lez de Echavarri Ara y que estuvo &hellip; Continuar leyendo &quot;Colecci\u00f3n de Juan Mu\u00f1oz-Mingarro&quot;\" \/>\n<meta property=\"og:url\" content=\"https:\/\/lossoldaditosdeplomo.com\/index.php\/coleccion-de-juan-munoz-mingarro\/\" \/>\n<meta property=\"og:site_name\" content=\"El mundo de los soldaditos de plomo\" \/>\n<meta property=\"article:publisher\" content=\"https:\/\/www.facebook.com\/El-mundo-de-los-soldaditos-de-plomo-943145209407047\/?modal=admin_todo_tour\" \/>\n<meta property=\"article:modified_time\" content=\"2022-03-28T12:44:32+00:00\" \/>\n<meta property=\"og:image\" content=\"https:\/\/lossoldaditosdeplomo.com\/wp-content\/uploads\/2022\/03\/Abanderado-del-Requete-1936-ARA-4012-scaled.jpg\" \/>\n<meta name=\"twitter:card\" content=\"summary_large_image\" \/>\n<meta name=\"twitter:label1\" content=\"Tiempo de lectura\" \/>\n\t<meta name=\"twitter:data1\" content=\"1 minuto\" \/>\n<script type=\"application\/ld+json\" class=\"yoast-schema-graph\">{\"@context\":\"https:\/\/schema.org\",\"@graph\":[{\"@type\":\"WebPage\",\"@id\":\"https:\/\/lossoldaditosdeplomo.com\/index.php\/coleccion-de-juan-munoz-mingarro\/\",\"url\":\"https:\/\/lossoldaditosdeplomo.com\/index.php\/coleccion-de-juan-munoz-mingarro\/\",\"name\":\"Colecci\u00f3n de Juan Mu\u00f1oz-Mingarro - El mundo de los soldaditos de plomo\",\"isPartOf\":{\"@id\":\"https:\/\/lossoldaditosdeplomo.com\/#website\"},\"primaryImageOfPage\":{\"@id\":\"https:\/\/lossoldaditosdeplomo.com\/index.php\/coleccion-de-juan-munoz-mingarro\/#primaryimage\"},\"image\":{\"@id\":\"https:\/\/lossoldaditosdeplomo.com\/index.php\/coleccion-de-juan-munoz-mingarro\/#primaryimage\"},\"thumbnailUrl\":\"https:\/\/lossoldaditosdeplomo.com\/wp-content\/uploads\/2022\/03\/Abanderado-del-Requete-1936-ARA-4012-scaled.jpg\",\"datePublished\":\"2022-03-08T21:34:49+00:00\",\"dateModified\":\"2022-03-28T12:44:32+00:00\",\"breadcrumb\":{\"@id\":\"https:\/\/lossoldaditosdeplomo.com\/index.php\/coleccion-de-juan-munoz-mingarro\/#breadcrumb\"},\"inLanguage\":\"es\",\"potentialAction\":[{\"@type\":\"ReadAction\",\"target\":[\"https:\/\/lossoldaditosdeplomo.com\/index.php\/coleccion-de-juan-munoz-mingarro\/\"]}]},{\"@type\":\"ImageObject\",\"inLanguage\":\"es\",\"@id\":\"https:\/\/lossoldaditosdeplomo.com\/index.php\/coleccion-de-juan-munoz-mingarro\/#primaryimage\",\"url\":\"https:\/\/lossoldaditosdeplomo.com\/wp-content\/uploads\/2022\/03\/Abanderado-del-Requete-1936-ARA-4012-scaled.jpg?v=1646774986\",\"contentUrl\":\"https:\/\/lossoldaditosdeplomo.com\/wp-content\/uploads\/2022\/03\/Abanderado-del-Requete-1936-ARA-4012-scaled.jpg?v=1646774986\",\"width\":600,\"height\":800,\"caption\":\"Abanderado del Requete, 1936\"},{\"@type\":\"BreadcrumbList\",\"@id\":\"https:\/\/lossoldaditosdeplomo.com\/index.php\/coleccion-de-juan-munoz-mingarro\/#breadcrumb\",\"itemListElement\":[{\"@type\":\"ListItem\",\"position\":1,\"name\":\"Portada\",\"item\":\"https:\/\/lossoldaditosdeplomo.com\/\"},{\"@type\":\"ListItem\",\"position\":2,\"name\":\"Colecci\u00f3n de Juan Mu\u00f1oz-Mingarro\"}]},{\"@type\":\"WebSite\",\"@id\":\"https:\/\/lossoldaditosdeplomo.com\/#website\",\"url\":\"https:\/\/lossoldaditosdeplomo.com\/\",\"name\":\"El mundo de los soldaditos de plomo\",\"description\":\"coleccionismo, pintura y restauraci\u00f3n soldaditos de plomo\",\"publisher\":{\"@id\":\"https:\/\/lossoldaditosdeplomo.com\/#organization\"},\"alternateName\":\"los soldaditos de plomo\",\"potentialAction\":[{\"@type\":\"SearchAction\",\"target\":{\"@type\":\"EntryPoint\",\"urlTemplate\":\"https:\/\/lossoldaditosdeplomo.com\/?s={search_term_string}\"},\"query-input\":{\"@type\":\"PropertyValueSpecification\",\"valueRequired\":true,\"valueName\":\"search_term_string\"}}],\"inLanguage\":\"es\"},{\"@type\":\"Organization\",\"@id\":\"https:\/\/lossoldaditosdeplomo.com\/#organization\",\"name\":\"El Mundo de los soldaditos de plomo\",\"alternateName\":\"los soldaditos de plomo\",\"url\":\"https:\/\/lossoldaditosdeplomo.com\/\",\"logo\":{\"@type\":\"ImageObject\",\"inLanguage\":\"es\",\"@id\":\"https:\/\/lossoldaditosdeplomo.com\/#\/schema\/logo\/image\/\",\"url\":\"https:\/\/lossoldaditosdeplomo.com\/wp-content\/uploads\/2018\/11\/cropped-IMG_0475-3.jpg\",\"contentUrl\":\"https:\/\/lossoldaditosdeplomo.com\/wp-content\/uploads\/2018\/11\/cropped-IMG_0475-3.jpg\",\"width\":391,\"height\":533,\"caption\":\"El Mundo de los soldaditos de plomo\"},\"image\":{\"@id\":\"https:\/\/lossoldaditosdeplomo.com\/#\/schema\/logo\/image\/\"},\"sameAs\":[\"https:\/\/www.facebook.com\/El-mundo-de-los-soldaditos-de-plomo-943145209407047\/?modal=admin_todo_tour\"]}]}<\/script>\n<!-- \/ Yoast SEO plugin. -->","yoast_head_json":{"title":"Colecci\u00f3n de Juan Mu\u00f1oz-Mingarro - El mundo de los soldaditos de plomo","robots":{"index":"index","follow":"follow","max-snippet":"max-snippet:-1","max-image-preview":"max-image-preview:large","max-video-preview":"max-video-preview:-1"},"canonical":"https:\/\/lossoldaditosdeplomo.com\/index.php\/coleccion-de-juan-munoz-mingarro\/","og_locale":"es_ES","og_type":"article","og_title":"Colecci\u00f3n de Juan Mu\u00f1oz-Mingarro - El mundo de los soldaditos de plomo","og_description":"Os presento la colecci\u00f3n de soldaditos de plomo de otro estupendo coleccionista que ha decidido mostrar estas maravillas al mundo, muchas de sus piezas son \u00fanicas y por ello le agradecemos desde aqui su colaboraci\u00f3n. Comenzamos con unas figuras de la marca ARA MINIATURAS, marca fundada por Jes\u00fas Gonz\u00e1lez de Echavarri Ara y que estuvo &hellip; Continuar leyendo \"Colecci\u00f3n de Juan Mu\u00f1oz-Mingarro\"","og_url":"https:\/\/lossoldaditosdeplomo.com\/index.php\/coleccion-de-juan-munoz-mingarro\/","og_site_name":"El mundo de los soldaditos de plomo","article_publisher":"https:\/\/www.facebook.com\/El-mundo-de-los-soldaditos-de-plomo-943145209407047\/?modal=admin_todo_tour","article_modified_time":"2022-03-28T12:44:32+00:00","og_image":[{"url":"https:\/\/lossoldaditosdeplomo.com\/wp-content\/uploads\/2022\/03\/Abanderado-del-Requete-1936-ARA-4012-scaled.jpg","type":"","width":"","height":""}],"twitter_card":"summary_large_image","twitter_misc":{"Tiempo de lectura":"1 minuto"},"schema":{"@context":"https:\/\/schema.org","@graph":[{"@type":"WebPage","@id":"https:\/\/lossoldaditosdeplomo.com\/index.php\/coleccion-de-juan-munoz-mingarro\/","url":"https:\/\/lossoldaditosdeplomo.com\/index.php\/coleccion-de-juan-munoz-mingarro\/","name":"Colecci\u00f3n de Juan Mu\u00f1oz-Mingarro - El mundo de los soldaditos de plomo","isPartOf":{"@id":"https:\/\/lossoldaditosdeplomo.com\/#website"},"primaryImageOfPage":{"@id":"https:\/\/lossoldaditosdeplomo.com\/index.php\/coleccion-de-juan-munoz-mingarro\/#primaryimage"},"image":{"@id":"https:\/\/lossoldaditosdeplomo.com\/index.php\/coleccion-de-juan-munoz-mingarro\/#primaryimage"},"thumbnailUrl":"https:\/\/lossoldaditosdeplomo.com\/wp-content\/uploads\/2022\/03\/Abanderado-del-Requete-1936-ARA-4012-scaled.jpg","datePublished":"2022-03-08T21:34:49+00:00","dateModified":"2022-03-28T12:44:32+00:00","breadcrumb":{"@id":"https:\/\/lossoldaditosdeplomo.com\/index.php\/coleccion-de-juan-munoz-mingarro\/#breadcrumb"},"inLanguage":"es","potentialAction":[{"@type":"ReadAction","target":["https:\/\/lossoldaditosdeplomo.com\/index.php\/coleccion-de-juan-munoz-mingarro\/"]}]},{"@type":"ImageObject","inLanguage":"es","@id":"https:\/\/lossoldaditosdeplomo.com\/index.php\/coleccion-de-juan-munoz-mingarro\/#primaryimage","url":"https:\/\/lossoldaditosdeplomo.com\/wp-content\/uploads\/2022\/03\/Abanderado-del-Requete-1936-ARA-4012-scaled.jpg?v=1646774986","contentUrl":"https:\/\/lossoldaditosdeplomo.com\/wp-content\/uploads\/2022\/03\/Abanderado-del-Requete-1936-ARA-4012-scaled.jpg?v=1646774986","width":600,"height":800,"caption":"Abanderado del Requete, 1936"},{"@type":"BreadcrumbList","@id":"https:\/\/lossoldaditosdeplomo.com\/index.php\/coleccion-de-juan-munoz-mingarro\/#breadcrumb","itemListElement":[{"@type":"ListItem","position":1,"name":"Portada","item":"https:\/\/lossoldaditosdeplomo.com\/"},{"@type":"ListItem","position":2,"name":"Colecci\u00f3n de Juan Mu\u00f1oz-Mingarro"}]},{"@type":"WebSite","@id":"https:\/\/lossoldaditosdeplomo.com\/#website","url":"https:\/\/lossoldaditosdeplomo.com\/","name":"El mundo de los soldaditos de plomo","description":"coleccionismo, pintura y restauraci\u00f3n soldaditos de plomo","publisher":{"@id":"https:\/\/lossoldaditosdeplomo.com\/#organization"},"alternateName":"los soldaditos de plomo","potentialAction":[{"@type":"SearchAction","target":{"@type":"EntryPoint","urlTemplate":"https:\/\/lossoldaditosdeplomo.com\/?s={search_term_string}"},"query-input":{"@type":"PropertyValueSpecification","valueRequired":true,"valueName":"search_term_string"}}],"inLanguage":"es"},{"@type":"Organization","@id":"https:\/\/lossoldaditosdeplomo.com\/#organization","name":"El Mundo de los soldaditos de plomo","alternateName":"los soldaditos de plomo","url":"https:\/\/lossoldaditosdeplomo.com\/","logo":{"@type":"ImageObject","inLanguage":"es","@id":"https:\/\/lossoldaditosdeplomo.com\/#\/schema\/logo\/image\/","url":"https:\/\/lossoldaditosdeplomo.com\/wp-content\/uploads\/2018\/11\/cropped-IMG_0475-3.jpg","contentUrl":"https:\/\/lossoldaditosdeplomo.com\/wp-content\/uploads\/2018\/11\/cropped-IMG_0475-3.jpg","width":391,"height":533,"caption":"El Mundo de los soldaditos de plomo"},"image":{"@id":"https:\/\/lossoldaditosdeplomo.com\/#\/schema\/logo\/image\/"},"sameAs":["https:\/\/www.facebook.com\/El-mundo-de-los-soldaditos-de-plomo-943145209407047\/?modal=admin_todo_tour"]}]}},"_links":{"self":[{"href":"https:\/\/lossoldaditosdeplomo.com\/index.php\/wp-json\/wp\/v2\/pages\/110455","targetHints":{"allow":["GET"]}}],"collection":[{"href":"https:\/\/lossoldaditosdeplomo.com\/index.php\/wp-json\/wp\/v2\/pages"}],"about":[{"href":"https:\/\/lossoldaditosdeplomo.com\/index.php\/wp-json\/wp\/v2\/types\/page"}],"author":[{"embeddable":true,"href":"https:\/\/lossoldaditosdeplomo.com\/index.php\/wp-json\/wp\/v2\/users\/3"}],"replies":[{"embeddable":true,"href":"https:\/\/lossoldaditosdeplomo.com\/index.php\/wp-json\/wp\/v2\/comments?post=110455"}],"version-history":[{"count":0,"href":"https:\/\/lossoldaditosdeplomo.com\/index.php\/wp-json\/wp\/v2\/pages\/110455\/revisions"}],"wp:attachment":[{"href":"https:\/\/lossoldaditosdeplomo.com\/index.php\/wp-json\/wp\/v2\/media?parent=110455"}],"curies":[{"name":"wp","href":"https:\/\/api.w.org\/{rel}","templated":true}]}}