{"id":111325,"date":"2022-06-02T19:40:41","date_gmt":"2022-06-02T17:40:41","guid":{"rendered":"https:\/\/lossoldaditosdeplomo.com\/?page_id=111325"},"modified":"2022-06-29T12:20:15","modified_gmt":"2022-06-29T10:20:15","slug":"novedades-junio-2022","status":"publish","type":"page","link":"https:\/\/lossoldaditosdeplomo.com\/index.php\/novedades-junio-2022\/","title":{"rendered":"JUNIO 2022"},"content":{"rendered":"\n<p>Comenzaremos por un recorrido por el museo de nuestro amigo Rafael Garc\u00eda, donde seguiremos la hist\u00f3ria  atrav\u00e9s de las figuras de plomo<\/p>\n\n\n\n<figure class=\"wp-block-image\"><img decoding=\"async\" src=\"http:\/\/repositorio.turismocastillalamancha.com\/miscelanea\/186217\/49\/0701\/museo-plomhist.jpg\" alt=\"Museo PlomHist\"\/><\/figure>\n\n\n\n<figure class=\"wp-block-embed is-type-wp-embed is-provider-incrustado wp-block-embed-incrustado\"><div class=\"wp-block-embed__wrapper\">\n<blockquote class=\"wp-embedded-content\" data-secret=\"Rew8cMhX9e\"><a href=\"https:\/\/plomhist.es\/\">Home<\/a><\/blockquote><iframe loading=\"lazy\" class=\"wp-embedded-content\" sandbox=\"allow-scripts\" security=\"restricted\" style=\"position: absolute; visibility: hidden;\" title=\"\u00abHome\u00bb \u2014 \" src=\"https:\/\/plomhist.es\/embed\/#?secret=38qYqeBug2#?secret=Rew8cMhX9e\" data-secret=\"Rew8cMhX9e\" width=\"600\" height=\"338\" frameborder=\"0\" marginwidth=\"0\" marginheight=\"0\" scrolling=\"no\"><\/iframe>\n<\/div><\/figure>\n\n\n\n<h2 class=\"wp-block-heading\">Nuevas figuras de la colecci\u00f3n de Juan Carlos Santiago Guinea<\/h2>\n\n\n\n<p><\/p>\n\n\n\n<p class=\"has-large-font-size\">Serie &#8220;Guerra de Crimea&#8221;<\/p>\n\n\n\n<figure class=\"wp-block-image size-full\"><img loading=\"lazy\" decoding=\"async\" width=\"421\" height=\"800\" src=\"https:\/\/lossoldaditosdeplomo.com\/wp-content\/uploads\/2022\/06\/Regimiento-de-Dragones-Royal-North-British-1854-Beneito-Miniautras-Referencia-MV--scaled.jpg\" alt=\"\" class=\"wp-image-111734\" srcset=\"https:\/\/lossoldaditosdeplomo.com\/wp-content\/uploads\/2022\/06\/Regimiento-de-Dragones-Royal-North-British-1854-Beneito-Miniautras-Referencia-MV--scaled.jpg?v=1655151637 421w, https:\/\/lossoldaditosdeplomo.com\/wp-content\/uploads\/2022\/06\/Regimiento-de-Dragones-Royal-North-British-1854-Beneito-Miniautras-Referencia-MV--158x300.jpg?v=1655151637 158w, https:\/\/lossoldaditosdeplomo.com\/wp-content\/uploads\/2022\/06\/Regimiento-de-Dragones-Royal-North-British-1854-Beneito-Miniautras-Referencia-MV--768x1461.jpg?v=1655151637 768w, https:\/\/lossoldaditosdeplomo.com\/wp-content\/uploads\/2022\/06\/Regimiento-de-Dragones-Royal-North-British-1854-Beneito-Miniautras-Referencia-MV--808x1536.jpg?v=1655151637 808w\" sizes=\"auto, (max-width: 421px) 85vw, 421px\" \/><figcaption><a href=\"https:\/\/lossoldaditosdeplomo.com\/index.php\/siglo-xix-guerra-de-crimea\/\" target=\"_blank\" rel=\"noreferrer noopener\">Guerra de Crimea<\/a><\/figcaption><\/figure>\n\n\n\n<p><\/p>\n\n\n\n<p class=\"has-large-font-size\">Serie Piratas<\/p>\n\n\n\n<figure class=\"wp-block-image size-full\"><img loading=\"lazy\" decoding=\"async\" width=\"418\" height=\"800\" src=\"https:\/\/lossoldaditosdeplomo.com\/wp-content\/uploads\/2022\/06\/La-Isla-del-Tesoro1700-Andrea-Miniatures-54mm-ref-SG-F112-d-scaled.jpeg?v=1654376423\" alt=\"\" class=\"wp-image-111441\" srcset=\"https:\/\/lossoldaditosdeplomo.com\/wp-content\/uploads\/2022\/06\/La-Isla-del-Tesoro1700-Andrea-Miniatures-54mm-ref-SG-F112-d-scaled.jpeg?v=1654376423 418w, https:\/\/lossoldaditosdeplomo.com\/wp-content\/uploads\/2022\/06\/La-Isla-del-Tesoro1700-Andrea-Miniatures-54mm-ref-SG-F112-d-157x300.jpeg?v=1654376423 157w, https:\/\/lossoldaditosdeplomo.com\/wp-content\/uploads\/2022\/06\/La-Isla-del-Tesoro1700-Andrea-Miniatures-54mm-ref-SG-F112-d-768x1469.jpeg?v=1654376423 768w, https:\/\/lossoldaditosdeplomo.com\/wp-content\/uploads\/2022\/06\/La-Isla-del-Tesoro1700-Andrea-Miniatures-54mm-ref-SG-F112-d-803x1536.jpeg?v=1654376423 803w\" sizes=\"auto, (max-width: 418px) 85vw, 418px\" \/><figcaption><a href=\"https:\/\/lossoldaditosdeplomo.com\/index.php\/piratas\/\" target=\"_blank\" rel=\"noreferrer noopener\">Serie Piratas<\/a><\/figcaption><\/figure>\n\n\n\n<p><\/p>\n\n\n\n<p class=\"has-large-font-size\">Oquendo Miniaturas Militares<\/p>\n\n\n\n<figure class=\"wp-block-image size-full\"><img loading=\"lazy\" decoding=\"async\" width=\"447\" height=\"800\" src=\"https:\/\/lossoldaditosdeplomo.com\/wp-content\/uploads\/2022\/06\/Oficial-de-las-milicias-del-comercio-de-Mexico-1770-Ejercito-de-Ultramar-d-scaled.jpeg\" alt=\"\" class=\"wp-image-111393\" srcset=\"https:\/\/lossoldaditosdeplomo.com\/wp-content\/uploads\/2022\/06\/Oficial-de-las-milicias-del-comercio-de-Mexico-1770-Ejercito-de-Ultramar-d-scaled.jpeg?v=1654368948 447w, https:\/\/lossoldaditosdeplomo.com\/wp-content\/uploads\/2022\/06\/Oficial-de-las-milicias-del-comercio-de-Mexico-1770-Ejercito-de-Ultramar-d-168x300.jpeg?v=1654368948 168w, https:\/\/lossoldaditosdeplomo.com\/wp-content\/uploads\/2022\/06\/Oficial-de-las-milicias-del-comercio-de-Mexico-1770-Ejercito-de-Ultramar-d-768x1373.jpeg?v=1654368948 768w, https:\/\/lossoldaditosdeplomo.com\/wp-content\/uploads\/2022\/06\/Oficial-de-las-milicias-del-comercio-de-Mexico-1770-Ejercito-de-Ultramar-d-859x1536.jpeg?v=1654368948 859w\" sizes=\"auto, (max-width: 447px) 85vw, 447px\" \/><figcaption><a href=\"https:\/\/lossoldaditosdeplomo.com\/index.php\/coleccion-de-juan-carlos-santiago-guinea\/\" target=\"_blank\" rel=\"noreferrer noopener\">Colecci\u00f3n Oquendo M.M.<\/a><\/figcaption><\/figure>\n\n\n\n<p><\/p>\n\n\n\n<p><\/p>\n\n\n\n<figure class=\"wp-block-image size-full\"><img loading=\"lazy\" decoding=\"async\" width=\"603\" height=\"800\" src=\"https:\/\/lossoldaditosdeplomo.com\/wp-content\/uploads\/2022\/06\/manuscrito-de-Cornelio-Suhr-scaled.jpg\" alt=\"\" class=\"wp-image-111600\" srcset=\"https:\/\/lossoldaditosdeplomo.com\/wp-content\/uploads\/2022\/06\/manuscrito-de-Cornelio-Suhr-scaled.jpg?v=1654972417 603w, https:\/\/lossoldaditosdeplomo.com\/wp-content\/uploads\/2022\/06\/manuscrito-de-Cornelio-Suhr-226x300.jpg?v=1654972417 226w\" sizes=\"auto, (max-width: 603px) 85vw, 603px\" \/><figcaption><a href=\"https:\/\/lossoldaditosdeplomo.com\/wp-content\/uploads\/2022\/06\/El-Burgues-de-Hamburgo_compressed.pdf\" target=\"_blank\" rel=\"noreferrer noopener\">Manuscrito de Cornelio Suhr<\/a><\/figcaption><\/figure>\n\n\n\n<p>Enlace al video   https:\/\/www.youtube.com\/watch?v=3a66IR3jSBk<\/p>\n\n\n\n<p><\/p>\n\n\n\n<p>Asociaci\u00f3n Alavesa de Miniaturas y Maquetas:  http:\/\/aa-mm.org\/<\/p>\n\n\n\n<p><\/p>\n","protected":false},"excerpt":{"rendered":"<p>Comenzaremos por un recorrido por el museo de nuestro amigo Rafael Garc\u00eda, donde seguiremos la hist\u00f3ria atrav\u00e9s de las figuras de plomo Nuevas figuras de la colecci\u00f3n de Juan Carlos Santiago Guinea Serie &#8220;Guerra de Crimea&#8221; Serie Piratas Oquendo Miniaturas Militares Enlace al video https:\/\/www.youtube.com\/watch?v=3a66IR3jSBk Asociaci\u00f3n Alavesa de Miniaturas y Maquetas: http:\/\/aa-mm.org\/<\/p>\n","protected":false},"author":3,"featured_media":0,"parent":0,"menu_order":0,"comment_status":"closed","ping_status":"closed","template":"","meta":{"footnotes":""},"class_list":["post-111325","page","type-page","status-publish","hentry"],"yoast_head":"<!-- This site is optimized with the Yoast SEO plugin v27.0 - https:\/\/yoast.com\/product\/yoast-seo-wordpress\/ -->\n<title>JUNIO 2022 - El mundo de los soldaditos de plomo<\/title>\n<meta name=\"robots\" content=\"index, follow, max-snippet:-1, max-image-preview:large, max-video-preview:-1\" \/>\n<link rel=\"canonical\" href=\"https:\/\/lossoldaditosdeplomo.com\/index.php\/novedades-junio-2022\/\" \/>\n<meta property=\"og:locale\" content=\"es_ES\" \/>\n<meta property=\"og:type\" content=\"article\" \/>\n<meta property=\"og:title\" content=\"JUNIO 2022 - El mundo de los soldaditos de plomo\" \/>\n<meta property=\"og:description\" content=\"Comenzaremos por un recorrido por el museo de nuestro amigo Rafael Garc\u00eda, donde seguiremos la hist\u00f3ria atrav\u00e9s de las figuras de plomo Nuevas figuras de la colecci\u00f3n de Juan Carlos Santiago Guinea Serie &#8220;Guerra de Crimea&#8221; Serie Piratas Oquendo Miniaturas Militares Enlace al video https:\/\/www.youtube.com\/watch?v=3a66IR3jSBk Asociaci\u00f3n Alavesa de Miniaturas y Maquetas: http:\/\/aa-mm.org\/\" \/>\n<meta property=\"og:url\" content=\"https:\/\/lossoldaditosdeplomo.com\/index.php\/novedades-junio-2022\/\" \/>\n<meta property=\"og:site_name\" content=\"El mundo de los soldaditos de plomo\" \/>\n<meta property=\"article:publisher\" content=\"https:\/\/www.facebook.com\/El-mundo-de-los-soldaditos-de-plomo-943145209407047\/?modal=admin_todo_tour\" \/>\n<meta property=\"article:modified_time\" content=\"2022-06-29T10:20:15+00:00\" \/>\n<meta property=\"og:image\" content=\"http:\/\/repositorio.turismocastillalamancha.com\/miscelanea\/186217\/49\/0701\/museo-plomhist.jpg\" \/>\n<meta name=\"twitter:card\" content=\"summary_large_image\" \/>\n<script type=\"application\/ld+json\" class=\"yoast-schema-graph\">{\"@context\":\"https:\/\/schema.org\",\"@graph\":[{\"@type\":\"WebPage\",\"@id\":\"https:\/\/lossoldaditosdeplomo.com\/index.php\/novedades-junio-2022\/\",\"url\":\"https:\/\/lossoldaditosdeplomo.com\/index.php\/novedades-junio-2022\/\",\"name\":\"JUNIO 2022 - El mundo de los soldaditos de plomo\",\"isPartOf\":{\"@id\":\"https:\/\/lossoldaditosdeplomo.com\/#website\"},\"primaryImageOfPage\":{\"@id\":\"https:\/\/lossoldaditosdeplomo.com\/index.php\/novedades-junio-2022\/#primaryimage\"},\"image\":{\"@id\":\"https:\/\/lossoldaditosdeplomo.com\/index.php\/novedades-junio-2022\/#primaryimage\"},\"thumbnailUrl\":\"http:\/\/repositorio.turismocastillalamancha.com\/miscelanea\/186217\/49\/0701\/museo-plomhist.jpg\",\"datePublished\":\"2022-06-02T17:40:41+00:00\",\"dateModified\":\"2022-06-29T10:20:15+00:00\",\"breadcrumb\":{\"@id\":\"https:\/\/lossoldaditosdeplomo.com\/index.php\/novedades-junio-2022\/#breadcrumb\"},\"inLanguage\":\"es\",\"potentialAction\":[{\"@type\":\"ReadAction\",\"target\":[\"https:\/\/lossoldaditosdeplomo.com\/index.php\/novedades-junio-2022\/\"]}]},{\"@type\":\"ImageObject\",\"inLanguage\":\"es\",\"@id\":\"https:\/\/lossoldaditosdeplomo.com\/index.php\/novedades-junio-2022\/#primaryimage\",\"url\":\"http:\/\/repositorio.turismocastillalamancha.com\/miscelanea\/186217\/49\/0701\/museo-plomhist.jpg\",\"contentUrl\":\"http:\/\/repositorio.turismocastillalamancha.com\/miscelanea\/186217\/49\/0701\/museo-plomhist.jpg\"},{\"@type\":\"BreadcrumbList\",\"@id\":\"https:\/\/lossoldaditosdeplomo.com\/index.php\/novedades-junio-2022\/#breadcrumb\",\"itemListElement\":[{\"@type\":\"ListItem\",\"position\":1,\"name\":\"Portada\",\"item\":\"https:\/\/lossoldaditosdeplomo.com\/\"},{\"@type\":\"ListItem\",\"position\":2,\"name\":\"JUNIO 2022\"}]},{\"@type\":\"WebSite\",\"@id\":\"https:\/\/lossoldaditosdeplomo.com\/#website\",\"url\":\"https:\/\/lossoldaditosdeplomo.com\/\",\"name\":\"El mundo de los soldaditos de plomo\",\"description\":\"coleccionismo, pintura y restauraci\u00f3n soldaditos de plomo\",\"publisher\":{\"@id\":\"https:\/\/lossoldaditosdeplomo.com\/#organization\"},\"alternateName\":\"los soldaditos de plomo\",\"potentialAction\":[{\"@type\":\"SearchAction\",\"target\":{\"@type\":\"EntryPoint\",\"urlTemplate\":\"https:\/\/lossoldaditosdeplomo.com\/?s={search_term_string}\"},\"query-input\":{\"@type\":\"PropertyValueSpecification\",\"valueRequired\":true,\"valueName\":\"search_term_string\"}}],\"inLanguage\":\"es\"},{\"@type\":\"Organization\",\"@id\":\"https:\/\/lossoldaditosdeplomo.com\/#organization\",\"name\":\"El Mundo de los soldaditos de plomo\",\"alternateName\":\"los soldaditos de plomo\",\"url\":\"https:\/\/lossoldaditosdeplomo.com\/\",\"logo\":{\"@type\":\"ImageObject\",\"inLanguage\":\"es\",\"@id\":\"https:\/\/lossoldaditosdeplomo.com\/#\/schema\/logo\/image\/\",\"url\":\"https:\/\/lossoldaditosdeplomo.com\/wp-content\/uploads\/2018\/11\/cropped-IMG_0475-3.jpg\",\"contentUrl\":\"https:\/\/lossoldaditosdeplomo.com\/wp-content\/uploads\/2018\/11\/cropped-IMG_0475-3.jpg\",\"width\":391,\"height\":533,\"caption\":\"El Mundo de los soldaditos de plomo\"},\"image\":{\"@id\":\"https:\/\/lossoldaditosdeplomo.com\/#\/schema\/logo\/image\/\"},\"sameAs\":[\"https:\/\/www.facebook.com\/El-mundo-de-los-soldaditos-de-plomo-943145209407047\/?modal=admin_todo_tour\"]}]}<\/script>\n<!-- \/ Yoast SEO plugin. -->","yoast_head_json":{"title":"JUNIO 2022 - El mundo de los soldaditos de plomo","robots":{"index":"index","follow":"follow","max-snippet":"max-snippet:-1","max-image-preview":"max-image-preview:large","max-video-preview":"max-video-preview:-1"},"canonical":"https:\/\/lossoldaditosdeplomo.com\/index.php\/novedades-junio-2022\/","og_locale":"es_ES","og_type":"article","og_title":"JUNIO 2022 - El mundo de los soldaditos de plomo","og_description":"Comenzaremos por un recorrido por el museo de nuestro amigo Rafael Garc\u00eda, donde seguiremos la hist\u00f3ria atrav\u00e9s de las figuras de plomo Nuevas figuras de la colecci\u00f3n de Juan Carlos Santiago Guinea Serie &#8220;Guerra de Crimea&#8221; Serie Piratas Oquendo Miniaturas Militares Enlace al video https:\/\/www.youtube.com\/watch?v=3a66IR3jSBk Asociaci\u00f3n Alavesa de Miniaturas y Maquetas: http:\/\/aa-mm.org\/","og_url":"https:\/\/lossoldaditosdeplomo.com\/index.php\/novedades-junio-2022\/","og_site_name":"El mundo de los soldaditos de plomo","article_publisher":"https:\/\/www.facebook.com\/El-mundo-de-los-soldaditos-de-plomo-943145209407047\/?modal=admin_todo_tour","article_modified_time":"2022-06-29T10:20:15+00:00","og_image":[{"url":"http:\/\/repositorio.turismocastillalamancha.com\/miscelanea\/186217\/49\/0701\/museo-plomhist.jpg","type":"","width":"","height":""}],"twitter_card":"summary_large_image","schema":{"@context":"https:\/\/schema.org","@graph":[{"@type":"WebPage","@id":"https:\/\/lossoldaditosdeplomo.com\/index.php\/novedades-junio-2022\/","url":"https:\/\/lossoldaditosdeplomo.com\/index.php\/novedades-junio-2022\/","name":"JUNIO 2022 - El mundo de los soldaditos de plomo","isPartOf":{"@id":"https:\/\/lossoldaditosdeplomo.com\/#website"},"primaryImageOfPage":{"@id":"https:\/\/lossoldaditosdeplomo.com\/index.php\/novedades-junio-2022\/#primaryimage"},"image":{"@id":"https:\/\/lossoldaditosdeplomo.com\/index.php\/novedades-junio-2022\/#primaryimage"},"thumbnailUrl":"http:\/\/repositorio.turismocastillalamancha.com\/miscelanea\/186217\/49\/0701\/museo-plomhist.jpg","datePublished":"2022-06-02T17:40:41+00:00","dateModified":"2022-06-29T10:20:15+00:00","breadcrumb":{"@id":"https:\/\/lossoldaditosdeplomo.com\/index.php\/novedades-junio-2022\/#breadcrumb"},"inLanguage":"es","potentialAction":[{"@type":"ReadAction","target":["https:\/\/lossoldaditosdeplomo.com\/index.php\/novedades-junio-2022\/"]}]},{"@type":"ImageObject","inLanguage":"es","@id":"https:\/\/lossoldaditosdeplomo.com\/index.php\/novedades-junio-2022\/#primaryimage","url":"http:\/\/repositorio.turismocastillalamancha.com\/miscelanea\/186217\/49\/0701\/museo-plomhist.jpg","contentUrl":"http:\/\/repositorio.turismocastillalamancha.com\/miscelanea\/186217\/49\/0701\/museo-plomhist.jpg"},{"@type":"BreadcrumbList","@id":"https:\/\/lossoldaditosdeplomo.com\/index.php\/novedades-junio-2022\/#breadcrumb","itemListElement":[{"@type":"ListItem","position":1,"name":"Portada","item":"https:\/\/lossoldaditosdeplomo.com\/"},{"@type":"ListItem","position":2,"name":"JUNIO 2022"}]},{"@type":"WebSite","@id":"https:\/\/lossoldaditosdeplomo.com\/#website","url":"https:\/\/lossoldaditosdeplomo.com\/","name":"El mundo de los soldaditos de plomo","description":"coleccionismo, pintura y restauraci\u00f3n soldaditos de plomo","publisher":{"@id":"https:\/\/lossoldaditosdeplomo.com\/#organization"},"alternateName":"los soldaditos de plomo","potentialAction":[{"@type":"SearchAction","target":{"@type":"EntryPoint","urlTemplate":"https:\/\/lossoldaditosdeplomo.com\/?s={search_term_string}"},"query-input":{"@type":"PropertyValueSpecification","valueRequired":true,"valueName":"search_term_string"}}],"inLanguage":"es"},{"@type":"Organization","@id":"https:\/\/lossoldaditosdeplomo.com\/#organization","name":"El Mundo de los soldaditos de plomo","alternateName":"los soldaditos de plomo","url":"https:\/\/lossoldaditosdeplomo.com\/","logo":{"@type":"ImageObject","inLanguage":"es","@id":"https:\/\/lossoldaditosdeplomo.com\/#\/schema\/logo\/image\/","url":"https:\/\/lossoldaditosdeplomo.com\/wp-content\/uploads\/2018\/11\/cropped-IMG_0475-3.jpg","contentUrl":"https:\/\/lossoldaditosdeplomo.com\/wp-content\/uploads\/2018\/11\/cropped-IMG_0475-3.jpg","width":391,"height":533,"caption":"El Mundo de los soldaditos de plomo"},"image":{"@id":"https:\/\/lossoldaditosdeplomo.com\/#\/schema\/logo\/image\/"},"sameAs":["https:\/\/www.facebook.com\/El-mundo-de-los-soldaditos-de-plomo-943145209407047\/?modal=admin_todo_tour"]}]}},"_links":{"self":[{"href":"https:\/\/lossoldaditosdeplomo.com\/index.php\/wp-json\/wp\/v2\/pages\/111325","targetHints":{"allow":["GET"]}}],"collection":[{"href":"https:\/\/lossoldaditosdeplomo.com\/index.php\/wp-json\/wp\/v2\/pages"}],"about":[{"href":"https:\/\/lossoldaditosdeplomo.com\/index.php\/wp-json\/wp\/v2\/types\/page"}],"author":[{"embeddable":true,"href":"https:\/\/lossoldaditosdeplomo.com\/index.php\/wp-json\/wp\/v2\/users\/3"}],"replies":[{"embeddable":true,"href":"https:\/\/lossoldaditosdeplomo.com\/index.php\/wp-json\/wp\/v2\/comments?post=111325"}],"version-history":[{"count":0,"href":"https:\/\/lossoldaditosdeplomo.com\/index.php\/wp-json\/wp\/v2\/pages\/111325\/revisions"}],"wp:attachment":[{"href":"https:\/\/lossoldaditosdeplomo.com\/index.php\/wp-json\/wp\/v2\/media?parent=111325"}],"curies":[{"name":"wp","href":"https:\/\/api.w.org\/{rel}","templated":true}]}}