{"id":113059,"date":"2022-10-03T12:27:35","date_gmt":"2022-10-03T10:27:35","guid":{"rendered":"https:\/\/lossoldaditosdeplomo.com\/?page_id=113059"},"modified":"2022-10-04T12:24:04","modified_gmt":"2022-10-04T10:24:04","slug":"octubre-2022","status":"publish","type":"page","link":"https:\/\/lossoldaditosdeplomo.com\/index.php\/octubre-2022\/","title":{"rendered":"OCTUBRE 2022"},"content":{"rendered":"\n<p><a rel=\"noreferrer noopener\" href=\"https:\/\/maquette-et-figurine.pagesperso-orange.fr\/index.html\" target=\"_blank\">Maquette et figurine  <\/a>  Interesante p\u00e1gina con muchas figuras y pintura paso a paso de algunas de ellas<\/p>\n\n\n\n<p><\/p>\n\n\n\n<p>En Nuestra p\u00e1gina principal hemos a\u00f1adido el cat\u00e1logo de la marca SOLDAT<\/p>\n\n\n\n<figure class=\"wp-block-image size-full\"><img loading=\"lazy\" decoding=\"async\" width=\"505\" height=\"722\" src=\"https:\/\/lossoldaditosdeplomo.com\/wp-content\/uploads\/2022\/10\/CATALOGO-SOLDAT.png\" alt=\"\" class=\"wp-image-113101\" srcset=\"https:\/\/lossoldaditosdeplomo.com\/wp-content\/uploads\/2022\/10\/CATALOGO-SOLDAT.png?v=1664878763 505w, https:\/\/lossoldaditosdeplomo.com\/wp-content\/uploads\/2022\/10\/CATALOGO-SOLDAT-210x300.png?v=1664878763 210w\" sizes=\"auto, (max-width: 505px) 85vw, 505px\" \/><figcaption><a href=\"https:\/\/lossoldaditosdeplomo.com\/wp-content\/uploads\/2022\/10\/Catalogo-Soldat_compressed-1.pdf\" target=\"_blank\" rel=\"noreferrer noopener\">Descarga del Cat\u00e1logo<\/a><\/figcaption><\/figure>\n\n\n\n<p><\/p>\n\n\n\n<p><\/p>\n\n\n\n<figure class=\"wp-block-image size-full\"><img loading=\"lazy\" decoding=\"async\" width=\"533\" height=\"800\" src=\"https:\/\/lossoldaditosdeplomo.com\/wp-content\/uploads\/2022\/10\/Vaulter-de-la-Guardia-Reino-de-Napoles-1815-ROMEO-MODELS-54mm-RM54-027E-scaled.jpg?v=1664792309\" alt=\"\" class=\"wp-image-113057\" srcset=\"https:\/\/lossoldaditosdeplomo.com\/wp-content\/uploads\/2022\/10\/Vaulter-de-la-Guardia-Reino-de-Napoles-1815-ROMEO-MODELS-54mm-RM54-027E-scaled.jpg?v=1664792309 533w, https:\/\/lossoldaditosdeplomo.com\/wp-content\/uploads\/2022\/10\/Vaulter-de-la-Guardia-Reino-de-Napoles-1815-ROMEO-MODELS-54mm-RM54-027E-200x300.jpg?v=1664792309 200w, https:\/\/lossoldaditosdeplomo.com\/wp-content\/uploads\/2022\/10\/Vaulter-de-la-Guardia-Reino-de-Napoles-1815-ROMEO-MODELS-54mm-RM54-027E-768x1152.jpg?v=1664792309 768w, https:\/\/lossoldaditosdeplomo.com\/wp-content\/uploads\/2022\/10\/Vaulter-de-la-Guardia-Reino-de-Napoles-1815-ROMEO-MODELS-54mm-RM54-027E-1024x1536.jpg?v=1664792309 1024w, https:\/\/lossoldaditosdeplomo.com\/wp-content\/uploads\/2022\/10\/Vaulter-de-la-Guardia-Reino-de-Napoles-1815-ROMEO-MODELS-54mm-RM54-027E-1365x2048.jpg?v=1664792309 1365w, https:\/\/lossoldaditosdeplomo.com\/wp-content\/uploads\/2022\/10\/Vaulter-de-la-Guardia-Reino-de-Napoles-1815-ROMEO-MODELS-54mm-RM54-027E-1200x1800.jpg?v=1664792309 1200w\" sizes=\"auto, (max-width: 533px) 85vw, 533px\" \/><figcaption><a href=\"https:\/\/lossoldaditosdeplomo.com\/index.php\/catalog\/vaulter-de-la-guardia-reino-de-napoles-1815\/\" target=\"_blank\" rel=\"noreferrer noopener\">Vaulter de la Guardia Reino de Napoles 1815, ROMEO MODELS <\/a><\/figcaption><\/figure>\n\n\n\n<figure class=\"wp-block-image size-full\"><img loading=\"lazy\" decoding=\"async\" width=\"533\" height=\"800\" src=\"https:\/\/lossoldaditosdeplomo.com\/wp-content\/uploads\/2022\/10\/Granadero-de-la-Guardia-Imperial-Andrea-Miniatures-54mm-S7-F01-scaled.jpg\" alt=\"\" class=\"wp-image-113062\" srcset=\"https:\/\/lossoldaditosdeplomo.com\/wp-content\/uploads\/2022\/10\/Granadero-de-la-Guardia-Imperial-Andrea-Miniatures-54mm-S7-F01-scaled.jpg?v=1664794020 533w, https:\/\/lossoldaditosdeplomo.com\/wp-content\/uploads\/2022\/10\/Granadero-de-la-Guardia-Imperial-Andrea-Miniatures-54mm-S7-F01-200x300.jpg?v=1664794020 200w, https:\/\/lossoldaditosdeplomo.com\/wp-content\/uploads\/2022\/10\/Granadero-de-la-Guardia-Imperial-Andrea-Miniatures-54mm-S7-F01-768x1152.jpg?v=1664794020 768w, https:\/\/lossoldaditosdeplomo.com\/wp-content\/uploads\/2022\/10\/Granadero-de-la-Guardia-Imperial-Andrea-Miniatures-54mm-S7-F01-1024x1536.jpg?v=1664794020 1024w, https:\/\/lossoldaditosdeplomo.com\/wp-content\/uploads\/2022\/10\/Granadero-de-la-Guardia-Imperial-Andrea-Miniatures-54mm-S7-F01-1365x2048.jpg?v=1664794020 1365w, https:\/\/lossoldaditosdeplomo.com\/wp-content\/uploads\/2022\/10\/Granadero-de-la-Guardia-Imperial-Andrea-Miniatures-54mm-S7-F01-1200x1800.jpg?v=1664794020 1200w\" sizes=\"auto, (max-width: 533px) 85vw, 533px\" \/><figcaption><a href=\"https:\/\/lossoldaditosdeplomo.com\/index.php\/catalog\/granadero-de-la-guardia-imperial\/\" target=\"_blank\" rel=\"noreferrer noopener\">Granadero de la Guardia Imperial, Andrea Miniatures <\/a><\/figcaption><\/figure>\n\n\n\n<p><\/p>\n\n\n\n<figure class=\"wp-block-image size-full\"><img loading=\"lazy\" decoding=\"async\" width=\"533\" height=\"800\" src=\"https:\/\/lossoldaditosdeplomo.com\/wp-content\/uploads\/2022\/10\/Mameluco-1805Metal-Models-54mm-ref-MA-scaled.jpg\" alt=\"\" class=\"wp-image-113069\" srcset=\"https:\/\/lossoldaditosdeplomo.com\/wp-content\/uploads\/2022\/10\/Mameluco-1805Metal-Models-54mm-ref-MA-scaled.jpg?v=1664794482 533w, https:\/\/lossoldaditosdeplomo.com\/wp-content\/uploads\/2022\/10\/Mameluco-1805Metal-Models-54mm-ref-MA-200x300.jpg?v=1664794482 200w, https:\/\/lossoldaditosdeplomo.com\/wp-content\/uploads\/2022\/10\/Mameluco-1805Metal-Models-54mm-ref-MA-768x1152.jpg?v=1664794482 768w, https:\/\/lossoldaditosdeplomo.com\/wp-content\/uploads\/2022\/10\/Mameluco-1805Metal-Models-54mm-ref-MA-1024x1536.jpg?v=1664794482 1024w, https:\/\/lossoldaditosdeplomo.com\/wp-content\/uploads\/2022\/10\/Mameluco-1805Metal-Models-54mm-ref-MA-1365x2048.jpg?v=1664794482 1365w, https:\/\/lossoldaditosdeplomo.com\/wp-content\/uploads\/2022\/10\/Mameluco-1805Metal-Models-54mm-ref-MA-1200x1800.jpg?v=1664794482 1200w\" sizes=\"auto, (max-width: 533px) 85vw, 533px\" \/><figcaption><a href=\"https:\/\/lossoldaditosdeplomo.com\/index.php\/catalog\/mameluco-1805\/\" target=\"_blank\" rel=\"noreferrer noopener\">Mameluco 1805,Metal Models 54mm <\/a><\/figcaption><\/figure>\n\n\n\n<p><\/p>\n\n\n\n<figure class=\"wp-block-image size-full\"><img loading=\"lazy\" decoding=\"async\" width=\"533\" height=\"800\" src=\"https:\/\/lossoldaditosdeplomo.com\/wp-content\/uploads\/2022\/10\/Guardia-Civil-Tra\u0301fico-Uniforme-InviernoARMY-HOUSE-Ref-CG-10-scaled.jpg\" alt=\"\" class=\"wp-image-113077\" srcset=\"https:\/\/lossoldaditosdeplomo.com\/wp-content\/uploads\/2022\/10\/Guardia-Civil-Tra\u0301fico-Uniforme-InviernoARMY-HOUSE-Ref-CG-10-scaled.jpg?v=1664795092 533w, https:\/\/lossoldaditosdeplomo.com\/wp-content\/uploads\/2022\/10\/Guardia-Civil-Tra\u0301fico-Uniforme-InviernoARMY-HOUSE-Ref-CG-10-200x300.jpg?v=1664795092 200w, https:\/\/lossoldaditosdeplomo.com\/wp-content\/uploads\/2022\/10\/Guardia-Civil-Tra\u0301fico-Uniforme-InviernoARMY-HOUSE-Ref-CG-10-768x1152.jpg?v=1664795092 768w, https:\/\/lossoldaditosdeplomo.com\/wp-content\/uploads\/2022\/10\/Guardia-Civil-Tra\u0301fico-Uniforme-InviernoARMY-HOUSE-Ref-CG-10-1024x1536.jpg?v=1664795092 1024w, https:\/\/lossoldaditosdeplomo.com\/wp-content\/uploads\/2022\/10\/Guardia-Civil-Tra\u0301fico-Uniforme-InviernoARMY-HOUSE-Ref-CG-10-1365x2048.jpg?v=1664795092 1365w, https:\/\/lossoldaditosdeplomo.com\/wp-content\/uploads\/2022\/10\/Guardia-Civil-Tra\u0301fico-Uniforme-InviernoARMY-HOUSE-Ref-CG-10-1200x1800.jpg?v=1664795092 1200w\" sizes=\"auto, (max-width: 533px) 85vw, 533px\" \/><figcaption><a href=\"https:\/\/lossoldaditosdeplomo.com\/index.php\/catalog\/guardia-civil-trafico-uniforme-invierno\/\" target=\"_blank\" rel=\"noreferrer noopener\">Guardia Civil Tr\u00e1fico, Uniforme Invierno,ARMY HOUSE, Ref CG-10<\/a><\/figcaption><\/figure>\n\n\n\n<p><\/p>\n\n\n\n<figure class=\"wp-block-image size-full\"><img loading=\"lazy\" decoding=\"async\" width=\"800\" height=\"533\" src=\"https:\/\/lossoldaditosdeplomo.com\/wp-content\/uploads\/2022\/10\/CarabineroFrancia-1812Andrea-Miniatures-54mm-ref-S7-F20d-scaled.jpg\" alt=\"\" class=\"wp-image-113088\" srcset=\"https:\/\/lossoldaditosdeplomo.com\/wp-content\/uploads\/2022\/10\/CarabineroFrancia-1812Andrea-Miniatures-54mm-ref-S7-F20d-scaled.jpg?v=1664797940 800w, https:\/\/lossoldaditosdeplomo.com\/wp-content\/uploads\/2022\/10\/CarabineroFrancia-1812Andrea-Miniatures-54mm-ref-S7-F20d-300x200.jpg?v=1664797940 300w, https:\/\/lossoldaditosdeplomo.com\/wp-content\/uploads\/2022\/10\/CarabineroFrancia-1812Andrea-Miniatures-54mm-ref-S7-F20d-768x512.jpg?v=1664797940 768w, https:\/\/lossoldaditosdeplomo.com\/wp-content\/uploads\/2022\/10\/CarabineroFrancia-1812Andrea-Miniatures-54mm-ref-S7-F20d-1536x1024.jpg?v=1664797940 1536w, https:\/\/lossoldaditosdeplomo.com\/wp-content\/uploads\/2022\/10\/CarabineroFrancia-1812Andrea-Miniatures-54mm-ref-S7-F20d-2048x1365.jpg?v=1664797940 2048w, https:\/\/lossoldaditosdeplomo.com\/wp-content\/uploads\/2022\/10\/CarabineroFrancia-1812Andrea-Miniatures-54mm-ref-S7-F20d-1200x800.jpg?v=1664797940 1200w\" sizes=\"auto, (max-width: 800px) 85vw, 800px\" \/><figcaption><a href=\"https:\/\/lossoldaditosdeplomo.com\/index.php\/catalog\/carabinero-1812\/\" target=\"_blank\" rel=\"noreferrer noopener\">Carabinero,Francia 1812,Andrea Miniatures 54mm ref S7-F20<\/a><\/figcaption><\/figure>\n","protected":false},"excerpt":{"rendered":"<p>Maquette et figurine Interesante p\u00e1gina con muchas figuras y pintura paso a paso de algunas de ellas En Nuestra p\u00e1gina principal hemos a\u00f1adido el cat\u00e1logo de la marca SOLDAT<\/p>\n","protected":false},"author":3,"featured_media":0,"parent":0,"menu_order":0,"comment_status":"closed","ping_status":"closed","template":"","meta":{"footnotes":""},"class_list":["post-113059","page","type-page","status-publish","hentry"],"yoast_head":"<!-- This site is optimized with the Yoast SEO plugin v27.0 - https:\/\/yoast.com\/product\/yoast-seo-wordpress\/ -->\n<title>OCTUBRE 2022 - El mundo de los soldaditos de plomo<\/title>\n<meta name=\"robots\" content=\"index, follow, max-snippet:-1, max-image-preview:large, max-video-preview:-1\" \/>\n<link rel=\"canonical\" href=\"https:\/\/lossoldaditosdeplomo.com\/index.php\/octubre-2022\/\" \/>\n<meta property=\"og:locale\" content=\"es_ES\" \/>\n<meta property=\"og:type\" content=\"article\" \/>\n<meta property=\"og:title\" content=\"OCTUBRE 2022 - El mundo de los soldaditos de plomo\" \/>\n<meta property=\"og:description\" content=\"Maquette et figurine Interesante p\u00e1gina con muchas figuras y pintura paso a paso de algunas de ellas En Nuestra p\u00e1gina principal hemos a\u00f1adido el cat\u00e1logo de la marca SOLDAT\" \/>\n<meta property=\"og:url\" content=\"https:\/\/lossoldaditosdeplomo.com\/index.php\/octubre-2022\/\" \/>\n<meta property=\"og:site_name\" content=\"El mundo de los soldaditos de plomo\" \/>\n<meta property=\"article:publisher\" content=\"https:\/\/www.facebook.com\/El-mundo-de-los-soldaditos-de-plomo-943145209407047\/?modal=admin_todo_tour\" \/>\n<meta property=\"article:modified_time\" content=\"2022-10-04T10:24:04+00:00\" \/>\n<meta property=\"og:image\" content=\"https:\/\/lossoldaditosdeplomo.com\/wp-content\/uploads\/2022\/10\/CATALOGO-SOLDAT.png\" \/>\n<meta name=\"twitter:card\" content=\"summary_large_image\" \/>\n<script type=\"application\/ld+json\" class=\"yoast-schema-graph\">{\"@context\":\"https:\/\/schema.org\",\"@graph\":[{\"@type\":\"WebPage\",\"@id\":\"https:\/\/lossoldaditosdeplomo.com\/index.php\/octubre-2022\/\",\"url\":\"https:\/\/lossoldaditosdeplomo.com\/index.php\/octubre-2022\/\",\"name\":\"OCTUBRE 2022 - El mundo de los soldaditos de plomo\",\"isPartOf\":{\"@id\":\"https:\/\/lossoldaditosdeplomo.com\/#website\"},\"primaryImageOfPage\":{\"@id\":\"https:\/\/lossoldaditosdeplomo.com\/index.php\/octubre-2022\/#primaryimage\"},\"image\":{\"@id\":\"https:\/\/lossoldaditosdeplomo.com\/index.php\/octubre-2022\/#primaryimage\"},\"thumbnailUrl\":\"https:\/\/lossoldaditosdeplomo.com\/wp-content\/uploads\/2022\/10\/CATALOGO-SOLDAT.png\",\"datePublished\":\"2022-10-03T10:27:35+00:00\",\"dateModified\":\"2022-10-04T10:24:04+00:00\",\"breadcrumb\":{\"@id\":\"https:\/\/lossoldaditosdeplomo.com\/index.php\/octubre-2022\/#breadcrumb\"},\"inLanguage\":\"es\",\"potentialAction\":[{\"@type\":\"ReadAction\",\"target\":[\"https:\/\/lossoldaditosdeplomo.com\/index.php\/octubre-2022\/\"]}]},{\"@type\":\"ImageObject\",\"inLanguage\":\"es\",\"@id\":\"https:\/\/lossoldaditosdeplomo.com\/index.php\/octubre-2022\/#primaryimage\",\"url\":\"https:\/\/lossoldaditosdeplomo.com\/wp-content\/uploads\/2022\/10\/CATALOGO-SOLDAT.png?v=1664878763\",\"contentUrl\":\"https:\/\/lossoldaditosdeplomo.com\/wp-content\/uploads\/2022\/10\/CATALOGO-SOLDAT.png?v=1664878763\",\"width\":505,\"height\":722},{\"@type\":\"BreadcrumbList\",\"@id\":\"https:\/\/lossoldaditosdeplomo.com\/index.php\/octubre-2022\/#breadcrumb\",\"itemListElement\":[{\"@type\":\"ListItem\",\"position\":1,\"name\":\"Portada\",\"item\":\"https:\/\/lossoldaditosdeplomo.com\/\"},{\"@type\":\"ListItem\",\"position\":2,\"name\":\"OCTUBRE 2022\"}]},{\"@type\":\"WebSite\",\"@id\":\"https:\/\/lossoldaditosdeplomo.com\/#website\",\"url\":\"https:\/\/lossoldaditosdeplomo.com\/\",\"name\":\"El mundo de los soldaditos de plomo\",\"description\":\"coleccionismo, pintura y restauraci\u00f3n soldaditos de plomo\",\"publisher\":{\"@id\":\"https:\/\/lossoldaditosdeplomo.com\/#organization\"},\"alternateName\":\"los soldaditos de plomo\",\"potentialAction\":[{\"@type\":\"SearchAction\",\"target\":{\"@type\":\"EntryPoint\",\"urlTemplate\":\"https:\/\/lossoldaditosdeplomo.com\/?s={search_term_string}\"},\"query-input\":{\"@type\":\"PropertyValueSpecification\",\"valueRequired\":true,\"valueName\":\"search_term_string\"}}],\"inLanguage\":\"es\"},{\"@type\":\"Organization\",\"@id\":\"https:\/\/lossoldaditosdeplomo.com\/#organization\",\"name\":\"El Mundo de los soldaditos de plomo\",\"alternateName\":\"los soldaditos de plomo\",\"url\":\"https:\/\/lossoldaditosdeplomo.com\/\",\"logo\":{\"@type\":\"ImageObject\",\"inLanguage\":\"es\",\"@id\":\"https:\/\/lossoldaditosdeplomo.com\/#\/schema\/logo\/image\/\",\"url\":\"https:\/\/lossoldaditosdeplomo.com\/wp-content\/uploads\/2018\/11\/cropped-IMG_0475-3.jpg\",\"contentUrl\":\"https:\/\/lossoldaditosdeplomo.com\/wp-content\/uploads\/2018\/11\/cropped-IMG_0475-3.jpg\",\"width\":391,\"height\":533,\"caption\":\"El Mundo de los soldaditos de plomo\"},\"image\":{\"@id\":\"https:\/\/lossoldaditosdeplomo.com\/#\/schema\/logo\/image\/\"},\"sameAs\":[\"https:\/\/www.facebook.com\/El-mundo-de-los-soldaditos-de-plomo-943145209407047\/?modal=admin_todo_tour\"]}]}<\/script>\n<!-- \/ Yoast SEO plugin. -->","yoast_head_json":{"title":"OCTUBRE 2022 - El mundo de los soldaditos de plomo","robots":{"index":"index","follow":"follow","max-snippet":"max-snippet:-1","max-image-preview":"max-image-preview:large","max-video-preview":"max-video-preview:-1"},"canonical":"https:\/\/lossoldaditosdeplomo.com\/index.php\/octubre-2022\/","og_locale":"es_ES","og_type":"article","og_title":"OCTUBRE 2022 - El mundo de los soldaditos de plomo","og_description":"Maquette et figurine Interesante p\u00e1gina con muchas figuras y pintura paso a paso de algunas de ellas En Nuestra p\u00e1gina principal hemos a\u00f1adido el cat\u00e1logo de la marca SOLDAT","og_url":"https:\/\/lossoldaditosdeplomo.com\/index.php\/octubre-2022\/","og_site_name":"El mundo de los soldaditos de plomo","article_publisher":"https:\/\/www.facebook.com\/El-mundo-de-los-soldaditos-de-plomo-943145209407047\/?modal=admin_todo_tour","article_modified_time":"2022-10-04T10:24:04+00:00","og_image":[{"url":"https:\/\/lossoldaditosdeplomo.com\/wp-content\/uploads\/2022\/10\/CATALOGO-SOLDAT.png","type":"","width":"","height":""}],"twitter_card":"summary_large_image","schema":{"@context":"https:\/\/schema.org","@graph":[{"@type":"WebPage","@id":"https:\/\/lossoldaditosdeplomo.com\/index.php\/octubre-2022\/","url":"https:\/\/lossoldaditosdeplomo.com\/index.php\/octubre-2022\/","name":"OCTUBRE 2022 - El mundo de los soldaditos de plomo","isPartOf":{"@id":"https:\/\/lossoldaditosdeplomo.com\/#website"},"primaryImageOfPage":{"@id":"https:\/\/lossoldaditosdeplomo.com\/index.php\/octubre-2022\/#primaryimage"},"image":{"@id":"https:\/\/lossoldaditosdeplomo.com\/index.php\/octubre-2022\/#primaryimage"},"thumbnailUrl":"https:\/\/lossoldaditosdeplomo.com\/wp-content\/uploads\/2022\/10\/CATALOGO-SOLDAT.png","datePublished":"2022-10-03T10:27:35+00:00","dateModified":"2022-10-04T10:24:04+00:00","breadcrumb":{"@id":"https:\/\/lossoldaditosdeplomo.com\/index.php\/octubre-2022\/#breadcrumb"},"inLanguage":"es","potentialAction":[{"@type":"ReadAction","target":["https:\/\/lossoldaditosdeplomo.com\/index.php\/octubre-2022\/"]}]},{"@type":"ImageObject","inLanguage":"es","@id":"https:\/\/lossoldaditosdeplomo.com\/index.php\/octubre-2022\/#primaryimage","url":"https:\/\/lossoldaditosdeplomo.com\/wp-content\/uploads\/2022\/10\/CATALOGO-SOLDAT.png?v=1664878763","contentUrl":"https:\/\/lossoldaditosdeplomo.com\/wp-content\/uploads\/2022\/10\/CATALOGO-SOLDAT.png?v=1664878763","width":505,"height":722},{"@type":"BreadcrumbList","@id":"https:\/\/lossoldaditosdeplomo.com\/index.php\/octubre-2022\/#breadcrumb","itemListElement":[{"@type":"ListItem","position":1,"name":"Portada","item":"https:\/\/lossoldaditosdeplomo.com\/"},{"@type":"ListItem","position":2,"name":"OCTUBRE 2022"}]},{"@type":"WebSite","@id":"https:\/\/lossoldaditosdeplomo.com\/#website","url":"https:\/\/lossoldaditosdeplomo.com\/","name":"El mundo de los soldaditos de plomo","description":"coleccionismo, pintura y restauraci\u00f3n soldaditos de plomo","publisher":{"@id":"https:\/\/lossoldaditosdeplomo.com\/#organization"},"alternateName":"los soldaditos de plomo","potentialAction":[{"@type":"SearchAction","target":{"@type":"EntryPoint","urlTemplate":"https:\/\/lossoldaditosdeplomo.com\/?s={search_term_string}"},"query-input":{"@type":"PropertyValueSpecification","valueRequired":true,"valueName":"search_term_string"}}],"inLanguage":"es"},{"@type":"Organization","@id":"https:\/\/lossoldaditosdeplomo.com\/#organization","name":"El Mundo de los soldaditos de plomo","alternateName":"los soldaditos de plomo","url":"https:\/\/lossoldaditosdeplomo.com\/","logo":{"@type":"ImageObject","inLanguage":"es","@id":"https:\/\/lossoldaditosdeplomo.com\/#\/schema\/logo\/image\/","url":"https:\/\/lossoldaditosdeplomo.com\/wp-content\/uploads\/2018\/11\/cropped-IMG_0475-3.jpg","contentUrl":"https:\/\/lossoldaditosdeplomo.com\/wp-content\/uploads\/2018\/11\/cropped-IMG_0475-3.jpg","width":391,"height":533,"caption":"El Mundo de los soldaditos de plomo"},"image":{"@id":"https:\/\/lossoldaditosdeplomo.com\/#\/schema\/logo\/image\/"},"sameAs":["https:\/\/www.facebook.com\/El-mundo-de-los-soldaditos-de-plomo-943145209407047\/?modal=admin_todo_tour"]}]}},"_links":{"self":[{"href":"https:\/\/lossoldaditosdeplomo.com\/index.php\/wp-json\/wp\/v2\/pages\/113059","targetHints":{"allow":["GET"]}}],"collection":[{"href":"https:\/\/lossoldaditosdeplomo.com\/index.php\/wp-json\/wp\/v2\/pages"}],"about":[{"href":"https:\/\/lossoldaditosdeplomo.com\/index.php\/wp-json\/wp\/v2\/types\/page"}],"author":[{"embeddable":true,"href":"https:\/\/lossoldaditosdeplomo.com\/index.php\/wp-json\/wp\/v2\/users\/3"}],"replies":[{"embeddable":true,"href":"https:\/\/lossoldaditosdeplomo.com\/index.php\/wp-json\/wp\/v2\/comments?post=113059"}],"version-history":[{"count":0,"href":"https:\/\/lossoldaditosdeplomo.com\/index.php\/wp-json\/wp\/v2\/pages\/113059\/revisions"}],"wp:attachment":[{"href":"https:\/\/lossoldaditosdeplomo.com\/index.php\/wp-json\/wp\/v2\/media?parent=113059"}],"curies":[{"name":"wp","href":"https:\/\/api.w.org\/{rel}","templated":true}]}}