{"id":113298,"date":"2023-01-03T13:48:16","date_gmt":"2023-01-03T11:48:16","guid":{"rendered":"https:\/\/lossoldaditosdeplomo.com\/?page_id=113298"},"modified":"2023-01-04T14:26:09","modified_gmt":"2023-01-04T12:26:09","slug":"enero-2022","status":"publish","type":"page","link":"https:\/\/lossoldaditosdeplomo.com\/index.php\/enero-2022\/","title":{"rendered":"ENERO 2023"},"content":{"rendered":"\n<p>Comenzamos el a\u00f1o con un busto de un Centuri\u00f3n Romano en batalla, esta pieza fu\u00e9 esculpida por Yury Serebryakov y comercializada bajo la marca Castle Miniature.<\/p>\n\n\n\n<figure class=\"wp-block-image size-full\"><img loading=\"lazy\" decoding=\"async\" width=\"800\" height=\"800\" src=\"https:\/\/lossoldaditosdeplomo.com\/wp-content\/uploads\/2023\/01\/Centurio\u0301n-1-ST-Century-CASTLE-MINIATURE-120mm-Yury-Serebryakov-j-scaled.jpg\" alt=\"\" class=\"wp-image-113296\" srcset=\"https:\/\/lossoldaditosdeplomo.com\/wp-content\/uploads\/2023\/01\/Centurio\u0301n-1-ST-Century-CASTLE-MINIATURE-120mm-Yury-Serebryakov-j-scaled.jpg?v=1672745986 800w, https:\/\/lossoldaditosdeplomo.com\/wp-content\/uploads\/2023\/01\/Centurio\u0301n-1-ST-Century-CASTLE-MINIATURE-120mm-Yury-Serebryakov-j-300x300.jpg?v=1672745986 300w, https:\/\/lossoldaditosdeplomo.com\/wp-content\/uploads\/2023\/01\/Centurio\u0301n-1-ST-Century-CASTLE-MINIATURE-120mm-Yury-Serebryakov-j-150x150.jpg?v=1672745986 150w, https:\/\/lossoldaditosdeplomo.com\/wp-content\/uploads\/2023\/01\/Centurio\u0301n-1-ST-Century-CASTLE-MINIATURE-120mm-Yury-Serebryakov-j-768x768.jpg?v=1672745986 768w, https:\/\/lossoldaditosdeplomo.com\/wp-content\/uploads\/2023\/01\/Centurio\u0301n-1-ST-Century-CASTLE-MINIATURE-120mm-Yury-Serebryakov-j-1536x1536.jpg?v=1672745986 1536w, https:\/\/lossoldaditosdeplomo.com\/wp-content\/uploads\/2023\/01\/Centurio\u0301n-1-ST-Century-CASTLE-MINIATURE-120mm-Yury-Serebryakov-j-2048x2048.jpg?v=1672745986 2048w, https:\/\/lossoldaditosdeplomo.com\/wp-content\/uploads\/2023\/01\/Centurio\u0301n-1-ST-Century-CASTLE-MINIATURE-120mm-Yury-Serebryakov-j-1200x1200.jpg?v=1672745986 1200w\" sizes=\"auto, (max-width: 800px) 85vw, 800px\" \/><figcaption class=\"wp-element-caption\"><a href=\"https:\/\/lossoldaditosdeplomo.com\/index.php\/catalog\/centurion-1-st-century\/\" target=\"_blank\" rel=\"noreferrer noopener\">Centuri\u00f3n Romano, 1\u00aa Centuria<\/a><\/figcaption><\/figure>\n\n\n\n<p><\/p>\n\n\n\n<p><\/p>\n\n\n\n<figure class=\"wp-block-image size-full\"><img loading=\"lazy\" decoding=\"async\" width=\"601\" height=\"800\" src=\"https:\/\/lossoldaditosdeplomo.com\/wp-content\/uploads\/2023\/01\/LIDER-APULEANO-SIGLO-IV-AC-ROMEO-MODELS-Ref-54-064.-h-scaled.jpg\" alt=\"\" class=\"wp-image-113309\" srcset=\"https:\/\/lossoldaditosdeplomo.com\/wp-content\/uploads\/2023\/01\/LIDER-APULEANO-SIGLO-IV-AC-ROMEO-MODELS-Ref-54-064.-h-scaled.jpg?v=1672747460 601w, https:\/\/lossoldaditosdeplomo.com\/wp-content\/uploads\/2023\/01\/LIDER-APULEANO-SIGLO-IV-AC-ROMEO-MODELS-Ref-54-064.-h-225x300.jpg?v=1672747460 225w, https:\/\/lossoldaditosdeplomo.com\/wp-content\/uploads\/2023\/01\/LIDER-APULEANO-SIGLO-IV-AC-ROMEO-MODELS-Ref-54-064.-h-768x1023.jpg?v=1672747460 768w, https:\/\/lossoldaditosdeplomo.com\/wp-content\/uploads\/2023\/01\/LIDER-APULEANO-SIGLO-IV-AC-ROMEO-MODELS-Ref-54-064.-h-1153x1536.jpg?v=1672747460 1153w, https:\/\/lossoldaditosdeplomo.com\/wp-content\/uploads\/2023\/01\/LIDER-APULEANO-SIGLO-IV-AC-ROMEO-MODELS-Ref-54-064.-h-1538x2048.jpg?v=1672747460 1538w, https:\/\/lossoldaditosdeplomo.com\/wp-content\/uploads\/2023\/01\/LIDER-APULEANO-SIGLO-IV-AC-ROMEO-MODELS-Ref-54-064.-h-1200x1598.jpg?v=1672747460 1200w\" sizes=\"auto, (max-width: 601px) 85vw, 601px\" \/><figcaption class=\"wp-element-caption\"><a href=\"https:\/\/lossoldaditosdeplomo.com\/index.php\/catalog\/lider-apuleano-siglo-iv-a-c\/\" target=\"_blank\" rel=\"noreferrer noopener\">Lider Apuleano siglo IV a.C.<\/a><\/figcaption><\/figure>\n\n\n\n<p><\/p>\n\n\n\n<p><\/p>\n\n\n\n<figure class=\"wp-block-image size-full\"><img loading=\"lazy\" decoding=\"async\" width=\"800\" height=\"601\" src=\"https:\/\/lossoldaditosdeplomo.com\/wp-content\/uploads\/2023\/01\/Trompeta-Guia-de-Cazadores-1798-Metal-Models-ref-CV-03-scaled.jpg\" alt=\"\" class=\"wp-image-113322\" srcset=\"https:\/\/lossoldaditosdeplomo.com\/wp-content\/uploads\/2023\/01\/Trompeta-Guia-de-Cazadores-1798-Metal-Models-ref-CV-03-scaled.jpg?v=1672748829 800w, https:\/\/lossoldaditosdeplomo.com\/wp-content\/uploads\/2023\/01\/Trompeta-Guia-de-Cazadores-1798-Metal-Models-ref-CV-03-300x225.jpg?v=1672748829 300w, https:\/\/lossoldaditosdeplomo.com\/wp-content\/uploads\/2023\/01\/Trompeta-Guia-de-Cazadores-1798-Metal-Models-ref-CV-03-768x577.jpg?v=1672748829 768w, https:\/\/lossoldaditosdeplomo.com\/wp-content\/uploads\/2023\/01\/Trompeta-Guia-de-Cazadores-1798-Metal-Models-ref-CV-03-1536x1153.jpg?v=1672748829 1536w, https:\/\/lossoldaditosdeplomo.com\/wp-content\/uploads\/2023\/01\/Trompeta-Guia-de-Cazadores-1798-Metal-Models-ref-CV-03-2048x1538.jpg?v=1672748829 2048w, https:\/\/lossoldaditosdeplomo.com\/wp-content\/uploads\/2023\/01\/Trompeta-Guia-de-Cazadores-1798-Metal-Models-ref-CV-03-1200x901.jpg?v=1672748829 1200w\" sizes=\"auto, (max-width: 800px) 85vw, 800px\" \/><figcaption class=\"wp-element-caption\"><a href=\"https:\/\/lossoldaditosdeplomo.com\/index.php\/catalog\/trompeta-guia-de-cazadores-1798\/\" target=\"_blank\" rel=\"noreferrer noopener\">Trompeta, Guias  de Cazadores, 1798<\/a><\/figcaption><\/figure>\n\n\n\n<p><\/p>\n\n\n\n<p><\/p>\n\n\n\n<figure class=\"wp-block-image size-full\"><img loading=\"lazy\" decoding=\"async\" width=\"601\" height=\"800\" src=\"https:\/\/lossoldaditosdeplomo.com\/wp-content\/uploads\/2023\/01\/Capita\u0301n-Dreux-ADC.-General-de-Divisio\u0301n-Metal-Modeles-ref-CND-e-scaled.jpg\" alt=\"\" class=\"wp-image-113332\" srcset=\"https:\/\/lossoldaditosdeplomo.com\/wp-content\/uploads\/2023\/01\/Capita\u0301n-Dreux-ADC.-General-de-Divisio\u0301n-Metal-Modeles-ref-CND-e-scaled.jpg?v=1672828053 601w, https:\/\/lossoldaditosdeplomo.com\/wp-content\/uploads\/2023\/01\/Capita\u0301n-Dreux-ADC.-General-de-Divisio\u0301n-Metal-Modeles-ref-CND-e-225x300.jpg?v=1672828053 225w, https:\/\/lossoldaditosdeplomo.com\/wp-content\/uploads\/2023\/01\/Capita\u0301n-Dreux-ADC.-General-de-Divisio\u0301n-Metal-Modeles-ref-CND-e-768x1023.jpg?v=1672828053 768w, https:\/\/lossoldaditosdeplomo.com\/wp-content\/uploads\/2023\/01\/Capita\u0301n-Dreux-ADC.-General-de-Divisio\u0301n-Metal-Modeles-ref-CND-e-1153x1536.jpg?v=1672828053 1153w, https:\/\/lossoldaditosdeplomo.com\/wp-content\/uploads\/2023\/01\/Capita\u0301n-Dreux-ADC.-General-de-Divisio\u0301n-Metal-Modeles-ref-CND-e-1538x2048.jpg?v=1672828053 1538w, https:\/\/lossoldaditosdeplomo.com\/wp-content\/uploads\/2023\/01\/Capita\u0301n-Dreux-ADC.-General-de-Divisio\u0301n-Metal-Modeles-ref-CND-e-1200x1598.jpg?v=1672828053 1200w\" sizes=\"auto, (max-width: 601px) 85vw, 601px\" \/><figcaption class=\"wp-element-caption\"><a href=\"https:\/\/lossoldaditosdeplomo.com\/index.php\/catalog\/capitan-dreux-ayudante-de-campo-de-general-de-division\/\" target=\"_blank\" rel=\"noreferrer noopener\">Capit\u00e1n Dreux A.D.C.<\/a><\/figcaption><\/figure>\n\n\n\n<p><\/p>\n\n\n\n<p><\/p>\n\n\n\n<figure class=\"wp-block-image size-full\"><img loading=\"lazy\" decoding=\"async\" width=\"601\" height=\"800\" src=\"https:\/\/lossoldaditosdeplomo.com\/wp-content\/uploads\/2023\/01\/Artillero-de-la-Guardia-Metal-Models-Ref-PV-05-f-scaled.jpg\" alt=\"\" class=\"wp-image-113340\" srcset=\"https:\/\/lossoldaditosdeplomo.com\/wp-content\/uploads\/2023\/01\/Artillero-de-la-Guardia-Metal-Models-Ref-PV-05-f-scaled.jpg?v=1672829271 601w, https:\/\/lossoldaditosdeplomo.com\/wp-content\/uploads\/2023\/01\/Artillero-de-la-Guardia-Metal-Models-Ref-PV-05-f-225x300.jpg?v=1672829271 225w, https:\/\/lossoldaditosdeplomo.com\/wp-content\/uploads\/2023\/01\/Artillero-de-la-Guardia-Metal-Models-Ref-PV-05-f-768x1023.jpg?v=1672829271 768w, https:\/\/lossoldaditosdeplomo.com\/wp-content\/uploads\/2023\/01\/Artillero-de-la-Guardia-Metal-Models-Ref-PV-05-f-1153x1536.jpg?v=1672829271 1153w, https:\/\/lossoldaditosdeplomo.com\/wp-content\/uploads\/2023\/01\/Artillero-de-la-Guardia-Metal-Models-Ref-PV-05-f-1538x2048.jpg?v=1672829271 1538w, https:\/\/lossoldaditosdeplomo.com\/wp-content\/uploads\/2023\/01\/Artillero-de-la-Guardia-Metal-Models-Ref-PV-05-f-1200x1598.jpg?v=1672829271 1200w\" sizes=\"auto, (max-width: 601px) 85vw, 601px\" \/><figcaption class=\"wp-element-caption\"><a href=\"https:\/\/lossoldaditosdeplomo.com\/index.php\/catalog\/artillero-de-la-guardia-imperial\/\" target=\"_blank\" rel=\"noreferrer noopener\">Artillero de la Guardia Imperial<\/a><\/figcaption><\/figure>\n\n\n\n<p><\/p>\n\n\n\n<p><\/p>\n\n\n\n<figure class=\"wp-block-image size-full\"><img loading=\"lazy\" decoding=\"async\" width=\"800\" height=\"601\" src=\"https:\/\/lossoldaditosdeplomo.com\/wp-content\/uploads\/2023\/01\/Hussar-1804-1812-Labayen-54mm-i-scaled.jpg\" alt=\"\" class=\"wp-image-113346\" srcset=\"https:\/\/lossoldaditosdeplomo.com\/wp-content\/uploads\/2023\/01\/Hussar-1804-1812-Labayen-54mm-i-scaled.jpg?v=1672831498 800w, https:\/\/lossoldaditosdeplomo.com\/wp-content\/uploads\/2023\/01\/Hussar-1804-1812-Labayen-54mm-i-300x225.jpg?v=1672831498 300w, https:\/\/lossoldaditosdeplomo.com\/wp-content\/uploads\/2023\/01\/Hussar-1804-1812-Labayen-54mm-i-768x577.jpg?v=1672831498 768w, https:\/\/lossoldaditosdeplomo.com\/wp-content\/uploads\/2023\/01\/Hussar-1804-1812-Labayen-54mm-i-1536x1153.jpg?v=1672831498 1536w, https:\/\/lossoldaditosdeplomo.com\/wp-content\/uploads\/2023\/01\/Hussar-1804-1812-Labayen-54mm-i-2048x1538.jpg?v=1672831498 2048w, https:\/\/lossoldaditosdeplomo.com\/wp-content\/uploads\/2023\/01\/Hussar-1804-1812-Labayen-54mm-i-1200x901.jpg?v=1672831498 1200w\" sizes=\"auto, (max-width: 800px) 85vw, 800px\" \/><figcaption class=\"wp-element-caption\"><a rel=\"noreferrer noopener\" href=\"https:\/\/lossoldaditosdeplomo.com\/index.php\/catalog\/hussar-1804-1812\/\" target=\"_blank\">Husar 180<\/a><a href=\"https:\/\/lossoldaditosdeplomo.com\/index.php\/catalog\/hussar-1804-1812\/\" target=\"_blank\" rel=\"noreferrer noopener\">4<\/a><a rel=\"noreferrer noopener\" href=\"https:\/\/lossoldaditosdeplomo.com\/index.php\/catalog\/hussar-1804-1812\/\" target=\"_blank\">-1812<\/a><\/figcaption><\/figure>\n\n\n\n<p><\/p>\n\n\n\n<p><\/p>\n\n\n\n<figure class=\"wp-block-image size-full\"><img loading=\"lazy\" decoding=\"async\" width=\"800\" height=\"601\" src=\"https:\/\/lossoldaditosdeplomo.com\/wp-content\/uploads\/2023\/01\/Bailando-con-Lobos-Andrea-miniatures-ref-SG-F37-scaled.jpg\" alt=\"\" class=\"wp-image-113365\" srcset=\"https:\/\/lossoldaditosdeplomo.com\/wp-content\/uploads\/2023\/01\/Bailando-con-Lobos-Andrea-miniatures-ref-SG-F37-scaled.jpg?v=1672833548 800w, https:\/\/lossoldaditosdeplomo.com\/wp-content\/uploads\/2023\/01\/Bailando-con-Lobos-Andrea-miniatures-ref-SG-F37-300x225.jpg?v=1672833548 300w, https:\/\/lossoldaditosdeplomo.com\/wp-content\/uploads\/2023\/01\/Bailando-con-Lobos-Andrea-miniatures-ref-SG-F37-768x577.jpg?v=1672833548 768w, https:\/\/lossoldaditosdeplomo.com\/wp-content\/uploads\/2023\/01\/Bailando-con-Lobos-Andrea-miniatures-ref-SG-F37-1536x1153.jpg?v=1672833548 1536w, https:\/\/lossoldaditosdeplomo.com\/wp-content\/uploads\/2023\/01\/Bailando-con-Lobos-Andrea-miniatures-ref-SG-F37-2048x1538.jpg?v=1672833548 2048w, https:\/\/lossoldaditosdeplomo.com\/wp-content\/uploads\/2023\/01\/Bailando-con-Lobos-Andrea-miniatures-ref-SG-F37-1200x901.jpg?v=1672833548 1200w\" sizes=\"auto, (max-width: 800px) 85vw, 800px\" \/><figcaption class=\"wp-element-caption\"><a href=\"https:\/\/lossoldaditosdeplomo.com\/index.php\/catalog\/bailando-con-lobos\/\" target=\"_blank\" rel=\"noreferrer noopener\">Bailando con Lobos<\/a><\/figcaption><\/figure>\n\n\n\n<p><\/p>\n\n\n\n<p><\/p>\n\n\n\n<p><\/p>\n\n\n\n<figure class=\"wp-block-image size-full\"><img loading=\"lazy\" decoding=\"async\" width=\"601\" height=\"800\" src=\"https:\/\/lossoldaditosdeplomo.com\/wp-content\/uploads\/2023\/01\/Infanteri\u0301a-Confederada-Shenandoah-Miniatures-ref-C-14-scaled.jpg\" alt=\"\" class=\"wp-image-113373\" srcset=\"https:\/\/lossoldaditosdeplomo.com\/wp-content\/uploads\/2023\/01\/Infanteri\u0301a-Confederada-Shenandoah-Miniatures-ref-C-14-scaled.jpg?v=1672834882 601w, https:\/\/lossoldaditosdeplomo.com\/wp-content\/uploads\/2023\/01\/Infanteri\u0301a-Confederada-Shenandoah-Miniatures-ref-C-14-225x300.jpg?v=1672834882 225w, https:\/\/lossoldaditosdeplomo.com\/wp-content\/uploads\/2023\/01\/Infanteri\u0301a-Confederada-Shenandoah-Miniatures-ref-C-14-768x1023.jpg?v=1672834882 768w, https:\/\/lossoldaditosdeplomo.com\/wp-content\/uploads\/2023\/01\/Infanteri\u0301a-Confederada-Shenandoah-Miniatures-ref-C-14-1153x1536.jpg?v=1672834882 1153w, https:\/\/lossoldaditosdeplomo.com\/wp-content\/uploads\/2023\/01\/Infanteri\u0301a-Confederada-Shenandoah-Miniatures-ref-C-14-1538x2048.jpg?v=1672834882 1538w, https:\/\/lossoldaditosdeplomo.com\/wp-content\/uploads\/2023\/01\/Infanteri\u0301a-Confederada-Shenandoah-Miniatures-ref-C-14-1200x1598.jpg?v=1672834882 1200w\" sizes=\"auto, (max-width: 601px) 85vw, 601px\" \/><figcaption class=\"wp-element-caption\"><a href=\"http:\/\/Infanteri\u0301a Confederada, Shenandoah Miniatures, ref C-14\" target=\"_blank\" rel=\"noreferrer noopener\">Infanteria Confederada<\/a><\/figcaption><\/figure>\n","protected":false},"excerpt":{"rendered":"<p>Comenzamos el a\u00f1o con un busto de un Centuri\u00f3n Romano en batalla, esta pieza fu\u00e9 esculpida por Yury Serebryakov y comercializada bajo la marca Castle Miniature.<\/p>\n","protected":false},"author":3,"featured_media":0,"parent":0,"menu_order":0,"comment_status":"closed","ping_status":"closed","template":"","meta":{"footnotes":""},"class_list":["post-113298","page","type-page","status-publish","hentry"],"yoast_head":"<!-- This site is optimized with the Yoast SEO plugin v27.0 - https:\/\/yoast.com\/product\/yoast-seo-wordpress\/ -->\n<title>ENERO 2023 - El mundo de los soldaditos de plomo<\/title>\n<meta name=\"robots\" content=\"index, follow, max-snippet:-1, max-image-preview:large, max-video-preview:-1\" \/>\n<link rel=\"canonical\" href=\"https:\/\/lossoldaditosdeplomo.com\/index.php\/enero-2022\/\" \/>\n<meta property=\"og:locale\" content=\"es_ES\" \/>\n<meta property=\"og:type\" content=\"article\" \/>\n<meta property=\"og:title\" content=\"ENERO 2023 - El mundo de los soldaditos de plomo\" \/>\n<meta property=\"og:description\" content=\"Comenzamos el a\u00f1o con un busto de un Centuri\u00f3n Romano en batalla, esta pieza fu\u00e9 esculpida por Yury Serebryakov y comercializada bajo la marca Castle Miniature.\" \/>\n<meta property=\"og:url\" content=\"https:\/\/lossoldaditosdeplomo.com\/index.php\/enero-2022\/\" \/>\n<meta property=\"og:site_name\" content=\"El mundo de los soldaditos de plomo\" \/>\n<meta property=\"article:publisher\" content=\"https:\/\/www.facebook.com\/El-mundo-de-los-soldaditos-de-plomo-943145209407047\/?modal=admin_todo_tour\" \/>\n<meta property=\"article:modified_time\" content=\"2023-01-04T12:26:09+00:00\" \/>\n<meta property=\"og:image\" content=\"https:\/\/lossoldaditosdeplomo.com\/wp-content\/uploads\/2023\/01\/LIDER-APULEANO-SIGLO-IV-AC-ROMEO-MODELS-Ref-54-064.-h-scaled.jpg\" \/>\n<meta name=\"twitter:card\" content=\"summary_large_image\" \/>\n<script type=\"application\/ld+json\" class=\"yoast-schema-graph\">{\"@context\":\"https:\/\/schema.org\",\"@graph\":[{\"@type\":\"WebPage\",\"@id\":\"https:\/\/lossoldaditosdeplomo.com\/index.php\/enero-2022\/\",\"url\":\"https:\/\/lossoldaditosdeplomo.com\/index.php\/enero-2022\/\",\"name\":\"ENERO 2023 - El mundo de los soldaditos de plomo\",\"isPartOf\":{\"@id\":\"https:\/\/lossoldaditosdeplomo.com\/#website\"},\"primaryImageOfPage\":{\"@id\":\"https:\/\/lossoldaditosdeplomo.com\/index.php\/enero-2022\/#primaryimage\"},\"image\":{\"@id\":\"https:\/\/lossoldaditosdeplomo.com\/index.php\/enero-2022\/#primaryimage\"},\"thumbnailUrl\":\"https:\/\/lossoldaditosdeplomo.com\/wp-content\/uploads\/2023\/01\/LIDER-APULEANO-SIGLO-IV-AC-ROMEO-MODELS-Ref-54-064.-h-scaled.jpg\",\"datePublished\":\"2023-01-03T11:48:16+00:00\",\"dateModified\":\"2023-01-04T12:26:09+00:00\",\"breadcrumb\":{\"@id\":\"https:\/\/lossoldaditosdeplomo.com\/index.php\/enero-2022\/#breadcrumb\"},\"inLanguage\":\"es\",\"potentialAction\":[{\"@type\":\"ReadAction\",\"target\":[\"https:\/\/lossoldaditosdeplomo.com\/index.php\/enero-2022\/\"]}]},{\"@type\":\"ImageObject\",\"inLanguage\":\"es\",\"@id\":\"https:\/\/lossoldaditosdeplomo.com\/index.php\/enero-2022\/#primaryimage\",\"url\":\"https:\/\/lossoldaditosdeplomo.com\/wp-content\/uploads\/2023\/01\/LIDER-APULEANO-SIGLO-IV-AC-ROMEO-MODELS-Ref-54-064.-h-scaled.jpg?v=1672747460\",\"contentUrl\":\"https:\/\/lossoldaditosdeplomo.com\/wp-content\/uploads\/2023\/01\/LIDER-APULEANO-SIGLO-IV-AC-ROMEO-MODELS-Ref-54-064.-h-scaled.jpg?v=1672747460\",\"width\":601,\"height\":800},{\"@type\":\"BreadcrumbList\",\"@id\":\"https:\/\/lossoldaditosdeplomo.com\/index.php\/enero-2022\/#breadcrumb\",\"itemListElement\":[{\"@type\":\"ListItem\",\"position\":1,\"name\":\"Portada\",\"item\":\"https:\/\/lossoldaditosdeplomo.com\/\"},{\"@type\":\"ListItem\",\"position\":2,\"name\":\"ENERO 2023\"}]},{\"@type\":\"WebSite\",\"@id\":\"https:\/\/lossoldaditosdeplomo.com\/#website\",\"url\":\"https:\/\/lossoldaditosdeplomo.com\/\",\"name\":\"El mundo de los soldaditos de plomo\",\"description\":\"coleccionismo, pintura y restauraci\u00f3n soldaditos de plomo\",\"publisher\":{\"@id\":\"https:\/\/lossoldaditosdeplomo.com\/#organization\"},\"alternateName\":\"los soldaditos de plomo\",\"potentialAction\":[{\"@type\":\"SearchAction\",\"target\":{\"@type\":\"EntryPoint\",\"urlTemplate\":\"https:\/\/lossoldaditosdeplomo.com\/?s={search_term_string}\"},\"query-input\":{\"@type\":\"PropertyValueSpecification\",\"valueRequired\":true,\"valueName\":\"search_term_string\"}}],\"inLanguage\":\"es\"},{\"@type\":\"Organization\",\"@id\":\"https:\/\/lossoldaditosdeplomo.com\/#organization\",\"name\":\"El Mundo de los soldaditos de plomo\",\"alternateName\":\"los soldaditos de plomo\",\"url\":\"https:\/\/lossoldaditosdeplomo.com\/\",\"logo\":{\"@type\":\"ImageObject\",\"inLanguage\":\"es\",\"@id\":\"https:\/\/lossoldaditosdeplomo.com\/#\/schema\/logo\/image\/\",\"url\":\"https:\/\/lossoldaditosdeplomo.com\/wp-content\/uploads\/2018\/11\/cropped-IMG_0475-3.jpg\",\"contentUrl\":\"https:\/\/lossoldaditosdeplomo.com\/wp-content\/uploads\/2018\/11\/cropped-IMG_0475-3.jpg\",\"width\":391,\"height\":533,\"caption\":\"El Mundo de los soldaditos de plomo\"},\"image\":{\"@id\":\"https:\/\/lossoldaditosdeplomo.com\/#\/schema\/logo\/image\/\"},\"sameAs\":[\"https:\/\/www.facebook.com\/El-mundo-de-los-soldaditos-de-plomo-943145209407047\/?modal=admin_todo_tour\"]}]}<\/script>\n<!-- \/ Yoast SEO plugin. -->","yoast_head_json":{"title":"ENERO 2023 - El mundo de los soldaditos de plomo","robots":{"index":"index","follow":"follow","max-snippet":"max-snippet:-1","max-image-preview":"max-image-preview:large","max-video-preview":"max-video-preview:-1"},"canonical":"https:\/\/lossoldaditosdeplomo.com\/index.php\/enero-2022\/","og_locale":"es_ES","og_type":"article","og_title":"ENERO 2023 - El mundo de los soldaditos de plomo","og_description":"Comenzamos el a\u00f1o con un busto de un Centuri\u00f3n Romano en batalla, esta pieza fu\u00e9 esculpida por Yury Serebryakov y comercializada bajo la marca Castle Miniature.","og_url":"https:\/\/lossoldaditosdeplomo.com\/index.php\/enero-2022\/","og_site_name":"El mundo de los soldaditos de plomo","article_publisher":"https:\/\/www.facebook.com\/El-mundo-de-los-soldaditos-de-plomo-943145209407047\/?modal=admin_todo_tour","article_modified_time":"2023-01-04T12:26:09+00:00","og_image":[{"url":"https:\/\/lossoldaditosdeplomo.com\/wp-content\/uploads\/2023\/01\/LIDER-APULEANO-SIGLO-IV-AC-ROMEO-MODELS-Ref-54-064.-h-scaled.jpg","type":"","width":"","height":""}],"twitter_card":"summary_large_image","schema":{"@context":"https:\/\/schema.org","@graph":[{"@type":"WebPage","@id":"https:\/\/lossoldaditosdeplomo.com\/index.php\/enero-2022\/","url":"https:\/\/lossoldaditosdeplomo.com\/index.php\/enero-2022\/","name":"ENERO 2023 - El mundo de los soldaditos de plomo","isPartOf":{"@id":"https:\/\/lossoldaditosdeplomo.com\/#website"},"primaryImageOfPage":{"@id":"https:\/\/lossoldaditosdeplomo.com\/index.php\/enero-2022\/#primaryimage"},"image":{"@id":"https:\/\/lossoldaditosdeplomo.com\/index.php\/enero-2022\/#primaryimage"},"thumbnailUrl":"https:\/\/lossoldaditosdeplomo.com\/wp-content\/uploads\/2023\/01\/LIDER-APULEANO-SIGLO-IV-AC-ROMEO-MODELS-Ref-54-064.-h-scaled.jpg","datePublished":"2023-01-03T11:48:16+00:00","dateModified":"2023-01-04T12:26:09+00:00","breadcrumb":{"@id":"https:\/\/lossoldaditosdeplomo.com\/index.php\/enero-2022\/#breadcrumb"},"inLanguage":"es","potentialAction":[{"@type":"ReadAction","target":["https:\/\/lossoldaditosdeplomo.com\/index.php\/enero-2022\/"]}]},{"@type":"ImageObject","inLanguage":"es","@id":"https:\/\/lossoldaditosdeplomo.com\/index.php\/enero-2022\/#primaryimage","url":"https:\/\/lossoldaditosdeplomo.com\/wp-content\/uploads\/2023\/01\/LIDER-APULEANO-SIGLO-IV-AC-ROMEO-MODELS-Ref-54-064.-h-scaled.jpg?v=1672747460","contentUrl":"https:\/\/lossoldaditosdeplomo.com\/wp-content\/uploads\/2023\/01\/LIDER-APULEANO-SIGLO-IV-AC-ROMEO-MODELS-Ref-54-064.-h-scaled.jpg?v=1672747460","width":601,"height":800},{"@type":"BreadcrumbList","@id":"https:\/\/lossoldaditosdeplomo.com\/index.php\/enero-2022\/#breadcrumb","itemListElement":[{"@type":"ListItem","position":1,"name":"Portada","item":"https:\/\/lossoldaditosdeplomo.com\/"},{"@type":"ListItem","position":2,"name":"ENERO 2023"}]},{"@type":"WebSite","@id":"https:\/\/lossoldaditosdeplomo.com\/#website","url":"https:\/\/lossoldaditosdeplomo.com\/","name":"El mundo de los soldaditos de plomo","description":"coleccionismo, pintura y restauraci\u00f3n soldaditos de plomo","publisher":{"@id":"https:\/\/lossoldaditosdeplomo.com\/#organization"},"alternateName":"los soldaditos de plomo","potentialAction":[{"@type":"SearchAction","target":{"@type":"EntryPoint","urlTemplate":"https:\/\/lossoldaditosdeplomo.com\/?s={search_term_string}"},"query-input":{"@type":"PropertyValueSpecification","valueRequired":true,"valueName":"search_term_string"}}],"inLanguage":"es"},{"@type":"Organization","@id":"https:\/\/lossoldaditosdeplomo.com\/#organization","name":"El Mundo de los soldaditos de plomo","alternateName":"los soldaditos de plomo","url":"https:\/\/lossoldaditosdeplomo.com\/","logo":{"@type":"ImageObject","inLanguage":"es","@id":"https:\/\/lossoldaditosdeplomo.com\/#\/schema\/logo\/image\/","url":"https:\/\/lossoldaditosdeplomo.com\/wp-content\/uploads\/2018\/11\/cropped-IMG_0475-3.jpg","contentUrl":"https:\/\/lossoldaditosdeplomo.com\/wp-content\/uploads\/2018\/11\/cropped-IMG_0475-3.jpg","width":391,"height":533,"caption":"El Mundo de los soldaditos de plomo"},"image":{"@id":"https:\/\/lossoldaditosdeplomo.com\/#\/schema\/logo\/image\/"},"sameAs":["https:\/\/www.facebook.com\/El-mundo-de-los-soldaditos-de-plomo-943145209407047\/?modal=admin_todo_tour"]}]}},"_links":{"self":[{"href":"https:\/\/lossoldaditosdeplomo.com\/index.php\/wp-json\/wp\/v2\/pages\/113298","targetHints":{"allow":["GET"]}}],"collection":[{"href":"https:\/\/lossoldaditosdeplomo.com\/index.php\/wp-json\/wp\/v2\/pages"}],"about":[{"href":"https:\/\/lossoldaditosdeplomo.com\/index.php\/wp-json\/wp\/v2\/types\/page"}],"author":[{"embeddable":true,"href":"https:\/\/lossoldaditosdeplomo.com\/index.php\/wp-json\/wp\/v2\/users\/3"}],"replies":[{"embeddable":true,"href":"https:\/\/lossoldaditosdeplomo.com\/index.php\/wp-json\/wp\/v2\/comments?post=113298"}],"version-history":[{"count":0,"href":"https:\/\/lossoldaditosdeplomo.com\/index.php\/wp-json\/wp\/v2\/pages\/113298\/revisions"}],"wp:attachment":[{"href":"https:\/\/lossoldaditosdeplomo.com\/index.php\/wp-json\/wp\/v2\/media?parent=113298"}],"curies":[{"name":"wp","href":"https:\/\/api.w.org\/{rel}","templated":true}]}}