{"id":114634,"date":"2023-02-05T13:35:57","date_gmt":"2023-02-05T11:35:57","guid":{"rendered":"https:\/\/lossoldaditosdeplomo.com\/?page_id=114634"},"modified":"2023-02-06T12:47:08","modified_gmt":"2023-02-06T10:47:08","slug":"febrero-2023","status":"publish","type":"page","link":"https:\/\/lossoldaditosdeplomo.com\/index.php\/febrero-2023\/","title":{"rendered":"FEBRERO  2023"},"content":{"rendered":"\n<p>Este mes os presento tres figuras de la marca Ceremonial Studios, esculpidas por Richard Almond en 90mm.<\/p>\n\n\n\n<p><\/p>\n\n\n\n<div class=\"wp-block-columns is-layout-flex wp-container-core-columns-is-layout-9d6595d7 wp-block-columns-is-layout-flex\">\n<div class=\"wp-block-column is-layout-flow wp-block-column-is-layout-flow\" style=\"flex-basis:100%\">\n<div class=\"wp-block-group\"><div class=\"wp-block-group__inner-container is-layout-constrained wp-block-group-is-layout-constrained\">\n<div class=\"wp-block-columns is-layout-flex wp-container-core-columns-is-layout-9d6595d7 wp-block-columns-is-layout-flex\">\n<div class=\"wp-block-column is-layout-flow wp-block-column-is-layout-flow\" style=\"flex-basis:100%\">\n<div class=\"wp-block-group\"><div class=\"wp-block-group__inner-container is-layout-constrained wp-block-group-is-layout-constrained\">\n<figure class=\"wp-block-image size-full\"><img loading=\"lazy\" decoding=\"async\" width=\"449\" height=\"800\" src=\"https:\/\/lossoldaditosdeplomo.com\/wp-content\/uploads\/2023\/02\/John-Plantagenet-Earl-of-Cornwall-Ceremonial-Studios-ref-CS901-90mm-scaled.jpg?v=1675595980\" alt=\"\" class=\"wp-image-114633\" srcset=\"https:\/\/lossoldaditosdeplomo.com\/wp-content\/uploads\/2023\/02\/John-Plantagenet-Earl-of-Cornwall-Ceremonial-Studios-ref-CS901-90mm-scaled.jpg?v=1675595980 449w, https:\/\/lossoldaditosdeplomo.com\/wp-content\/uploads\/2023\/02\/John-Plantagenet-Earl-of-Cornwall-Ceremonial-Studios-ref-CS901-90mm-168x300.jpg?v=1675595980 168w, https:\/\/lossoldaditosdeplomo.com\/wp-content\/uploads\/2023\/02\/John-Plantagenet-Earl-of-Cornwall-Ceremonial-Studios-ref-CS901-90mm-768x1368.jpg?v=1675595980 768w, https:\/\/lossoldaditosdeplomo.com\/wp-content\/uploads\/2023\/02\/John-Plantagenet-Earl-of-Cornwall-Ceremonial-Studios-ref-CS901-90mm-862x1536.jpg?v=1675595980 862w, https:\/\/lossoldaditosdeplomo.com\/wp-content\/uploads\/2023\/02\/John-Plantagenet-Earl-of-Cornwall-Ceremonial-Studios-ref-CS901-90mm-1150x2048.jpg?v=1675595980 1150w, https:\/\/lossoldaditosdeplomo.com\/wp-content\/uploads\/2023\/02\/John-Plantagenet-Earl-of-Cornwall-Ceremonial-Studios-ref-CS901-90mm-1200x2138.jpg?v=1675595980 1200w\" sizes=\"auto, (max-width: 449px) 85vw, 449px\" \/><figcaption class=\"wp-element-caption\"><a href=\"https:\/\/lossoldaditosdeplomo.com\/index.php\/catalog\/john-plantagenet-earl-of-cornwall\/\" target=\"_blank\" rel=\"noreferrer noopener\">John Plantagenet, Earl of Cornwall<\/a><\/figcaption><\/figure>\n\n\n\n<p><\/p>\n\n\n\n<p><\/p>\n\n\n\n<figure class=\"wp-block-image size-full\"><img loading=\"lazy\" decoding=\"async\" width=\"449\" height=\"800\" src=\"https:\/\/lossoldaditosdeplomo.com\/wp-content\/uploads\/2023\/02\/Sir-Hugh-Hastings-Lord-Hastintings-Ceremonial-Studios-ref-CS902-90mm.-scaled.jpg\" alt=\"\" class=\"wp-image-114641\" srcset=\"https:\/\/lossoldaditosdeplomo.com\/wp-content\/uploads\/2023\/02\/Sir-Hugh-Hastings-Lord-Hastintings-Ceremonial-Studios-ref-CS902-90mm.-scaled.jpg?v=1675596807 449w, https:\/\/lossoldaditosdeplomo.com\/wp-content\/uploads\/2023\/02\/Sir-Hugh-Hastings-Lord-Hastintings-Ceremonial-Studios-ref-CS902-90mm.-168x300.jpg?v=1675596807 168w, https:\/\/lossoldaditosdeplomo.com\/wp-content\/uploads\/2023\/02\/Sir-Hugh-Hastings-Lord-Hastintings-Ceremonial-Studios-ref-CS902-90mm.-768x1368.jpg?v=1675596807 768w, https:\/\/lossoldaditosdeplomo.com\/wp-content\/uploads\/2023\/02\/Sir-Hugh-Hastings-Lord-Hastintings-Ceremonial-Studios-ref-CS902-90mm.-862x1536.jpg?v=1675596807 862w, https:\/\/lossoldaditosdeplomo.com\/wp-content\/uploads\/2023\/02\/Sir-Hugh-Hastings-Lord-Hastintings-Ceremonial-Studios-ref-CS902-90mm.-1150x2048.jpg?v=1675596807 1150w, https:\/\/lossoldaditosdeplomo.com\/wp-content\/uploads\/2023\/02\/Sir-Hugh-Hastings-Lord-Hastintings-Ceremonial-Studios-ref-CS902-90mm.-1200x2138.jpg?v=1675596807 1200w\" sizes=\"auto, (max-width: 449px) 85vw, 449px\" \/><figcaption class=\"wp-element-caption\"><a href=\"https:\/\/lossoldaditosdeplomo.com\/index.php\/catalog\/sir-hugh-hastings-lord-hastintings-ano-1347\/\" target=\"_blank\" rel=\"noreferrer noopener\">Sir Hugh Hastings, Lord Hastintings<\/a><\/figcaption><\/figure>\n\n\n\n<p><\/p>\n\n\n\n<p><\/p>\n\n\n\n<figure class=\"wp-block-image size-full\"><img loading=\"lazy\" decoding=\"async\" width=\"449\" height=\"800\" src=\"https:\/\/lossoldaditosdeplomo.com\/wp-content\/uploads\/2023\/02\/Sir-Willian-de-Fitzralph-1320-Ceremonial-Studios-ref-CS903-90mm.bg_-scaled.jpg\" alt=\"\" class=\"wp-image-114648\" srcset=\"https:\/\/lossoldaditosdeplomo.com\/wp-content\/uploads\/2023\/02\/Sir-Willian-de-Fitzralph-1320-Ceremonial-Studios-ref-CS903-90mm.bg_-scaled.jpg?v=1675597473 449w, https:\/\/lossoldaditosdeplomo.com\/wp-content\/uploads\/2023\/02\/Sir-Willian-de-Fitzralph-1320-Ceremonial-Studios-ref-CS903-90mm.bg_-168x300.jpg?v=1675597473 168w, https:\/\/lossoldaditosdeplomo.com\/wp-content\/uploads\/2023\/02\/Sir-Willian-de-Fitzralph-1320-Ceremonial-Studios-ref-CS903-90mm.bg_-768x1368.jpg?v=1675597473 768w, https:\/\/lossoldaditosdeplomo.com\/wp-content\/uploads\/2023\/02\/Sir-Willian-de-Fitzralph-1320-Ceremonial-Studios-ref-CS903-90mm.bg_-862x1536.jpg?v=1675597473 862w, https:\/\/lossoldaditosdeplomo.com\/wp-content\/uploads\/2023\/02\/Sir-Willian-de-Fitzralph-1320-Ceremonial-Studios-ref-CS903-90mm.bg_-1150x2048.jpg?v=1675597473 1150w, https:\/\/lossoldaditosdeplomo.com\/wp-content\/uploads\/2023\/02\/Sir-Willian-de-Fitzralph-1320-Ceremonial-Studios-ref-CS903-90mm.bg_-1200x2138.jpg?v=1675597473 1200w\" sizes=\"auto, (max-width: 449px) 85vw, 449px\" \/><figcaption class=\"wp-element-caption\"><a href=\"https:\/\/lossoldaditosdeplomo.com\/index.php\/catalog\/sir-willian-de-fitzralph-1320\/\" target=\"_blank\" rel=\"noreferrer noopener\">Sir Willian de Fitzralph, 1320 <\/a><\/figcaption><\/figure>\n<\/div><\/div>\n<\/div>\n<\/div>\n<\/div><\/div>\n<\/div>\n<\/div>\n\n\n\n<p><\/p>\n\n\n\n<p><\/p>\n\n\n\n<p><\/p>\n\n\n\n<figure class=\"wp-block-image size-full\"><img loading=\"lazy\" decoding=\"async\" width=\"601\" height=\"800\" src=\"https:\/\/lossoldaditosdeplomo.com\/wp-content\/uploads\/2023\/02\/Italian-Knight-1300-Andrea-Miniatures-ref-SM-F24-54mm-scaled.jpg\" alt=\"\" class=\"wp-image-114664\" srcset=\"https:\/\/lossoldaditosdeplomo.com\/wp-content\/uploads\/2023\/02\/Italian-Knight-1300-Andrea-Miniatures-ref-SM-F24-54mm-scaled.jpg?v=1675598583 601w, https:\/\/lossoldaditosdeplomo.com\/wp-content\/uploads\/2023\/02\/Italian-Knight-1300-Andrea-Miniatures-ref-SM-F24-54mm-225x300.jpg?v=1675598583 225w, https:\/\/lossoldaditosdeplomo.com\/wp-content\/uploads\/2023\/02\/Italian-Knight-1300-Andrea-Miniatures-ref-SM-F24-54mm-768x1023.jpg?v=1675598583 768w, https:\/\/lossoldaditosdeplomo.com\/wp-content\/uploads\/2023\/02\/Italian-Knight-1300-Andrea-Miniatures-ref-SM-F24-54mm-1153x1536.jpg?v=1675598583 1153w, https:\/\/lossoldaditosdeplomo.com\/wp-content\/uploads\/2023\/02\/Italian-Knight-1300-Andrea-Miniatures-ref-SM-F24-54mm-1538x2048.jpg?v=1675598583 1538w, https:\/\/lossoldaditosdeplomo.com\/wp-content\/uploads\/2023\/02\/Italian-Knight-1300-Andrea-Miniatures-ref-SM-F24-54mm-1200x1598.jpg?v=1675598583 1200w\" sizes=\"auto, (max-width: 601px) 85vw, 601px\" \/><figcaption class=\"wp-element-caption\"><a href=\"https:\/\/lossoldaditosdeplomo.com\/index.php\/catalog\/italian-knight-1300\/\" target=\"_blank\" rel=\"noreferrer noopener\">Italian Knight, 1300, Andrea Miniatures <\/a><\/figcaption><\/figure>\n\n\n\n<p class=\"has-x-large-font-size\">Nuevas galer\u00edas a visitar<\/p>\n\n\n\n<figure class=\"wp-block-image size-full\"><img loading=\"lazy\" decoding=\"async\" width=\"600\" height=\"800\" src=\"https:\/\/lossoldaditosdeplomo.com\/wp-content\/uploads\/2022\/09\/Guerrero-Dacio.-New-Hope-Design-54mm-Referencia-.....-Pintura-J.-Carlos-Santiago-scaled.jpg\" alt=\"\" class=\"wp-image-112987\" srcset=\"https:\/\/lossoldaditosdeplomo.com\/wp-content\/uploads\/2022\/09\/Guerrero-Dacio.-New-Hope-Design-54mm-Referencia-.....-Pintura-J.-Carlos-Santiago-scaled.jpg?v=1663157001 600w, https:\/\/lossoldaditosdeplomo.com\/wp-content\/uploads\/2022\/09\/Guerrero-Dacio.-New-Hope-Design-54mm-Referencia-.....-Pintura-J.-Carlos-Santiago-225x300.jpg?v=1663157001 225w, https:\/\/lossoldaditosdeplomo.com\/wp-content\/uploads\/2022\/09\/Guerrero-Dacio.-New-Hope-Design-54mm-Referencia-.....-Pintura-J.-Carlos-Santiago-768x1024.jpg?v=1663157001 768w, https:\/\/lossoldaditosdeplomo.com\/wp-content\/uploads\/2022\/09\/Guerrero-Dacio.-New-Hope-Design-54mm-Referencia-.....-Pintura-J.-Carlos-Santiago-1152x1536.jpg?v=1663157001 1152w, https:\/\/lossoldaditosdeplomo.com\/wp-content\/uploads\/2022\/09\/Guerrero-Dacio.-New-Hope-Design-54mm-Referencia-.....-Pintura-J.-Carlos-Santiago-1200x1599.jpg?v=1663157001 1200w\" sizes=\"auto, (max-width: 600px) 85vw, 600px\" \/><\/figure>\n\n\n\n<p><a href=\"https:\/\/lossoldaditosdeplomo.com\/index.php\/antiguedad\/\" target=\"_blank\" rel=\"noreferrer noopener\">Galer\u00eda Soldados de la Antig\u00fcedad, colecci\u00f3n de J.C. Santiago Guinea<\/a><\/p>\n\n\n\n<p><\/p>\n\n\n\n<figure class=\"wp-block-image size-full\"><img loading=\"lazy\" decoding=\"async\" width=\"480\" height=\"640\" src=\"https:\/\/lossoldaditosdeplomo.com\/wp-content\/uploads\/2023\/01\/Stadden-89mm-Royal-Fusiliers.jpg\" alt=\"\" class=\"wp-image-114285\" srcset=\"https:\/\/lossoldaditosdeplomo.com\/wp-content\/uploads\/2023\/01\/Stadden-89mm-Royal-Fusiliers.jpg?v=1674760526 480w, https:\/\/lossoldaditosdeplomo.com\/wp-content\/uploads\/2023\/01\/Stadden-89mm-Royal-Fusiliers-225x300.jpg?v=1674760526 225w\" sizes=\"auto, (max-width: 480px) 85vw, 480px\" \/><figcaption class=\"wp-element-caption\"><a href=\"https:\/\/lossoldaditosdeplomo.com\/index.php\/varias-marcas-4\/\" target=\"_blank\" rel=\"noreferrer noopener\">Nueva Galer\u00eda de la colecci\u00f3n de Craig Dickson<\/a><\/figcaption><\/figure>\n","protected":false},"excerpt":{"rendered":"<p>Este mes os presento tres figuras de la marca Ceremonial Studios, esculpidas por Richard Almond en 90mm. Nuevas galer\u00edas a visitar Galer\u00eda Soldados de la Antig\u00fcedad, colecci\u00f3n de J.C. Santiago Guinea<\/p>\n","protected":false},"author":3,"featured_media":0,"parent":0,"menu_order":0,"comment_status":"closed","ping_status":"closed","template":"","meta":{"footnotes":""},"class_list":["post-114634","page","type-page","status-publish","hentry"],"yoast_head":"<!-- This site is optimized with the Yoast SEO plugin v27.0 - https:\/\/yoast.com\/product\/yoast-seo-wordpress\/ -->\n<title>FEBRERO 2023 - El mundo de los soldaditos de plomo<\/title>\n<meta name=\"robots\" content=\"index, follow, max-snippet:-1, max-image-preview:large, max-video-preview:-1\" \/>\n<link rel=\"canonical\" href=\"https:\/\/lossoldaditosdeplomo.com\/index.php\/febrero-2023\/\" \/>\n<meta property=\"og:locale\" content=\"es_ES\" \/>\n<meta property=\"og:type\" content=\"article\" \/>\n<meta property=\"og:title\" content=\"FEBRERO 2023 - El mundo de los soldaditos de plomo\" \/>\n<meta property=\"og:description\" content=\"Este mes os presento tres figuras de la marca Ceremonial Studios, esculpidas por Richard Almond en 90mm. Nuevas galer\u00edas a visitar Galer\u00eda Soldados de la Antig\u00fcedad, colecci\u00f3n de J.C. Santiago Guinea\" \/>\n<meta property=\"og:url\" content=\"https:\/\/lossoldaditosdeplomo.com\/index.php\/febrero-2023\/\" \/>\n<meta property=\"og:site_name\" content=\"El mundo de los soldaditos de plomo\" \/>\n<meta property=\"article:publisher\" content=\"https:\/\/www.facebook.com\/El-mundo-de-los-soldaditos-de-plomo-943145209407047\/?modal=admin_todo_tour\" \/>\n<meta property=\"article:modified_time\" content=\"2023-02-06T10:47:08+00:00\" \/>\n<meta property=\"og:image\" content=\"https:\/\/lossoldaditosdeplomo.com\/wp-content\/uploads\/2023\/02\/John-Plantagenet-Earl-of-Cornwall-Ceremonial-Studios-ref-CS901-90mm-scaled.jpg?v=1675595980\" \/>\n<meta name=\"twitter:card\" content=\"summary_large_image\" \/>\n<script type=\"application\/ld+json\" class=\"yoast-schema-graph\">{\"@context\":\"https:\/\/schema.org\",\"@graph\":[{\"@type\":\"WebPage\",\"@id\":\"https:\/\/lossoldaditosdeplomo.com\/index.php\/febrero-2023\/\",\"url\":\"https:\/\/lossoldaditosdeplomo.com\/index.php\/febrero-2023\/\",\"name\":\"FEBRERO 2023 - El mundo de los soldaditos de plomo\",\"isPartOf\":{\"@id\":\"https:\/\/lossoldaditosdeplomo.com\/#website\"},\"primaryImageOfPage\":{\"@id\":\"https:\/\/lossoldaditosdeplomo.com\/index.php\/febrero-2023\/#primaryimage\"},\"image\":{\"@id\":\"https:\/\/lossoldaditosdeplomo.com\/index.php\/febrero-2023\/#primaryimage\"},\"thumbnailUrl\":\"https:\/\/lossoldaditosdeplomo.com\/wp-content\/uploads\/2023\/02\/John-Plantagenet-Earl-of-Cornwall-Ceremonial-Studios-ref-CS901-90mm-scaled.jpg?v=1675595980\",\"datePublished\":\"2023-02-05T11:35:57+00:00\",\"dateModified\":\"2023-02-06T10:47:08+00:00\",\"breadcrumb\":{\"@id\":\"https:\/\/lossoldaditosdeplomo.com\/index.php\/febrero-2023\/#breadcrumb\"},\"inLanguage\":\"es\",\"potentialAction\":[{\"@type\":\"ReadAction\",\"target\":[\"https:\/\/lossoldaditosdeplomo.com\/index.php\/febrero-2023\/\"]}]},{\"@type\":\"ImageObject\",\"inLanguage\":\"es\",\"@id\":\"https:\/\/lossoldaditosdeplomo.com\/index.php\/febrero-2023\/#primaryimage\",\"url\":\"https:\/\/lossoldaditosdeplomo.com\/wp-content\/uploads\/2023\/02\/John-Plantagenet-Earl-of-Cornwall-Ceremonial-Studios-ref-CS901-90mm-scaled.jpg?v=1675595980\",\"contentUrl\":\"https:\/\/lossoldaditosdeplomo.com\/wp-content\/uploads\/2023\/02\/John-Plantagenet-Earl-of-Cornwall-Ceremonial-Studios-ref-CS901-90mm-scaled.jpg?v=1675595980\",\"width\":449,\"height\":800},{\"@type\":\"BreadcrumbList\",\"@id\":\"https:\/\/lossoldaditosdeplomo.com\/index.php\/febrero-2023\/#breadcrumb\",\"itemListElement\":[{\"@type\":\"ListItem\",\"position\":1,\"name\":\"Portada\",\"item\":\"https:\/\/lossoldaditosdeplomo.com\/\"},{\"@type\":\"ListItem\",\"position\":2,\"name\":\"FEBRERO 2023\"}]},{\"@type\":\"WebSite\",\"@id\":\"https:\/\/lossoldaditosdeplomo.com\/#website\",\"url\":\"https:\/\/lossoldaditosdeplomo.com\/\",\"name\":\"El mundo de los soldaditos de plomo\",\"description\":\"coleccionismo, pintura y restauraci\u00f3n soldaditos de plomo\",\"publisher\":{\"@id\":\"https:\/\/lossoldaditosdeplomo.com\/#organization\"},\"alternateName\":\"los soldaditos de plomo\",\"potentialAction\":[{\"@type\":\"SearchAction\",\"target\":{\"@type\":\"EntryPoint\",\"urlTemplate\":\"https:\/\/lossoldaditosdeplomo.com\/?s={search_term_string}\"},\"query-input\":{\"@type\":\"PropertyValueSpecification\",\"valueRequired\":true,\"valueName\":\"search_term_string\"}}],\"inLanguage\":\"es\"},{\"@type\":\"Organization\",\"@id\":\"https:\/\/lossoldaditosdeplomo.com\/#organization\",\"name\":\"El Mundo de los soldaditos de plomo\",\"alternateName\":\"los soldaditos de plomo\",\"url\":\"https:\/\/lossoldaditosdeplomo.com\/\",\"logo\":{\"@type\":\"ImageObject\",\"inLanguage\":\"es\",\"@id\":\"https:\/\/lossoldaditosdeplomo.com\/#\/schema\/logo\/image\/\",\"url\":\"https:\/\/lossoldaditosdeplomo.com\/wp-content\/uploads\/2018\/11\/cropped-IMG_0475-3.jpg\",\"contentUrl\":\"https:\/\/lossoldaditosdeplomo.com\/wp-content\/uploads\/2018\/11\/cropped-IMG_0475-3.jpg\",\"width\":391,\"height\":533,\"caption\":\"El Mundo de los soldaditos de plomo\"},\"image\":{\"@id\":\"https:\/\/lossoldaditosdeplomo.com\/#\/schema\/logo\/image\/\"},\"sameAs\":[\"https:\/\/www.facebook.com\/El-mundo-de-los-soldaditos-de-plomo-943145209407047\/?modal=admin_todo_tour\"]}]}<\/script>\n<!-- \/ Yoast SEO plugin. -->","yoast_head_json":{"title":"FEBRERO 2023 - El mundo de los soldaditos de plomo","robots":{"index":"index","follow":"follow","max-snippet":"max-snippet:-1","max-image-preview":"max-image-preview:large","max-video-preview":"max-video-preview:-1"},"canonical":"https:\/\/lossoldaditosdeplomo.com\/index.php\/febrero-2023\/","og_locale":"es_ES","og_type":"article","og_title":"FEBRERO 2023 - El mundo de los soldaditos de plomo","og_description":"Este mes os presento tres figuras de la marca Ceremonial Studios, esculpidas por Richard Almond en 90mm. Nuevas galer\u00edas a visitar Galer\u00eda Soldados de la Antig\u00fcedad, colecci\u00f3n de J.C. Santiago Guinea","og_url":"https:\/\/lossoldaditosdeplomo.com\/index.php\/febrero-2023\/","og_site_name":"El mundo de los soldaditos de plomo","article_publisher":"https:\/\/www.facebook.com\/El-mundo-de-los-soldaditos-de-plomo-943145209407047\/?modal=admin_todo_tour","article_modified_time":"2023-02-06T10:47:08+00:00","og_image":[{"url":"https:\/\/lossoldaditosdeplomo.com\/wp-content\/uploads\/2023\/02\/John-Plantagenet-Earl-of-Cornwall-Ceremonial-Studios-ref-CS901-90mm-scaled.jpg?v=1675595980","type":"","width":"","height":""}],"twitter_card":"summary_large_image","schema":{"@context":"https:\/\/schema.org","@graph":[{"@type":"WebPage","@id":"https:\/\/lossoldaditosdeplomo.com\/index.php\/febrero-2023\/","url":"https:\/\/lossoldaditosdeplomo.com\/index.php\/febrero-2023\/","name":"FEBRERO 2023 - El mundo de los soldaditos de plomo","isPartOf":{"@id":"https:\/\/lossoldaditosdeplomo.com\/#website"},"primaryImageOfPage":{"@id":"https:\/\/lossoldaditosdeplomo.com\/index.php\/febrero-2023\/#primaryimage"},"image":{"@id":"https:\/\/lossoldaditosdeplomo.com\/index.php\/febrero-2023\/#primaryimage"},"thumbnailUrl":"https:\/\/lossoldaditosdeplomo.com\/wp-content\/uploads\/2023\/02\/John-Plantagenet-Earl-of-Cornwall-Ceremonial-Studios-ref-CS901-90mm-scaled.jpg?v=1675595980","datePublished":"2023-02-05T11:35:57+00:00","dateModified":"2023-02-06T10:47:08+00:00","breadcrumb":{"@id":"https:\/\/lossoldaditosdeplomo.com\/index.php\/febrero-2023\/#breadcrumb"},"inLanguage":"es","potentialAction":[{"@type":"ReadAction","target":["https:\/\/lossoldaditosdeplomo.com\/index.php\/febrero-2023\/"]}]},{"@type":"ImageObject","inLanguage":"es","@id":"https:\/\/lossoldaditosdeplomo.com\/index.php\/febrero-2023\/#primaryimage","url":"https:\/\/lossoldaditosdeplomo.com\/wp-content\/uploads\/2023\/02\/John-Plantagenet-Earl-of-Cornwall-Ceremonial-Studios-ref-CS901-90mm-scaled.jpg?v=1675595980","contentUrl":"https:\/\/lossoldaditosdeplomo.com\/wp-content\/uploads\/2023\/02\/John-Plantagenet-Earl-of-Cornwall-Ceremonial-Studios-ref-CS901-90mm-scaled.jpg?v=1675595980","width":449,"height":800},{"@type":"BreadcrumbList","@id":"https:\/\/lossoldaditosdeplomo.com\/index.php\/febrero-2023\/#breadcrumb","itemListElement":[{"@type":"ListItem","position":1,"name":"Portada","item":"https:\/\/lossoldaditosdeplomo.com\/"},{"@type":"ListItem","position":2,"name":"FEBRERO 2023"}]},{"@type":"WebSite","@id":"https:\/\/lossoldaditosdeplomo.com\/#website","url":"https:\/\/lossoldaditosdeplomo.com\/","name":"El mundo de los soldaditos de plomo","description":"coleccionismo, pintura y restauraci\u00f3n soldaditos de plomo","publisher":{"@id":"https:\/\/lossoldaditosdeplomo.com\/#organization"},"alternateName":"los soldaditos de plomo","potentialAction":[{"@type":"SearchAction","target":{"@type":"EntryPoint","urlTemplate":"https:\/\/lossoldaditosdeplomo.com\/?s={search_term_string}"},"query-input":{"@type":"PropertyValueSpecification","valueRequired":true,"valueName":"search_term_string"}}],"inLanguage":"es"},{"@type":"Organization","@id":"https:\/\/lossoldaditosdeplomo.com\/#organization","name":"El Mundo de los soldaditos de plomo","alternateName":"los soldaditos de plomo","url":"https:\/\/lossoldaditosdeplomo.com\/","logo":{"@type":"ImageObject","inLanguage":"es","@id":"https:\/\/lossoldaditosdeplomo.com\/#\/schema\/logo\/image\/","url":"https:\/\/lossoldaditosdeplomo.com\/wp-content\/uploads\/2018\/11\/cropped-IMG_0475-3.jpg","contentUrl":"https:\/\/lossoldaditosdeplomo.com\/wp-content\/uploads\/2018\/11\/cropped-IMG_0475-3.jpg","width":391,"height":533,"caption":"El Mundo de los soldaditos de plomo"},"image":{"@id":"https:\/\/lossoldaditosdeplomo.com\/#\/schema\/logo\/image\/"},"sameAs":["https:\/\/www.facebook.com\/El-mundo-de-los-soldaditos-de-plomo-943145209407047\/?modal=admin_todo_tour"]}]}},"_links":{"self":[{"href":"https:\/\/lossoldaditosdeplomo.com\/index.php\/wp-json\/wp\/v2\/pages\/114634","targetHints":{"allow":["GET"]}}],"collection":[{"href":"https:\/\/lossoldaditosdeplomo.com\/index.php\/wp-json\/wp\/v2\/pages"}],"about":[{"href":"https:\/\/lossoldaditosdeplomo.com\/index.php\/wp-json\/wp\/v2\/types\/page"}],"author":[{"embeddable":true,"href":"https:\/\/lossoldaditosdeplomo.com\/index.php\/wp-json\/wp\/v2\/users\/3"}],"replies":[{"embeddable":true,"href":"https:\/\/lossoldaditosdeplomo.com\/index.php\/wp-json\/wp\/v2\/comments?post=114634"}],"version-history":[{"count":0,"href":"https:\/\/lossoldaditosdeplomo.com\/index.php\/wp-json\/wp\/v2\/pages\/114634\/revisions"}],"wp:attachment":[{"href":"https:\/\/lossoldaditosdeplomo.com\/index.php\/wp-json\/wp\/v2\/media?parent=114634"}],"curies":[{"name":"wp","href":"https:\/\/api.w.org\/{rel}","templated":true}]}}