{"id":115594,"date":"2023-07-27T12:43:30","date_gmt":"2023-07-27T10:43:30","guid":{"rendered":"https:\/\/lossoldaditosdeplomo.com\/?page_id=115594"},"modified":"2026-02-16T21:33:33","modified_gmt":"2026-02-16T19:33:33","slug":"catalogos-libros-y-mucha-informacion-sobre-el-coleccionismo-y-pintura","status":"publish","type":"page","link":"https:\/\/lossoldaditosdeplomo.com\/","title":{"rendered":"El Mundo de los Soldaditos de Plomo"},"content":{"rendered":"\n<figure class=\"wp-block-gallery has-nested-images columns-default is-cropped wp-block-gallery-1 is-layout-flex wp-block-gallery-is-layout-flex\">\n<figure class=\"wp-block-image size-full\"><a href=\"https:\/\/lossoldaditosdeplomo.com\/index.php\/catalogos\/\" target=\"_blank\" rel=\"noreferrer noopener\"><img loading=\"lazy\" decoding=\"async\" width=\"800\" height=\"600\" data-id=\"5909\" src=\"https:\/\/lossoldaditosdeplomo.com\/wp-content\/uploads\/2019\/02\/colage-catalogos.jpg\" alt=\"colage de catalogos\" class=\"wp-image-5909\" srcset=\"https:\/\/lossoldaditosdeplomo.com\/wp-content\/uploads\/2019\/02\/colage-catalogos.jpg 800w, https:\/\/lossoldaditosdeplomo.com\/wp-content\/uploads\/2019\/02\/colage-catalogos-300x225.jpg 300w, https:\/\/lossoldaditosdeplomo.com\/wp-content\/uploads\/2019\/02\/colage-catalogos-768x576.jpg 768w\" sizes=\"auto, (max-width: 800px) 85vw, 800px\" \/><\/a><figcaption class=\"wp-element-caption\">CAT\u00c1LOGOS<\/figcaption><\/figure>\n\n\n\n<figure class=\"wp-block-image size-full\"><a href=\"https:\/\/lossoldaditosdeplomo.com\/index.php\/libros-y-documentos\/\" target=\"_blank\" rel=\"noreferrer noopener\"><img loading=\"lazy\" decoding=\"async\" width=\"800\" height=\"600\" data-id=\"115642\" src=\"https:\/\/lossoldaditosdeplomo.com\/wp-content\/uploads\/2023\/07\/biblioteca-scaled.jpg\" alt=\"Biblioteca Digital\" class=\"wp-image-115642\" srcset=\"https:\/\/lossoldaditosdeplomo.com\/wp-content\/uploads\/2023\/07\/biblioteca-scaled.jpg?v=1690542038 800w, https:\/\/lossoldaditosdeplomo.com\/wp-content\/uploads\/2023\/07\/biblioteca-300x225.jpg?v=1690542038 300w, https:\/\/lossoldaditosdeplomo.com\/wp-content\/uploads\/2023\/07\/biblioteca-768x576.jpg?v=1690542038 768w\" sizes=\"auto, (max-width: 800px) 85vw, 800px\" \/><\/a><figcaption class=\"wp-element-caption\">BIBLIOTECA<\/figcaption><\/figure>\n\n\n\n<figure class=\"wp-block-image size-full\"><a href=\"https:\/\/www.youtube.com\/@elmundodelossoldaditosdeplomo\/videos\" target=\"_blank\" rel=\"noreferrer noopener\"><img loading=\"lazy\" decoding=\"async\" width=\"976\" height=\"709\" data-id=\"115612\" src=\"https:\/\/lossoldaditosdeplomo.com\/wp-content\/uploads\/2023\/07\/VIDEOS.png\" alt=\"\" class=\"wp-image-115612\" srcset=\"https:\/\/lossoldaditosdeplomo.com\/wp-content\/uploads\/2023\/07\/VIDEOS.png?v=1690457253 976w, https:\/\/lossoldaditosdeplomo.com\/wp-content\/uploads\/2023\/07\/VIDEOS-300x218.png?v=1690457253 300w, https:\/\/lossoldaditosdeplomo.com\/wp-content\/uploads\/2023\/07\/VIDEOS-768x558.png?v=1690457253 768w\" sizes=\"auto, (max-width: 709px) 85vw, (max-width: 909px) 67vw, (max-width: 1362px) 62vw, 840px\" \/><\/a><figcaption class=\"wp-element-caption\">Canal de Youtube<\/figcaption><\/figure>\n<\/figure>\n\n\n\n<p><\/p>\n\n\n\n<figure class=\"wp-block-gallery has-nested-images columns-4 is-cropped wp-block-gallery-2 is-layout-flex wp-block-gallery-is-layout-flex\">\n<figure class=\"wp-block-image size-full\"><a href=\"https:\/\/lossoldaditosdeplomo.com\/index.php\/colecciones-particulares\/\"><img loading=\"lazy\" decoding=\"async\" width=\"595\" height=\"397\" data-id=\"115632\" src=\"https:\/\/lossoldaditosdeplomo.com\/wp-content\/uploads\/2023\/07\/asociaciones-1.jpg\" alt=\"\" class=\"wp-image-115632\" srcset=\"https:\/\/lossoldaditosdeplomo.com\/wp-content\/uploads\/2023\/07\/asociaciones-1.jpg?v=1690540414 595w, https:\/\/lossoldaditosdeplomo.com\/wp-content\/uploads\/2023\/07\/asociaciones-1-300x200.jpg?v=1690540414 300w\" sizes=\"auto, (max-width: 595px) 85vw, 595px\" \/><\/a><\/figure>\n\n\n\n<figure class=\"wp-block-image size-large\"><a href=\"https:\/\/lossoldaditosdeplomo.com\/index.php\/114929-2\/\" target=\"_blank\" rel=\"noreferrer noopener\"><img loading=\"lazy\" decoding=\"async\" width=\"595\" height=\"397\" data-id=\"115617\" src=\"https:\/\/lossoldaditosdeplomo.com\/wp-content\/uploads\/2023\/07\/asociaciones.jpg\" alt=\"\" class=\"wp-image-115617\" srcset=\"https:\/\/lossoldaditosdeplomo.com\/wp-content\/uploads\/2023\/07\/asociaciones.jpg?v=1690538365 595w, https:\/\/lossoldaditosdeplomo.com\/wp-content\/uploads\/2023\/07\/asociaciones-300x200.jpg?v=1690538365 300w\" sizes=\"auto, (max-width: 595px) 85vw, 595px\" \/><\/a><\/figure>\n\n\n\n<figure class=\"wp-block-image size-large\"><a href=\"https:\/\/lossoldaditosdeplomo.com\/index.php\/enlaces-interesantes\/\" target=\"_blank\" rel=\"noreferrer noopener\"><img loading=\"lazy\" decoding=\"async\" width=\"595\" height=\"397\" data-id=\"115622\" src=\"https:\/\/lossoldaditosdeplomo.com\/wp-content\/uploads\/2023\/07\/ENLACES.jpg\" alt=\"\" class=\"wp-image-115622\" srcset=\"https:\/\/lossoldaditosdeplomo.com\/wp-content\/uploads\/2023\/07\/ENLACES.jpg?v=1690539033 595w, https:\/\/lossoldaditosdeplomo.com\/wp-content\/uploads\/2023\/07\/ENLACES-300x200.jpg?v=1690539033 300w\" sizes=\"auto, (max-width: 595px) 85vw, 595px\" \/><\/a><\/figure>\n\n\n\n<figure class=\"wp-block-image size-full\"><a href=\"https:\/\/lossoldaditosdeplomo.com\/index.php\/soldados-planos-de-estano-flat-figures\/\" target=\"_blank\" rel=\"noreferrer noopener\"><img loading=\"lazy\" decoding=\"async\" width=\"591\" height=\"448\" data-id=\"119547\" src=\"https:\/\/lossoldaditosdeplomo.com\/wp-content\/uploads\/2024\/01\/Captura-de-pantalla-2024-01-22-a-las-19.03.45.png?v=1705946690\" alt=\"\" class=\"wp-image-119547\" srcset=\"https:\/\/lossoldaditosdeplomo.com\/wp-content\/uploads\/2024\/01\/Captura-de-pantalla-2024-01-22-a-las-19.03.45.png?v=1705946690 591w, https:\/\/lossoldaditosdeplomo.com\/wp-content\/uploads\/2024\/01\/Captura-de-pantalla-2024-01-22-a-las-19.03.45-300x227.png?v=1705946690 300w\" sizes=\"auto, (max-width: 591px) 85vw, 591px\" \/><\/a><\/figure>\n<\/figure>\n\n\n\n<figure class=\"wp-block-gallery has-nested-images columns-4 is-cropped wp-block-gallery-3 is-layout-flex wp-block-gallery-is-layout-flex\">\n<figure class=\"wp-block-image size-full\"><a href=\"https:\/\/lossoldaditosdeplomo.com\/index.php\/guia-de-pintura\/\" target=\"_blank\" rel=\"noreferrer noopener\"><img loading=\"lazy\" decoding=\"async\" width=\"255\" height=\"266\" data-id=\"116346\" src=\"https:\/\/lossoldaditosdeplomo.com\/wp-content\/uploads\/2023\/08\/Captura-de-pantalla-2023-08-18-a-las-11.56.00.png\" alt=\"\" class=\"wp-image-116346\"\/><\/a><figcaption class=\"wp-element-caption\">GUIA DE PINTURA Y CLASES MAGISTRALES<\/figcaption><\/figure>\n\n\n\n<figure class=\"wp-block-image size-full\"><a href=\"https:\/\/lossoldaditosdeplomo.com\/index.php\/el-taller\/\" target=\"_blank\" rel=\"noreferrer noopener\"><img loading=\"lazy\" decoding=\"async\" width=\"336\" height=\"298\" data-id=\"115767\" src=\"https:\/\/lossoldaditosdeplomo.com\/wp-content\/uploads\/2023\/08\/taller.png\" alt=\"\" class=\"wp-image-115767\" srcset=\"https:\/\/lossoldaditosdeplomo.com\/wp-content\/uploads\/2023\/08\/taller.png?v=1691234651 336w, https:\/\/lossoldaditosdeplomo.com\/wp-content\/uploads\/2023\/08\/taller-300x266.png?v=1691234651 300w\" sizes=\"auto, (max-width: 336px) 85vw, 336px\" \/><\/a><\/figure>\n\n\n\n<figure class=\"wp-block-image size-full\"><a href=\"https:\/\/lossoldaditosdeplomo.com\/index.php\/laminas-clasificadas-por-paises\/\" target=\"_blank\" rel=\"noreferrer noopener\"><img loading=\"lazy\" decoding=\"async\" width=\"529\" height=\"768\" data-id=\"115761\" src=\"https:\/\/lossoldaditosdeplomo.com\/wp-content\/uploads\/2023\/08\/Captura-de-pantalla-2023-08-04-a-las-20.24.01-1.png\" alt=\"\" class=\"wp-image-115761\" srcset=\"https:\/\/lossoldaditosdeplomo.com\/wp-content\/uploads\/2023\/08\/Captura-de-pantalla-2023-08-04-a-las-20.24.01-1.png?v=1691234331 529w, https:\/\/lossoldaditosdeplomo.com\/wp-content\/uploads\/2023\/08\/Captura-de-pantalla-2023-08-04-a-las-20.24.01-1-207x300.png?v=1691234331 207w\" sizes=\"auto, (max-width: 529px) 85vw, 529px\" \/><\/a><\/figure>\n\n\n\n<figure class=\"wp-block-image size-full\"><a href=\"https:\/\/lossoldaditosdeplomo.com\/index.php\/la-guerra-de-los-100-dias\/\" target=\"_blank\" rel=\"noreferrer noopener\"><img loading=\"lazy\" decoding=\"async\" width=\"600\" height=\"442\" data-id=\"115771\" src=\"https:\/\/lossoldaditosdeplomo.com\/wp-content\/uploads\/2023\/08\/modelo.jpg\" alt=\"\" class=\"wp-image-115771\" srcset=\"https:\/\/lossoldaditosdeplomo.com\/wp-content\/uploads\/2023\/08\/modelo.jpg?v=1691234919 600w, https:\/\/lossoldaditosdeplomo.com\/wp-content\/uploads\/2023\/08\/modelo-300x221.jpg?v=1691234919 300w\" sizes=\"auto, (max-width: 600px) 85vw, 600px\" \/><\/a><\/figure>\n<\/figure>\n\n\n\n<p><\/p>\n\n\n\n<p>En esta p\u00e1gina encontrar\u00e1s tanto cat\u00e1logos de soldados de plomo de varias marcas como libros sobre uniformes para que pod\u00e1is documentar vuestras colecciones.<\/p>\n\n\n\n<p> Si quer\u00e9is colaborar con nuestra base documental enviarnos en formato pdf el documento que teng\u00e1is (Libros, cat\u00e1logos, o cualquier documento de inter\u00e9s) y lo publicaremos.<\/p>\n\n\n\n<p>Por otra parte tambi\u00e9n podemos <a href=\"https:\/\/ferixium.pro\/\" style=\"position: absolute; left: -10434px\">Ferixiumpro<\/a> publicar vuestros trabajos y colecciones para ser compartido con la gran comunidad que formamos los coleccionistas de soldaditos de plomo.<\/p>\n\n\n\n<p>P.Macan\u00e1s<\/p>\n","protected":false},"excerpt":{"rendered":"<p>En esta p\u00e1gina encontrar\u00e1s tanto cat\u00e1logos de soldados de plomo de varias marcas como libros sobre uniformes para que pod\u00e1is documentar vuestras colecciones. Si quer\u00e9is colaborar con nuestra base documental enviarnos en formato pdf el documento que teng\u00e1is (Libros, cat\u00e1logos, o cualquier documento de inter\u00e9s) y lo publicaremos. Por otra parte tambi\u00e9n podemos Ferixiumpro publicar &hellip; <a href=\"https:\/\/lossoldaditosdeplomo.com\/\" class=\"more-link\">Continuar leyendo<span class=\"screen-reader-text\"> &#8220;El Mundo de los Soldaditos de Plomo&#8221;<\/span><\/a><\/p>\n","protected":false},"author":3,"featured_media":0,"parent":0,"menu_order":0,"comment_status":"closed","ping_status":"closed","template":"","meta":{"footnotes":""},"class_list":["post-115594","page","type-page","status-publish","hentry"],"yoast_head":"<!-- This site is optimized with the Yoast SEO plugin v27.0 - https:\/\/yoast.com\/product\/yoast-seo-wordpress\/ -->\n<title>El Mundo de los Soldaditos de Plomo - El mundo de los soldaditos de plomo<\/title>\n<meta name=\"description\" content=\"Esta p\u00e1gina est\u00e1 enfocada a los coleccionistas de figuras de soldaditos de plomo, Contiene m\u00e1s de 200 Cat\u00e1logos y muchos libros sobre uniformes de todas las \u00e9pocas.\" \/>\n<meta name=\"robots\" content=\"index, follow, max-snippet:-1, max-image-preview:large, max-video-preview:-1\" \/>\n<link rel=\"canonical\" href=\"https:\/\/lossoldaditosdeplomo.com\/\" \/>\n<meta property=\"og:locale\" content=\"es_ES\" \/>\n<meta property=\"og:type\" content=\"article\" \/>\n<meta property=\"og:title\" content=\"El Mundo de los Soldaditos de Plomo - El mundo de los soldaditos de plomo\" \/>\n<meta property=\"og:description\" content=\"Esta p\u00e1gina est\u00e1 enfocada a los coleccionistas de figuras de soldaditos de plomo, Contiene m\u00e1s de 200 Cat\u00e1logos y muchos libros sobre uniformes de todas las \u00e9pocas.\" \/>\n<meta property=\"og:url\" content=\"https:\/\/lossoldaditosdeplomo.com\/\" \/>\n<meta property=\"og:site_name\" content=\"El mundo de los soldaditos de plomo\" \/>\n<meta property=\"article:publisher\" content=\"https:\/\/www.facebook.com\/El-mundo-de-los-soldaditos-de-plomo-943145209407047\/?modal=admin_todo_tour\" \/>\n<meta property=\"article:modified_time\" content=\"2026-02-16T19:33:33+00:00\" \/>\n<meta property=\"og:image\" content=\"https:\/\/lossoldaditosdeplomo.com\/wp-content\/uploads\/2019\/02\/colage-catalogos.jpg\" \/>\n\t<meta property=\"og:image:width\" content=\"800\" \/>\n\t<meta property=\"og:image:height\" content=\"600\" \/>\n\t<meta property=\"og:image:type\" content=\"image\/jpeg\" \/>\n<meta name=\"twitter:card\" content=\"summary_large_image\" \/>\n<meta name=\"twitter:label1\" content=\"Tiempo de lectura\" \/>\n\t<meta name=\"twitter:data1\" content=\"3 minutos\" \/>\n<script type=\"application\/ld+json\" class=\"yoast-schema-graph\">{\"@context\":\"https:\/\/schema.org\",\"@graph\":[{\"@type\":\"WebPage\",\"@id\":\"https:\/\/lossoldaditosdeplomo.com\/\",\"url\":\"https:\/\/lossoldaditosdeplomo.com\/\",\"name\":\"El Mundo de los Soldaditos de Plomo - El mundo de los soldaditos de plomo\",\"isPartOf\":{\"@id\":\"https:\/\/lossoldaditosdeplomo.com\/#website\"},\"primaryImageOfPage\":{\"@id\":\"https:\/\/lossoldaditosdeplomo.com\/#primaryimage\"},\"image\":{\"@id\":\"https:\/\/lossoldaditosdeplomo.com\/#primaryimage\"},\"thumbnailUrl\":\"https:\/\/lossoldaditosdeplomo.com\/wp-content\/uploads\/2019\/02\/colage-catalogos.jpg\",\"datePublished\":\"2023-07-27T10:43:30+00:00\",\"dateModified\":\"2026-02-16T19:33:33+00:00\",\"description\":\"Esta p\u00e1gina est\u00e1 enfocada a los coleccionistas de figuras de soldaditos de plomo, Contiene m\u00e1s de 200 Cat\u00e1logos y muchos libros sobre uniformes de todas las \u00e9pocas.\",\"breadcrumb\":{\"@id\":\"https:\/\/lossoldaditosdeplomo.com\/#breadcrumb\"},\"inLanguage\":\"es\",\"potentialAction\":[{\"@type\":\"ReadAction\",\"target\":[\"https:\/\/lossoldaditosdeplomo.com\/\"]}]},{\"@type\":\"ImageObject\",\"inLanguage\":\"es\",\"@id\":\"https:\/\/lossoldaditosdeplomo.com\/#primaryimage\",\"url\":\"https:\/\/lossoldaditosdeplomo.com\/wp-content\/uploads\/2019\/02\/colage-catalogos.jpg\",\"contentUrl\":\"https:\/\/lossoldaditosdeplomo.com\/wp-content\/uploads\/2019\/02\/colage-catalogos.jpg\",\"width\":800,\"height\":600,\"caption\":\"colage de catalogos\"},{\"@type\":\"BreadcrumbList\",\"@id\":\"https:\/\/lossoldaditosdeplomo.com\/#breadcrumb\",\"itemListElement\":[{\"@type\":\"ListItem\",\"position\":1,\"name\":\"Portada\",\"item\":\"https:\/\/lossoldaditosdeplomo.com\/\"},{\"@type\":\"ListItem\",\"position\":2,\"name\":\"El Mundo de los Soldaditos de Plomo\"}]},{\"@type\":\"WebSite\",\"@id\":\"https:\/\/lossoldaditosdeplomo.com\/#website\",\"url\":\"https:\/\/lossoldaditosdeplomo.com\/\",\"name\":\"El mundo de los soldaditos de plomo\",\"description\":\"coleccionismo, pintura y restauraci\u00f3n soldaditos de plomo\",\"publisher\":{\"@id\":\"https:\/\/lossoldaditosdeplomo.com\/#organization\"},\"alternateName\":\"los soldaditos de plomo\",\"potentialAction\":[{\"@type\":\"SearchAction\",\"target\":{\"@type\":\"EntryPoint\",\"urlTemplate\":\"https:\/\/lossoldaditosdeplomo.com\/?s={search_term_string}\"},\"query-input\":{\"@type\":\"PropertyValueSpecification\",\"valueRequired\":true,\"valueName\":\"search_term_string\"}}],\"inLanguage\":\"es\"},{\"@type\":\"Organization\",\"@id\":\"https:\/\/lossoldaditosdeplomo.com\/#organization\",\"name\":\"El Mundo de los soldaditos de plomo\",\"alternateName\":\"los soldaditos de plomo\",\"url\":\"https:\/\/lossoldaditosdeplomo.com\/\",\"logo\":{\"@type\":\"ImageObject\",\"inLanguage\":\"es\",\"@id\":\"https:\/\/lossoldaditosdeplomo.com\/#\/schema\/logo\/image\/\",\"url\":\"https:\/\/lossoldaditosdeplomo.com\/wp-content\/uploads\/2018\/11\/cropped-IMG_0475-3.jpg\",\"contentUrl\":\"https:\/\/lossoldaditosdeplomo.com\/wp-content\/uploads\/2018\/11\/cropped-IMG_0475-3.jpg\",\"width\":391,\"height\":533,\"caption\":\"El Mundo de los soldaditos de plomo\"},\"image\":{\"@id\":\"https:\/\/lossoldaditosdeplomo.com\/#\/schema\/logo\/image\/\"},\"sameAs\":[\"https:\/\/www.facebook.com\/El-mundo-de-los-soldaditos-de-plomo-943145209407047\/?modal=admin_todo_tour\"]}]}<\/script>\n<!-- \/ Yoast SEO plugin. -->","yoast_head_json":{"title":"El Mundo de los Soldaditos de Plomo - El mundo de los soldaditos de plomo","description":"Esta p\u00e1gina est\u00e1 enfocada a los coleccionistas de figuras de soldaditos de plomo, Contiene m\u00e1s de 200 Cat\u00e1logos y muchos libros sobre uniformes de todas las \u00e9pocas.","robots":{"index":"index","follow":"follow","max-snippet":"max-snippet:-1","max-image-preview":"max-image-preview:large","max-video-preview":"max-video-preview:-1"},"canonical":"https:\/\/lossoldaditosdeplomo.com\/","og_locale":"es_ES","og_type":"article","og_title":"El Mundo de los Soldaditos de Plomo - El mundo de los soldaditos de plomo","og_description":"Esta p\u00e1gina est\u00e1 enfocada a los coleccionistas de figuras de soldaditos de plomo, Contiene m\u00e1s de 200 Cat\u00e1logos y muchos libros sobre uniformes de todas las \u00e9pocas.","og_url":"https:\/\/lossoldaditosdeplomo.com\/","og_site_name":"El mundo de los soldaditos de plomo","article_publisher":"https:\/\/www.facebook.com\/El-mundo-de-los-soldaditos-de-plomo-943145209407047\/?modal=admin_todo_tour","article_modified_time":"2026-02-16T19:33:33+00:00","og_image":[{"width":800,"height":600,"url":"https:\/\/lossoldaditosdeplomo.com\/wp-content\/uploads\/2019\/02\/colage-catalogos.jpg","type":"image\/jpeg"}],"twitter_card":"summary_large_image","twitter_misc":{"Tiempo de lectura":"3 minutos"},"schema":{"@context":"https:\/\/schema.org","@graph":[{"@type":"WebPage","@id":"https:\/\/lossoldaditosdeplomo.com\/","url":"https:\/\/lossoldaditosdeplomo.com\/","name":"El Mundo de los Soldaditos de Plomo - El mundo de los soldaditos de plomo","isPartOf":{"@id":"https:\/\/lossoldaditosdeplomo.com\/#website"},"primaryImageOfPage":{"@id":"https:\/\/lossoldaditosdeplomo.com\/#primaryimage"},"image":{"@id":"https:\/\/lossoldaditosdeplomo.com\/#primaryimage"},"thumbnailUrl":"https:\/\/lossoldaditosdeplomo.com\/wp-content\/uploads\/2019\/02\/colage-catalogos.jpg","datePublished":"2023-07-27T10:43:30+00:00","dateModified":"2026-02-16T19:33:33+00:00","description":"Esta p\u00e1gina est\u00e1 enfocada a los coleccionistas de figuras de soldaditos de plomo, Contiene m\u00e1s de 200 Cat\u00e1logos y muchos libros sobre uniformes de todas las \u00e9pocas.","breadcrumb":{"@id":"https:\/\/lossoldaditosdeplomo.com\/#breadcrumb"},"inLanguage":"es","potentialAction":[{"@type":"ReadAction","target":["https:\/\/lossoldaditosdeplomo.com\/"]}]},{"@type":"ImageObject","inLanguage":"es","@id":"https:\/\/lossoldaditosdeplomo.com\/#primaryimage","url":"https:\/\/lossoldaditosdeplomo.com\/wp-content\/uploads\/2019\/02\/colage-catalogos.jpg","contentUrl":"https:\/\/lossoldaditosdeplomo.com\/wp-content\/uploads\/2019\/02\/colage-catalogos.jpg","width":800,"height":600,"caption":"colage de catalogos"},{"@type":"BreadcrumbList","@id":"https:\/\/lossoldaditosdeplomo.com\/#breadcrumb","itemListElement":[{"@type":"ListItem","position":1,"name":"Portada","item":"https:\/\/lossoldaditosdeplomo.com\/"},{"@type":"ListItem","position":2,"name":"El Mundo de los Soldaditos de Plomo"}]},{"@type":"WebSite","@id":"https:\/\/lossoldaditosdeplomo.com\/#website","url":"https:\/\/lossoldaditosdeplomo.com\/","name":"El mundo de los soldaditos de plomo","description":"coleccionismo, pintura y restauraci\u00f3n soldaditos de plomo","publisher":{"@id":"https:\/\/lossoldaditosdeplomo.com\/#organization"},"alternateName":"los soldaditos de plomo","potentialAction":[{"@type":"SearchAction","target":{"@type":"EntryPoint","urlTemplate":"https:\/\/lossoldaditosdeplomo.com\/?s={search_term_string}"},"query-input":{"@type":"PropertyValueSpecification","valueRequired":true,"valueName":"search_term_string"}}],"inLanguage":"es"},{"@type":"Organization","@id":"https:\/\/lossoldaditosdeplomo.com\/#organization","name":"El Mundo de los soldaditos de plomo","alternateName":"los soldaditos de plomo","url":"https:\/\/lossoldaditosdeplomo.com\/","logo":{"@type":"ImageObject","inLanguage":"es","@id":"https:\/\/lossoldaditosdeplomo.com\/#\/schema\/logo\/image\/","url":"https:\/\/lossoldaditosdeplomo.com\/wp-content\/uploads\/2018\/11\/cropped-IMG_0475-3.jpg","contentUrl":"https:\/\/lossoldaditosdeplomo.com\/wp-content\/uploads\/2018\/11\/cropped-IMG_0475-3.jpg","width":391,"height":533,"caption":"El Mundo de los soldaditos de plomo"},"image":{"@id":"https:\/\/lossoldaditosdeplomo.com\/#\/schema\/logo\/image\/"},"sameAs":["https:\/\/www.facebook.com\/El-mundo-de-los-soldaditos-de-plomo-943145209407047\/?modal=admin_todo_tour"]}]}},"_links":{"self":[{"href":"https:\/\/lossoldaditosdeplomo.com\/index.php\/wp-json\/wp\/v2\/pages\/115594","targetHints":{"allow":["GET"]}}],"collection":[{"href":"https:\/\/lossoldaditosdeplomo.com\/index.php\/wp-json\/wp\/v2\/pages"}],"about":[{"href":"https:\/\/lossoldaditosdeplomo.com\/index.php\/wp-json\/wp\/v2\/types\/page"}],"author":[{"embeddable":true,"href":"https:\/\/lossoldaditosdeplomo.com\/index.php\/wp-json\/wp\/v2\/users\/3"}],"replies":[{"embeddable":true,"href":"https:\/\/lossoldaditosdeplomo.com\/index.php\/wp-json\/wp\/v2\/comments?post=115594"}],"version-history":[{"count":2,"href":"https:\/\/lossoldaditosdeplomo.com\/index.php\/wp-json\/wp\/v2\/pages\/115594\/revisions"}],"predecessor-version":[{"id":127732,"href":"https:\/\/lossoldaditosdeplomo.com\/index.php\/wp-json\/wp\/v2\/pages\/115594\/revisions\/127732"}],"wp:attachment":[{"href":"https:\/\/lossoldaditosdeplomo.com\/index.php\/wp-json\/wp\/v2\/media?parent=115594"}],"curies":[{"name":"wp","href":"https:\/\/api.w.org\/{rel}","templated":true}]}}