{"id":119543,"date":"2024-01-22T19:48:42","date_gmt":"2024-01-22T17:48:42","guid":{"rendered":"https:\/\/lossoldaditosdeplomo.com\/?page_id=119543"},"modified":"2024-01-22T20:56:29","modified_gmt":"2024-01-22T18:56:29","slug":"soldados-planos-de-estano-flat-figures","status":"publish","type":"page","link":"https:\/\/lossoldaditosdeplomo.com\/index.php\/soldados-planos-de-estano-flat-figures\/","title":{"rendered":"SOLDADOS PLANOS DE ESTA\u00d1O"},"content":{"rendered":"\n<p>Este a\u00f1o 2024 iniciamos una nueva secci\u00f3n dedicada a las figuras planas, iremos a\u00f1adiendo contenido con vuestra colaboraci\u00f3n. Tener un poco de paciencia y ver\u00e9is como va creciendo.<\/p>\n\n\n\n<p>P.Macan\u00e1s<\/p>\n\n\n\n<figure class=\"wp-block-gallery has-nested-images columns-default is-cropped wp-block-gallery-1 is-layout-flex wp-block-gallery-is-layout-flex\">\n<figure class=\"wp-block-image size-full\"><a href=\"https:\/\/lossoldaditosdeplomo.com\/index.php\/soldados-planos-flat-figures\/\"><img loading=\"lazy\" decoding=\"async\" width=\"800\" height=\"600\" data-id=\"5909\" src=\"https:\/\/lossoldaditosdeplomo.com\/wp-content\/uploads\/2019\/02\/colage-catalogos.jpg\" alt=\"colage de catalogos\" class=\"wp-image-5909\" srcset=\"https:\/\/lossoldaditosdeplomo.com\/wp-content\/uploads\/2019\/02\/colage-catalogos.jpg 800w, https:\/\/lossoldaditosdeplomo.com\/wp-content\/uploads\/2019\/02\/colage-catalogos-300x225.jpg 300w, https:\/\/lossoldaditosdeplomo.com\/wp-content\/uploads\/2019\/02\/colage-catalogos-768x576.jpg 768w\" sizes=\"auto, (max-width: 800px) 85vw, 800px\" \/><\/a><figcaption class=\"wp-element-caption\"><a href=\"https:\/\/lossoldaditosdeplomo.com\/index.php\/soldados-planos-flat-figures\/\">Cat\u00e1logos<\/a><\/figcaption><\/figure>\n\n\n\n<figure class=\"wp-block-image size-full\"><a href=\"https:\/\/lossoldaditosdeplomo.com\/index.php\/flat-figures-enlaces\/\"><img loading=\"lazy\" decoding=\"async\" width=\"519\" height=\"412\" data-id=\"119558\" src=\"https:\/\/lossoldaditosdeplomo.com\/wp-content\/uploads\/2024\/01\/Captura-de-pantalla-2024-01-22-a-las-19.15.01.png?v=1705947315\" alt=\"\" class=\"wp-image-119558\" srcset=\"https:\/\/lossoldaditosdeplomo.com\/wp-content\/uploads\/2024\/01\/Captura-de-pantalla-2024-01-22-a-las-19.15.01.png?v=1705947315 519w, https:\/\/lossoldaditosdeplomo.com\/wp-content\/uploads\/2024\/01\/Captura-de-pantalla-2024-01-22-a-las-19.15.01-300x238.png?v=1705947315 300w\" sizes=\"auto, (max-width: 519px) 85vw, 519px\" \/><\/a><\/figure>\n\n\n\n<figure class=\"wp-block-image size-full\"><a href=\"https:\/\/lossoldaditosdeplomo.com\/index.php\/imagenes\/\"><img loading=\"lazy\" decoding=\"async\" width=\"800\" height=\"642\" data-id=\"119565\" src=\"https:\/\/lossoldaditosdeplomo.com\/wp-content\/uploads\/2024\/01\/2433-250520104943-scaled.jpeg?v=1705948155\" alt=\"\" class=\"wp-image-119565\" srcset=\"https:\/\/lossoldaditosdeplomo.com\/wp-content\/uploads\/2024\/01\/2433-250520104943-scaled.jpeg?v=1705948155 800w, https:\/\/lossoldaditosdeplomo.com\/wp-content\/uploads\/2024\/01\/2433-250520104943-300x241.jpeg?v=1705948155 300w, https:\/\/lossoldaditosdeplomo.com\/wp-content\/uploads\/2024\/01\/2433-250520104943-768x616.jpeg?v=1705948155 768w\" sizes=\"auto, (max-width: 800px) 85vw, 800px\" \/><\/a><figcaption class=\"wp-element-caption\"><a href=\"https:\/\/lossoldaditosdeplomo.com\/index.php\/imagenes\/\">Galeria<\/a><\/figcaption><\/figure>\n<\/figure>\n","protected":false},"excerpt":{"rendered":"<p>Este a\u00f1o 2024 iniciamos una nueva secci\u00f3n dedicada a las figuras planas, iremos a\u00f1adiendo contenido con vuestra colaboraci\u00f3n. Tener un poco de paciencia y ver\u00e9is como va creciendo. P.Macan\u00e1s<\/p>\n","protected":false},"author":3,"featured_media":0,"parent":0,"menu_order":0,"comment_status":"closed","ping_status":"closed","template":"","meta":{"footnotes":""},"class_list":["post-119543","page","type-page","status-publish","hentry"],"yoast_head":"<!-- This site is optimized with the Yoast SEO plugin v27.0 - https:\/\/yoast.com\/product\/yoast-seo-wordpress\/ -->\n<title>SOLDADOS PLANOS DE ESTA\u00d1O - El mundo de los soldaditos de plomo<\/title>\n<meta name=\"robots\" content=\"index, follow, max-snippet:-1, max-image-preview:large, max-video-preview:-1\" \/>\n<link rel=\"canonical\" href=\"https:\/\/lossoldaditosdeplomo.com\/index.php\/soldados-planos-de-estano-flat-figures\/\" \/>\n<meta property=\"og:locale\" content=\"es_ES\" \/>\n<meta property=\"og:type\" content=\"article\" \/>\n<meta property=\"og:title\" content=\"SOLDADOS PLANOS DE ESTA\u00d1O - El mundo de los soldaditos de plomo\" \/>\n<meta property=\"og:description\" content=\"Este a\u00f1o 2024 iniciamos una nueva secci\u00f3n dedicada a las figuras planas, iremos a\u00f1adiendo contenido con vuestra colaboraci\u00f3n. Tener un poco de paciencia y ver\u00e9is como va creciendo. P.Macan\u00e1s\" \/>\n<meta property=\"og:url\" content=\"https:\/\/lossoldaditosdeplomo.com\/index.php\/soldados-planos-de-estano-flat-figures\/\" \/>\n<meta property=\"og:site_name\" content=\"El mundo de los soldaditos de plomo\" \/>\n<meta property=\"article:publisher\" content=\"https:\/\/www.facebook.com\/El-mundo-de-los-soldaditos-de-plomo-943145209407047\/?modal=admin_todo_tour\" \/>\n<meta property=\"article:modified_time\" content=\"2024-01-22T18:56:29+00:00\" \/>\n<meta property=\"og:image\" content=\"https:\/\/lossoldaditosdeplomo.com\/wp-content\/uploads\/2019\/02\/colage-catalogos.jpg\" \/>\n<meta name=\"twitter:card\" content=\"summary_large_image\" \/>\n<meta name=\"twitter:label1\" content=\"Tiempo de lectura\" \/>\n\t<meta name=\"twitter:data1\" content=\"1 minuto\" \/>\n<script type=\"application\/ld+json\" class=\"yoast-schema-graph\">{\"@context\":\"https:\/\/schema.org\",\"@graph\":[{\"@type\":\"WebPage\",\"@id\":\"https:\/\/lossoldaditosdeplomo.com\/index.php\/soldados-planos-de-estano-flat-figures\/\",\"url\":\"https:\/\/lossoldaditosdeplomo.com\/index.php\/soldados-planos-de-estano-flat-figures\/\",\"name\":\"SOLDADOS PLANOS DE ESTA\u00d1O - El mundo de los soldaditos de plomo\",\"isPartOf\":{\"@id\":\"https:\/\/lossoldaditosdeplomo.com\/#website\"},\"primaryImageOfPage\":{\"@id\":\"https:\/\/lossoldaditosdeplomo.com\/index.php\/soldados-planos-de-estano-flat-figures\/#primaryimage\"},\"image\":{\"@id\":\"https:\/\/lossoldaditosdeplomo.com\/index.php\/soldados-planos-de-estano-flat-figures\/#primaryimage\"},\"thumbnailUrl\":\"https:\/\/lossoldaditosdeplomo.com\/wp-content\/uploads\/2019\/02\/colage-catalogos.jpg\",\"datePublished\":\"2024-01-22T17:48:42+00:00\",\"dateModified\":\"2024-01-22T18:56:29+00:00\",\"breadcrumb\":{\"@id\":\"https:\/\/lossoldaditosdeplomo.com\/index.php\/soldados-planos-de-estano-flat-figures\/#breadcrumb\"},\"inLanguage\":\"es\",\"potentialAction\":[{\"@type\":\"ReadAction\",\"target\":[\"https:\/\/lossoldaditosdeplomo.com\/index.php\/soldados-planos-de-estano-flat-figures\/\"]}]},{\"@type\":\"ImageObject\",\"inLanguage\":\"es\",\"@id\":\"https:\/\/lossoldaditosdeplomo.com\/index.php\/soldados-planos-de-estano-flat-figures\/#primaryimage\",\"url\":\"https:\/\/lossoldaditosdeplomo.com\/wp-content\/uploads\/2019\/02\/colage-catalogos.jpg\",\"contentUrl\":\"https:\/\/lossoldaditosdeplomo.com\/wp-content\/uploads\/2019\/02\/colage-catalogos.jpg\",\"width\":800,\"height\":600,\"caption\":\"colage de catalogos\"},{\"@type\":\"BreadcrumbList\",\"@id\":\"https:\/\/lossoldaditosdeplomo.com\/index.php\/soldados-planos-de-estano-flat-figures\/#breadcrumb\",\"itemListElement\":[{\"@type\":\"ListItem\",\"position\":1,\"name\":\"Portada\",\"item\":\"https:\/\/lossoldaditosdeplomo.com\/\"},{\"@type\":\"ListItem\",\"position\":2,\"name\":\"SOLDADOS PLANOS DE ESTA\u00d1O\"}]},{\"@type\":\"WebSite\",\"@id\":\"https:\/\/lossoldaditosdeplomo.com\/#website\",\"url\":\"https:\/\/lossoldaditosdeplomo.com\/\",\"name\":\"El mundo de los soldaditos de plomo\",\"description\":\"coleccionismo, pintura y restauraci\u00f3n soldaditos de plomo\",\"publisher\":{\"@id\":\"https:\/\/lossoldaditosdeplomo.com\/#organization\"},\"alternateName\":\"los soldaditos de plomo\",\"potentialAction\":[{\"@type\":\"SearchAction\",\"target\":{\"@type\":\"EntryPoint\",\"urlTemplate\":\"https:\/\/lossoldaditosdeplomo.com\/?s={search_term_string}\"},\"query-input\":{\"@type\":\"PropertyValueSpecification\",\"valueRequired\":true,\"valueName\":\"search_term_string\"}}],\"inLanguage\":\"es\"},{\"@type\":\"Organization\",\"@id\":\"https:\/\/lossoldaditosdeplomo.com\/#organization\",\"name\":\"El Mundo de los soldaditos de plomo\",\"alternateName\":\"los soldaditos de plomo\",\"url\":\"https:\/\/lossoldaditosdeplomo.com\/\",\"logo\":{\"@type\":\"ImageObject\",\"inLanguage\":\"es\",\"@id\":\"https:\/\/lossoldaditosdeplomo.com\/#\/schema\/logo\/image\/\",\"url\":\"https:\/\/lossoldaditosdeplomo.com\/wp-content\/uploads\/2018\/11\/cropped-IMG_0475-3.jpg\",\"contentUrl\":\"https:\/\/lossoldaditosdeplomo.com\/wp-content\/uploads\/2018\/11\/cropped-IMG_0475-3.jpg\",\"width\":391,\"height\":533,\"caption\":\"El Mundo de los soldaditos de plomo\"},\"image\":{\"@id\":\"https:\/\/lossoldaditosdeplomo.com\/#\/schema\/logo\/image\/\"},\"sameAs\":[\"https:\/\/www.facebook.com\/El-mundo-de-los-soldaditos-de-plomo-943145209407047\/?modal=admin_todo_tour\"]}]}<\/script>\n<!-- \/ Yoast SEO plugin. -->","yoast_head_json":{"title":"SOLDADOS PLANOS DE ESTA\u00d1O - El mundo de los soldaditos de plomo","robots":{"index":"index","follow":"follow","max-snippet":"max-snippet:-1","max-image-preview":"max-image-preview:large","max-video-preview":"max-video-preview:-1"},"canonical":"https:\/\/lossoldaditosdeplomo.com\/index.php\/soldados-planos-de-estano-flat-figures\/","og_locale":"es_ES","og_type":"article","og_title":"SOLDADOS PLANOS DE ESTA\u00d1O - El mundo de los soldaditos de plomo","og_description":"Este a\u00f1o 2024 iniciamos una nueva secci\u00f3n dedicada a las figuras planas, iremos a\u00f1adiendo contenido con vuestra colaboraci\u00f3n. Tener un poco de paciencia y ver\u00e9is como va creciendo. P.Macan\u00e1s","og_url":"https:\/\/lossoldaditosdeplomo.com\/index.php\/soldados-planos-de-estano-flat-figures\/","og_site_name":"El mundo de los soldaditos de plomo","article_publisher":"https:\/\/www.facebook.com\/El-mundo-de-los-soldaditos-de-plomo-943145209407047\/?modal=admin_todo_tour","article_modified_time":"2024-01-22T18:56:29+00:00","og_image":[{"url":"https:\/\/lossoldaditosdeplomo.com\/wp-content\/uploads\/2019\/02\/colage-catalogos.jpg","type":"","width":"","height":""}],"twitter_card":"summary_large_image","twitter_misc":{"Tiempo de lectura":"1 minuto"},"schema":{"@context":"https:\/\/schema.org","@graph":[{"@type":"WebPage","@id":"https:\/\/lossoldaditosdeplomo.com\/index.php\/soldados-planos-de-estano-flat-figures\/","url":"https:\/\/lossoldaditosdeplomo.com\/index.php\/soldados-planos-de-estano-flat-figures\/","name":"SOLDADOS PLANOS DE ESTA\u00d1O - El mundo de los soldaditos de plomo","isPartOf":{"@id":"https:\/\/lossoldaditosdeplomo.com\/#website"},"primaryImageOfPage":{"@id":"https:\/\/lossoldaditosdeplomo.com\/index.php\/soldados-planos-de-estano-flat-figures\/#primaryimage"},"image":{"@id":"https:\/\/lossoldaditosdeplomo.com\/index.php\/soldados-planos-de-estano-flat-figures\/#primaryimage"},"thumbnailUrl":"https:\/\/lossoldaditosdeplomo.com\/wp-content\/uploads\/2019\/02\/colage-catalogos.jpg","datePublished":"2024-01-22T17:48:42+00:00","dateModified":"2024-01-22T18:56:29+00:00","breadcrumb":{"@id":"https:\/\/lossoldaditosdeplomo.com\/index.php\/soldados-planos-de-estano-flat-figures\/#breadcrumb"},"inLanguage":"es","potentialAction":[{"@type":"ReadAction","target":["https:\/\/lossoldaditosdeplomo.com\/index.php\/soldados-planos-de-estano-flat-figures\/"]}]},{"@type":"ImageObject","inLanguage":"es","@id":"https:\/\/lossoldaditosdeplomo.com\/index.php\/soldados-planos-de-estano-flat-figures\/#primaryimage","url":"https:\/\/lossoldaditosdeplomo.com\/wp-content\/uploads\/2019\/02\/colage-catalogos.jpg","contentUrl":"https:\/\/lossoldaditosdeplomo.com\/wp-content\/uploads\/2019\/02\/colage-catalogos.jpg","width":800,"height":600,"caption":"colage de catalogos"},{"@type":"BreadcrumbList","@id":"https:\/\/lossoldaditosdeplomo.com\/index.php\/soldados-planos-de-estano-flat-figures\/#breadcrumb","itemListElement":[{"@type":"ListItem","position":1,"name":"Portada","item":"https:\/\/lossoldaditosdeplomo.com\/"},{"@type":"ListItem","position":2,"name":"SOLDADOS PLANOS DE ESTA\u00d1O"}]},{"@type":"WebSite","@id":"https:\/\/lossoldaditosdeplomo.com\/#website","url":"https:\/\/lossoldaditosdeplomo.com\/","name":"El mundo de los soldaditos de plomo","description":"coleccionismo, pintura y restauraci\u00f3n soldaditos de plomo","publisher":{"@id":"https:\/\/lossoldaditosdeplomo.com\/#organization"},"alternateName":"los soldaditos de plomo","potentialAction":[{"@type":"SearchAction","target":{"@type":"EntryPoint","urlTemplate":"https:\/\/lossoldaditosdeplomo.com\/?s={search_term_string}"},"query-input":{"@type":"PropertyValueSpecification","valueRequired":true,"valueName":"search_term_string"}}],"inLanguage":"es"},{"@type":"Organization","@id":"https:\/\/lossoldaditosdeplomo.com\/#organization","name":"El Mundo de los soldaditos de plomo","alternateName":"los soldaditos de plomo","url":"https:\/\/lossoldaditosdeplomo.com\/","logo":{"@type":"ImageObject","inLanguage":"es","@id":"https:\/\/lossoldaditosdeplomo.com\/#\/schema\/logo\/image\/","url":"https:\/\/lossoldaditosdeplomo.com\/wp-content\/uploads\/2018\/11\/cropped-IMG_0475-3.jpg","contentUrl":"https:\/\/lossoldaditosdeplomo.com\/wp-content\/uploads\/2018\/11\/cropped-IMG_0475-3.jpg","width":391,"height":533,"caption":"El Mundo de los soldaditos de plomo"},"image":{"@id":"https:\/\/lossoldaditosdeplomo.com\/#\/schema\/logo\/image\/"},"sameAs":["https:\/\/www.facebook.com\/El-mundo-de-los-soldaditos-de-plomo-943145209407047\/?modal=admin_todo_tour"]}]}},"_links":{"self":[{"href":"https:\/\/lossoldaditosdeplomo.com\/index.php\/wp-json\/wp\/v2\/pages\/119543","targetHints":{"allow":["GET"]}}],"collection":[{"href":"https:\/\/lossoldaditosdeplomo.com\/index.php\/wp-json\/wp\/v2\/pages"}],"about":[{"href":"https:\/\/lossoldaditosdeplomo.com\/index.php\/wp-json\/wp\/v2\/types\/page"}],"author":[{"embeddable":true,"href":"https:\/\/lossoldaditosdeplomo.com\/index.php\/wp-json\/wp\/v2\/users\/3"}],"replies":[{"embeddable":true,"href":"https:\/\/lossoldaditosdeplomo.com\/index.php\/wp-json\/wp\/v2\/comments?post=119543"}],"version-history":[{"count":0,"href":"https:\/\/lossoldaditosdeplomo.com\/index.php\/wp-json\/wp\/v2\/pages\/119543\/revisions"}],"wp:attachment":[{"href":"https:\/\/lossoldaditosdeplomo.com\/index.php\/wp-json\/wp\/v2\/media?parent=119543"}],"curies":[{"name":"wp","href":"https:\/\/api.w.org\/{rel}","templated":true}]}}