{"id":33642,"date":"2019-11-16T21:43:51","date_gmt":"2019-11-16T19:43:51","guid":{"rendered":"https:\/\/lossoldaditosdeplomo.com\/?page_id=33642"},"modified":"2023-02-10T21:21:21","modified_gmt":"2023-02-10T19:21:21","slug":"catalogo-unificado-soldados-de-plomo","status":"publish","type":"page","link":"https:\/\/lossoldaditosdeplomo.com\/index.php\/catalogo-unificado-soldados-de-plomo\/","title":{"rendered":"CAT\u00c1LOGO UNIFICADO           soldados de plomo"},"content":{"rendered":"\n<p><\/p>\n\n\n\n<p><\/p>\n\n\n\n<p>Este proyecto trata de realizar un cat\u00e1logo global en el cual figurar\u00e1n las referencias de los fabricantes y una propia que estar\u00e1 formada por las letras PMF seguidas de ocho n\u00fameros ( n\u00famero de referencia en el cat\u00e1logo)  y cinco letras que identicar\u00e1n al fabricante. <strong>PMF-00000000-AAAAA<\/strong><\/p>\n\n\n\n<p>Si alguien est\u00e1 dispuesto a colaborar en la elaboraci\u00f3n del mismo deber\u00e1 ponerse encontacto con el administrador de la p\u00e1gina para trarar de coordinar el proyecto. El programa con el que se est\u00e1 elaborando es KEYNOTE para MAC (programa sencillo de manejar y gratuito).<\/p>\n\n\n\n<p>Sin m\u00e1s preambulos paso a presentaros el primer TOMO de lo que espero sea solamente el princio de un sue\u00f1o para todos los enemorados de esta nuestra afici\u00f3n por los soldaditos de plomo.<\/p>\n\n\n\n<p>P.M.F.<\/p>\n\n\n\n<h2 class=\"has-text-align-center wp-block-heading\" id=\"libros-por-marcas\">Libros por Marcas<\/h2>\n\n\n\n<figure class=\"wp-block-gallery has-nested-images columns-2 is-cropped wp-block-gallery-1 is-layout-flex wp-block-gallery-is-layout-flex\">\n<figure class=\"wp-block-image size-large is-style-default\"><img loading=\"lazy\" decoding=\"async\" width=\"800\" height=\"523\" data-id=\"34633\" src=\"https:\/\/lossoldaditosdeplomo.com\/wp-content\/uploads\/2019\/11\/portada-scaled.jpg\" alt=\"\" class=\"wp-image-34633\" srcset=\"https:\/\/lossoldaditosdeplomo.com\/wp-content\/uploads\/2019\/11\/portada-scaled.jpg?v=1574114104 800w, https:\/\/lossoldaditosdeplomo.com\/wp-content\/uploads\/2019\/11\/portada-300x196.jpg?v=1574114104 300w, https:\/\/lossoldaditosdeplomo.com\/wp-content\/uploads\/2019\/11\/portada-768x502.jpg?v=1574114104 768w, https:\/\/lossoldaditosdeplomo.com\/wp-content\/uploads\/2019\/11\/portada-1200x785.jpg?v=1574114104 1200w\" sizes=\"auto, (max-width: 800px) 85vw, 800px\" \/><figcaption class=\"wp-element-caption\"><a href=\"https:\/\/lossoldaditosdeplomo.com\/wp-content\/uploads\/2019\/11\/Libro-1-Metal-Models_compressed.pdf\" target=\"_blank\" rel=\"noreferrer noopener\">Libro 1  Metal Models<\/a><\/figcaption><\/figure>\n\n\n\n<figure class=\"wp-block-image size-large is-style-default\"><img loading=\"lazy\" decoding=\"async\" width=\"800\" height=\"523\" data-id=\"34633\" src=\"https:\/\/lossoldaditosdeplomo.com\/wp-content\/uploads\/2019\/11\/portada-scaled.jpg\" alt=\"\" class=\"wp-image-34633\" srcset=\"https:\/\/lossoldaditosdeplomo.com\/wp-content\/uploads\/2019\/11\/portada-scaled.jpg?v=1574114104 800w, https:\/\/lossoldaditosdeplomo.com\/wp-content\/uploads\/2019\/11\/portada-300x196.jpg?v=1574114104 300w, https:\/\/lossoldaditosdeplomo.com\/wp-content\/uploads\/2019\/11\/portada-768x502.jpg?v=1574114104 768w, https:\/\/lossoldaditosdeplomo.com\/wp-content\/uploads\/2019\/11\/portada-1200x785.jpg?v=1574114104 1200w\" sizes=\"auto, (max-width: 800px) 85vw, 800px\" \/><figcaption class=\"wp-element-caption\"><a href=\"https:\/\/lossoldaditosdeplomo.com\/wp-content\/uploads\/2019\/11\/Libro-2-Hidalgo-Beneito-_compressed.pdf\" target=\"_blank\" rel=\"noreferrer noopener\">Libro 2 Hidalgo Beneito<\/a><\/figcaption><\/figure>\n\n\n\n<figure class=\"wp-block-image size-large is-style-default\"><img loading=\"lazy\" decoding=\"async\" width=\"800\" height=\"523\" data-id=\"34633\" src=\"https:\/\/lossoldaditosdeplomo.com\/wp-content\/uploads\/2019\/11\/portada-scaled.jpg\" alt=\"\" class=\"wp-image-34633\" srcset=\"https:\/\/lossoldaditosdeplomo.com\/wp-content\/uploads\/2019\/11\/portada-scaled.jpg?v=1574114104 800w, https:\/\/lossoldaditosdeplomo.com\/wp-content\/uploads\/2019\/11\/portada-300x196.jpg?v=1574114104 300w, https:\/\/lossoldaditosdeplomo.com\/wp-content\/uploads\/2019\/11\/portada-768x502.jpg?v=1574114104 768w, https:\/\/lossoldaditosdeplomo.com\/wp-content\/uploads\/2019\/11\/portada-1200x785.jpg?v=1574114104 1200w\" sizes=\"auto, (max-width: 800px) 85vw, 800px\" \/><figcaption class=\"wp-element-caption\"><a href=\"https:\/\/lossoldaditosdeplomo.com\/wp-content\/uploads\/2019\/11\/Libro-1-Metal-Models_compressed.pdf\" target=\"_blank\" rel=\"noreferrer noopener\">Libro 3 Pegaso Models<\/a><\/figcaption><\/figure>\n\n\n\n<figure class=\"wp-block-image size-large is-style-default\"><img loading=\"lazy\" decoding=\"async\" width=\"800\" height=\"523\" data-id=\"34633\" src=\"https:\/\/lossoldaditosdeplomo.com\/wp-content\/uploads\/2019\/11\/portada-scaled.jpg\" alt=\"\" class=\"wp-image-34633\" srcset=\"https:\/\/lossoldaditosdeplomo.com\/wp-content\/uploads\/2019\/11\/portada-scaled.jpg?v=1574114104 800w, https:\/\/lossoldaditosdeplomo.com\/wp-content\/uploads\/2019\/11\/portada-300x196.jpg?v=1574114104 300w, https:\/\/lossoldaditosdeplomo.com\/wp-content\/uploads\/2019\/11\/portada-768x502.jpg?v=1574114104 768w, https:\/\/lossoldaditosdeplomo.com\/wp-content\/uploads\/2019\/11\/portada-1200x785.jpg?v=1574114104 1200w\" sizes=\"auto, (max-width: 800px) 85vw, 800px\" \/><figcaption class=\"wp-element-caption\"><a href=\"https:\/\/lossoldaditosdeplomo.com\/wp-content\/uploads\/2019\/11\/Libro-4-art-girona_compressed.pdf\" target=\"_blank\" rel=\"noreferrer noopener\">Libro 4 Art Girona<\/a><\/figcaption><\/figure>\n<\/figure>\n\n\n\n<div class=\"wp-block-group\"><div class=\"wp-block-group__inner-container is-layout-flow wp-block-group-is-layout-flow\">\n<figure class=\"wp-block-gallery has-nested-images columns-default is-cropped wp-block-gallery-2 is-layout-flex wp-block-gallery-is-layout-flex\">\n<figure class=\"wp-block-image size-large is-style-default\"><img loading=\"lazy\" decoding=\"async\" width=\"800\" height=\"593\" data-id=\"39732\" src=\"https:\/\/lossoldaditosdeplomo.com\/wp-content\/uploads\/2019\/12\/tapa-catalogo-unificado-scaled.jpg\" alt=\"\" class=\"wp-image-39732\" srcset=\"https:\/\/lossoldaditosdeplomo.com\/wp-content\/uploads\/2019\/12\/tapa-catalogo-unificado-scaled.jpg?v=1575226745 800w, https:\/\/lossoldaditosdeplomo.com\/wp-content\/uploads\/2019\/12\/tapa-catalogo-unificado-300x222.jpg?v=1575226745 300w, https:\/\/lossoldaditosdeplomo.com\/wp-content\/uploads\/2019\/12\/tapa-catalogo-unificado-768x569.jpg?v=1575226745 768w\" sizes=\"auto, (max-width: 800px) 85vw, 800px\" \/><figcaption class=\"wp-element-caption\"><a href=\"https:\/\/lossoldaditosdeplomo.com\/wp-content\/uploads\/2019\/12\/libro-5-romeo-models_compressed.pdf\" target=\"_blank\" rel=\"noreferrer noopener\">Libro 5\u00ba Romeo Models<\/a><\/figcaption><\/figure>\n\n\n\n<figure class=\"wp-block-image size-large is-style-default\"><img loading=\"lazy\" decoding=\"async\" width=\"800\" height=\"600\" data-id=\"108994\" src=\"https:\/\/lossoldaditosdeplomo.com\/wp-content\/uploads\/2021\/04\/portada-el-viejo-dragon-scaled.jpg\" alt=\"\" class=\"wp-image-108994\" srcset=\"https:\/\/lossoldaditosdeplomo.com\/wp-content\/uploads\/2021\/04\/portada-el-viejo-dragon-scaled.jpg?v=1617533446 800w, https:\/\/lossoldaditosdeplomo.com\/wp-content\/uploads\/2021\/04\/portada-el-viejo-dragon-300x225.jpg?v=1617533446 300w, https:\/\/lossoldaditosdeplomo.com\/wp-content\/uploads\/2021\/04\/portada-el-viejo-dragon-768x576.jpg?v=1617533446 768w, https:\/\/lossoldaditosdeplomo.com\/wp-content\/uploads\/2021\/04\/portada-el-viejo-dragon-1536x1152.jpg?v=1617533446 1536w, https:\/\/lossoldaditosdeplomo.com\/wp-content\/uploads\/2021\/04\/portada-el-viejo-dragon-2048x1536.jpg?v=1617533446 2048w, https:\/\/lossoldaditosdeplomo.com\/wp-content\/uploads\/2021\/04\/portada-el-viejo-dragon-1200x900.jpg?v=1617533446 1200w\" sizes=\"auto, (max-width: 800px) 85vw, 800px\" \/><figcaption class=\"wp-element-caption\"><a href=\"https:\/\/lossoldaditosdeplomo.com\/wp-content\/uploads\/2021\/04\/Cata%CC%81logo-EL-VIEJO-DRAGON_compressed.pdf\" target=\"_blank\" rel=\"noreferrer noopener\">Libro 6\u00ba El Viejo Drag\u00f3n<\/a><\/figcaption><\/figure>\n<\/figure>\n<\/div><\/div>\n\n\n\n<p class=\"has-large-font-size\">TOMO I: Metal Models, Hidalgo Beneito, Pegaso Models<\/p>\n\n\n\n<figure class=\"wp-block-image size-large\"><img loading=\"lazy\" decoding=\"async\" width=\"800\" height=\"523\" src=\"https:\/\/lossoldaditosdeplomo.com\/wp-content\/uploads\/2019\/11\/portada-scaled.jpg\" alt=\"\" class=\"wp-image-34633\" srcset=\"https:\/\/lossoldaditosdeplomo.com\/wp-content\/uploads\/2019\/11\/portada-scaled.jpg?v=1574114104 800w, https:\/\/lossoldaditosdeplomo.com\/wp-content\/uploads\/2019\/11\/portada-300x196.jpg?v=1574114104 300w, https:\/\/lossoldaditosdeplomo.com\/wp-content\/uploads\/2019\/11\/portada-768x502.jpg?v=1574114104 768w, https:\/\/lossoldaditosdeplomo.com\/wp-content\/uploads\/2019\/11\/portada-1200x785.jpg?v=1574114104 1200w\" sizes=\"auto, (max-width: 800px) 85vw, 800px\" \/><figcaption class=\"wp-element-caption\"><a href=\"https:\/\/lossoldaditosdeplomo.com\/wp-content\/uploads\/2019\/11\/TOMO-1-Catalogo-unificado_compressed.pdf\" target=\"_blank\" rel=\"noreferrer noopener\">Pulsa para descargar el TOMO I<\/a><\/figcaption><\/figure>\n","protected":false},"excerpt":{"rendered":"<p>Este proyecto trata de realizar un cat\u00e1logo global en el cual figurar\u00e1n las referencias de los fabricantes y una propia que estar\u00e1 formada por las letras PMF seguidas de ocho n\u00fameros ( n\u00famero de referencia en el cat\u00e1logo) y cinco letras que identicar\u00e1n al fabricante. PMF-00000000-AAAAA Si alguien est\u00e1 dispuesto a colaborar en la elaboraci\u00f3n &hellip; <a href=\"https:\/\/lossoldaditosdeplomo.com\/index.php\/catalogo-unificado-soldados-de-plomo\/\" class=\"more-link\">Continuar leyendo<span class=\"screen-reader-text\"> &#8220;CAT\u00c1LOGO UNIFICADO           soldados de plomo&#8221;<\/span><\/a><\/p>\n","protected":false},"author":3,"featured_media":0,"parent":0,"menu_order":0,"comment_status":"open","ping_status":"closed","template":"","meta":{"footnotes":""},"class_list":["post-33642","page","type-page","status-publish","hentry"],"yoast_head":"<!-- This site is optimized with the Yoast SEO plugin v27.0 - https:\/\/yoast.com\/product\/yoast-seo-wordpress\/ -->\n<title>CAT\u00c1LOGO UNIFICADO      soldados de plomo - El mundo de los soldaditos de plomo<\/title>\n<meta name=\"robots\" content=\"index, follow, max-snippet:-1, max-image-preview:large, max-video-preview:-1\" \/>\n<link rel=\"canonical\" href=\"https:\/\/lossoldaditosdeplomo.com\/index.php\/catalogo-unificado-soldados-de-plomo\/\" \/>\n<meta property=\"og:locale\" content=\"es_ES\" \/>\n<meta property=\"og:type\" content=\"article\" \/>\n<meta property=\"og:title\" content=\"CAT\u00c1LOGO UNIFICADO      soldados de plomo - El mundo de los soldaditos de plomo\" \/>\n<meta property=\"og:description\" content=\"Este proyecto trata de realizar un cat\u00e1logo global en el cual figurar\u00e1n las referencias de los fabricantes y una propia que estar\u00e1 formada por las letras PMF seguidas de ocho n\u00fameros ( n\u00famero de referencia en el cat\u00e1logo) y cinco letras que identicar\u00e1n al fabricante. PMF-00000000-AAAAA Si alguien est\u00e1 dispuesto a colaborar en la elaboraci\u00f3n &hellip; Continuar leyendo &quot;CAT\u00c1LOGO UNIFICADO      soldados de plomo&quot;\" \/>\n<meta property=\"og:url\" content=\"https:\/\/lossoldaditosdeplomo.com\/index.php\/catalogo-unificado-soldados-de-plomo\/\" \/>\n<meta property=\"og:site_name\" content=\"El mundo de los soldaditos de plomo\" \/>\n<meta property=\"article:publisher\" content=\"https:\/\/www.facebook.com\/El-mundo-de-los-soldaditos-de-plomo-943145209407047\/?modal=admin_todo_tour\" \/>\n<meta property=\"article:modified_time\" content=\"2023-02-10T19:21:21+00:00\" \/>\n<meta property=\"og:image\" content=\"https:\/\/lossoldaditosdeplomo.com\/wp-content\/uploads\/2019\/11\/portada-scaled.jpg\" \/>\n<meta name=\"twitter:card\" content=\"summary_large_image\" \/>\n<meta name=\"twitter:label1\" content=\"Tiempo de lectura\" \/>\n\t<meta name=\"twitter:data1\" content=\"1 minuto\" \/>\n<script type=\"application\/ld+json\" class=\"yoast-schema-graph\">{\"@context\":\"https:\/\/schema.org\",\"@graph\":[{\"@type\":\"WebPage\",\"@id\":\"https:\/\/lossoldaditosdeplomo.com\/index.php\/catalogo-unificado-soldados-de-plomo\/\",\"url\":\"https:\/\/lossoldaditosdeplomo.com\/index.php\/catalogo-unificado-soldados-de-plomo\/\",\"name\":\"CAT\u00c1LOGO UNIFICADO soldados de plomo - El mundo de los soldaditos de plomo\",\"isPartOf\":{\"@id\":\"https:\/\/lossoldaditosdeplomo.com\/#website\"},\"primaryImageOfPage\":{\"@id\":\"https:\/\/lossoldaditosdeplomo.com\/index.php\/catalogo-unificado-soldados-de-plomo\/#primaryimage\"},\"image\":{\"@id\":\"https:\/\/lossoldaditosdeplomo.com\/index.php\/catalogo-unificado-soldados-de-plomo\/#primaryimage\"},\"thumbnailUrl\":\"https:\/\/lossoldaditosdeplomo.com\/wp-content\/uploads\/2019\/11\/portada-scaled.jpg\",\"datePublished\":\"2019-11-16T19:43:51+00:00\",\"dateModified\":\"2023-02-10T19:21:21+00:00\",\"breadcrumb\":{\"@id\":\"https:\/\/lossoldaditosdeplomo.com\/index.php\/catalogo-unificado-soldados-de-plomo\/#breadcrumb\"},\"inLanguage\":\"es\",\"potentialAction\":[{\"@type\":\"ReadAction\",\"target\":[\"https:\/\/lossoldaditosdeplomo.com\/index.php\/catalogo-unificado-soldados-de-plomo\/\"]}]},{\"@type\":\"ImageObject\",\"inLanguage\":\"es\",\"@id\":\"https:\/\/lossoldaditosdeplomo.com\/index.php\/catalogo-unificado-soldados-de-plomo\/#primaryimage\",\"url\":\"https:\/\/lossoldaditosdeplomo.com\/wp-content\/uploads\/2019\/11\/portada-scaled.jpg?v=1574114104\",\"contentUrl\":\"https:\/\/lossoldaditosdeplomo.com\/wp-content\/uploads\/2019\/11\/portada-scaled.jpg?v=1574114104\",\"width\":800,\"height\":523},{\"@type\":\"BreadcrumbList\",\"@id\":\"https:\/\/lossoldaditosdeplomo.com\/index.php\/catalogo-unificado-soldados-de-plomo\/#breadcrumb\",\"itemListElement\":[{\"@type\":\"ListItem\",\"position\":1,\"name\":\"Portada\",\"item\":\"https:\/\/lossoldaditosdeplomo.com\/\"},{\"@type\":\"ListItem\",\"position\":2,\"name\":\"CAT\u00c1LOGO UNIFICADO soldados de plomo\"}]},{\"@type\":\"WebSite\",\"@id\":\"https:\/\/lossoldaditosdeplomo.com\/#website\",\"url\":\"https:\/\/lossoldaditosdeplomo.com\/\",\"name\":\"El mundo de los soldaditos de plomo\",\"description\":\"coleccionismo, pintura y restauraci\u00f3n soldaditos de plomo\",\"publisher\":{\"@id\":\"https:\/\/lossoldaditosdeplomo.com\/#organization\"},\"alternateName\":\"los soldaditos de plomo\",\"potentialAction\":[{\"@type\":\"SearchAction\",\"target\":{\"@type\":\"EntryPoint\",\"urlTemplate\":\"https:\/\/lossoldaditosdeplomo.com\/?s={search_term_string}\"},\"query-input\":{\"@type\":\"PropertyValueSpecification\",\"valueRequired\":true,\"valueName\":\"search_term_string\"}}],\"inLanguage\":\"es\"},{\"@type\":\"Organization\",\"@id\":\"https:\/\/lossoldaditosdeplomo.com\/#organization\",\"name\":\"El Mundo de los soldaditos de plomo\",\"alternateName\":\"los soldaditos de plomo\",\"url\":\"https:\/\/lossoldaditosdeplomo.com\/\",\"logo\":{\"@type\":\"ImageObject\",\"inLanguage\":\"es\",\"@id\":\"https:\/\/lossoldaditosdeplomo.com\/#\/schema\/logo\/image\/\",\"url\":\"https:\/\/lossoldaditosdeplomo.com\/wp-content\/uploads\/2018\/11\/cropped-IMG_0475-3.jpg\",\"contentUrl\":\"https:\/\/lossoldaditosdeplomo.com\/wp-content\/uploads\/2018\/11\/cropped-IMG_0475-3.jpg\",\"width\":391,\"height\":533,\"caption\":\"El Mundo de los soldaditos de plomo\"},\"image\":{\"@id\":\"https:\/\/lossoldaditosdeplomo.com\/#\/schema\/logo\/image\/\"},\"sameAs\":[\"https:\/\/www.facebook.com\/El-mundo-de-los-soldaditos-de-plomo-943145209407047\/?modal=admin_todo_tour\"]}]}<\/script>\n<!-- \/ Yoast SEO plugin. -->","yoast_head_json":{"title":"CAT\u00c1LOGO UNIFICADO      soldados de plomo - El mundo de los soldaditos de plomo","robots":{"index":"index","follow":"follow","max-snippet":"max-snippet:-1","max-image-preview":"max-image-preview:large","max-video-preview":"max-video-preview:-1"},"canonical":"https:\/\/lossoldaditosdeplomo.com\/index.php\/catalogo-unificado-soldados-de-plomo\/","og_locale":"es_ES","og_type":"article","og_title":"CAT\u00c1LOGO UNIFICADO      soldados de plomo - El mundo de los soldaditos de plomo","og_description":"Este proyecto trata de realizar un cat\u00e1logo global en el cual figurar\u00e1n las referencias de los fabricantes y una propia que estar\u00e1 formada por las letras PMF seguidas de ocho n\u00fameros ( n\u00famero de referencia en el cat\u00e1logo) y cinco letras que identicar\u00e1n al fabricante. PMF-00000000-AAAAA Si alguien est\u00e1 dispuesto a colaborar en la elaboraci\u00f3n &hellip; Continuar leyendo \"CAT\u00c1LOGO UNIFICADO      soldados de plomo\"","og_url":"https:\/\/lossoldaditosdeplomo.com\/index.php\/catalogo-unificado-soldados-de-plomo\/","og_site_name":"El mundo de los soldaditos de plomo","article_publisher":"https:\/\/www.facebook.com\/El-mundo-de-los-soldaditos-de-plomo-943145209407047\/?modal=admin_todo_tour","article_modified_time":"2023-02-10T19:21:21+00:00","og_image":[{"url":"https:\/\/lossoldaditosdeplomo.com\/wp-content\/uploads\/2019\/11\/portada-scaled.jpg","type":"","width":"","height":""}],"twitter_card":"summary_large_image","twitter_misc":{"Tiempo de lectura":"1 minuto"},"schema":{"@context":"https:\/\/schema.org","@graph":[{"@type":"WebPage","@id":"https:\/\/lossoldaditosdeplomo.com\/index.php\/catalogo-unificado-soldados-de-plomo\/","url":"https:\/\/lossoldaditosdeplomo.com\/index.php\/catalogo-unificado-soldados-de-plomo\/","name":"CAT\u00c1LOGO UNIFICADO soldados de plomo - El mundo de los soldaditos de plomo","isPartOf":{"@id":"https:\/\/lossoldaditosdeplomo.com\/#website"},"primaryImageOfPage":{"@id":"https:\/\/lossoldaditosdeplomo.com\/index.php\/catalogo-unificado-soldados-de-plomo\/#primaryimage"},"image":{"@id":"https:\/\/lossoldaditosdeplomo.com\/index.php\/catalogo-unificado-soldados-de-plomo\/#primaryimage"},"thumbnailUrl":"https:\/\/lossoldaditosdeplomo.com\/wp-content\/uploads\/2019\/11\/portada-scaled.jpg","datePublished":"2019-11-16T19:43:51+00:00","dateModified":"2023-02-10T19:21:21+00:00","breadcrumb":{"@id":"https:\/\/lossoldaditosdeplomo.com\/index.php\/catalogo-unificado-soldados-de-plomo\/#breadcrumb"},"inLanguage":"es","potentialAction":[{"@type":"ReadAction","target":["https:\/\/lossoldaditosdeplomo.com\/index.php\/catalogo-unificado-soldados-de-plomo\/"]}]},{"@type":"ImageObject","inLanguage":"es","@id":"https:\/\/lossoldaditosdeplomo.com\/index.php\/catalogo-unificado-soldados-de-plomo\/#primaryimage","url":"https:\/\/lossoldaditosdeplomo.com\/wp-content\/uploads\/2019\/11\/portada-scaled.jpg?v=1574114104","contentUrl":"https:\/\/lossoldaditosdeplomo.com\/wp-content\/uploads\/2019\/11\/portada-scaled.jpg?v=1574114104","width":800,"height":523},{"@type":"BreadcrumbList","@id":"https:\/\/lossoldaditosdeplomo.com\/index.php\/catalogo-unificado-soldados-de-plomo\/#breadcrumb","itemListElement":[{"@type":"ListItem","position":1,"name":"Portada","item":"https:\/\/lossoldaditosdeplomo.com\/"},{"@type":"ListItem","position":2,"name":"CAT\u00c1LOGO UNIFICADO soldados de plomo"}]},{"@type":"WebSite","@id":"https:\/\/lossoldaditosdeplomo.com\/#website","url":"https:\/\/lossoldaditosdeplomo.com\/","name":"El mundo de los soldaditos de plomo","description":"coleccionismo, pintura y restauraci\u00f3n soldaditos de plomo","publisher":{"@id":"https:\/\/lossoldaditosdeplomo.com\/#organization"},"alternateName":"los soldaditos de plomo","potentialAction":[{"@type":"SearchAction","target":{"@type":"EntryPoint","urlTemplate":"https:\/\/lossoldaditosdeplomo.com\/?s={search_term_string}"},"query-input":{"@type":"PropertyValueSpecification","valueRequired":true,"valueName":"search_term_string"}}],"inLanguage":"es"},{"@type":"Organization","@id":"https:\/\/lossoldaditosdeplomo.com\/#organization","name":"El Mundo de los soldaditos de plomo","alternateName":"los soldaditos de plomo","url":"https:\/\/lossoldaditosdeplomo.com\/","logo":{"@type":"ImageObject","inLanguage":"es","@id":"https:\/\/lossoldaditosdeplomo.com\/#\/schema\/logo\/image\/","url":"https:\/\/lossoldaditosdeplomo.com\/wp-content\/uploads\/2018\/11\/cropped-IMG_0475-3.jpg","contentUrl":"https:\/\/lossoldaditosdeplomo.com\/wp-content\/uploads\/2018\/11\/cropped-IMG_0475-3.jpg","width":391,"height":533,"caption":"El Mundo de los soldaditos de plomo"},"image":{"@id":"https:\/\/lossoldaditosdeplomo.com\/#\/schema\/logo\/image\/"},"sameAs":["https:\/\/www.facebook.com\/El-mundo-de-los-soldaditos-de-plomo-943145209407047\/?modal=admin_todo_tour"]}]}},"_links":{"self":[{"href":"https:\/\/lossoldaditosdeplomo.com\/index.php\/wp-json\/wp\/v2\/pages\/33642","targetHints":{"allow":["GET"]}}],"collection":[{"href":"https:\/\/lossoldaditosdeplomo.com\/index.php\/wp-json\/wp\/v2\/pages"}],"about":[{"href":"https:\/\/lossoldaditosdeplomo.com\/index.php\/wp-json\/wp\/v2\/types\/page"}],"author":[{"embeddable":true,"href":"https:\/\/lossoldaditosdeplomo.com\/index.php\/wp-json\/wp\/v2\/users\/3"}],"replies":[{"embeddable":true,"href":"https:\/\/lossoldaditosdeplomo.com\/index.php\/wp-json\/wp\/v2\/comments?post=33642"}],"version-history":[{"count":0,"href":"https:\/\/lossoldaditosdeplomo.com\/index.php\/wp-json\/wp\/v2\/pages\/33642\/revisions"}],"wp:attachment":[{"href":"https:\/\/lossoldaditosdeplomo.com\/index.php\/wp-json\/wp\/v2\/media?parent=33642"}],"curies":[{"name":"wp","href":"https:\/\/api.w.org\/{rel}","templated":true}]}}