{"id":6313,"date":"2019-02-28T12:49:43","date_gmt":"2019-02-28T10:49:43","guid":{"rendered":"https:\/\/lossoldaditosdeplomo.com\/?page_id=6313"},"modified":"2025-03-04T23:03:46","modified_gmt":"2025-03-04T21:03:46","slug":"enlaces-interesantes","status":"publish","type":"page","link":"https:\/\/lossoldaditosdeplomo.com\/index.php\/enlaces-interesantes\/","title":{"rendered":"ENLACES INTERESANTES"},"content":{"rendered":"\n<p>En esta p\u00e1gina trataremos de recoger todos los enlaces interesantes relacionados con temas militares, uniformolog\u00eda militar, modelismo, y coleccionismo de miniaturas. <br>Si observ\u00e1is alg\u00fan enlace &#8220;roto&#8221; por favor comunicarlo al administrador para restaurarlo o en su caso eliminarlo. Y por supuesto si cre\u00e9is que debe aparecer alg\u00fan otro enlace a p\u00e1ginas interesantes pues lo mismo, lo comunic\u00e1is y procederemos a a\u00f1adirlo.<\/p>\n\n\n\n<p><a href=\"https:\/\/www.flickr.com\/people\/129044788@N06\/\">Toda la informaci\u00f3n sobre Vicente Julia &#8220;CHAUVE&#8221;<\/a><\/p>\n\n\n\n<p><a href=\"http:\/\/www.chevalierdelenfance.com\/chevaliers\/chevaliers-en-metal?view=article&amp;id=179:banner-foward&amp;catid=10:chevaliers-en-metal\">Figuras medievales Alymer y m\u00e1s cosas <\/a><\/p>\n\n\n\n<p><\/p>\n\n\n\n<p>Interesante p\u00e1gina sobre uniformes napole\u00f3nicos Reino de Italia<\/p>\n\n\n\n<figure class=\"wp-block-embed is-type-wp-embed is-provider-histunif wp-block-embed-histunif\"><div class=\"wp-block-embed__wrapper\">\n<blockquote class=\"wp-embedded-content\" data-secret=\"6riBXQBV5d\"><a href=\"https:\/\/histunif.fr\/accueil-2\/les-republiques-italiennes-1796-1805\/\">REPUBLIQUES ITALIENNES 1796 -1805<\/a><\/blockquote><iframe loading=\"lazy\" class=\"wp-embedded-content\" sandbox=\"allow-scripts\" security=\"restricted\" style=\"position: absolute; visibility: hidden;\" title=\"\u00ab\u00a0REPUBLIQUES ITALIENNES 1796 -1805\u00a0\u00bb &#8212; HISTUNIF\" src=\"https:\/\/histunif.fr\/accueil-2\/les-republiques-italiennes-1796-1805\/embed\/#?secret=XCRi4x0rYA#?secret=6riBXQBV5d\" data-secret=\"6riBXQBV5d\" width=\"600\" height=\"338\" frameborder=\"0\" marginwidth=\"0\" marginheight=\"0\" scrolling=\"no\"><\/iframe>\n<\/div><\/figure>\n\n\n\n<p>Visita virtual al Museo del Ej\u00e9rcito de Toledo <\/p>\n\n\n\n<p><a href=\"https:\/\/ejercito.defensa.gob.es\/museo\/visitasvirtuales\/salahistoricaalcazar\/es\/\" target=\"_blank\" rel=\"noreferrer noopener\">https:\/\/ejercito.defensa.gob.es\/museo\/visitasvirtuales\/salahistoricaalcazar\/es\/<\/a><\/p>\n\n\n\n<p><a href=\"https:\/\/bvpb.mcu.es\/es\/inicio\/inicio.do\">Biblioteca Virtual del Patrimonio Bibliogr\u00e1fico<\/a><\/p>\n\n\n\n<p>En este enlace podemos ver figuras de casi todas las marcas ordenadas alfab\u00e9ticamente  <a href=\"https:\/\/www.zinnfigur.com\/en\/Round-Figures\/Unpainted-Kits\/?makairaFilter[NEW]=true\" target=\"_blank\" rel=\"noreferrer noopener\">Zinnfiguren<\/a><\/p>\n\n\n\n<p><a href=\"https:\/\/www.intflatfigures.org\">Sociedad brit\u00e1nica de figuras planas<\/a><\/p>\n\n\n\n<p><a href=\"http:\/\/aa-mm.org\/\">http:\/\/aa-mm.org\/<\/a>  Asociaci\u00f3n Alavesa de Miniaturas y Maquetas<\/p>\n\n\n\n<p><a rel=\"noreferrer noopener\" href=\"http:\/\/lelancierpictave.e-monsite.com\/pages\/galerie\/\" target=\"_blank\">http:\/\/lelancierpictave.e-monsite.com\/pages\/galerie\/<\/a> En esta p\u00e1gina tenemos unas estupendas galerias de im\u00e1genes para nuestro deleite.<\/p>\n\n\n\n<p><\/p>\n\n\n\n<p><a href=\"http:\/\/soldadosdeplastico.blogspot.com\/\">http:\/\/soldadosdeplastico.blogspot.com\/<\/a> (p\u00e1gina dedicada a los soldaditos de pl\u00e1stico, aunque tambien podremos ver de plomo)<\/p>\n\n\n\n<p><a href=\"https:\/\/coleccionandosoldadosdeplomo.com\/\">https:\/\/coleccionandosoldadosdeplomo.com\/<\/a> (sobre el coleccionismo de soldados de plomo)<\/p>\n\n\n\n<p><a href=\"https:\/\/www.leforumlafigurine.com\/c2-vos-travaux\" target=\"_blank\" rel=\"noreferrer noopener\">www.leforumlafigurine.com<\/a> (interesante p\u00e1gina donde ver trabajos de pintura)<\/p>\n\n\n\n<p><a href=\"http:\/\/aaaminiaturismo.es\/\" target=\"_blank\" rel=\"noreferrer noopener\">Agrupaci\u00f3n Art\u00edstica Aragonesa<\/a><\/p>\n\n\n\n<p class=\"has-bright-blue-color has-text-color has-medium-font-size\"><a href=\"http:\/\/www.mokarex.fr\/index_mhsp.html\" target=\"_blank\" rel=\"noreferrer noopener\">Una referencia para quienes se interesen por los soldados editados por la Manufacture Historique des Soldats de Plomb<\/a><\/p>\n\n\n\n<p><a href=\"https:\/\/capell.toys\/\" target=\"_blank\" rel=\"noreferrer noopener\">-Capell Toys<\/a><\/p>\n\n\n\n<p>Este blog es en memoria de Josep Capell Coixet, Sobrino de Baldomero Casanellas, quien continu\u00f3 con la labor iniciada por su tio. El blog lo lleva su bisnieta Rosa Capell y nos aporta una fuente de informaci\u00f3n directa de estas magn\u00edficas figuras que hicieron la delicia de los ni\u00f1os de la \u00e9poca y que ahora son un aut\u00e9ntico tesoro para cualquier coleccionista.<\/p>\n\n\n\n<p><a href=\"http:\/\/amttorrent.org\/\">ASOCIACI\u00d3N MODELISTA TORRENT (Valencia)<\/a><\/p>\n\n\n\n<p><a href=\"https:\/\/www.puttyandpaint.com\/\" target=\"_blank\" rel=\"noreferrer noopener\">En esta p\u00e1gina podemos ver unos estupendos trabajos de pintura donde inspirarnos<\/a><\/p>\n\n\n\n<p><a href=\"https:\/\/www.planetfigure.com\/\" target=\"_blank\" rel=\"noreferrer noopener\">Otra interesante p\u00e1gina relacionada con nuestra afici\u00f3n (muy recomendable)<\/a><\/p>\n\n\n\n<p><a href=\"https:\/\/vk.com\/club151482153\" target=\"_blank\" rel=\"noreferrer noopener\">Aqui podemos ver figuras en papel (recortables) y as\u00ed descubrir una bonita variante del coleccionismo muy relacionada con los sodaditos de plomo<\/a><\/p>\n\n\n\n<h6 class=\"wp-block-heading\"><a href=\"http:\/\/nacekomie.ru\/forum\/viewforum.php?f=163\" target=\"_blank\" rel=\"noreferrer noopener\">Estupenda p\u00e1gina en Ruso (yo uso Crhome para traducirla)<\/a><\/h6>\n\n\n\n<p><a href=\"https:\/\/gallica.bnf.fr\">BIBLIOTECA GALLICA<\/a><\/p>\n\n\n\n<p>Aqui podemos encontra todo tipo de libros, p\u00e1gina muy interesante.<\/p>\n\n\n\n<p>Utilizando el buscador acedemos a una estupenda biblioteca virtual de la que nos podemos descargar todo tipo de libros o si lo preferimos simplemente consultarlos.<\/p>\n\n\n\n<h2 class=\"wp-block-heading has-small-font-size\"><a rel=\"noreferrer noopener\" href=\"https:\/\/arrecaballo.es\/\" target=\"_blank\">Arre Caballo es una recopilaci\u00f3n de la historia militar vista desde el punto de vista de caballer\u00eda, empezando por los or\u00edgenes del caballo hasta la Segunda Guerra Mundial en el que dej\u00f3 de utilizarse, siendo sustituido por el carro de comba<\/a>te<\/h2>\n\n\n\n<h1 class=\"wp-block-heading has-medium-gray-color has-text-color has-medium-font-size\"><a href=\"http:\/\/afcfef.fr\/les-figurines-de-lafcfef\" target=\"_blank\" rel=\"noreferrer noopener\">ASOCIACION FRANCESA DE MINIATURISTAS <\/a>(AFCfef)<\/h1>\n\n\n\n<p><a href=\"http:\/\/kws.figurines-tv.com\/index.php?mod=articles&amp;action=tous&amp;ref=1\">VIDEOS TUTORIALES PINTURA<\/a><\/p>\n\n\n\n<p class=\"has-medium-font-size\"><a rel=\"noreferrer noopener\" aria-label=\"UNIFORMES GUARDIA CIVIL Y CARABINEROS (abre en una nueva pesta\u00f1a)\" href=\"http:\/\/www.coleccionguardiacivilagb.com\/laacuteminas-de-uniformidad.html\" target=\"_blank\">UNIFORMES GUARDIA CIVIL Y CARABINEROS<\/a><\/p>\n\n\n\n<p><a rel=\"noreferrer noopener\" aria-label=\"EL GRAN CAPIT\u00c1N (Foro) (abre en una nueva pesta\u00f1a)\" href=\"https:\/\/elgrancapitan.org\/foro\/viewforum.php?f=37&amp;sid=865fb575a7b3af799414d6efd34aa229\" target=\"_blank\">EL GRAN CAPIT\u00c1N (Foro)<\/a><\/p>\n\n\n\n<p><a rel=\"noreferrer noopener\" aria-label=\"EL BLOG DE BRAVO &quot;vintagetoysoldiers&quot; (abre en una nueva pesta\u00f1a)\" href=\"http:\/\/vintagetoysoldiers-bravo.blogspot.com\/\" target=\"_blank\">EL BLOG DE BRAVO &#8220;vintagetoysoldiers&#8221;<\/a><\/p>\n\n\n\n<p><a rel=\"noreferrer noopener\" aria-label=\"EL EJERCITO DE TIERRA ( Revistas ) (abre en una nueva pesta\u00f1a)\" href=\"https:\/\/publicaciones.defensa.gob.es\/revistas.html\" target=\"_blank\">EL EJERCITO DE TIERRA ( Revistas <\/a><\/p>\n\n\n\n<p><a rel=\"noreferrer noopener\" aria-label=\"GEH Grupo de Estudios de Historia Militar (abre en una nueva pesta\u00f1a)\" href=\"http:\/\/www.gehm.es\/albumes-gehm\/\" target=\"_blank\">GEH Grupo de Estudios de Historia Militar<\/a><\/p>\n\n\n\n<p><a rel=\"noreferrer noopener\" aria-label=\"ALABARDA ( Asociaci\u00f3n cultural de modelismo hist\u00f3rico) (abre en una nueva pesta\u00f1a)\" href=\"http:\/\/www.alabarda.net\/uniformes\/uni_esp.htm\" target=\"_blank\">ALABARDA ( Asociaci\u00f3n cultural de modelismo hist\u00f3rico)<\/a><\/p>\n\n\n\n<p><a href=\"http:\/\/bibliotecavirtualdefensa.es\/BVMDefensa\/i18n\/estaticos\/contenido.cmd?pagina=estaticos\/presentacion\" target=\"_blank\" rel=\"noreferrer noopener\" aria-label=\"Biblioteca virtual Ministerio de Defensa\n (abre en una nueva pesta\u00f1a)\">Biblioteca virtual Ministerio de Defensa<br><\/a><\/p>\n\n\n\n<p><a href=\"http:\/\/www.uniformology.com\/00-MAIN-MENU.html\" target=\"_blank\" rel=\"noreferrer noopener\" aria-label=\"Interesante p\u00e1gina sobre &quot;Uniformolog\u00eda&quot; (abre en una nueva pesta\u00f1a)\">Interesante p\u00e1gina sobre &#8220;Uniformolog\u00eda&#8221;<\/a><\/p>\n\n\n\n<p><a href=\"http:\/\/www.zinnfiguren-bistulfi.com\/pagina_mignot.html\" target=\"_blank\" rel=\"noreferrer noopener\" aria-label=\"Figuras planas (abre en una nueva pesta\u00f1a)\">Figuras planas<\/a><\/p>\n\n\n\n<p><a aria-label=\"Colecci\u00f3n de Jos\u00e9 Lu\u00eds Bacas (abre en una nueva pesta\u00f1a)\" href=\"http:\/\/www.soldaditosdeayeryhoy.com\/\" target=\"_blank\" rel=\"noreferrer noopener\">Colecci\u00f3n de Jos\u00e9 Lu\u00eds Bacas<\/a><\/p>\n\n\n\n<p><a href=\"http:\/\/www.flats-zinnfiguren.de\/collection-paul-armont.html\">Figuras Planas (Interesante p\u00e1gina)<\/a><\/p>\n\n\n\n<p><a href=\"https:\/\/www.kingandcountry.com\/collector-magazine\/\" target=\"_blank\" rel=\"noreferrer noopener\">King &amp; Country Magazine<\/a><\/p>\n","protected":false},"excerpt":{"rendered":"<p>En esta p\u00e1gina trataremos de recoger todos los enlaces interesantes relacionados con temas militares, uniformolog\u00eda militar, modelismo, y coleccionismo de miniaturas. Si observ\u00e1is alg\u00fan enlace &#8220;roto&#8221; por favor comunicarlo al administrador para restaurarlo o en su caso eliminarlo. Y por supuesto si cre\u00e9is que debe aparecer alg\u00fan otro enlace a p\u00e1ginas interesantes pues lo mismo, &hellip; <a href=\"https:\/\/lossoldaditosdeplomo.com\/index.php\/enlaces-interesantes\/\" class=\"more-link\">Continuar leyendo<span class=\"screen-reader-text\"> &#8220;ENLACES INTERESANTES&#8221;<\/span><\/a><\/p>\n","protected":false},"author":3,"featured_media":0,"parent":0,"menu_order":0,"comment_status":"closed","ping_status":"closed","template":"","meta":{"footnotes":""},"class_list":["post-6313","page","type-page","status-publish","hentry"],"yoast_head":"<!-- This site is optimized with the Yoast SEO plugin v27.0 - https:\/\/yoast.com\/product\/yoast-seo-wordpress\/ -->\n<title>ENLACES INTERESANTES - El mundo de los soldaditos de plomo<\/title>\n<meta name=\"robots\" content=\"index, follow, max-snippet:-1, max-image-preview:large, max-video-preview:-1\" \/>\n<link rel=\"canonical\" href=\"https:\/\/lossoldaditosdeplomo.com\/index.php\/enlaces-interesantes\/\" \/>\n<meta property=\"og:locale\" content=\"es_ES\" \/>\n<meta property=\"og:type\" content=\"article\" \/>\n<meta property=\"og:title\" content=\"ENLACES INTERESANTES - El mundo de los soldaditos de plomo\" \/>\n<meta property=\"og:description\" content=\"En esta p\u00e1gina trataremos de recoger todos los enlaces interesantes relacionados con temas militares, uniformolog\u00eda militar, modelismo, y coleccionismo de miniaturas. Si observ\u00e1is alg\u00fan enlace &#8220;roto&#8221; por favor comunicarlo al administrador para restaurarlo o en su caso eliminarlo. Y por supuesto si cre\u00e9is que debe aparecer alg\u00fan otro enlace a p\u00e1ginas interesantes pues lo mismo, &hellip; Continuar leyendo &quot;ENLACES INTERESANTES&quot;\" \/>\n<meta property=\"og:url\" content=\"https:\/\/lossoldaditosdeplomo.com\/index.php\/enlaces-interesantes\/\" \/>\n<meta property=\"og:site_name\" content=\"El mundo de los soldaditos de plomo\" \/>\n<meta property=\"article:publisher\" content=\"https:\/\/www.facebook.com\/El-mundo-de-los-soldaditos-de-plomo-943145209407047\/?modal=admin_todo_tour\" \/>\n<meta property=\"article:modified_time\" content=\"2025-03-04T21:03:46+00:00\" \/>\n<meta name=\"twitter:card\" content=\"summary_large_image\" \/>\n<meta name=\"twitter:label1\" content=\"Tiempo de lectura\" \/>\n\t<meta name=\"twitter:data1\" content=\"3 minutos\" \/>\n<script type=\"application\/ld+json\" class=\"yoast-schema-graph\">{\"@context\":\"https:\/\/schema.org\",\"@graph\":[{\"@type\":\"WebPage\",\"@id\":\"https:\/\/lossoldaditosdeplomo.com\/index.php\/enlaces-interesantes\/\",\"url\":\"https:\/\/lossoldaditosdeplomo.com\/index.php\/enlaces-interesantes\/\",\"name\":\"ENLACES INTERESANTES - El mundo de los soldaditos de plomo\",\"isPartOf\":{\"@id\":\"https:\/\/lossoldaditosdeplomo.com\/#website\"},\"datePublished\":\"2019-02-28T10:49:43+00:00\",\"dateModified\":\"2025-03-04T21:03:46+00:00\",\"breadcrumb\":{\"@id\":\"https:\/\/lossoldaditosdeplomo.com\/index.php\/enlaces-interesantes\/#breadcrumb\"},\"inLanguage\":\"es\",\"potentialAction\":[{\"@type\":\"ReadAction\",\"target\":[\"https:\/\/lossoldaditosdeplomo.com\/index.php\/enlaces-interesantes\/\"]}]},{\"@type\":\"BreadcrumbList\",\"@id\":\"https:\/\/lossoldaditosdeplomo.com\/index.php\/enlaces-interesantes\/#breadcrumb\",\"itemListElement\":[{\"@type\":\"ListItem\",\"position\":1,\"name\":\"Portada\",\"item\":\"https:\/\/lossoldaditosdeplomo.com\/\"},{\"@type\":\"ListItem\",\"position\":2,\"name\":\"ENLACES INTERESANTES\"}]},{\"@type\":\"WebSite\",\"@id\":\"https:\/\/lossoldaditosdeplomo.com\/#website\",\"url\":\"https:\/\/lossoldaditosdeplomo.com\/\",\"name\":\"El mundo de los soldaditos de plomo\",\"description\":\"coleccionismo, pintura y restauraci\u00f3n soldaditos de plomo\",\"publisher\":{\"@id\":\"https:\/\/lossoldaditosdeplomo.com\/#organization\"},\"alternateName\":\"los soldaditos de plomo\",\"potentialAction\":[{\"@type\":\"SearchAction\",\"target\":{\"@type\":\"EntryPoint\",\"urlTemplate\":\"https:\/\/lossoldaditosdeplomo.com\/?s={search_term_string}\"},\"query-input\":{\"@type\":\"PropertyValueSpecification\",\"valueRequired\":true,\"valueName\":\"search_term_string\"}}],\"inLanguage\":\"es\"},{\"@type\":\"Organization\",\"@id\":\"https:\/\/lossoldaditosdeplomo.com\/#organization\",\"name\":\"El Mundo de los soldaditos de plomo\",\"alternateName\":\"los soldaditos de plomo\",\"url\":\"https:\/\/lossoldaditosdeplomo.com\/\",\"logo\":{\"@type\":\"ImageObject\",\"inLanguage\":\"es\",\"@id\":\"https:\/\/lossoldaditosdeplomo.com\/#\/schema\/logo\/image\/\",\"url\":\"https:\/\/lossoldaditosdeplomo.com\/wp-content\/uploads\/2018\/11\/cropped-IMG_0475-3.jpg\",\"contentUrl\":\"https:\/\/lossoldaditosdeplomo.com\/wp-content\/uploads\/2018\/11\/cropped-IMG_0475-3.jpg\",\"width\":391,\"height\":533,\"caption\":\"El Mundo de los soldaditos de plomo\"},\"image\":{\"@id\":\"https:\/\/lossoldaditosdeplomo.com\/#\/schema\/logo\/image\/\"},\"sameAs\":[\"https:\/\/www.facebook.com\/El-mundo-de-los-soldaditos-de-plomo-943145209407047\/?modal=admin_todo_tour\"]}]}<\/script>\n<!-- \/ Yoast SEO plugin. -->","yoast_head_json":{"title":"ENLACES INTERESANTES - El mundo de los soldaditos de plomo","robots":{"index":"index","follow":"follow","max-snippet":"max-snippet:-1","max-image-preview":"max-image-preview:large","max-video-preview":"max-video-preview:-1"},"canonical":"https:\/\/lossoldaditosdeplomo.com\/index.php\/enlaces-interesantes\/","og_locale":"es_ES","og_type":"article","og_title":"ENLACES INTERESANTES - El mundo de los soldaditos de plomo","og_description":"En esta p\u00e1gina trataremos de recoger todos los enlaces interesantes relacionados con temas militares, uniformolog\u00eda militar, modelismo, y coleccionismo de miniaturas. Si observ\u00e1is alg\u00fan enlace &#8220;roto&#8221; por favor comunicarlo al administrador para restaurarlo o en su caso eliminarlo. Y por supuesto si cre\u00e9is que debe aparecer alg\u00fan otro enlace a p\u00e1ginas interesantes pues lo mismo, &hellip; Continuar leyendo \"ENLACES INTERESANTES\"","og_url":"https:\/\/lossoldaditosdeplomo.com\/index.php\/enlaces-interesantes\/","og_site_name":"El mundo de los soldaditos de plomo","article_publisher":"https:\/\/www.facebook.com\/El-mundo-de-los-soldaditos-de-plomo-943145209407047\/?modal=admin_todo_tour","article_modified_time":"2025-03-04T21:03:46+00:00","twitter_card":"summary_large_image","twitter_misc":{"Tiempo de lectura":"3 minutos"},"schema":{"@context":"https:\/\/schema.org","@graph":[{"@type":"WebPage","@id":"https:\/\/lossoldaditosdeplomo.com\/index.php\/enlaces-interesantes\/","url":"https:\/\/lossoldaditosdeplomo.com\/index.php\/enlaces-interesantes\/","name":"ENLACES INTERESANTES - El mundo de los soldaditos de plomo","isPartOf":{"@id":"https:\/\/lossoldaditosdeplomo.com\/#website"},"datePublished":"2019-02-28T10:49:43+00:00","dateModified":"2025-03-04T21:03:46+00:00","breadcrumb":{"@id":"https:\/\/lossoldaditosdeplomo.com\/index.php\/enlaces-interesantes\/#breadcrumb"},"inLanguage":"es","potentialAction":[{"@type":"ReadAction","target":["https:\/\/lossoldaditosdeplomo.com\/index.php\/enlaces-interesantes\/"]}]},{"@type":"BreadcrumbList","@id":"https:\/\/lossoldaditosdeplomo.com\/index.php\/enlaces-interesantes\/#breadcrumb","itemListElement":[{"@type":"ListItem","position":1,"name":"Portada","item":"https:\/\/lossoldaditosdeplomo.com\/"},{"@type":"ListItem","position":2,"name":"ENLACES INTERESANTES"}]},{"@type":"WebSite","@id":"https:\/\/lossoldaditosdeplomo.com\/#website","url":"https:\/\/lossoldaditosdeplomo.com\/","name":"El mundo de los soldaditos de plomo","description":"coleccionismo, pintura y restauraci\u00f3n soldaditos de plomo","publisher":{"@id":"https:\/\/lossoldaditosdeplomo.com\/#organization"},"alternateName":"los soldaditos de plomo","potentialAction":[{"@type":"SearchAction","target":{"@type":"EntryPoint","urlTemplate":"https:\/\/lossoldaditosdeplomo.com\/?s={search_term_string}"},"query-input":{"@type":"PropertyValueSpecification","valueRequired":true,"valueName":"search_term_string"}}],"inLanguage":"es"},{"@type":"Organization","@id":"https:\/\/lossoldaditosdeplomo.com\/#organization","name":"El Mundo de los soldaditos de plomo","alternateName":"los soldaditos de plomo","url":"https:\/\/lossoldaditosdeplomo.com\/","logo":{"@type":"ImageObject","inLanguage":"es","@id":"https:\/\/lossoldaditosdeplomo.com\/#\/schema\/logo\/image\/","url":"https:\/\/lossoldaditosdeplomo.com\/wp-content\/uploads\/2018\/11\/cropped-IMG_0475-3.jpg","contentUrl":"https:\/\/lossoldaditosdeplomo.com\/wp-content\/uploads\/2018\/11\/cropped-IMG_0475-3.jpg","width":391,"height":533,"caption":"El Mundo de los soldaditos de plomo"},"image":{"@id":"https:\/\/lossoldaditosdeplomo.com\/#\/schema\/logo\/image\/"},"sameAs":["https:\/\/www.facebook.com\/El-mundo-de-los-soldaditos-de-plomo-943145209407047\/?modal=admin_todo_tour"]}]}},"_links":{"self":[{"href":"https:\/\/lossoldaditosdeplomo.com\/index.php\/wp-json\/wp\/v2\/pages\/6313","targetHints":{"allow":["GET"]}}],"collection":[{"href":"https:\/\/lossoldaditosdeplomo.com\/index.php\/wp-json\/wp\/v2\/pages"}],"about":[{"href":"https:\/\/lossoldaditosdeplomo.com\/index.php\/wp-json\/wp\/v2\/types\/page"}],"author":[{"embeddable":true,"href":"https:\/\/lossoldaditosdeplomo.com\/index.php\/wp-json\/wp\/v2\/users\/3"}],"replies":[{"embeddable":true,"href":"https:\/\/lossoldaditosdeplomo.com\/index.php\/wp-json\/wp\/v2\/comments?post=6313"}],"version-history":[{"count":0,"href":"https:\/\/lossoldaditosdeplomo.com\/index.php\/wp-json\/wp\/v2\/pages\/6313\/revisions"}],"wp:attachment":[{"href":"https:\/\/lossoldaditosdeplomo.com\/index.php\/wp-json\/wp\/v2\/media?parent=6313"}],"curies":[{"name":"wp","href":"https:\/\/api.w.org\/{rel}","templated":true}]}}